{"id":3974,"date":"2022-05-05T08:46:35","date_gmt":"2022-05-05T06:46:35","guid":{"rendered":"https:\/\/www.fitt.com\/?page_id=3974"},"modified":"2024-07-02T16:57:52","modified_gmt":"2024-07-02T14:57:52","slug":"informativa-al-trattamento-dei-dati-personali-newsletter-reg-eu-2016-679","status":"publish","type":"page","link":"https:\/\/www.fitt.com\/it\/privacy-policy\/informativa-al-trattamento-dei-dati-personali-newsletter-reg-eu-2016-679\/","title":{"rendered":"Informativa al trattamento dei dati personali &#8211; Newsletter Reg EU 2016\/679"},"content":{"rendered":"<h1 style=\"text-align: center;\">Informativa al trattamento dei dati personali &#8211; Newsletter Reg EU 2016\/679<\/h1>\n<p>&nbsp;<\/p>\n<p>In relazione ai trattamento dei dati personali forniti si informa che:<\/p>\n<ol>\n<li><strong><u>Titolare del Trattamento <\/u><\/strong><\/li>\n<\/ol>\n<p>Il Titolare del Trattamento \u00e8 la societ\u00e0 Fitt Spa, con sede legali in Sandrigo (VI), Via Piave n. 8 \u2013 36066, tel +39 0444461000, e \u2013 mail info@fitt.com, pec fittspa@pec.confindustriavicenza.it \u00a0(di seguito per brevit\u00e0 \u201cla Societ\u00e0).<\/p>\n<ol start=\"2\">\n<li><strong>T<u>ipologia di dati trattati, Finalit\u00e0 del Trattamento e Base giuridica<\/u><\/strong><\/li>\n<\/ol>\n<p>Sono raccolti e trattati i seguenti dati personali: dati personali di natura comune (nome cognome e email, telefono) riferiti agli utenti che intendo iscriversi alla newsletter per l&#8217;invio di comunicazioni per finalit\u00e0 di marketing e commerciali.<\/p>\n<p>Base giuridica del trattamento: adempimento della richiesta dell\u2019interessato di ricevere il servizio\/consenso dell\u2019interessato.<\/p>\n<ol start=\"3\">\n<li><strong><u>Comunicazione dei dati a terzi &#8211; Destinatari dei dati<\/u><\/strong><\/li>\n<\/ol>\n<p>La Societ\u00e0 potr\u00e0 comunicare i dati trattati per le finalit\u00e0 di cui sopra:<\/p>\n<ul>\n<li>al personale interno incaricato della gestione delle newsletter e comunicazioni commerciali e promozionali;<\/li>\n<li>Soggetti esterni, specificamente nominati Responsabili del Trattamento, fornitori del servizio di newsletter;<\/li>\n<\/ul>\n<p>&nbsp;<\/p>\n<ol start=\"4\">\n<li><strong><u>Trasferimento dei dati a Paesi Terzi<\/u><\/strong><\/li>\n<\/ol>\n<p>I dati trattati non vengono trasferiti dal Titolare verso Paesi terzi. Tuttavia, in caso di eventuale trasferimento di dati verso Paesi Terzi il trasferimento stesso avverr\u00e0 nel rispetto della normativa di volta in volta vigente in tema di trasferimento di dati verso Paesi Terzi<\/p>\n<ol start=\"5\">\n<li><strong><u>Modalit\u00e0 di trattamento, periodo e criteri di conservazione dei dati<\/u><\/strong><\/li>\n<\/ol>\n<p>I dati verranno trattati in formato digitale fino alla eventuale revoca o cancellazione dell\u2019interessato ed in ogni caso per il periodo massimo di\u00a0 24 mesi. Al termine di detto periodo, il Titolare provveder\u00e0 a richiedere un ulteriore eventuale apposito consenso o provveder\u00e0 all\u2019eliminazione del contatto.<\/p>\n<ol start=\"6\">\n<li><strong><u>Diritti dell\u2019interessato, Revoca del Consenso e Reclamo all\u2019Autorit\u00e0 di controllo<\/u><\/strong><\/li>\n<\/ol>\n<p>L\u2019interessato ha il diritto in qualunque momento di richiedere l\u2019accesso ai propri dati personali, la rettifica, la cancellazione, la limitazione degli stessi, di opporsi al trattamento e di esercitare il diritto alla portabilit\u00e0 dei dati, ove ricorrano i presupposti di legge.<\/p>\n<p>In ogni caso, l\u2019interessato ha il diritto di revocare in ogni momento il consenso eventualmente prestato al trattamento dei dati, senza pregiudicare la liceit\u00e0 del trattamento basato sul consenso prestato prima della revoca.<\/p>\n<p>In caso di presunta violazione, qualora ricorrano i presupposti di legge, l\u2019interessato ha inoltre il diritto di proporre reclamo ad un\u2019 Autorit\u00e0 di controllo sul trattamento dei dati, posta in particolare nello stato membro dove risiede abitualmente o nello Stato membro in cui lavora o in cui \u00e8 avvenuta la presunta violazione.<\/p>\n<ol start=\"7\">\n<li><strong><u>Conferimento dei dati<\/u><\/strong><\/li>\n<\/ol>\n<p>Il conferimento dei dati \u00e8 facoltativo. Il mancato conferimento dei dati comporta l\u2019impossibilit\u00e0 di perseguire le finalit\u00e0 suindicate.<\/p>\n<ol start=\"8\">\n<li><strong><u>Profilazione e processi decisionali automatizzati<\/u><\/strong><\/li>\n<\/ol>\n<p>Il trattamento non viene effettuato mediante processi decisionali automatizzati.<\/p>\n<ol start=\"9\">\n<li><strong><u>Contatti e richieste<\/u><\/strong><\/li>\n<\/ol>\n<p>Per conoscere l\u2019elenco completo del Referenti Privacy del trattamento nominati per ciascuna area e attivit\u00e0 e dei Responsabili\/per avere maggiori informazioni in ordine al trasferimento dei dati verso Paesi extra UE, i meccanismi e le tutele di trasferimento dei dati ex art 44 ss GDPR\/ per esercitare la revoca del consenso eventualmente prestato\/ per esercitare i Suoi diritti (accesso, rettifica, cancellazione, limitazione, opposizione, portabilit\u00e0) potr\u00e0 inviare una richiesta al contatto email <a href=\"mailto:privacy@fitt.com\"><strong>privacy@fitt.com<\/strong><\/a> fax +39 0444461099<\/p>\n","protected":false},"excerpt":{"rendered":"<p>Informativa al trattamento dei dati personali &#8211; Newsletter Reg EU 2016\/679 &nbsp; In relazione ai trattamento dei dati personali forniti si informa che: Titolare del Trattamento Il Titolare del Trattamento \u00e8 la societ\u00e0 Fitt Spa, con sede legali in Sandrigo (VI), Via Piave n. 8 \u2013 36066, tel +39 0444461000, e \u2013 mail info@fitt.com, pec [&hellip;]<\/p>\n","protected":false},"author":1,"featured_media":0,"parent":2597,"menu_order":0,"comment_status":"closed","ping_status":"closed","template":"","meta":{"_acf_changed":false,"footnotes":""},"class_list":["post-3974","page","type-page","status-publish","hentry"],"acf":[],"yoast_head":"<!-- This site is optimized with the Yoast SEO Premium plugin v24.1 (Yoast SEO v27.3) - https:\/\/yoast.com\/product\/yoast-seo-premium-wordpress\/ -->\n<title>Informativa al trattamento dei dati personali - Newsletter Reg EU 2016\/679 - FITT<\/title>\n<meta name=\"robots\" content=\"noindex, nofollow\" \/>\n<meta property=\"og:locale\" content=\"it_IT\" \/>\n<meta property=\"og:type\" content=\"article\" \/>\n<meta property=\"og:title\" content=\"Informativa al trattamento dei dati personali - Newsletter Reg EU 2016\/679\" \/>\n<meta property=\"og:description\" content=\"Informativa al trattamento dei dati personali &#8211; Newsletter Reg EU 2016\/679 &nbsp; In relazione ai trattamento dei dati personali forniti si informa che: Titolare del Trattamento Il Titolare del Trattamento \u00e8 la societ\u00e0 Fitt Spa, con sede legali in Sandrigo (VI), Via Piave n. 8 \u2013 36066, tel +39 0444461000, e \u2013 mail info@fitt.com, pec [&hellip;]\" \/>\n<meta property=\"og:url\" content=\"https:\/\/www.fitt.com\/it\/privacy-policy\/informativa-al-trattamento-dei-dati-personali-newsletter-reg-eu-2016-679\/\" \/>\n<meta property=\"og:site_name\" content=\"FITT\" \/>\n<meta property=\"article:modified_time\" content=\"2024-07-02T14:57:52+00:00\" \/>\n<meta name=\"twitter:card\" content=\"summary_large_image\" \/>\n<meta name=\"twitter:label1\" content=\"Tempo di lettura stimato\" \/>\n\t<meta name=\"twitter:data1\" content=\"3 minuti\" \/>\n<script type=\"application\/ld+json\" class=\"yoast-schema-graph\">{\"@context\":\"https:\\\/\\\/schema.org\",\"@graph\":[{\"@type\":\"WebPage\",\"@id\":\"https:\\\/\\\/www.fitt.com\\\/it\\\/privacy-policy\\\/informativa-al-trattamento-dei-dati-personali-newsletter-reg-eu-2016-679\\\/\",\"url\":\"https:\\\/\\\/www.fitt.com\\\/it\\\/privacy-policy\\\/informativa-al-trattamento-dei-dati-personali-newsletter-reg-eu-2016-679\\\/\",\"name\":\"Informativa al trattamento dei dati personali - Newsletter Reg EU 2016\\\/679 - FITT\",\"isPartOf\":{\"@id\":\"https:\\\/\\\/www.fitt.com\\\/it\\\/#website\"},\"datePublished\":\"2022-05-05T06:46:35+00:00\",\"dateModified\":\"2024-07-02T14:57:52+00:00\",\"breadcrumb\":{\"@id\":\"https:\\\/\\\/www.fitt.com\\\/it\\\/privacy-policy\\\/informativa-al-trattamento-dei-dati-personali-newsletter-reg-eu-2016-679\\\/#breadcrumb\"},\"inLanguage\":\"it-IT\",\"potentialAction\":[{\"@type\":\"ReadAction\",\"target\":[\"https:\\\/\\\/www.fitt.com\\\/it\\\/privacy-policy\\\/informativa-al-trattamento-dei-dati-personali-newsletter-reg-eu-2016-679\\\/\"]}]},{\"@type\":\"BreadcrumbList\",\"@id\":\"https:\\\/\\\/www.fitt.com\\\/it\\\/privacy-policy\\\/informativa-al-trattamento-dei-dati-personali-newsletter-reg-eu-2016-679\\\/#breadcrumb\",\"itemListElement\":[{\"@type\":\"ListItem\",\"position\":1,\"name\":\"Home\",\"item\":\"https:\\\/\\\/www.fitt.com\\\/it\\\/\"},{\"@type\":\"ListItem\",\"position\":2,\"name\":\"Privacy Policy\",\"item\":\"https:\\\/\\\/www.fitt.com\\\/it\\\/privacy-policy\\\/\"},{\"@type\":\"ListItem\",\"position\":3,\"name\":\"Informativa al trattamento dei dati personali &#8211; Newsletter Reg EU 2016\\\/679\"}]},{\"@type\":\"WebSite\",\"@id\":\"https:\\\/\\\/www.fitt.com\\\/it\\\/#website\",\"url\":\"https:\\\/\\\/www.fitt.com\\\/it\\\/\",\"name\":\"FITT\",\"description\":\"FITT Spa\",\"publisher\":{\"@id\":\"https:\\\/\\\/www.fitt.com\\\/it\\\/#organization\"},\"potentialAction\":[{\"@type\":\"SearchAction\",\"target\":{\"@type\":\"EntryPoint\",\"urlTemplate\":\"https:\\\/\\\/www.fitt.com\\\/it\\\/?s={search_term_string}\"},\"query-input\":{\"@type\":\"PropertyValueSpecification\",\"valueRequired\":true,\"valueName\":\"search_term_string\"}}],\"inLanguage\":\"it-IT\"},{\"@type\":\"Organization\",\"@id\":\"https:\\\/\\\/www.fitt.com\\\/it\\\/#organization\",\"name\":\"Fitt SPA\",\"url\":\"https:\\\/\\\/www.fitt.com\\\/it\\\/\",\"logo\":{\"@type\":\"ImageObject\",\"inLanguage\":\"it-IT\",\"@id\":\"https:\\\/\\\/www.fitt.com\\\/it\\\/#\\\/schema\\\/logo\\\/image\\\/\",\"url\":\"https:\\\/\\\/www.fitt.com\\\/wp-content\\\/uploads\\\/2022\\\/05\\\/logo-light.png\",\"contentUrl\":\"https:\\\/\\\/www.fitt.com\\\/wp-content\\\/uploads\\\/2022\\\/05\\\/logo-light.png\",\"width\":827,\"height\":508,\"caption\":\"Fitt SPA\"},\"image\":{\"@id\":\"https:\\\/\\\/www.fitt.com\\\/it\\\/#\\\/schema\\\/logo\\\/image\\\/\"}}]}<\/script>\n<!-- \/ Yoast SEO Premium plugin. -->","yoast_head_json":{"title":"Informativa al trattamento dei dati personali - Newsletter Reg EU 2016\/679 - FITT","robots":{"index":"noindex","follow":"nofollow"},"og_locale":"it_IT","og_type":"article","og_title":"Informativa al trattamento dei dati personali - Newsletter Reg EU 2016\/679","og_description":"Informativa al trattamento dei dati personali &#8211; Newsletter Reg EU 2016\/679 &nbsp; In relazione ai trattamento dei dati personali forniti si informa che: Titolare del Trattamento Il Titolare del Trattamento \u00e8 la societ\u00e0 Fitt Spa, con sede legali in Sandrigo (VI), Via Piave n. 8 \u2013 36066, tel +39 0444461000, e \u2013 mail info@fitt.com, pec [&hellip;]","og_url":"https:\/\/www.fitt.com\/it\/privacy-policy\/informativa-al-trattamento-dei-dati-personali-newsletter-reg-eu-2016-679\/","og_site_name":"FITT","article_modified_time":"2024-07-02T14:57:52+00:00","twitter_card":"summary_large_image","twitter_misc":{"Tempo di lettura stimato":"3 minuti"},"schema":{"@context":"https:\/\/schema.org","@graph":[{"@type":"WebPage","@id":"https:\/\/www.fitt.com\/it\/privacy-policy\/informativa-al-trattamento-dei-dati-personali-newsletter-reg-eu-2016-679\/","url":"https:\/\/www.fitt.com\/it\/privacy-policy\/informativa-al-trattamento-dei-dati-personali-newsletter-reg-eu-2016-679\/","name":"Informativa al trattamento dei dati personali - Newsletter Reg EU 2016\/679 - FITT","isPartOf":{"@id":"https:\/\/www.fitt.com\/it\/#website"},"datePublished":"2022-05-05T06:46:35+00:00","dateModified":"2024-07-02T14:57:52+00:00","breadcrumb":{"@id":"https:\/\/www.fitt.com\/it\/privacy-policy\/informativa-al-trattamento-dei-dati-personali-newsletter-reg-eu-2016-679\/#breadcrumb"},"inLanguage":"it-IT","potentialAction":[{"@type":"ReadAction","target":["https:\/\/www.fitt.com\/it\/privacy-policy\/informativa-al-trattamento-dei-dati-personali-newsletter-reg-eu-2016-679\/"]}]},{"@type":"BreadcrumbList","@id":"https:\/\/www.fitt.com\/it\/privacy-policy\/informativa-al-trattamento-dei-dati-personali-newsletter-reg-eu-2016-679\/#breadcrumb","itemListElement":[{"@type":"ListItem","position":1,"name":"Home","item":"https:\/\/www.fitt.com\/it\/"},{"@type":"ListItem","position":2,"name":"Privacy Policy","item":"https:\/\/www.fitt.com\/it\/privacy-policy\/"},{"@type":"ListItem","position":3,"name":"Informativa al trattamento dei dati personali &#8211; Newsletter Reg EU 2016\/679"}]},{"@type":"WebSite","@id":"https:\/\/www.fitt.com\/it\/#website","url":"https:\/\/www.fitt.com\/it\/","name":"FITT","description":"FITT Spa","publisher":{"@id":"https:\/\/www.fitt.com\/it\/#organization"},"potentialAction":[{"@type":"SearchAction","target":{"@type":"EntryPoint","urlTemplate":"https:\/\/www.fitt.com\/it\/?s={search_term_string}"},"query-input":{"@type":"PropertyValueSpecification","valueRequired":true,"valueName":"search_term_string"}}],"inLanguage":"it-IT"},{"@type":"Organization","@id":"https:\/\/www.fitt.com\/it\/#organization","name":"Fitt SPA","url":"https:\/\/www.fitt.com\/it\/","logo":{"@type":"ImageObject","inLanguage":"it-IT","@id":"https:\/\/www.fitt.com\/it\/#\/schema\/logo\/image\/","url":"https:\/\/www.fitt.com\/wp-content\/uploads\/2022\/05\/logo-light.png","contentUrl":"https:\/\/www.fitt.com\/wp-content\/uploads\/2022\/05\/logo-light.png","width":827,"height":508,"caption":"Fitt SPA"},"image":{"@id":"https:\/\/www.fitt.com\/it\/#\/schema\/logo\/image\/"}}]}},"_links":{"self":[{"href":"https:\/\/www.fitt.com\/it\/wp-json\/wp\/v2\/pages\/3974","targetHints":{"allow":["GET"]}}],"collection":[{"href":"https:\/\/www.fitt.com\/it\/wp-json\/wp\/v2\/pages"}],"about":[{"href":"https:\/\/www.fitt.com\/it\/wp-json\/wp\/v2\/types\/page"}],"author":[{"embeddable":true,"href":"https:\/\/www.fitt.com\/it\/wp-json\/wp\/v2\/users\/1"}],"replies":[{"embeddable":true,"href":"https:\/\/www.fitt.com\/it\/wp-json\/wp\/v2\/comments?post=3974"}],"version-history":[{"count":2,"href":"https:\/\/www.fitt.com\/it\/wp-json\/wp\/v2\/pages\/3974\/revisions"}],"predecessor-version":[{"id":20614,"href":"https:\/\/www.fitt.com\/it\/wp-json\/wp\/v2\/pages\/3974\/revisions\/20614"}],"up":[{"embeddable":true,"href":"https:\/\/www.fitt.com\/it\/wp-json\/wp\/v2\/pages\/2597"}],"wp:attachment":[{"href":"https:\/\/www.fitt.com\/it\/wp-json\/wp\/v2\/media?parent=3974"}],"curies":[{"name":"wp","href":"https:\/\/api.w.org\/{rel}","templated":true}]}}