{"id":22325,"date":"2025-09-01T11:19:18","date_gmt":"2025-09-01T09:19:18","guid":{"rendered":"https:\/\/www.fitt.com\/high-concentration-chlorine-resistance-tests\/"},"modified":"2025-09-01T11:49:48","modified_gmt":"2025-09-01T09:49:48","slug":"prove-di-resistenza-al-cloro-ad-alta-concentrazione","status":"publish","type":"page","link":"https:\/\/www.fitt.com\/it\/prove-di-resistenza-al-cloro-ad-alta-concentrazione\/","title":{"rendered":"Prove di resistenza al cloro ad alta concentrazione"},"content":{"rendered":"<h1 class=\"entry_title\">Prove di resistenza al cloro ad alta concentrazione<\/h1>\n<p><img decoding=\"async\" class=\"alignnone wp-image-22337 size-full\" src=\"https:\/\/www.fitt.com\/wp-content\/uploads\/2025\/09\/header-prove-resistenza-cloro.jpeg\" alt=\"\" width=\"100%\" srcset=\"https:\/\/www.fitt.com\/wp-content\/uploads\/2025\/09\/header-prove-resistenza-cloro.jpeg 1600w, https:\/\/www.fitt.com\/wp-content\/uploads\/2025\/09\/header-prove-resistenza-cloro-300x122.jpeg 300w, https:\/\/www.fitt.com\/wp-content\/uploads\/2025\/09\/header-prove-resistenza-cloro-768x312.jpeg 768w, https:\/\/www.fitt.com\/wp-content\/uploads\/2025\/09\/header-prove-resistenza-cloro-1536x624.jpeg 1536w, https:\/\/www.fitt.com\/wp-content\/uploads\/2025\/09\/header-prove-resistenza-cloro-400x163.jpeg 400w, https:\/\/www.fitt.com\/wp-content\/uploads\/2025\/09\/header-prove-resistenza-cloro-1200x488.jpeg 1200w, https:\/\/www.fitt.com\/wp-content\/uploads\/2025\/09\/header-prove-resistenza-cloro-600x244.jpeg 600w\" sizes=\"(max-width: 1600px) 100vw, 1600px\" \/><\/p>\n<p><strong>FITT<\/strong>\u00a0ha condotto delle prove di laboratorio ad hoc per poter validare a livello scientifico la comprovata resistenza di\u00a0<a href=\"https:\/\/www.fitt.com\/it\/product\/fitt_bactive_flex\/\"><strong>FITT B-Active<\/strong><\/a>\u00a0al cloro. Assieme alla flessibilit\u00e0 e allo speciale raggio di curvatura, la resistenza al cloro \u00e8 una delle caratteristiche pi\u00f9 performanti del tubo spiralato per piscine interrate.<br \/>\nLa gi\u00e0 brevettata pellicola<strong>\u00a0CDS (Chlorine Defence System)<\/strong>\u00a0offre un\u2019elevata protezione dall\u2019acqua anche ad alto contenuto di cloro e dall\u2019ambiente acido, garantendone la durabilit\u00e0 nel tempo.<\/p>\n<p>Al fine di confermare questa capacit\u00e0 del FITT B-Active, il laboratorio di Ricerca &amp; Sviluppo di FITT ha messo a punto un metodo di prova che simula una situazione che accelera il processo di invecchiamento e decadimento del tubo dovuto al contatto con il cloro, a concetrazione estrema.<\/p>\n<p>Per un periodo totale di\u00a0<strong>45 giorni <a href=\"https:\/\/www.fitt.com\/it\/product\/fitt_bactive_flex\/\">FITT B-Active<\/a> \u00e8 stato messo a contatto con una soluzione di acqua e dicloroisocianurato di cloro 8 gr\/l<\/strong>. Tale concentrazione equivale ad un valore pari a oltre 500 volte la concentrazione consigliata per un trattamento di clorazione d\u2019urto e 1.600 volte la concentrazione consigliata per un trattamento di mantenimento.<\/p>\n<p>&nbsp;<\/p>\n<p><img loading=\"lazy\" decoding=\"async\" class=\"alignnone size-medium wp-image-22342\" src=\"https:\/\/www.fitt.com\/wp-content\/uploads\/2025\/09\/articolo_01-300x225.jpg\" alt=\"\" width=\"300\" height=\"225\" srcset=\"https:\/\/www.fitt.com\/wp-content\/uploads\/2025\/09\/articolo_01-300x225.jpg 300w, https:\/\/www.fitt.com\/wp-content\/uploads\/2025\/09\/articolo_01-768x576.jpg 768w, https:\/\/www.fitt.com\/wp-content\/uploads\/2025\/09\/articolo_01-400x300.jpg 400w, https:\/\/www.fitt.com\/wp-content\/uploads\/2025\/09\/articolo_01-800x600.jpg 800w, https:\/\/www.fitt.com\/wp-content\/uploads\/2025\/09\/articolo_01-600x450.jpg 600w, https:\/\/www.fitt.com\/wp-content\/uploads\/2025\/09\/articolo_01.jpg 1440w\" sizes=\"auto, (max-width: 300px) 100vw, 300px\" \/><\/p>\n<div class=\"vc_empty_space\">La prova \u00e8 consistita nel versare la soluzione<strong>\u00a0all\u2019interno di porzioni di tubo chiuse alle estremit\u00e0 con tappi in PVC incollati al tubo<\/strong>. In questo modo la soluzione aggressiva entra in contatto solamente con lo strato inetrno del tubo.<\/div>\n<p>&nbsp;<\/p>\n<div><img loading=\"lazy\" decoding=\"async\" class=\"alignnone size-medium wp-image-22347\" src=\"https:\/\/www.fitt.com\/wp-content\/uploads\/2025\/09\/articolo_02a-265x300.png\" alt=\"\" width=\"265\" height=\"300\" srcset=\"https:\/\/www.fitt.com\/wp-content\/uploads\/2025\/09\/articolo_02a-265x300.png 265w, https:\/\/www.fitt.com\/wp-content\/uploads\/2025\/09\/articolo_02a.png 352w\" sizes=\"auto, (max-width: 265px) 100vw, 265px\" \/> <img loading=\"lazy\" decoding=\"async\" class=\"alignnone size-medium wp-image-22352\" src=\"https:\/\/www.fitt.com\/wp-content\/uploads\/2025\/09\/articolo_02b-261x300.png\" alt=\"\" width=\"261\" height=\"300\" srcset=\"https:\/\/www.fitt.com\/wp-content\/uploads\/2025\/09\/articolo_02b-261x300.png 261w, https:\/\/www.fitt.com\/wp-content\/uploads\/2025\/09\/articolo_02b.png 352w\" sizes=\"auto, (max-width: 261px) 100vw, 261px\" \/><\/div>\n<div><em>FITT B-Active prima del test e Dopo 15 giorni<\/em><\/div>\n<p>&nbsp;<\/p>\n<div>Nel corso dei\u00a0<strong>primi 15 giorni<\/strong>\u00a0i tubi sono stati s<strong>toccati ad una temperatura di circa 20\u00b0C<\/strong>, mentre per i successivi 30 giorni sono stati testati ad una temperatura massima di 40\u00b0C con esposizione diretta alla luce solare, in modo da accelerare il decadimento.<\/div>\n<p>&nbsp;<\/p>\n<div><img loading=\"lazy\" decoding=\"async\" class=\"alignnone size-medium wp-image-22357\" src=\"https:\/\/www.fitt.com\/wp-content\/uploads\/2025\/09\/articolo_03-300x300.jpg\" alt=\"\" width=\"300\" height=\"300\" srcset=\"https:\/\/www.fitt.com\/wp-content\/uploads\/2025\/09\/articolo_03-300x300.jpg 300w, https:\/\/www.fitt.com\/wp-content\/uploads\/2025\/09\/articolo_03-150x150.jpg 150w, https:\/\/www.fitt.com\/wp-content\/uploads\/2025\/09\/articolo_03-400x400.jpg 400w, https:\/\/www.fitt.com\/wp-content\/uploads\/2025\/09\/articolo_03.jpg 500w\" sizes=\"auto, (max-width: 300px) 100vw, 300px\" \/><\/div>\n<div><em>FITT B-Active Dopo 45 giorni<\/em><\/div>\n<p>&nbsp;<\/p>\n<div>Al termine degli studi i risultati sono stati molto positivi e migliorativi rispetto i tradizionali tubi spiralati presenti sul mercato. Nello specifico\u00a0<strong><a href=\"https:\/\/www.fitt.com\/it\/product\/fitt_bactive_flex\/\">FITT B-Active<\/a> non ha mostrato alcun segno di deterioramento<\/strong>\u00a0da agenti chimici e nemmeno di decolorazione, e lo skin interno \u00e8 rimasto inalterato.<\/div>\n","protected":false},"excerpt":{"rendered":"<p>Prove di resistenza al cloro ad alta concentrazione FITT\u00a0ha condotto delle prove di laboratorio ad hoc per poter validare a livello scientifico la comprovata resistenza di\u00a0FITT B-Active\u00a0al cloro. Assieme alla flessibilit\u00e0 e allo speciale raggio di curvatura, la resistenza al cloro \u00e8 una delle caratteristiche pi\u00f9 performanti del tubo spiralato per piscine interrate. La gi\u00e0 [&hellip;]<\/p>\n","protected":false},"author":10,"featured_media":0,"parent":0,"menu_order":0,"comment_status":"closed","ping_status":"closed","template":"","meta":{"_acf_changed":false,"footnotes":""},"class_list":["post-22325","page","type-page","status-publish","hentry"],"acf":[],"yoast_head":"<!-- This site is optimized with the Yoast SEO Premium plugin v24.1 (Yoast SEO v27.3) - https:\/\/yoast.com\/product\/yoast-seo-premium-wordpress\/ -->\n<title>Prove di resistenza al cloro ad alta concentrazione - FITT<\/title>\n<meta name=\"robots\" content=\"index, follow, max-snippet:-1, max-image-preview:large, max-video-preview:-1\" \/>\n<link rel=\"canonical\" href=\"https:\/\/www.fitt.com\/it\/prove-di-resistenza-al-cloro-ad-alta-concentrazione\/\" \/>\n<meta property=\"og:locale\" content=\"it_IT\" \/>\n<meta property=\"og:type\" content=\"article\" \/>\n<meta property=\"og:title\" content=\"Prove di resistenza al cloro ad alta concentrazione\" \/>\n<meta property=\"og:description\" content=\"Prove di resistenza al cloro ad alta concentrazione FITT\u00a0ha condotto delle prove di laboratorio ad hoc per poter validare a livello scientifico la comprovata resistenza di\u00a0FITT B-Active\u00a0al cloro. Assieme alla flessibilit\u00e0 e allo speciale raggio di curvatura, la resistenza al cloro \u00e8 una delle caratteristiche pi\u00f9 performanti del tubo spiralato per piscine interrate. La gi\u00e0 [&hellip;]\" \/>\n<meta property=\"og:url\" content=\"https:\/\/www.fitt.com\/it\/prove-di-resistenza-al-cloro-ad-alta-concentrazione\/\" \/>\n<meta property=\"og:site_name\" content=\"FITT\" \/>\n<meta property=\"article:modified_time\" content=\"2025-09-01T09:49:48+00:00\" \/>\n<meta property=\"og:image\" content=\"https:\/\/www.fitt.com\/wp-content\/uploads\/2025\/09\/header-prove-resistenza-cloro.jpeg\" \/>\n\t<meta property=\"og:image:width\" content=\"1600\" \/>\n\t<meta property=\"og:image:height\" content=\"650\" \/>\n\t<meta property=\"og:image:type\" content=\"image\/jpeg\" \/>\n<meta name=\"twitter:card\" content=\"summary_large_image\" \/>\n<meta name=\"twitter:label1\" content=\"Tempo di lettura stimato\" \/>\n\t<meta name=\"twitter:data1\" content=\"3 minuti\" \/>\n<script type=\"application\/ld+json\" class=\"yoast-schema-graph\">{\"@context\":\"https:\\\/\\\/schema.org\",\"@graph\":[{\"@type\":\"WebPage\",\"@id\":\"https:\\\/\\\/www.fitt.com\\\/it\\\/prove-di-resistenza-al-cloro-ad-alta-concentrazione\\\/\",\"url\":\"https:\\\/\\\/www.fitt.com\\\/it\\\/prove-di-resistenza-al-cloro-ad-alta-concentrazione\\\/\",\"name\":\"Prove di resistenza al cloro ad alta concentrazione - FITT\",\"isPartOf\":{\"@id\":\"https:\\\/\\\/www.fitt.com\\\/it\\\/#website\"},\"primaryImageOfPage\":{\"@id\":\"https:\\\/\\\/www.fitt.com\\\/it\\\/prove-di-resistenza-al-cloro-ad-alta-concentrazione\\\/#primaryimage\"},\"image\":{\"@id\":\"https:\\\/\\\/www.fitt.com\\\/it\\\/prove-di-resistenza-al-cloro-ad-alta-concentrazione\\\/#primaryimage\"},\"thumbnailUrl\":\"https:\\\/\\\/www.fitt.com\\\/wp-content\\\/uploads\\\/2025\\\/09\\\/header-prove-resistenza-cloro.jpeg\",\"datePublished\":\"2025-09-01T09:19:18+00:00\",\"dateModified\":\"2025-09-01T09:49:48+00:00\",\"breadcrumb\":{\"@id\":\"https:\\\/\\\/www.fitt.com\\\/it\\\/prove-di-resistenza-al-cloro-ad-alta-concentrazione\\\/#breadcrumb\"},\"inLanguage\":\"it-IT\",\"potentialAction\":[{\"@type\":\"ReadAction\",\"target\":[\"https:\\\/\\\/www.fitt.com\\\/it\\\/prove-di-resistenza-al-cloro-ad-alta-concentrazione\\\/\"]}]},{\"@type\":\"ImageObject\",\"inLanguage\":\"it-IT\",\"@id\":\"https:\\\/\\\/www.fitt.com\\\/it\\\/prove-di-resistenza-al-cloro-ad-alta-concentrazione\\\/#primaryimage\",\"url\":\"https:\\\/\\\/www.fitt.com\\\/wp-content\\\/uploads\\\/2025\\\/09\\\/header-prove-resistenza-cloro.jpeg\",\"contentUrl\":\"https:\\\/\\\/www.fitt.com\\\/wp-content\\\/uploads\\\/2025\\\/09\\\/header-prove-resistenza-cloro.jpeg\"},{\"@type\":\"BreadcrumbList\",\"@id\":\"https:\\\/\\\/www.fitt.com\\\/it\\\/prove-di-resistenza-al-cloro-ad-alta-concentrazione\\\/#breadcrumb\",\"itemListElement\":[{\"@type\":\"ListItem\",\"position\":1,\"name\":\"Home\",\"item\":\"https:\\\/\\\/www.fitt.com\\\/it\\\/\"},{\"@type\":\"ListItem\",\"position\":2,\"name\":\"Prove di resistenza al cloro ad alta concentrazione\"}]},{\"@type\":\"WebSite\",\"@id\":\"https:\\\/\\\/www.fitt.com\\\/it\\\/#website\",\"url\":\"https:\\\/\\\/www.fitt.com\\\/it\\\/\",\"name\":\"FITT\",\"description\":\"FITT Spa\",\"publisher\":{\"@id\":\"https:\\\/\\\/www.fitt.com\\\/it\\\/#organization\"},\"potentialAction\":[{\"@type\":\"SearchAction\",\"target\":{\"@type\":\"EntryPoint\",\"urlTemplate\":\"https:\\\/\\\/www.fitt.com\\\/it\\\/?s={search_term_string}\"},\"query-input\":{\"@type\":\"PropertyValueSpecification\",\"valueRequired\":true,\"valueName\":\"search_term_string\"}}],\"inLanguage\":\"it-IT\"},{\"@type\":\"Organization\",\"@id\":\"https:\\\/\\\/www.fitt.com\\\/it\\\/#organization\",\"name\":\"Fitt SPA\",\"url\":\"https:\\\/\\\/www.fitt.com\\\/it\\\/\",\"logo\":{\"@type\":\"ImageObject\",\"inLanguage\":\"it-IT\",\"@id\":\"https:\\\/\\\/www.fitt.com\\\/it\\\/#\\\/schema\\\/logo\\\/image\\\/\",\"url\":\"https:\\\/\\\/www.fitt.com\\\/wp-content\\\/uploads\\\/2022\\\/05\\\/logo-light.png\",\"contentUrl\":\"https:\\\/\\\/www.fitt.com\\\/wp-content\\\/uploads\\\/2022\\\/05\\\/logo-light.png\",\"width\":827,\"height\":508,\"caption\":\"Fitt SPA\"},\"image\":{\"@id\":\"https:\\\/\\\/www.fitt.com\\\/it\\\/#\\\/schema\\\/logo\\\/image\\\/\"}}]}<\/script>\n<!-- \/ Yoast SEO Premium plugin. -->","yoast_head_json":{"title":"Prove di resistenza al cloro ad alta concentrazione - FITT","robots":{"index":"index","follow":"follow","max-snippet":"max-snippet:-1","max-image-preview":"max-image-preview:large","max-video-preview":"max-video-preview:-1"},"canonical":"https:\/\/www.fitt.com\/it\/prove-di-resistenza-al-cloro-ad-alta-concentrazione\/","og_locale":"it_IT","og_type":"article","og_title":"Prove di resistenza al cloro ad alta concentrazione","og_description":"Prove di resistenza al cloro ad alta concentrazione FITT\u00a0ha condotto delle prove di laboratorio ad hoc per poter validare a livello scientifico la comprovata resistenza di\u00a0FITT B-Active\u00a0al cloro. Assieme alla flessibilit\u00e0 e allo speciale raggio di curvatura, la resistenza al cloro \u00e8 una delle caratteristiche pi\u00f9 performanti del tubo spiralato per piscine interrate. La gi\u00e0 [&hellip;]","og_url":"https:\/\/www.fitt.com\/it\/prove-di-resistenza-al-cloro-ad-alta-concentrazione\/","og_site_name":"FITT","article_modified_time":"2025-09-01T09:49:48+00:00","og_image":[{"width":1600,"height":650,"url":"https:\/\/www.fitt.com\/wp-content\/uploads\/2025\/09\/header-prove-resistenza-cloro.jpeg","type":"image\/jpeg"}],"twitter_card":"summary_large_image","twitter_misc":{"Tempo di lettura stimato":"3 minuti"},"schema":{"@context":"https:\/\/schema.org","@graph":[{"@type":"WebPage","@id":"https:\/\/www.fitt.com\/it\/prove-di-resistenza-al-cloro-ad-alta-concentrazione\/","url":"https:\/\/www.fitt.com\/it\/prove-di-resistenza-al-cloro-ad-alta-concentrazione\/","name":"Prove di resistenza al cloro ad alta concentrazione - FITT","isPartOf":{"@id":"https:\/\/www.fitt.com\/it\/#website"},"primaryImageOfPage":{"@id":"https:\/\/www.fitt.com\/it\/prove-di-resistenza-al-cloro-ad-alta-concentrazione\/#primaryimage"},"image":{"@id":"https:\/\/www.fitt.com\/it\/prove-di-resistenza-al-cloro-ad-alta-concentrazione\/#primaryimage"},"thumbnailUrl":"https:\/\/www.fitt.com\/wp-content\/uploads\/2025\/09\/header-prove-resistenza-cloro.jpeg","datePublished":"2025-09-01T09:19:18+00:00","dateModified":"2025-09-01T09:49:48+00:00","breadcrumb":{"@id":"https:\/\/www.fitt.com\/it\/prove-di-resistenza-al-cloro-ad-alta-concentrazione\/#breadcrumb"},"inLanguage":"it-IT","potentialAction":[{"@type":"ReadAction","target":["https:\/\/www.fitt.com\/it\/prove-di-resistenza-al-cloro-ad-alta-concentrazione\/"]}]},{"@type":"ImageObject","inLanguage":"it-IT","@id":"https:\/\/www.fitt.com\/it\/prove-di-resistenza-al-cloro-ad-alta-concentrazione\/#primaryimage","url":"https:\/\/www.fitt.com\/wp-content\/uploads\/2025\/09\/header-prove-resistenza-cloro.jpeg","contentUrl":"https:\/\/www.fitt.com\/wp-content\/uploads\/2025\/09\/header-prove-resistenza-cloro.jpeg"},{"@type":"BreadcrumbList","@id":"https:\/\/www.fitt.com\/it\/prove-di-resistenza-al-cloro-ad-alta-concentrazione\/#breadcrumb","itemListElement":[{"@type":"ListItem","position":1,"name":"Home","item":"https:\/\/www.fitt.com\/it\/"},{"@type":"ListItem","position":2,"name":"Prove di resistenza al cloro ad alta concentrazione"}]},{"@type":"WebSite","@id":"https:\/\/www.fitt.com\/it\/#website","url":"https:\/\/www.fitt.com\/it\/","name":"FITT","description":"FITT Spa","publisher":{"@id":"https:\/\/www.fitt.com\/it\/#organization"},"potentialAction":[{"@type":"SearchAction","target":{"@type":"EntryPoint","urlTemplate":"https:\/\/www.fitt.com\/it\/?s={search_term_string}"},"query-input":{"@type":"PropertyValueSpecification","valueRequired":true,"valueName":"search_term_string"}}],"inLanguage":"it-IT"},{"@type":"Organization","@id":"https:\/\/www.fitt.com\/it\/#organization","name":"Fitt SPA","url":"https:\/\/www.fitt.com\/it\/","logo":{"@type":"ImageObject","inLanguage":"it-IT","@id":"https:\/\/www.fitt.com\/it\/#\/schema\/logo\/image\/","url":"https:\/\/www.fitt.com\/wp-content\/uploads\/2022\/05\/logo-light.png","contentUrl":"https:\/\/www.fitt.com\/wp-content\/uploads\/2022\/05\/logo-light.png","width":827,"height":508,"caption":"Fitt SPA"},"image":{"@id":"https:\/\/www.fitt.com\/it\/#\/schema\/logo\/image\/"}}]}},"_links":{"self":[{"href":"https:\/\/www.fitt.com\/it\/wp-json\/wp\/v2\/pages\/22325","targetHints":{"allow":["GET"]}}],"collection":[{"href":"https:\/\/www.fitt.com\/it\/wp-json\/wp\/v2\/pages"}],"about":[{"href":"https:\/\/www.fitt.com\/it\/wp-json\/wp\/v2\/types\/page"}],"author":[{"embeddable":true,"href":"https:\/\/www.fitt.com\/it\/wp-json\/wp\/v2\/users\/10"}],"replies":[{"embeddable":true,"href":"https:\/\/www.fitt.com\/it\/wp-json\/wp\/v2\/comments?post=22325"}],"version-history":[{"count":3,"href":"https:\/\/www.fitt.com\/it\/wp-json\/wp\/v2\/pages\/22325\/revisions"}],"predecessor-version":[{"id":22377,"href":"https:\/\/www.fitt.com\/it\/wp-json\/wp\/v2\/pages\/22325\/revisions\/22377"}],"wp:attachment":[{"href":"https:\/\/www.fitt.com\/it\/wp-json\/wp\/v2\/media?parent=22325"}],"curies":[{"name":"wp","href":"https:\/\/api.w.org\/{rel}","templated":true}]}}