{"id":22206,"date":"2025-08-28T15:38:54","date_gmt":"2025-08-28T13:38:54","guid":{"rendered":"https:\/\/www.fitt.com\/systems-for-in-ground-pools-why-hoses-are-so-important\/"},"modified":"2025-08-28T16:20:03","modified_gmt":"2025-08-28T14:20:03","slug":"impianti-per-piscine-interrate-perche-le-tubature-sono-cosi-importanti","status":"publish","type":"page","link":"https:\/\/www.fitt.com\/it\/impianti-per-piscine-interrate-perche-le-tubature-sono-cosi-importanti\/","title":{"rendered":"Impianti per piscine interrate: perch\u00e9 le tubature sono cos\u00ec importanti"},"content":{"rendered":"<h1 class=\"entry_title\">Impianti per piscine interrate: perch\u00e9 le tubature sono cos\u00ec importanti<\/h1>\n<p><img decoding=\"async\" class=\"alignnone wp-image-22217 size-full\" src=\"https:\/\/www.fitt.com\/wp-content\/uploads\/2025\/08\/header-impianti-piscine-interrate.jpeg\" alt=\"header-impianti-piscine-interrate\" width=\"100%\" srcset=\"https:\/\/www.fitt.com\/wp-content\/uploads\/2025\/08\/header-impianti-piscine-interrate.jpeg 1100w, https:\/\/www.fitt.com\/wp-content\/uploads\/2025\/08\/header-impianti-piscine-interrate-300x169.jpeg 300w, https:\/\/www.fitt.com\/wp-content\/uploads\/2025\/08\/header-impianti-piscine-interrate-768x432.jpeg 768w, https:\/\/www.fitt.com\/wp-content\/uploads\/2025\/08\/header-impianti-piscine-interrate-400x225.jpeg 400w, https:\/\/www.fitt.com\/wp-content\/uploads\/2025\/08\/header-impianti-piscine-interrate-1066x600.jpeg 1066w, https:\/\/www.fitt.com\/wp-content\/uploads\/2025\/08\/header-impianti-piscine-interrate-600x338.jpeg 600w\" sizes=\"(max-width: 1100px) 100vw, 1100px\" \/><\/p>\n<p>Nella realizzazione degli\u00a0<strong>impianti per piscine interrate<\/strong>\u00a0le tubature svolgono un ruolo fondamentale. Oltre a garantire un costante afflusso di acqua sanificata, devono riuscire a sostenere una\u00a0<strong>doppia aggressione<\/strong>\u00a0\u2013 prolungata nel tempo \u2013 di tipo meccanico e chimico.<\/p>\n<p>Questo duplice attacco quotidiano, moltiplicato per decenni, mette a dura prova tutte le parti che compongono le piscine interrate, in particolar modo le condotte idriche. In presenza di tubazioni scadenti, le\u00a0<strong>fuoriuscite di acqua<\/strong> sono assicurate. Se invece ci affidiamo a rivenditori e installatori specializzati che utilizzano prodotti di qualit\u00e0 non ci dovremo preoccupare di onerose manutenzioni.<\/p>\n<p>Esistono sul mercato tubi resistenti agli stress chimici e meccanici? Quali sono i principali danni che pu\u00f2 subire un tubo per piscina? Se non vuoi avere brutte sorprese a piscina ultimata, continua a leggere!<\/p>\n<p>&nbsp;<\/p>\n<h2>I problemi principali degli impianti per piscine interrate: se li conosci, li eviti<\/h2>\n<p>Gli impianti per piscine interrate se non gestiti correttamente possono riservare sorprese anche poco gradevoli. Per orientarci tra la vasta scelta di tubature in commercio dobbiamo aver chiaro quali sono i\u00a0<strong>principali danni<\/strong>\u00a0che pu\u00f2 subire un\u00a0<strong>tubo per piscina<\/strong>. Di solito i problemi pi\u00f9 importanti riguardano:<\/p>\n<ul>\n<li>pressioni meccaniche<\/li>\n<li>aggressioni chimiche<\/li>\n<li>lacerazioni dovute agli spostamenti causati dall\u2019assestamento dell\u2019impianto stesso<\/li>\n<\/ul>\n<p>Le macro categorie sopra elencate riassumono le possibili cause che determinano il deterioramento dei tubi usati comunemente negli impianti per piscine interrate. Per questa ragione\u00a0<strong>FITT<\/strong>, azienda specializzata nella produzione di tubi in PVC ed altri materiali termoplastici, \u00e8 riuscita a migliorare gli ottimi risultati raggiunti fino ad ora sviluppando un innovativo tubo chiamato\u00a0<a href=\"https:\/\/www.fitt.com\/product\/fitt_bactive_flex\/\"><strong>FITT B-ACTIVE<\/strong><\/a>\u00a0che garantisce:<\/p>\n<ul>\n<li>un rimedio ai danni comunemente subiti dai tubi spiralati per piscine<\/li>\n<li>una lunga durata all\u2019intero impianto delle piscine interrate<\/li>\n<li>un importante risparmio nelle spese di manutenzione<\/li>\n<li>una gestione serena della piscina interrata<\/li>\n<\/ul>\n<p>Questi risultati sono stati raggiunti grazie a rigorosi test effettuati in laboratorio anche in collaborazione con l\u2019<a href=\"http:\/\/www.gest.unipd.it\/en\" target=\"_blank\" rel=\"noopener noreferrer\">Universit\u00e0 degli Studi di Padova \u2013 Sede di Vicenza \u2013 Dipartimento di Tecnica e Gestione dei sistemi industriali (DTG)<\/a>.<\/p>\n<p>&nbsp;<\/p>\n<h2>I vantaggi del tubo spiralato <a href=\"https:\/\/www.fitt.com\/product\/fitt_bactive_flex\/\">FITT B-ACTIVE<\/a>: i risultati dei test<\/h2>\n<p>In laboratorio sono state riprodotte tutte le condizioni di stress che solitamente i tubi degli impianti per piscine interrate devono sostenere.<\/p>\n<p>Gli eccezionali risultati ottenuti sono ora protetti dall\u2019esclusiva tecnologia\u00a0<strong>D-Shape<\/strong>\u00a0(patent pending), una struttura innovativa che potenzia le prestazione del tubo allo schiacciamento dovuto al peso sovrastante e assicura una lunga vita all\u2019intero impianto.<\/p>\n<p>Vediamo i test nel dettaglio:<\/p>\n<p><img loading=\"lazy\" decoding=\"async\" class=\"wp-image-22223 size-full alignnone\" src=\"https:\/\/www.fitt.com\/wp-content\/uploads\/2025\/08\/article-test-rigidita.jpeg\" alt=\"article-test-rigidita\" width=\"661\" height=\"585\" srcset=\"https:\/\/www.fitt.com\/wp-content\/uploads\/2025\/08\/article-test-rigidita.jpeg 661w, https:\/\/www.fitt.com\/wp-content\/uploads\/2025\/08\/article-test-rigidita-300x266.jpeg 300w, https:\/\/www.fitt.com\/wp-content\/uploads\/2025\/08\/article-test-rigidita-400x354.jpeg 400w, https:\/\/www.fitt.com\/wp-content\/uploads\/2025\/08\/article-test-rigidita-600x531.jpeg 600w\" sizes=\"auto, (max-width: 661px) 100vw, 661px\" \/><\/p>\n<p><strong>Test della rigidit\u00e0 anulare<br \/>\n<\/strong><br \/>\nIl test della rigidit\u00e0 anulare simula la resistenza dei tubi al peso del terreno. Come si pu\u00f2 vedere dal grafico, all\u2019aumentare della forza esercitata, il nuovo tubo <a href=\"https:\/\/www.fitt.com\/product\/fitt_bactive_flex\/\">FITT B-ACTIVE<\/a> (colore verde) contrappone una elevata resistenza alla deformazione, con un\u00a0<strong>incremento del 60%<\/strong>\u00a0rispetto alle soluzioni presenti sul mercato.\u00a0<strong>Test eseguito in conformit\u00e0 con UNI EN ISO 9969<\/strong>.<\/p>\n<p>&nbsp;<\/p>\n<p><img loading=\"lazy\" decoding=\"async\" class=\"alignnone wp-image-22232 size-full\" src=\"https:\/\/www.fitt.com\/wp-content\/uploads\/2025\/08\/article-test-raggio-di-curvatura.jpeg\" alt=\"article-test-raggio-di-curvatura\" width=\"629\" height=\"466\" srcset=\"https:\/\/www.fitt.com\/wp-content\/uploads\/2025\/08\/article-test-raggio-di-curvatura.jpeg 629w, https:\/\/www.fitt.com\/wp-content\/uploads\/2025\/08\/article-test-raggio-di-curvatura-300x222.jpeg 300w, https:\/\/www.fitt.com\/wp-content\/uploads\/2025\/08\/article-test-raggio-di-curvatura-400x296.jpeg 400w, https:\/\/www.fitt.com\/wp-content\/uploads\/2025\/08\/article-test-raggio-di-curvatura-600x445.jpeg 600w\" sizes=\"auto, (max-width: 629px) 100vw, 629px\" \/><\/p>\n<p><strong>Test del raggio di curvatura<\/strong><\/p>\n<p>Il test del raggio di curvatura dimostra quanto il tubo per piscina possa essere piegato prima di rompersi. Questo dato si rivela prezioso: suggerisce quanto sia rapida e semplice l\u2019installazione quando le tubazioni idriche presentano un raggio di curvatura molto basso.<\/p>\n<p>Dal grafico si capisce come, all\u2019aumentare della deformazione anulare, <a href=\"https:\/\/www.fitt.com\/product\/fitt_bactive_flex\/\">FITT B-ACTIVE<\/a> (colore verde) resista molto meglio rispetto alle soluzioni presenti sul mercato.\u00a0<strong>Test eseguito in conformit\u00e0 con EN ISO 10619-1<\/strong>.<\/p>\n<p>&nbsp;<\/p>\n<p><img loading=\"lazy\" decoding=\"async\" class=\"alignnone wp-image-22237 size-full\" src=\"https:\/\/www.fitt.com\/wp-content\/uploads\/2025\/08\/article-test-forza-adesiva.jpeg\" alt=\"\" width=\"585\" height=\"420\" srcset=\"https:\/\/www.fitt.com\/wp-content\/uploads\/2025\/08\/article-test-forza-adesiva.jpeg 585w, https:\/\/www.fitt.com\/wp-content\/uploads\/2025\/08\/article-test-forza-adesiva-300x215.jpeg 300w, https:\/\/www.fitt.com\/wp-content\/uploads\/2025\/08\/article-test-forza-adesiva-400x287.jpeg 400w\" sizes=\"auto, (max-width: 585px) 100vw, 585px\" \/><\/p>\n<p><strong>Test di forza adesiva<\/strong><\/p>\n<p>Il grafico chiarisce quale sia la\u00a0<strong>forza adesiva<\/strong>\u00a0tra i vari elementi costitutivi del tubo. Pi\u00f9 alto \u00e8 il valore che indica la forza adesiva, pi\u00f9 \u00e8 efficace la resistenza ai micromovimenti di assestamento e agli sbalzi di pressione che si generano durante la vita operativa dell\u2019impianto.<\/p>\n<p>Grazie all\u2019impiego di PVC di alta qualit\u00e0, il\u00a0<strong>nuovo tubo Fitt<\/strong>\u00a0(colore verde) offre un\u00a0<strong>indice di coesione del 50% superiore<\/strong>\u00a0rispetto a quanto presente attualmente in commercio con un considerevole incremento della pressione d\u2019esercizio e di scoppio.<\/p>\n<p>&nbsp;<\/p>\n<p><img loading=\"lazy\" decoding=\"async\" class=\"alignnone wp-image-22242 size-full\" src=\"https:\/\/www.fitt.com\/wp-content\/uploads\/2025\/08\/article-test-chimico.jpeg\" alt=\"\" width=\"594\" height=\"430\" srcset=\"https:\/\/www.fitt.com\/wp-content\/uploads\/2025\/08\/article-test-chimico.jpeg 594w, https:\/\/www.fitt.com\/wp-content\/uploads\/2025\/08\/article-test-chimico-300x217.jpeg 300w, https:\/\/www.fitt.com\/wp-content\/uploads\/2025\/08\/article-test-chimico-400x290.jpeg 400w\" sizes=\"auto, (max-width: 594px) 100vw, 594px\" \/><\/p>\n<p><strong>Test sulla resistenza chimica<\/strong><\/p>\n<p>Le immagini mostrano come\u00a0<strong>il cloro e l\u2019ambiente acido<\/strong>\u00a0aggrediscono la superficie dei normali tubi in PVC. La superficie del nuovo tubo <a href=\"https:\/\/www.fitt.com\/product\/fitt_bactive_flex\/\">FITT B-ACTIVE<\/a> rimane invece liscia e omogenea.<\/p>\n<p>Ci\u00f2 \u00e8 reso possibile da una\u00a0<strong>pellicola protettiva<\/strong>\u00a0di nuova concezione, uno\u00a0<strong>Skin verde<\/strong>\u00a0interno migliorato e potenziato, in grado di proteggere le condotte dal cloro e dall\u2019ambiente acido che si crea. Una\u00a0<strong>doppia protezione sicura e brevettata<\/strong> contro l\u2019attacco chimico.<\/p>\n<h2><\/h2>\n<p>&nbsp;<\/p>\n<h2>Impianti per piscine interrate senza problemi con\u00a0<a href=\"https:\/\/www.fitt.com\/product\/fitt_bactive_flex\/\">FITT B-ACTIVE<\/a><\/h2>\n<p>Stress meccanici e chimici, ripetuti quotidianamente negli anni, danneggiano irrimediabilmente le tubazioni degli impianti per piscine interrate. Fitt, azienda specializzata nella produzione di tubi in PVC ed altri materiali termoplastici, ha sviluppato un nuovo tubo spiralato molto performante che resiste meglio ai danni provocati da pressioni meccaniche e da agenti chimici.<\/p>\n<p>Numerosi test condotti in laboratorio \u2013 in collaborazione con l\u2019Universit\u00e0 degli Studi di Padova \u2013 hanno dimostrato che gli impianti per piscine interrate durano di pi\u00f9 con FITT B-ACTIVE.<\/p>\n<p>Questo elevato grado di resistenza \u00e8 garantito da:<\/p>\n<ul>\n<li>un\u2019esclusiva\u00a0<strong>tecnologia D-Shape<\/strong>\u00a0(Patent Pending) e\u00a0<a href=\"https:\/\/www.fitt.com\/product\/fitt_bactive_flex\/\"><strong>FITT B-ACTIVE<\/strong><\/a>\u00a0(brevettata) che protegge il tubo dallo stress meccanico<\/li>\n<li>uno\u00a0<strong>Skin protettivo<\/strong>, sottile film interno (brevettato) che resiste alle aggressioni chimiche del cloro e dell\u2019ambiente acido<\/li>\n<li>utilizzo di\u00a0<strong>PVC-P<\/strong>\u00a0di alta qualit\u00e0 che offre elevate prestazioni di curvatura e di incollaggio<\/li>\n<\/ul>\n<p>Grazie a queste caratteristiche <a href=\"https:\/\/www.fitt.com\/product\/fitt_bactive_flex\/\"><strong>FITT B-ACTIVE<\/strong><\/a> mantiene inalterate nel tempo le sue prestazioni con un risparmio importante sui costi di manutenzione e permette una gestione sicura degli impianti idrici per piscine interrate.<\/p>\n","protected":false},"excerpt":{"rendered":"<p>Impianti per piscine interrate: perch\u00e9 le tubature sono cos\u00ec importanti Nella realizzazione degli\u00a0impianti per piscine interrate\u00a0le tubature svolgono un ruolo fondamentale. Oltre a garantire un costante afflusso di acqua sanificata, devono riuscire a sostenere una\u00a0doppia aggressione\u00a0\u2013 prolungata nel tempo \u2013 di tipo meccanico e chimico. Questo duplice attacco quotidiano, moltiplicato per decenni, mette a dura [&hellip;]<\/p>\n","protected":false},"author":10,"featured_media":0,"parent":0,"menu_order":0,"comment_status":"closed","ping_status":"closed","template":"","meta":{"_acf_changed":false,"footnotes":""},"class_list":["post-22206","page","type-page","status-publish","hentry"],"acf":[],"yoast_head":"<!-- This site is optimized with the Yoast SEO Premium plugin v24.1 (Yoast SEO v27.3) - https:\/\/yoast.com\/product\/yoast-seo-premium-wordpress\/ -->\n<title>Impianti per piscine interrate: perch\u00e9 le tubature sono cos\u00ec importanti - FITT<\/title>\n<meta name=\"robots\" content=\"index, follow, max-snippet:-1, max-image-preview:large, max-video-preview:-1\" \/>\n<link rel=\"canonical\" href=\"https:\/\/www.fitt.com\/it\/impianti-per-piscine-interrate-perche-le-tubature-sono-cosi-importanti\/\" \/>\n<meta property=\"og:locale\" content=\"it_IT\" \/>\n<meta property=\"og:type\" content=\"article\" \/>\n<meta property=\"og:title\" content=\"Impianti per piscine interrate: perch\u00e9 le tubature sono cos\u00ec importanti\" \/>\n<meta property=\"og:description\" content=\"Impianti per piscine interrate: perch\u00e9 le tubature sono cos\u00ec importanti Nella realizzazione degli\u00a0impianti per piscine interrate\u00a0le tubature svolgono un ruolo fondamentale. Oltre a garantire un costante afflusso di acqua sanificata, devono riuscire a sostenere una\u00a0doppia aggressione\u00a0\u2013 prolungata nel tempo \u2013 di tipo meccanico e chimico. Questo duplice attacco quotidiano, moltiplicato per decenni, mette a dura [&hellip;]\" \/>\n<meta property=\"og:url\" content=\"https:\/\/www.fitt.com\/it\/impianti-per-piscine-interrate-perche-le-tubature-sono-cosi-importanti\/\" \/>\n<meta property=\"og:site_name\" content=\"FITT\" \/>\n<meta property=\"article:modified_time\" content=\"2025-08-28T14:20:03+00:00\" \/>\n<meta property=\"og:image\" content=\"https:\/\/www.fitt.com\/wp-content\/uploads\/2025\/08\/header-impianti-piscine-interrate.jpeg\" \/>\n\t<meta property=\"og:image:width\" content=\"1100\" \/>\n\t<meta property=\"og:image:height\" content=\"619\" \/>\n\t<meta property=\"og:image:type\" content=\"image\/jpeg\" \/>\n<meta name=\"twitter:card\" content=\"summary_large_image\" \/>\n<meta name=\"twitter:label1\" content=\"Tempo di lettura stimato\" \/>\n\t<meta name=\"twitter:data1\" content=\"5 minuti\" \/>\n<script type=\"application\/ld+json\" class=\"yoast-schema-graph\">{\"@context\":\"https:\\\/\\\/schema.org\",\"@graph\":[{\"@type\":\"WebPage\",\"@id\":\"https:\\\/\\\/www.fitt.com\\\/it\\\/impianti-per-piscine-interrate-perche-le-tubature-sono-cosi-importanti\\\/\",\"url\":\"https:\\\/\\\/www.fitt.com\\\/it\\\/impianti-per-piscine-interrate-perche-le-tubature-sono-cosi-importanti\\\/\",\"name\":\"Impianti per piscine interrate: perch\u00e9 le tubature sono cos\u00ec importanti - FITT\",\"isPartOf\":{\"@id\":\"https:\\\/\\\/www.fitt.com\\\/it\\\/#website\"},\"primaryImageOfPage\":{\"@id\":\"https:\\\/\\\/www.fitt.com\\\/it\\\/impianti-per-piscine-interrate-perche-le-tubature-sono-cosi-importanti\\\/#primaryimage\"},\"image\":{\"@id\":\"https:\\\/\\\/www.fitt.com\\\/it\\\/impianti-per-piscine-interrate-perche-le-tubature-sono-cosi-importanti\\\/#primaryimage\"},\"thumbnailUrl\":\"https:\\\/\\\/www.fitt.com\\\/wp-content\\\/uploads\\\/2025\\\/08\\\/header-impianti-piscine-interrate.jpeg\",\"datePublished\":\"2025-08-28T13:38:54+00:00\",\"dateModified\":\"2025-08-28T14:20:03+00:00\",\"breadcrumb\":{\"@id\":\"https:\\\/\\\/www.fitt.com\\\/it\\\/impianti-per-piscine-interrate-perche-le-tubature-sono-cosi-importanti\\\/#breadcrumb\"},\"inLanguage\":\"it-IT\",\"potentialAction\":[{\"@type\":\"ReadAction\",\"target\":[\"https:\\\/\\\/www.fitt.com\\\/it\\\/impianti-per-piscine-interrate-perche-le-tubature-sono-cosi-importanti\\\/\"]}]},{\"@type\":\"ImageObject\",\"inLanguage\":\"it-IT\",\"@id\":\"https:\\\/\\\/www.fitt.com\\\/it\\\/impianti-per-piscine-interrate-perche-le-tubature-sono-cosi-importanti\\\/#primaryimage\",\"url\":\"https:\\\/\\\/www.fitt.com\\\/wp-content\\\/uploads\\\/2025\\\/08\\\/header-impianti-piscine-interrate.jpeg\",\"contentUrl\":\"https:\\\/\\\/www.fitt.com\\\/wp-content\\\/uploads\\\/2025\\\/08\\\/header-impianti-piscine-interrate.jpeg\"},{\"@type\":\"BreadcrumbList\",\"@id\":\"https:\\\/\\\/www.fitt.com\\\/it\\\/impianti-per-piscine-interrate-perche-le-tubature-sono-cosi-importanti\\\/#breadcrumb\",\"itemListElement\":[{\"@type\":\"ListItem\",\"position\":1,\"name\":\"Home\",\"item\":\"https:\\\/\\\/www.fitt.com\\\/it\\\/\"},{\"@type\":\"ListItem\",\"position\":2,\"name\":\"Impianti per piscine interrate: perch\u00e9 le tubature sono cos\u00ec importanti\"}]},{\"@type\":\"WebSite\",\"@id\":\"https:\\\/\\\/www.fitt.com\\\/it\\\/#website\",\"url\":\"https:\\\/\\\/www.fitt.com\\\/it\\\/\",\"name\":\"FITT\",\"description\":\"FITT Spa\",\"publisher\":{\"@id\":\"https:\\\/\\\/www.fitt.com\\\/it\\\/#organization\"},\"potentialAction\":[{\"@type\":\"SearchAction\",\"target\":{\"@type\":\"EntryPoint\",\"urlTemplate\":\"https:\\\/\\\/www.fitt.com\\\/it\\\/?s={search_term_string}\"},\"query-input\":{\"@type\":\"PropertyValueSpecification\",\"valueRequired\":true,\"valueName\":\"search_term_string\"}}],\"inLanguage\":\"it-IT\"},{\"@type\":\"Organization\",\"@id\":\"https:\\\/\\\/www.fitt.com\\\/it\\\/#organization\",\"name\":\"Fitt SPA\",\"url\":\"https:\\\/\\\/www.fitt.com\\\/it\\\/\",\"logo\":{\"@type\":\"ImageObject\",\"inLanguage\":\"it-IT\",\"@id\":\"https:\\\/\\\/www.fitt.com\\\/it\\\/#\\\/schema\\\/logo\\\/image\\\/\",\"url\":\"https:\\\/\\\/www.fitt.com\\\/wp-content\\\/uploads\\\/2022\\\/05\\\/logo-light.png\",\"contentUrl\":\"https:\\\/\\\/www.fitt.com\\\/wp-content\\\/uploads\\\/2022\\\/05\\\/logo-light.png\",\"width\":827,\"height\":508,\"caption\":\"Fitt SPA\"},\"image\":{\"@id\":\"https:\\\/\\\/www.fitt.com\\\/it\\\/#\\\/schema\\\/logo\\\/image\\\/\"}}]}<\/script>\n<!-- \/ Yoast SEO Premium plugin. -->","yoast_head_json":{"title":"Impianti per piscine interrate: perch\u00e9 le tubature sono cos\u00ec importanti - FITT","robots":{"index":"index","follow":"follow","max-snippet":"max-snippet:-1","max-image-preview":"max-image-preview:large","max-video-preview":"max-video-preview:-1"},"canonical":"https:\/\/www.fitt.com\/it\/impianti-per-piscine-interrate-perche-le-tubature-sono-cosi-importanti\/","og_locale":"it_IT","og_type":"article","og_title":"Impianti per piscine interrate: perch\u00e9 le tubature sono cos\u00ec importanti","og_description":"Impianti per piscine interrate: perch\u00e9 le tubature sono cos\u00ec importanti Nella realizzazione degli\u00a0impianti per piscine interrate\u00a0le tubature svolgono un ruolo fondamentale. Oltre a garantire un costante afflusso di acqua sanificata, devono riuscire a sostenere una\u00a0doppia aggressione\u00a0\u2013 prolungata nel tempo \u2013 di tipo meccanico e chimico. Questo duplice attacco quotidiano, moltiplicato per decenni, mette a dura [&hellip;]","og_url":"https:\/\/www.fitt.com\/it\/impianti-per-piscine-interrate-perche-le-tubature-sono-cosi-importanti\/","og_site_name":"FITT","article_modified_time":"2025-08-28T14:20:03+00:00","og_image":[{"width":1100,"height":619,"url":"https:\/\/www.fitt.com\/wp-content\/uploads\/2025\/08\/header-impianti-piscine-interrate.jpeg","type":"image\/jpeg"}],"twitter_card":"summary_large_image","twitter_misc":{"Tempo di lettura stimato":"5 minuti"},"schema":{"@context":"https:\/\/schema.org","@graph":[{"@type":"WebPage","@id":"https:\/\/www.fitt.com\/it\/impianti-per-piscine-interrate-perche-le-tubature-sono-cosi-importanti\/","url":"https:\/\/www.fitt.com\/it\/impianti-per-piscine-interrate-perche-le-tubature-sono-cosi-importanti\/","name":"Impianti per piscine interrate: perch\u00e9 le tubature sono cos\u00ec importanti - FITT","isPartOf":{"@id":"https:\/\/www.fitt.com\/it\/#website"},"primaryImageOfPage":{"@id":"https:\/\/www.fitt.com\/it\/impianti-per-piscine-interrate-perche-le-tubature-sono-cosi-importanti\/#primaryimage"},"image":{"@id":"https:\/\/www.fitt.com\/it\/impianti-per-piscine-interrate-perche-le-tubature-sono-cosi-importanti\/#primaryimage"},"thumbnailUrl":"https:\/\/www.fitt.com\/wp-content\/uploads\/2025\/08\/header-impianti-piscine-interrate.jpeg","datePublished":"2025-08-28T13:38:54+00:00","dateModified":"2025-08-28T14:20:03+00:00","breadcrumb":{"@id":"https:\/\/www.fitt.com\/it\/impianti-per-piscine-interrate-perche-le-tubature-sono-cosi-importanti\/#breadcrumb"},"inLanguage":"it-IT","potentialAction":[{"@type":"ReadAction","target":["https:\/\/www.fitt.com\/it\/impianti-per-piscine-interrate-perche-le-tubature-sono-cosi-importanti\/"]}]},{"@type":"ImageObject","inLanguage":"it-IT","@id":"https:\/\/www.fitt.com\/it\/impianti-per-piscine-interrate-perche-le-tubature-sono-cosi-importanti\/#primaryimage","url":"https:\/\/www.fitt.com\/wp-content\/uploads\/2025\/08\/header-impianti-piscine-interrate.jpeg","contentUrl":"https:\/\/www.fitt.com\/wp-content\/uploads\/2025\/08\/header-impianti-piscine-interrate.jpeg"},{"@type":"BreadcrumbList","@id":"https:\/\/www.fitt.com\/it\/impianti-per-piscine-interrate-perche-le-tubature-sono-cosi-importanti\/#breadcrumb","itemListElement":[{"@type":"ListItem","position":1,"name":"Home","item":"https:\/\/www.fitt.com\/it\/"},{"@type":"ListItem","position":2,"name":"Impianti per piscine interrate: perch\u00e9 le tubature sono cos\u00ec importanti"}]},{"@type":"WebSite","@id":"https:\/\/www.fitt.com\/it\/#website","url":"https:\/\/www.fitt.com\/it\/","name":"FITT","description":"FITT Spa","publisher":{"@id":"https:\/\/www.fitt.com\/it\/#organization"},"potentialAction":[{"@type":"SearchAction","target":{"@type":"EntryPoint","urlTemplate":"https:\/\/www.fitt.com\/it\/?s={search_term_string}"},"query-input":{"@type":"PropertyValueSpecification","valueRequired":true,"valueName":"search_term_string"}}],"inLanguage":"it-IT"},{"@type":"Organization","@id":"https:\/\/www.fitt.com\/it\/#organization","name":"Fitt SPA","url":"https:\/\/www.fitt.com\/it\/","logo":{"@type":"ImageObject","inLanguage":"it-IT","@id":"https:\/\/www.fitt.com\/it\/#\/schema\/logo\/image\/","url":"https:\/\/www.fitt.com\/wp-content\/uploads\/2022\/05\/logo-light.png","contentUrl":"https:\/\/www.fitt.com\/wp-content\/uploads\/2022\/05\/logo-light.png","width":827,"height":508,"caption":"Fitt SPA"},"image":{"@id":"https:\/\/www.fitt.com\/it\/#\/schema\/logo\/image\/"}}]}},"_links":{"self":[{"href":"https:\/\/www.fitt.com\/it\/wp-json\/wp\/v2\/pages\/22206","targetHints":{"allow":["GET"]}}],"collection":[{"href":"https:\/\/www.fitt.com\/it\/wp-json\/wp\/v2\/pages"}],"about":[{"href":"https:\/\/www.fitt.com\/it\/wp-json\/wp\/v2\/types\/page"}],"author":[{"embeddable":true,"href":"https:\/\/www.fitt.com\/it\/wp-json\/wp\/v2\/users\/10"}],"replies":[{"embeddable":true,"href":"https:\/\/www.fitt.com\/it\/wp-json\/wp\/v2\/comments?post=22206"}],"version-history":[{"count":3,"href":"https:\/\/www.fitt.com\/it\/wp-json\/wp\/v2\/pages\/22206\/revisions"}],"predecessor-version":[{"id":22262,"href":"https:\/\/www.fitt.com\/it\/wp-json\/wp\/v2\/pages\/22206\/revisions\/22262"}],"wp:attachment":[{"href":"https:\/\/www.fitt.com\/it\/wp-json\/wp\/v2\/media?parent=22206"}],"curies":[{"name":"wp","href":"https:\/\/api.w.org\/{rel}","templated":true}]}}