{"id":22384,"date":"2025-09-01T16:20:33","date_gmt":"2025-09-01T14:20:33","guid":{"rendered":"https:\/\/www.fitt.com\/how-to-save-on-in-ground-pool-maintenance-costs\/"},"modified":"2025-09-01T16:48:14","modified_gmt":"2025-09-01T14:48:14","slug":"comment-faire-des-economies-sur-les-couts-dentretien-des-piscines-enterrees","status":"publish","type":"page","link":"https:\/\/www.fitt.com\/fr\/comment-faire-des-economies-sur-les-couts-dentretien-des-piscines-enterrees\/","title":{"rendered":"Comment faire des \u00e9conomies sur les co\u00fbts d&rsquo;entretien des piscines enterr\u00e9es"},"content":{"rendered":"<h1>Comment faire des \u00e9conomies sur les co\u00fbts d&rsquo;entretien des piscines enterr\u00e9es<\/h1>\n<p><img decoding=\"async\" class=\"alignnone wp-image-22396 size-full\" src=\"https:\/\/www.fitt.com\/wp-content\/uploads\/2025\/09\/header_manutenzione-piscine-interrate.jpeg\" alt=\"header_manutenzione-piscine-interrate\" width=\"100%\" srcset=\"https:\/\/www.fitt.com\/wp-content\/uploads\/2025\/09\/header_manutenzione-piscine-interrate.jpeg 1100w, https:\/\/www.fitt.com\/wp-content\/uploads\/2025\/09\/header_manutenzione-piscine-interrate-300x169.jpeg 300w, https:\/\/www.fitt.com\/wp-content\/uploads\/2025\/09\/header_manutenzione-piscine-interrate-768x432.jpeg 768w, https:\/\/www.fitt.com\/wp-content\/uploads\/2025\/09\/header_manutenzione-piscine-interrate-400x225.jpeg 400w, https:\/\/www.fitt.com\/wp-content\/uploads\/2025\/09\/header_manutenzione-piscine-interrate-1066x600.jpeg 1066w, https:\/\/www.fitt.com\/wp-content\/uploads\/2025\/09\/header_manutenzione-piscine-interrate-600x338.jpeg 600w\" sizes=\"(max-width: 1100px) 100vw, 1100px\" \/><\/p>\n<p>L\u2019<strong>entretien des piscines enterr\u00e9es<\/strong>\u00a0est souvent co\u00fbteux et compliqu\u00e9. Filtration, nettoyage, d\u00e9sinfection chimique, fuites d\u2019eau : nombreux sont les aspects qui peuvent faire monter de mani\u00e8re inqui\u00e9tante les frais li\u00e9s \u00e0 la gestion normale de nos piscines enterr\u00e9es.<\/p>\n<p>Comment r\u00e9soudre ce probl\u00e8me ? Comme nous allons le voir ci-dessous, il existe quelques mesures simples qui permettent de r\u00e9duire sensiblement les co\u00fbts et les soucis : notre ch\u00e8re piscine restera propre, s\u00fbre et en parfait \u00e9tat de fonctionnement. D\u00e9couvrons ensemble comment cela est possible.<\/p>\n<p>&nbsp;<\/p>\n<h2>Avez-vous jamais pens\u00e9 \u00e0 l&rsquo;influence que peuvent avoir les dommages aux canalisations sur les frais d&rsquo;entretien des piscines ?<\/h2>\n<p>L\u2019entretien des piscines enterr\u00e9es n\u2019est pas une op\u00e9ration aussi banale qu\u2019il n\u2019y para\u00eet. Par exemple, pour garder l\u2019eau de la piscine propre et d\u00e9sinfect\u00e9e, il est indispensable d\u2019avoir recours \u00e0 des pr\u00e9parations \u00e0 base de chlore. En plus de permettre \u00e0 l\u2019eau de rester claire, le chlore prot\u00e8ge contre les bact\u00e9ries et d\u2019autres agents pathog\u00e8nes.<\/p>\n<p>Cependant, la pr\u00e9sence de\u00a0<strong>chlore<\/strong>\u00a0et l\u2019environnement acide (qui se cr\u00e9e in\u00e9vitablement) sont \u00e9galement les principaux responsables de la\u00a0<strong>corrosion<\/strong>\u00a0des canalisations. Au fil du temps, les tuyaux enterr\u00e9s, qui doivent d\u00e9j\u00e0 supporter la pression exerc\u00e9e par le terrain, subissent \u00e0 l\u2019int\u00e9rieur les agressions constantes des agents chimiques.<\/p>\n<p>&nbsp;<\/p>\n<p><img loading=\"lazy\" decoding=\"async\" class=\"alignnone wp-image-22401 size-full\" src=\"https:\/\/www.fitt.com\/wp-content\/uploads\/2025\/09\/articolo-01.jpg\" alt=\"\" width=\"768\" height=\"518\" srcset=\"https:\/\/www.fitt.com\/wp-content\/uploads\/2025\/09\/articolo-01.jpg 768w, https:\/\/www.fitt.com\/wp-content\/uploads\/2025\/09\/articolo-01-300x202.jpg 300w, https:\/\/www.fitt.com\/wp-content\/uploads\/2025\/09\/articolo-01-400x270.jpg 400w, https:\/\/www.fitt.com\/wp-content\/uploads\/2025\/09\/articolo-01-600x405.jpg 600w\" sizes=\"auto, (max-width: 768px) 100vw, 768px\" \/><\/p>\n<p>Cette combinaison constante d\u2019\u00e9v\u00e9nements entra\u00eene un affaiblissement des tuyaux, l\u2019apparition de fissures et de fuites d\u2019eau qui se traduisent par des factures effrayantes et inattendues.<\/p>\n<p>Et comme si cela ne suffisait pas, intervenir sur les fuites d\u2019eau est complexe : bien souvent, la seule solution consiste \u00e0 creuser sur tout le p\u00e9rim\u00e8tre de la piscine afin de d\u00e9gager les canalisations pour rechercher les voies d\u2019eau. Outre le co\u00fbt non n\u00e9gligeable de l\u2019op\u00e9ration, il convient \u00e9galement de garder \u00e0 l\u2019esprit les cons\u00e9quences d\u2019une telle op\u00e9ration et les d\u00e9sagr\u00e9ments qu\u2019elle comporte (jardin d\u00e9truit, all\u00e9es et venues de personnel et de machines\u2026). Voici un conseil utile qui permettra d\u2019\u00e9viter l\u2019apparition de tels probl\u00e8mes.<\/p>\n<p>&nbsp;<\/p>\n<h2>L&rsquo;entretien parfait des piscines enterr\u00e9es commence par les tuyaux : il faut choisir le tuyau adapt\u00e9 !<\/h2>\n<p>Cela semble \u00e9vident, et pourtant \u00e7a ne l\u2019est pas du tout: le\u00a0<strong>choix minutieux des tuyaux<\/strong>\u00a0en phase de conception ou lors de l\u2019entretien est fondamental.<\/p>\n<p>Pour \u00e9viter des factures ahurissantes ou des co\u00fbts de r\u00e9paration sal\u00e9s, il est n\u00e9cessaire que la piscine enterr\u00e9e soit \u00e9quip\u00e9e de canalisations:<\/p>\n<ul>\n<li>\u00e9lastiques<\/li>\n<li>r\u00e9sistantes aux attaques chimiques<\/li>\n<li>r\u00e9sistantes aux charges statiques<\/li>\n<li>faciles \u00e0 poser<\/li>\n<li>flexibles et adapt\u00e9es \u00e0 tous les types de terrain<\/li>\n<\/ul>\n<p><a href=\"https:\/\/www.fitt.com\/fr\/product\/fitt_bactive_flex\/\">FITT B-ACTIVE<\/a> est le tuyau souple qui r\u00e9unit toutes les caract\u00e9ristiques indispensables mentionn\u00e9es ci-dessus, pour un entretien serein et r\u00e9fl\u00e9chi des piscines enterr\u00e9es. L\u2019efficacit\u00e9 du tuyau Barrierflex B-Active prot\u00e9g\u00e9 contre les contraintes m\u00e9caniques ext\u00e9rieures et les agressions chimiques int\u00e9rieures, est certifi\u00e9e par de nombreux brevets. Pour profiter \u00e0 fond et en toute s\u00e9curit\u00e9 de notre piscine, apprenons \u00e0 choisir\u00a0<strong>des composants r\u00e9sistants et de qualit\u00e9<\/strong>.<\/p>\n<p>&nbsp;<\/p>\n<h2>Entretien des piscines enterr\u00e9es : instructions d&rsquo;utilisation intelligentes<\/h2>\n<p>Lors de l\u2019entretien des piscines enterr\u00e9es, comme nous l\u2019avons compris, le choix des canalisations s\u2019av\u00e8re fondamental. Le chlore et l\u2019environnement chimique qui se forme dans les canalisations de la piscine sont indispensables pour garantir la salubrit\u00e9 de l\u2019eau et prot\u00e9ger notre sant\u00e9. Cependant, ces m\u00eames agents chimiques entra\u00eenent simultan\u00e9ment la corrosion des tuyaux, g\u00e9n\u00e9rant ainsi des voies d\u2019eau et des fuites.<\/p>\n<p>Si nous \u00e9quipons notre piscine de <a href=\"https:\/\/www.fitt.com\/fr\/product\/fitt_bactive_flex\/\">tuyaux Barrierflex B-Active<\/a>,\u00a0<strong>nous pouvons pr\u00e9venir<\/strong>\u00a0l\u2019un des probl\u00e8mes les plus g\u00eanants et, malheureusement, les plus co\u00fbteux \u00e0 r\u00e9soudre\u00a0<strong>la rupture et le remplacement<\/strong>\u00a0des canalisations d\u2019eau.<\/p>\n","protected":false},"excerpt":{"rendered":"<p>Comment faire des \u00e9conomies sur les co\u00fbts d&rsquo;entretien des piscines enterr\u00e9es L\u2019entretien des piscines enterr\u00e9es\u00a0est souvent co\u00fbteux et compliqu\u00e9. Filtration, nettoyage, d\u00e9sinfection chimique, fuites d\u2019eau : nombreux sont les aspects qui peuvent faire monter de mani\u00e8re inqui\u00e9tante les frais li\u00e9s \u00e0 la gestion normale de nos piscines enterr\u00e9es. Comment r\u00e9soudre ce probl\u00e8me ? Comme nous [&hellip;]<\/p>\n","protected":false},"author":10,"featured_media":0,"parent":0,"menu_order":0,"comment_status":"closed","ping_status":"closed","template":"","meta":{"_acf_changed":false,"footnotes":""},"class_list":["post-22384","page","type-page","status-publish","hentry"],"acf":[],"yoast_head":"<!-- This site is optimized with the Yoast SEO Premium plugin v24.1 (Yoast SEO v27.3) - https:\/\/yoast.com\/product\/yoast-seo-premium-wordpress\/ -->\n<title>Comment faire des \u00e9conomies sur les co\u00fbts d&#039;entretien des piscines enterr\u00e9es - FITT<\/title>\n<meta name=\"robots\" content=\"index, follow, max-snippet:-1, max-image-preview:large, max-video-preview:-1\" \/>\n<link rel=\"canonical\" href=\"https:\/\/www.fitt.com\/fr\/comment-faire-des-economies-sur-les-couts-dentretien-des-piscines-enterrees\/\" \/>\n<meta property=\"og:locale\" content=\"fr_FR\" \/>\n<meta property=\"og:type\" content=\"article\" \/>\n<meta property=\"og:title\" content=\"Comment faire des \u00e9conomies sur les co\u00fbts d&#039;entretien des piscines enterr\u00e9es\" \/>\n<meta property=\"og:description\" content=\"Comment faire des \u00e9conomies sur les co\u00fbts d&rsquo;entretien des piscines enterr\u00e9es L\u2019entretien des piscines enterr\u00e9es\u00a0est souvent co\u00fbteux et compliqu\u00e9. Filtration, nettoyage, d\u00e9sinfection chimique, fuites d\u2019eau : nombreux sont les aspects qui peuvent faire monter de mani\u00e8re inqui\u00e9tante les frais li\u00e9s \u00e0 la gestion normale de nos piscines enterr\u00e9es. Comment r\u00e9soudre ce probl\u00e8me ? Comme nous [&hellip;]\" \/>\n<meta property=\"og:url\" content=\"https:\/\/www.fitt.com\/fr\/comment-faire-des-economies-sur-les-couts-dentretien-des-piscines-enterrees\/\" \/>\n<meta property=\"og:site_name\" content=\"FITT\" \/>\n<meta property=\"article:modified_time\" content=\"2025-09-01T14:48:14+00:00\" \/>\n<meta property=\"og:image\" content=\"https:\/\/www.fitt.com\/wp-content\/uploads\/2025\/09\/header_manutenzione-piscine-interrate.jpeg\" \/>\n\t<meta property=\"og:image:width\" content=\"1100\" \/>\n\t<meta property=\"og:image:height\" content=\"619\" \/>\n\t<meta property=\"og:image:type\" content=\"image\/jpeg\" \/>\n<meta name=\"twitter:card\" content=\"summary_large_image\" \/>\n<meta name=\"twitter:label1\" content=\"Dur\u00e9e de lecture estim\u00e9e\" \/>\n\t<meta name=\"twitter:data1\" content=\"3 minutes\" \/>\n<script type=\"application\/ld+json\" class=\"yoast-schema-graph\">{\"@context\":\"https:\\\/\\\/schema.org\",\"@graph\":[{\"@type\":\"WebPage\",\"@id\":\"https:\\\/\\\/www.fitt.com\\\/fr\\\/comment-faire-des-economies-sur-les-couts-dentretien-des-piscines-enterrees\\\/\",\"url\":\"https:\\\/\\\/www.fitt.com\\\/fr\\\/comment-faire-des-economies-sur-les-couts-dentretien-des-piscines-enterrees\\\/\",\"name\":\"Comment faire des \u00e9conomies sur les co\u00fbts d'entretien des piscines enterr\u00e9es - FITT\",\"isPartOf\":{\"@id\":\"https:\\\/\\\/www.fitt.com\\\/fr\\\/#website\"},\"primaryImageOfPage\":{\"@id\":\"https:\\\/\\\/www.fitt.com\\\/fr\\\/comment-faire-des-economies-sur-les-couts-dentretien-des-piscines-enterrees\\\/#primaryimage\"},\"image\":{\"@id\":\"https:\\\/\\\/www.fitt.com\\\/fr\\\/comment-faire-des-economies-sur-les-couts-dentretien-des-piscines-enterrees\\\/#primaryimage\"},\"thumbnailUrl\":\"https:\\\/\\\/www.fitt.com\\\/wp-content\\\/uploads\\\/2025\\\/09\\\/header_manutenzione-piscine-interrate.jpeg\",\"datePublished\":\"2025-09-01T14:20:33+00:00\",\"dateModified\":\"2025-09-01T14:48:14+00:00\",\"breadcrumb\":{\"@id\":\"https:\\\/\\\/www.fitt.com\\\/fr\\\/comment-faire-des-economies-sur-les-couts-dentretien-des-piscines-enterrees\\\/#breadcrumb\"},\"inLanguage\":\"fr-FR\",\"potentialAction\":[{\"@type\":\"ReadAction\",\"target\":[\"https:\\\/\\\/www.fitt.com\\\/fr\\\/comment-faire-des-economies-sur-les-couts-dentretien-des-piscines-enterrees\\\/\"]}]},{\"@type\":\"ImageObject\",\"inLanguage\":\"fr-FR\",\"@id\":\"https:\\\/\\\/www.fitt.com\\\/fr\\\/comment-faire-des-economies-sur-les-couts-dentretien-des-piscines-enterrees\\\/#primaryimage\",\"url\":\"https:\\\/\\\/www.fitt.com\\\/wp-content\\\/uploads\\\/2025\\\/09\\\/header_manutenzione-piscine-interrate.jpeg\",\"contentUrl\":\"https:\\\/\\\/www.fitt.com\\\/wp-content\\\/uploads\\\/2025\\\/09\\\/header_manutenzione-piscine-interrate.jpeg\"},{\"@type\":\"BreadcrumbList\",\"@id\":\"https:\\\/\\\/www.fitt.com\\\/fr\\\/comment-faire-des-economies-sur-les-couts-dentretien-des-piscines-enterrees\\\/#breadcrumb\",\"itemListElement\":[{\"@type\":\"ListItem\",\"position\":1,\"name\":\"Home\",\"item\":\"https:\\\/\\\/www.fitt.com\\\/fr\\\/\"},{\"@type\":\"ListItem\",\"position\":2,\"name\":\"Comment faire des \u00e9conomies sur les co\u00fbts d&#8217;entretien des piscines enterr\u00e9es\"}]},{\"@type\":\"WebSite\",\"@id\":\"https:\\\/\\\/www.fitt.com\\\/fr\\\/#website\",\"url\":\"https:\\\/\\\/www.fitt.com\\\/fr\\\/\",\"name\":\"FITT\",\"description\":\"FITT Spa\",\"publisher\":{\"@id\":\"https:\\\/\\\/www.fitt.com\\\/fr\\\/#organization\"},\"potentialAction\":[{\"@type\":\"SearchAction\",\"target\":{\"@type\":\"EntryPoint\",\"urlTemplate\":\"https:\\\/\\\/www.fitt.com\\\/fr\\\/?s={search_term_string}\"},\"query-input\":{\"@type\":\"PropertyValueSpecification\",\"valueRequired\":true,\"valueName\":\"search_term_string\"}}],\"inLanguage\":\"fr-FR\"},{\"@type\":\"Organization\",\"@id\":\"https:\\\/\\\/www.fitt.com\\\/fr\\\/#organization\",\"name\":\"Fitt SPA\",\"url\":\"https:\\\/\\\/www.fitt.com\\\/fr\\\/\",\"logo\":{\"@type\":\"ImageObject\",\"inLanguage\":\"fr-FR\",\"@id\":\"https:\\\/\\\/www.fitt.com\\\/fr\\\/#\\\/schema\\\/logo\\\/image\\\/\",\"url\":\"https:\\\/\\\/www.fitt.com\\\/wp-content\\\/uploads\\\/2022\\\/05\\\/logo-light.png\",\"contentUrl\":\"https:\\\/\\\/www.fitt.com\\\/wp-content\\\/uploads\\\/2022\\\/05\\\/logo-light.png\",\"width\":827,\"height\":508,\"caption\":\"Fitt SPA\"},\"image\":{\"@id\":\"https:\\\/\\\/www.fitt.com\\\/fr\\\/#\\\/schema\\\/logo\\\/image\\\/\"}}]}<\/script>\n<!-- \/ Yoast SEO Premium plugin. -->","yoast_head_json":{"title":"Comment faire des \u00e9conomies sur les co\u00fbts d'entretien des piscines enterr\u00e9es - FITT","robots":{"index":"index","follow":"follow","max-snippet":"max-snippet:-1","max-image-preview":"max-image-preview:large","max-video-preview":"max-video-preview:-1"},"canonical":"https:\/\/www.fitt.com\/fr\/comment-faire-des-economies-sur-les-couts-dentretien-des-piscines-enterrees\/","og_locale":"fr_FR","og_type":"article","og_title":"Comment faire des \u00e9conomies sur les co\u00fbts d'entretien des piscines enterr\u00e9es","og_description":"Comment faire des \u00e9conomies sur les co\u00fbts d&rsquo;entretien des piscines enterr\u00e9es L\u2019entretien des piscines enterr\u00e9es\u00a0est souvent co\u00fbteux et compliqu\u00e9. Filtration, nettoyage, d\u00e9sinfection chimique, fuites d\u2019eau : nombreux sont les aspects qui peuvent faire monter de mani\u00e8re inqui\u00e9tante les frais li\u00e9s \u00e0 la gestion normale de nos piscines enterr\u00e9es. Comment r\u00e9soudre ce probl\u00e8me ? Comme nous [&hellip;]","og_url":"https:\/\/www.fitt.com\/fr\/comment-faire-des-economies-sur-les-couts-dentretien-des-piscines-enterrees\/","og_site_name":"FITT","article_modified_time":"2025-09-01T14:48:14+00:00","og_image":[{"width":1100,"height":619,"url":"https:\/\/www.fitt.com\/wp-content\/uploads\/2025\/09\/header_manutenzione-piscine-interrate.jpeg","type":"image\/jpeg"}],"twitter_card":"summary_large_image","twitter_misc":{"Dur\u00e9e de lecture estim\u00e9e":"3 minutes"},"schema":{"@context":"https:\/\/schema.org","@graph":[{"@type":"WebPage","@id":"https:\/\/www.fitt.com\/fr\/comment-faire-des-economies-sur-les-couts-dentretien-des-piscines-enterrees\/","url":"https:\/\/www.fitt.com\/fr\/comment-faire-des-economies-sur-les-couts-dentretien-des-piscines-enterrees\/","name":"Comment faire des \u00e9conomies sur les co\u00fbts d'entretien des piscines enterr\u00e9es - FITT","isPartOf":{"@id":"https:\/\/www.fitt.com\/fr\/#website"},"primaryImageOfPage":{"@id":"https:\/\/www.fitt.com\/fr\/comment-faire-des-economies-sur-les-couts-dentretien-des-piscines-enterrees\/#primaryimage"},"image":{"@id":"https:\/\/www.fitt.com\/fr\/comment-faire-des-economies-sur-les-couts-dentretien-des-piscines-enterrees\/#primaryimage"},"thumbnailUrl":"https:\/\/www.fitt.com\/wp-content\/uploads\/2025\/09\/header_manutenzione-piscine-interrate.jpeg","datePublished":"2025-09-01T14:20:33+00:00","dateModified":"2025-09-01T14:48:14+00:00","breadcrumb":{"@id":"https:\/\/www.fitt.com\/fr\/comment-faire-des-economies-sur-les-couts-dentretien-des-piscines-enterrees\/#breadcrumb"},"inLanguage":"fr-FR","potentialAction":[{"@type":"ReadAction","target":["https:\/\/www.fitt.com\/fr\/comment-faire-des-economies-sur-les-couts-dentretien-des-piscines-enterrees\/"]}]},{"@type":"ImageObject","inLanguage":"fr-FR","@id":"https:\/\/www.fitt.com\/fr\/comment-faire-des-economies-sur-les-couts-dentretien-des-piscines-enterrees\/#primaryimage","url":"https:\/\/www.fitt.com\/wp-content\/uploads\/2025\/09\/header_manutenzione-piscine-interrate.jpeg","contentUrl":"https:\/\/www.fitt.com\/wp-content\/uploads\/2025\/09\/header_manutenzione-piscine-interrate.jpeg"},{"@type":"BreadcrumbList","@id":"https:\/\/www.fitt.com\/fr\/comment-faire-des-economies-sur-les-couts-dentretien-des-piscines-enterrees\/#breadcrumb","itemListElement":[{"@type":"ListItem","position":1,"name":"Home","item":"https:\/\/www.fitt.com\/fr\/"},{"@type":"ListItem","position":2,"name":"Comment faire des \u00e9conomies sur les co\u00fbts d&#8217;entretien des piscines enterr\u00e9es"}]},{"@type":"WebSite","@id":"https:\/\/www.fitt.com\/fr\/#website","url":"https:\/\/www.fitt.com\/fr\/","name":"FITT","description":"FITT Spa","publisher":{"@id":"https:\/\/www.fitt.com\/fr\/#organization"},"potentialAction":[{"@type":"SearchAction","target":{"@type":"EntryPoint","urlTemplate":"https:\/\/www.fitt.com\/fr\/?s={search_term_string}"},"query-input":{"@type":"PropertyValueSpecification","valueRequired":true,"valueName":"search_term_string"}}],"inLanguage":"fr-FR"},{"@type":"Organization","@id":"https:\/\/www.fitt.com\/fr\/#organization","name":"Fitt SPA","url":"https:\/\/www.fitt.com\/fr\/","logo":{"@type":"ImageObject","inLanguage":"fr-FR","@id":"https:\/\/www.fitt.com\/fr\/#\/schema\/logo\/image\/","url":"https:\/\/www.fitt.com\/wp-content\/uploads\/2022\/05\/logo-light.png","contentUrl":"https:\/\/www.fitt.com\/wp-content\/uploads\/2022\/05\/logo-light.png","width":827,"height":508,"caption":"Fitt SPA"},"image":{"@id":"https:\/\/www.fitt.com\/fr\/#\/schema\/logo\/image\/"}}]}},"_links":{"self":[{"href":"https:\/\/www.fitt.com\/fr\/wp-json\/wp\/v2\/pages\/22384","targetHints":{"allow":["GET"]}}],"collection":[{"href":"https:\/\/www.fitt.com\/fr\/wp-json\/wp\/v2\/pages"}],"about":[{"href":"https:\/\/www.fitt.com\/fr\/wp-json\/wp\/v2\/types\/page"}],"author":[{"embeddable":true,"href":"https:\/\/www.fitt.com\/fr\/wp-json\/wp\/v2\/users\/10"}],"replies":[{"embeddable":true,"href":"https:\/\/www.fitt.com\/fr\/wp-json\/wp\/v2\/comments?post=22384"}],"version-history":[{"count":3,"href":"https:\/\/www.fitt.com\/fr\/wp-json\/wp\/v2\/pages\/22384\/revisions"}],"predecessor-version":[{"id":22425,"href":"https:\/\/www.fitt.com\/fr\/wp-json\/wp\/v2\/pages\/22384\/revisions\/22425"}],"wp:attachment":[{"href":"https:\/\/www.fitt.com\/fr\/wp-json\/wp\/v2\/media?parent=22384"}],"curies":[{"name":"wp","href":"https:\/\/api.w.org\/{rel}","templated":true}]}}