{"id":22323,"date":"2025-09-01T11:19:18","date_gmt":"2025-09-01T09:19:18","guid":{"rendered":"https:\/\/www.fitt.com\/high-concentration-chlorine-resistance-tests\/"},"modified":"2025-09-01T11:51:36","modified_gmt":"2025-09-01T09:51:36","slug":"essais-de-resistance-au-chlore-a-forte-concentration","status":"publish","type":"page","link":"https:\/\/www.fitt.com\/fr\/essais-de-resistance-au-chlore-a-forte-concentration\/","title":{"rendered":"Essais de r\u00e9sistance au chlore \u00e0 forte concentration"},"content":{"rendered":"<h1 class=\"entry_title\">Essais de r\u00e9sistance au chlore \u00e0 forte concentration<\/h1>\n<p><img decoding=\"async\" class=\"alignnone wp-image-22337 size-full\" src=\"https:\/\/www.fitt.com\/wp-content\/uploads\/2025\/09\/header-prove-resistenza-cloro.jpeg\" alt=\"\" width=\"100%\" srcset=\"https:\/\/www.fitt.com\/wp-content\/uploads\/2025\/09\/header-prove-resistenza-cloro.jpeg 1600w, https:\/\/www.fitt.com\/wp-content\/uploads\/2025\/09\/header-prove-resistenza-cloro-300x122.jpeg 300w, https:\/\/www.fitt.com\/wp-content\/uploads\/2025\/09\/header-prove-resistenza-cloro-768x312.jpeg 768w, https:\/\/www.fitt.com\/wp-content\/uploads\/2025\/09\/header-prove-resistenza-cloro-1536x624.jpeg 1536w, https:\/\/www.fitt.com\/wp-content\/uploads\/2025\/09\/header-prove-resistenza-cloro-400x163.jpeg 400w, https:\/\/www.fitt.com\/wp-content\/uploads\/2025\/09\/header-prove-resistenza-cloro-1200x488.jpeg 1200w, https:\/\/www.fitt.com\/wp-content\/uploads\/2025\/09\/header-prove-resistenza-cloro-600x244.jpeg 600w\" sizes=\"(max-width: 1600px) 100vw, 1600px\" \/><\/p>\n<p><strong>FITT<\/strong>\u00a0a r\u00e9alis\u00e9 des essais de laboratoire afin d\u2019\u00eatre en mesure de confirmer au niveau scientifique la r\u00e9sistance \u00e9prouv\u00e9e de\u00a0<a href=\"https:\/\/www.fitt.com\/fr\/product\/fitt_bactive_flex\/\"><strong>FITT B-Active<\/strong><\/a>\u00a0au chlore. Outre la flexibilit\u00e9 et le rayon de courbure particulier, la r\u00e9sistance au chlore est l\u2019une des caract\u00e9ristiques les plus performantes du tuyau spiral\u00e9 pour piscines enterr\u00e9es.<\/p>\n<p>La pellicule<strong>\u00a0CDS (Chlorine Defence System ou Protection Anti-chlore)<\/strong>, un syst\u00e8me brevet\u00e9, offre une protection \u00e9lev\u00e9e contre l\u2019eau ayant un fort contenu de chlore et l\u2019environnement acide, garantissant ainsi la long\u00e9vit\u00e9 du tuyau.<\/p>\n<p>Afin de confirmer cette capacit\u00e9 du FITT B-Active, le laboratoire de Recherche &amp; D\u00e9veloppement de FITT a mis au point une m\u00e9thode d\u2019essai simulant une situation qui acc\u00e9l\u00e8re le processus de vieillissement et de d\u00e9gradation du tuyau par effet du contact avec le chlore, en concentration extr\u00eame.<\/p>\n<p><strong>Pendant une p\u00e9riode totale de 45 jours, <a href=\"https:\/\/www.fitt.com\/fr\/product\/fitt_bactive_flex\/\">FITT B-Active<\/a> a \u00e9t\u00e9 mis au contact d\u2019une solution d\u2019eau et de dichloroisocyanurate de sodium 8\u00a0g\/l<\/strong>. Cette concentration \u00e9quivaut \u00e0 plus de 500 fois la concentration recommand\u00e9e pour un traitement de chloration de choc et 1\u00a0600 fois la concentration recommand\u00e9e pour un traitement d\u2019entretien.<\/p>\n<p>&nbsp;<\/p>\n<p><img loading=\"lazy\" decoding=\"async\" class=\"alignnone size-medium wp-image-22342\" src=\"https:\/\/www.fitt.com\/wp-content\/uploads\/2025\/09\/articolo_01-300x225.jpg\" alt=\"\" width=\"300\" height=\"225\" srcset=\"https:\/\/www.fitt.com\/wp-content\/uploads\/2025\/09\/articolo_01-300x225.jpg 300w, https:\/\/www.fitt.com\/wp-content\/uploads\/2025\/09\/articolo_01-768x576.jpg 768w, https:\/\/www.fitt.com\/wp-content\/uploads\/2025\/09\/articolo_01-400x300.jpg 400w, https:\/\/www.fitt.com\/wp-content\/uploads\/2025\/09\/articolo_01-800x600.jpg 800w, https:\/\/www.fitt.com\/wp-content\/uploads\/2025\/09\/articolo_01-600x450.jpg 600w, https:\/\/www.fitt.com\/wp-content\/uploads\/2025\/09\/articolo_01.jpg 1440w\" sizes=\"auto, (max-width: 300px) 100vw, 300px\" \/><\/p>\n<div class=\"vc_empty_space\"><strong>L\u2019essai consistait \u00e0 verser la solution dans des sections de tuyau ferm\u00e9es aux extr\u00e9mit\u00e9s par des bouchons en PVC coll\u00e9s au tuyau<\/strong>. Ainsi, la solution agressive entrait uniquement en contact avec le rev\u00eatement int\u00e9rieur du tuyau.<\/div>\n<p>&nbsp;<\/p>\n<div><img loading=\"lazy\" decoding=\"async\" class=\"alignnone size-medium wp-image-22347\" src=\"https:\/\/www.fitt.com\/wp-content\/uploads\/2025\/09\/articolo_02a-265x300.png\" alt=\"\" width=\"265\" height=\"300\" srcset=\"https:\/\/www.fitt.com\/wp-content\/uploads\/2025\/09\/articolo_02a-265x300.png 265w, https:\/\/www.fitt.com\/wp-content\/uploads\/2025\/09\/articolo_02a.png 352w\" sizes=\"auto, (max-width: 265px) 100vw, 265px\" \/> <img loading=\"lazy\" decoding=\"async\" class=\"alignnone size-medium wp-image-22352\" src=\"https:\/\/www.fitt.com\/wp-content\/uploads\/2025\/09\/articolo_02b-261x300.png\" alt=\"\" width=\"261\" height=\"300\" srcset=\"https:\/\/www.fitt.com\/wp-content\/uploads\/2025\/09\/articolo_02b-261x300.png 261w, https:\/\/www.fitt.com\/wp-content\/uploads\/2025\/09\/articolo_02b.png 352w\" sizes=\"auto, (max-width: 261px) 100vw, 261px\" \/><\/div>\n<div><em>FITT B-Active avant le test et 15 jours plus tard<\/em><\/div>\n<p>&nbsp;<\/p>\n<div><strong>Au cours des 15 premiers jours, les tuyaux ont \u00e9t\u00e9 stock\u00e9s \u00e0 une temp\u00e9rature d\u2019environ 20\u00a0\u00b0C<\/strong>, tandis que pendant les 30 jours suivants ils ont \u00e9t\u00e9 test\u00e9s \u00e0 une temp\u00e9rature maximale de 40\u00a0\u00b0C, avec une exposition directe aux rayons du soleil, de mani\u00e8re \u00e0 acc\u00e9l\u00e9rer la d\u00e9gradation.<\/div>\n<p>&nbsp;<\/p>\n<div><img loading=\"lazy\" decoding=\"async\" class=\"alignnone size-medium wp-image-22357\" src=\"https:\/\/www.fitt.com\/wp-content\/uploads\/2025\/09\/articolo_03-300x300.jpg\" alt=\"\" width=\"300\" height=\"300\" srcset=\"https:\/\/www.fitt.com\/wp-content\/uploads\/2025\/09\/articolo_03-300x300.jpg 300w, https:\/\/www.fitt.com\/wp-content\/uploads\/2025\/09\/articolo_03-150x150.jpg 150w, https:\/\/www.fitt.com\/wp-content\/uploads\/2025\/09\/articolo_03-400x400.jpg 400w, https:\/\/www.fitt.com\/wp-content\/uploads\/2025\/09\/articolo_03.jpg 500w\" sizes=\"auto, (max-width: 300px) 100vw, 300px\" \/><\/div>\n<div><em>FITT B-Active 45 jours plus tard<\/em><\/div>\n<p>&nbsp;<\/p>\n<div>\u00c0 l\u2019issue de ces essais, les r\u00e9sultats se sont r\u00e9v\u00e9l\u00e9s tr\u00e8s positifs, meilleurs que ceux des tuyaux spiral\u00e9s traditionnels pr\u00e9sents sur le march\u00e9. En particulier,\u00a0<strong><a href=\"https:\/\/www.fitt.com\/fr\/product\/fitt_bactive_flex\/\">FITT B-Active<\/a> n\u2019a montr\u00e9 aucun signe de d\u00e9t\u00e9rioration par des agents chimiques, ni m\u00eame de d\u00e9coloration<\/strong>, et le rev\u00eatement int\u00e9rieur est rest\u00e9 inalt\u00e9r\u00e9.<\/div>\n","protected":false},"excerpt":{"rendered":"<p>Essais de r\u00e9sistance au chlore \u00e0 forte concentration FITT\u00a0a r\u00e9alis\u00e9 des essais de laboratoire afin d\u2019\u00eatre en mesure de confirmer au niveau scientifique la r\u00e9sistance \u00e9prouv\u00e9e de\u00a0FITT B-Active\u00a0au chlore. Outre la flexibilit\u00e9 et le rayon de courbure particulier, la r\u00e9sistance au chlore est l\u2019une des caract\u00e9ristiques les plus performantes du tuyau spiral\u00e9 pour piscines enterr\u00e9es. [&hellip;]<\/p>\n","protected":false},"author":10,"featured_media":0,"parent":0,"menu_order":0,"comment_status":"closed","ping_status":"closed","template":"","meta":{"_acf_changed":false,"footnotes":""},"class_list":["post-22323","page","type-page","status-publish","hentry"],"acf":[],"yoast_head":"<!-- This site is optimized with the Yoast SEO Premium plugin v24.1 (Yoast SEO v27.3) - https:\/\/yoast.com\/product\/yoast-seo-premium-wordpress\/ -->\n<title>Essais de r\u00e9sistance au chlore \u00e0 forte concentration - FITT<\/title>\n<meta name=\"robots\" content=\"index, follow, max-snippet:-1, max-image-preview:large, max-video-preview:-1\" \/>\n<link rel=\"canonical\" href=\"https:\/\/www.fitt.com\/fr\/essais-de-resistance-au-chlore-a-forte-concentration\/\" \/>\n<meta property=\"og:locale\" content=\"fr_FR\" \/>\n<meta property=\"og:type\" content=\"article\" \/>\n<meta property=\"og:title\" content=\"Essais de r\u00e9sistance au chlore \u00e0 forte concentration\" \/>\n<meta property=\"og:description\" content=\"Essais de r\u00e9sistance au chlore \u00e0 forte concentration FITT\u00a0a r\u00e9alis\u00e9 des essais de laboratoire afin d\u2019\u00eatre en mesure de confirmer au niveau scientifique la r\u00e9sistance \u00e9prouv\u00e9e de\u00a0FITT B-Active\u00a0au chlore. Outre la flexibilit\u00e9 et le rayon de courbure particulier, la r\u00e9sistance au chlore est l\u2019une des caract\u00e9ristiques les plus performantes du tuyau spiral\u00e9 pour piscines enterr\u00e9es. [&hellip;]\" \/>\n<meta property=\"og:url\" content=\"https:\/\/www.fitt.com\/fr\/essais-de-resistance-au-chlore-a-forte-concentration\/\" \/>\n<meta property=\"og:site_name\" content=\"FITT\" \/>\n<meta property=\"article:modified_time\" content=\"2025-09-01T09:51:36+00:00\" \/>\n<meta property=\"og:image\" content=\"https:\/\/www.fitt.com\/wp-content\/uploads\/2025\/09\/header-prove-resistenza-cloro.jpeg\" \/>\n\t<meta property=\"og:image:width\" content=\"1600\" \/>\n\t<meta property=\"og:image:height\" content=\"650\" \/>\n\t<meta property=\"og:image:type\" content=\"image\/jpeg\" \/>\n<meta name=\"twitter:card\" content=\"summary_large_image\" \/>\n<meta name=\"twitter:label1\" content=\"Dur\u00e9e de lecture estim\u00e9e\" \/>\n\t<meta name=\"twitter:data1\" content=\"3 minutes\" \/>\n<script type=\"application\/ld+json\" class=\"yoast-schema-graph\">{\"@context\":\"https:\\\/\\\/schema.org\",\"@graph\":[{\"@type\":\"WebPage\",\"@id\":\"https:\\\/\\\/www.fitt.com\\\/fr\\\/essais-de-resistance-au-chlore-a-forte-concentration\\\/\",\"url\":\"https:\\\/\\\/www.fitt.com\\\/fr\\\/essais-de-resistance-au-chlore-a-forte-concentration\\\/\",\"name\":\"Essais de r\u00e9sistance au chlore \u00e0 forte concentration - FITT\",\"isPartOf\":{\"@id\":\"https:\\\/\\\/www.fitt.com\\\/fr\\\/#website\"},\"primaryImageOfPage\":{\"@id\":\"https:\\\/\\\/www.fitt.com\\\/fr\\\/essais-de-resistance-au-chlore-a-forte-concentration\\\/#primaryimage\"},\"image\":{\"@id\":\"https:\\\/\\\/www.fitt.com\\\/fr\\\/essais-de-resistance-au-chlore-a-forte-concentration\\\/#primaryimage\"},\"thumbnailUrl\":\"https:\\\/\\\/www.fitt.com\\\/wp-content\\\/uploads\\\/2025\\\/09\\\/header-prove-resistenza-cloro.jpeg\",\"datePublished\":\"2025-09-01T09:19:18+00:00\",\"dateModified\":\"2025-09-01T09:51:36+00:00\",\"breadcrumb\":{\"@id\":\"https:\\\/\\\/www.fitt.com\\\/fr\\\/essais-de-resistance-au-chlore-a-forte-concentration\\\/#breadcrumb\"},\"inLanguage\":\"fr-FR\",\"potentialAction\":[{\"@type\":\"ReadAction\",\"target\":[\"https:\\\/\\\/www.fitt.com\\\/fr\\\/essais-de-resistance-au-chlore-a-forte-concentration\\\/\"]}]},{\"@type\":\"ImageObject\",\"inLanguage\":\"fr-FR\",\"@id\":\"https:\\\/\\\/www.fitt.com\\\/fr\\\/essais-de-resistance-au-chlore-a-forte-concentration\\\/#primaryimage\",\"url\":\"https:\\\/\\\/www.fitt.com\\\/wp-content\\\/uploads\\\/2025\\\/09\\\/header-prove-resistenza-cloro.jpeg\",\"contentUrl\":\"https:\\\/\\\/www.fitt.com\\\/wp-content\\\/uploads\\\/2025\\\/09\\\/header-prove-resistenza-cloro.jpeg\"},{\"@type\":\"BreadcrumbList\",\"@id\":\"https:\\\/\\\/www.fitt.com\\\/fr\\\/essais-de-resistance-au-chlore-a-forte-concentration\\\/#breadcrumb\",\"itemListElement\":[{\"@type\":\"ListItem\",\"position\":1,\"name\":\"Home\",\"item\":\"https:\\\/\\\/www.fitt.com\\\/fr\\\/\"},{\"@type\":\"ListItem\",\"position\":2,\"name\":\"Essais de r\u00e9sistance au chlore \u00e0 forte concentration\"}]},{\"@type\":\"WebSite\",\"@id\":\"https:\\\/\\\/www.fitt.com\\\/fr\\\/#website\",\"url\":\"https:\\\/\\\/www.fitt.com\\\/fr\\\/\",\"name\":\"FITT\",\"description\":\"FITT Spa\",\"publisher\":{\"@id\":\"https:\\\/\\\/www.fitt.com\\\/fr\\\/#organization\"},\"potentialAction\":[{\"@type\":\"SearchAction\",\"target\":{\"@type\":\"EntryPoint\",\"urlTemplate\":\"https:\\\/\\\/www.fitt.com\\\/fr\\\/?s={search_term_string}\"},\"query-input\":{\"@type\":\"PropertyValueSpecification\",\"valueRequired\":true,\"valueName\":\"search_term_string\"}}],\"inLanguage\":\"fr-FR\"},{\"@type\":\"Organization\",\"@id\":\"https:\\\/\\\/www.fitt.com\\\/fr\\\/#organization\",\"name\":\"Fitt SPA\",\"url\":\"https:\\\/\\\/www.fitt.com\\\/fr\\\/\",\"logo\":{\"@type\":\"ImageObject\",\"inLanguage\":\"fr-FR\",\"@id\":\"https:\\\/\\\/www.fitt.com\\\/fr\\\/#\\\/schema\\\/logo\\\/image\\\/\",\"url\":\"https:\\\/\\\/www.fitt.com\\\/wp-content\\\/uploads\\\/2022\\\/05\\\/logo-light.png\",\"contentUrl\":\"https:\\\/\\\/www.fitt.com\\\/wp-content\\\/uploads\\\/2022\\\/05\\\/logo-light.png\",\"width\":827,\"height\":508,\"caption\":\"Fitt SPA\"},\"image\":{\"@id\":\"https:\\\/\\\/www.fitt.com\\\/fr\\\/#\\\/schema\\\/logo\\\/image\\\/\"}}]}<\/script>\n<!-- \/ Yoast SEO Premium plugin. -->","yoast_head_json":{"title":"Essais de r\u00e9sistance au chlore \u00e0 forte concentration - FITT","robots":{"index":"index","follow":"follow","max-snippet":"max-snippet:-1","max-image-preview":"max-image-preview:large","max-video-preview":"max-video-preview:-1"},"canonical":"https:\/\/www.fitt.com\/fr\/essais-de-resistance-au-chlore-a-forte-concentration\/","og_locale":"fr_FR","og_type":"article","og_title":"Essais de r\u00e9sistance au chlore \u00e0 forte concentration","og_description":"Essais de r\u00e9sistance au chlore \u00e0 forte concentration FITT\u00a0a r\u00e9alis\u00e9 des essais de laboratoire afin d\u2019\u00eatre en mesure de confirmer au niveau scientifique la r\u00e9sistance \u00e9prouv\u00e9e de\u00a0FITT B-Active\u00a0au chlore. Outre la flexibilit\u00e9 et le rayon de courbure particulier, la r\u00e9sistance au chlore est l\u2019une des caract\u00e9ristiques les plus performantes du tuyau spiral\u00e9 pour piscines enterr\u00e9es. [&hellip;]","og_url":"https:\/\/www.fitt.com\/fr\/essais-de-resistance-au-chlore-a-forte-concentration\/","og_site_name":"FITT","article_modified_time":"2025-09-01T09:51:36+00:00","og_image":[{"width":1600,"height":650,"url":"https:\/\/www.fitt.com\/wp-content\/uploads\/2025\/09\/header-prove-resistenza-cloro.jpeg","type":"image\/jpeg"}],"twitter_card":"summary_large_image","twitter_misc":{"Dur\u00e9e de lecture estim\u00e9e":"3 minutes"},"schema":{"@context":"https:\/\/schema.org","@graph":[{"@type":"WebPage","@id":"https:\/\/www.fitt.com\/fr\/essais-de-resistance-au-chlore-a-forte-concentration\/","url":"https:\/\/www.fitt.com\/fr\/essais-de-resistance-au-chlore-a-forte-concentration\/","name":"Essais de r\u00e9sistance au chlore \u00e0 forte concentration - FITT","isPartOf":{"@id":"https:\/\/www.fitt.com\/fr\/#website"},"primaryImageOfPage":{"@id":"https:\/\/www.fitt.com\/fr\/essais-de-resistance-au-chlore-a-forte-concentration\/#primaryimage"},"image":{"@id":"https:\/\/www.fitt.com\/fr\/essais-de-resistance-au-chlore-a-forte-concentration\/#primaryimage"},"thumbnailUrl":"https:\/\/www.fitt.com\/wp-content\/uploads\/2025\/09\/header-prove-resistenza-cloro.jpeg","datePublished":"2025-09-01T09:19:18+00:00","dateModified":"2025-09-01T09:51:36+00:00","breadcrumb":{"@id":"https:\/\/www.fitt.com\/fr\/essais-de-resistance-au-chlore-a-forte-concentration\/#breadcrumb"},"inLanguage":"fr-FR","potentialAction":[{"@type":"ReadAction","target":["https:\/\/www.fitt.com\/fr\/essais-de-resistance-au-chlore-a-forte-concentration\/"]}]},{"@type":"ImageObject","inLanguage":"fr-FR","@id":"https:\/\/www.fitt.com\/fr\/essais-de-resistance-au-chlore-a-forte-concentration\/#primaryimage","url":"https:\/\/www.fitt.com\/wp-content\/uploads\/2025\/09\/header-prove-resistenza-cloro.jpeg","contentUrl":"https:\/\/www.fitt.com\/wp-content\/uploads\/2025\/09\/header-prove-resistenza-cloro.jpeg"},{"@type":"BreadcrumbList","@id":"https:\/\/www.fitt.com\/fr\/essais-de-resistance-au-chlore-a-forte-concentration\/#breadcrumb","itemListElement":[{"@type":"ListItem","position":1,"name":"Home","item":"https:\/\/www.fitt.com\/fr\/"},{"@type":"ListItem","position":2,"name":"Essais de r\u00e9sistance au chlore \u00e0 forte concentration"}]},{"@type":"WebSite","@id":"https:\/\/www.fitt.com\/fr\/#website","url":"https:\/\/www.fitt.com\/fr\/","name":"FITT","description":"FITT Spa","publisher":{"@id":"https:\/\/www.fitt.com\/fr\/#organization"},"potentialAction":[{"@type":"SearchAction","target":{"@type":"EntryPoint","urlTemplate":"https:\/\/www.fitt.com\/fr\/?s={search_term_string}"},"query-input":{"@type":"PropertyValueSpecification","valueRequired":true,"valueName":"search_term_string"}}],"inLanguage":"fr-FR"},{"@type":"Organization","@id":"https:\/\/www.fitt.com\/fr\/#organization","name":"Fitt SPA","url":"https:\/\/www.fitt.com\/fr\/","logo":{"@type":"ImageObject","inLanguage":"fr-FR","@id":"https:\/\/www.fitt.com\/fr\/#\/schema\/logo\/image\/","url":"https:\/\/www.fitt.com\/wp-content\/uploads\/2022\/05\/logo-light.png","contentUrl":"https:\/\/www.fitt.com\/wp-content\/uploads\/2022\/05\/logo-light.png","width":827,"height":508,"caption":"Fitt SPA"},"image":{"@id":"https:\/\/www.fitt.com\/fr\/#\/schema\/logo\/image\/"}}]}},"_links":{"self":[{"href":"https:\/\/www.fitt.com\/fr\/wp-json\/wp\/v2\/pages\/22323","targetHints":{"allow":["GET"]}}],"collection":[{"href":"https:\/\/www.fitt.com\/fr\/wp-json\/wp\/v2\/pages"}],"about":[{"href":"https:\/\/www.fitt.com\/fr\/wp-json\/wp\/v2\/types\/page"}],"author":[{"embeddable":true,"href":"https:\/\/www.fitt.com\/fr\/wp-json\/wp\/v2\/users\/10"}],"replies":[{"embeddable":true,"href":"https:\/\/www.fitt.com\/fr\/wp-json\/wp\/v2\/comments?post=22323"}],"version-history":[{"count":3,"href":"https:\/\/www.fitt.com\/fr\/wp-json\/wp\/v2\/pages\/22323\/revisions"}],"predecessor-version":[{"id":22380,"href":"https:\/\/www.fitt.com\/fr\/wp-json\/wp\/v2\/pages\/22323\/revisions\/22380"}],"wp:attachment":[{"href":"https:\/\/www.fitt.com\/fr\/wp-json\/wp\/v2\/media?parent=22323"}],"curies":[{"name":"wp","href":"https:\/\/api.w.org\/{rel}","templated":true}]}}