{"id":22278,"date":"2025-09-01T10:03:58","date_gmt":"2025-09-01T08:03:58","guid":{"rendered":"https:\/\/www.fitt.com\/guide-for-the-perfect-bonding-of-swimming-pool-piping-systems-instructions-and-video\/"},"modified":"2025-09-01T10:55:46","modified_gmt":"2025-09-01T08:55:46","slug":"guide-pour-le-collage-parfait-des-tubes-pour-piscine-instructions-et-video","status":"publish","type":"page","link":"https:\/\/www.fitt.com\/fr\/guide-pour-le-collage-parfait-des-tubes-pour-piscine-instructions-et-video\/","title":{"rendered":"Guide pour le collage parfait des tubes pour piscine : instructions et vid\u00e9o"},"content":{"rendered":"<h1 class=\"entry_title\">Guide pour le collage parfait des tubes pour piscine : instructions et vid\u00e9o<\/h1>\n<p><img decoding=\"async\" class=\"alignnone wp-image-22289 size-full\" src=\"https:\/\/www.fitt.com\/wp-content\/uploads\/2025\/09\/header-incollaggio-tubi-piscina.jpg\" alt=\"\" width=\"100%\" srcset=\"https:\/\/www.fitt.com\/wp-content\/uploads\/2025\/09\/header-incollaggio-tubi-piscina.jpg 1600w, https:\/\/www.fitt.com\/wp-content\/uploads\/2025\/09\/header-incollaggio-tubi-piscina-300x122.jpg 300w, https:\/\/www.fitt.com\/wp-content\/uploads\/2025\/09\/header-incollaggio-tubi-piscina-768x312.jpg 768w, https:\/\/www.fitt.com\/wp-content\/uploads\/2025\/09\/header-incollaggio-tubi-piscina-1536x624.jpg 1536w, https:\/\/www.fitt.com\/wp-content\/uploads\/2025\/09\/header-incollaggio-tubi-piscina-400x163.jpg 400w, https:\/\/www.fitt.com\/wp-content\/uploads\/2025\/09\/header-incollaggio-tubi-piscina-1200x488.jpg 1200w, https:\/\/www.fitt.com\/wp-content\/uploads\/2025\/09\/header-incollaggio-tubi-piscina-600x244.jpg 600w\" sizes=\"(max-width: 1600px) 100vw, 1600px\" \/><\/p>\n<p>Dans la construction des syst\u00e8mes pour piscines enterr\u00e9es, les tuyauteries ont un r\u00f4le fondamental\u00a0: en effet, elles assurent un d\u00e9bit constant d\u2019eau assainie, supportent des conditions d\u2019usures importantes et prolong\u00e9es dans le temps et r\u00e9sistent aux chocs dus \u00e0 une manipulation imprudente.<\/p>\n<p>Pour cette raison, la phase de collage qui assure l\u2019<strong>\u00e9tanch\u00e9it\u00e9 hydraulique du circuit<\/strong>\u00a0devient essentielle.<\/p>\n<p>Ces instructions simples et le tutoriel vid\u00e9o vous guideront dans la r\u00e9alisation d\u2019un collage impeccable.<\/p>\n<p>Les tubes et tuyaux pour piscine FITT B-Active sont fabriqu\u00e9s avec des mati\u00e8res premi\u00e8res de haute qualit\u00e9 qui cr\u00e9ent une adh\u00e9rence totale avec les colles disponibles sur le march\u00e9, ne laissant aucune place \u00e0 la fragilit\u00e9 ou \u00e0 l\u2019affaiblissement du syst\u00e8me hydraulique.<\/p>\n<p><strong>L\u2019activit\u00e9 de collage<\/strong>\u00a0n\u00e9cessite certains passages pr\u00e9liminaires fondamentaux\u00a0:<\/p>\n<ul>\n<li>Tout d\u2019abord, les tubes doivent \u00eatre coup\u00e9s selon un\u00a0<strong>angle appropri\u00e9<\/strong>;<\/li>\n<li>Ensuite,\u00a0<strong>leur extr\u00e9mit\u00e9 int\u00e9rieure doit \u00eatre ponc\u00e9e<\/strong>\u00a0et\u00a0<strong>celle ext\u00e9rieure chanfrein\u00e9e<\/strong>. De cette fa\u00e7on, la colle adh\u00e8re \u00e0 la surface du tube sans couler vers l\u2019ext\u00e9rieur.<\/li>\n<\/ul>\n<p>Avant d\u2019appliquer la colle, il est n\u00e9cessaire de\u00a0<strong>nettoyer avec un solvant pour PVC les sections des tubes<\/strong>\u00a0qui seront coll\u00e9es, afin que la colle puisse adh\u00e9rer sur les deux parties.<\/p>\n<p><strong>La colle doit \u00eatre \u00e9tal\u00e9e rapidement sur toute la surface des deux parties \u00e0 assembler<\/strong>. Apr\u00e8s avoir pouss\u00e9 les deux parties l\u2019une contre l\u2019autre, il est possible qu\u2019un peu de colle d\u00e9borde\u00a0: elle peut \u00eatre facilement \u00e9limin\u00e9e avec du papier absorbant.<\/p>\n<p>Il est important qu\u2019apr\u00e8s le collage, les tubes et les raccords restent en place pendant le temps indiqu\u00e9 sur l\u2019emballage de la colle.<\/p>\n<p>Regardez le court tutoriel d\u2019un collage correct entre le tuyau <a href=\"https:\/\/www.fitt.com\/fr\/product\/fitt_bactive_flex\/\">FITT B-Active Flex<\/a> et le tube <a href=\"https:\/\/www.fitt.com\/fr\/product\/fitt_bactive_rigid\/\">FITT B-Active Rigid<\/a>.<\/p>\n<p>&nbsp;<\/p>\n<p><iframe loading=\"lazy\" id=\"dtpfk\" src=\"https:\/\/fitt-cdn.thron.com\/shared\/plugins\/embed\/current\/fitt\/30db501d-b344-4c3b-b222-5a805c7edaa0\/7g72fh\" width=\"100%\" height=\"450px\" frameborder=\"0\" scrolling=\"no\" allowfullscreen=\"allowfullscreen\"><\/iframe><\/p>\n","protected":false},"excerpt":{"rendered":"<p>Guide pour le collage parfait des tubes pour piscine : instructions et vid\u00e9o Dans la construction des syst\u00e8mes pour piscines enterr\u00e9es, les tuyauteries ont un r\u00f4le fondamental\u00a0: en effet, elles assurent un d\u00e9bit constant d\u2019eau assainie, supportent des conditions d\u2019usures importantes et prolong\u00e9es dans le temps et r\u00e9sistent aux chocs dus \u00e0 une manipulation imprudente. [&hellip;]<\/p>\n","protected":false},"author":10,"featured_media":0,"parent":0,"menu_order":0,"comment_status":"closed","ping_status":"closed","template":"","meta":{"_acf_changed":false,"footnotes":""},"class_list":["post-22278","page","type-page","status-publish","hentry"],"acf":[],"yoast_head":"<!-- This site is optimized with the Yoast SEO Premium plugin v24.1 (Yoast SEO v27.3) - https:\/\/yoast.com\/product\/yoast-seo-premium-wordpress\/ -->\n<title>Guide pour le collage parfait des tubes pour piscine : instructions et vid\u00e9o - FITT<\/title>\n<meta name=\"robots\" content=\"index, follow, max-snippet:-1, max-image-preview:large, max-video-preview:-1\" \/>\n<link rel=\"canonical\" href=\"https:\/\/www.fitt.com\/fr\/guide-pour-le-collage-parfait-des-tubes-pour-piscine-instructions-et-video\/\" \/>\n<meta property=\"og:locale\" content=\"fr_FR\" \/>\n<meta property=\"og:type\" content=\"article\" \/>\n<meta property=\"og:title\" content=\"Guide pour le collage parfait des tubes pour piscine : instructions et vid\u00e9o\" \/>\n<meta property=\"og:description\" content=\"Guide pour le collage parfait des tubes pour piscine : instructions et vid\u00e9o Dans la construction des syst\u00e8mes pour piscines enterr\u00e9es, les tuyauteries ont un r\u00f4le fondamental\u00a0: en effet, elles assurent un d\u00e9bit constant d\u2019eau assainie, supportent des conditions d\u2019usures importantes et prolong\u00e9es dans le temps et r\u00e9sistent aux chocs dus \u00e0 une manipulation imprudente. [&hellip;]\" \/>\n<meta property=\"og:url\" content=\"https:\/\/www.fitt.com\/fr\/guide-pour-le-collage-parfait-des-tubes-pour-piscine-instructions-et-video\/\" \/>\n<meta property=\"og:site_name\" content=\"FITT\" \/>\n<meta property=\"article:modified_time\" content=\"2025-09-01T08:55:46+00:00\" \/>\n<meta property=\"og:image\" content=\"https:\/\/www.fitt.com\/wp-content\/uploads\/2025\/09\/header-incollaggio-tubi-piscina.jpg\" \/>\n\t<meta property=\"og:image:width\" content=\"1600\" \/>\n\t<meta property=\"og:image:height\" content=\"650\" \/>\n\t<meta property=\"og:image:type\" content=\"image\/jpeg\" \/>\n<meta name=\"twitter:card\" content=\"summary_large_image\" \/>\n<meta name=\"twitter:label1\" content=\"Dur\u00e9e de lecture estim\u00e9e\" \/>\n\t<meta name=\"twitter:data1\" content=\"2 minutes\" \/>\n<script type=\"application\/ld+json\" class=\"yoast-schema-graph\">{\"@context\":\"https:\\\/\\\/schema.org\",\"@graph\":[{\"@type\":\"WebPage\",\"@id\":\"https:\\\/\\\/www.fitt.com\\\/fr\\\/guide-pour-le-collage-parfait-des-tubes-pour-piscine-instructions-et-video\\\/\",\"url\":\"https:\\\/\\\/www.fitt.com\\\/fr\\\/guide-pour-le-collage-parfait-des-tubes-pour-piscine-instructions-et-video\\\/\",\"name\":\"Guide pour le collage parfait des tubes pour piscine : instructions et vid\u00e9o - FITT\",\"isPartOf\":{\"@id\":\"https:\\\/\\\/www.fitt.com\\\/fr\\\/#website\"},\"primaryImageOfPage\":{\"@id\":\"https:\\\/\\\/www.fitt.com\\\/fr\\\/guide-pour-le-collage-parfait-des-tubes-pour-piscine-instructions-et-video\\\/#primaryimage\"},\"image\":{\"@id\":\"https:\\\/\\\/www.fitt.com\\\/fr\\\/guide-pour-le-collage-parfait-des-tubes-pour-piscine-instructions-et-video\\\/#primaryimage\"},\"thumbnailUrl\":\"https:\\\/\\\/www.fitt.com\\\/wp-content\\\/uploads\\\/2025\\\/09\\\/header-incollaggio-tubi-piscina.jpg\",\"datePublished\":\"2025-09-01T08:03:58+00:00\",\"dateModified\":\"2025-09-01T08:55:46+00:00\",\"breadcrumb\":{\"@id\":\"https:\\\/\\\/www.fitt.com\\\/fr\\\/guide-pour-le-collage-parfait-des-tubes-pour-piscine-instructions-et-video\\\/#breadcrumb\"},\"inLanguage\":\"fr-FR\",\"potentialAction\":[{\"@type\":\"ReadAction\",\"target\":[\"https:\\\/\\\/www.fitt.com\\\/fr\\\/guide-pour-le-collage-parfait-des-tubes-pour-piscine-instructions-et-video\\\/\"]}]},{\"@type\":\"ImageObject\",\"inLanguage\":\"fr-FR\",\"@id\":\"https:\\\/\\\/www.fitt.com\\\/fr\\\/guide-pour-le-collage-parfait-des-tubes-pour-piscine-instructions-et-video\\\/#primaryimage\",\"url\":\"https:\\\/\\\/www.fitt.com\\\/wp-content\\\/uploads\\\/2025\\\/09\\\/header-incollaggio-tubi-piscina.jpg\",\"contentUrl\":\"https:\\\/\\\/www.fitt.com\\\/wp-content\\\/uploads\\\/2025\\\/09\\\/header-incollaggio-tubi-piscina.jpg\"},{\"@type\":\"BreadcrumbList\",\"@id\":\"https:\\\/\\\/www.fitt.com\\\/fr\\\/guide-pour-le-collage-parfait-des-tubes-pour-piscine-instructions-et-video\\\/#breadcrumb\",\"itemListElement\":[{\"@type\":\"ListItem\",\"position\":1,\"name\":\"Home\",\"item\":\"https:\\\/\\\/www.fitt.com\\\/fr\\\/\"},{\"@type\":\"ListItem\",\"position\":2,\"name\":\"Guide pour le collage parfait des tubes pour piscine : instructions et vid\u00e9o\"}]},{\"@type\":\"WebSite\",\"@id\":\"https:\\\/\\\/www.fitt.com\\\/fr\\\/#website\",\"url\":\"https:\\\/\\\/www.fitt.com\\\/fr\\\/\",\"name\":\"FITT\",\"description\":\"FITT Spa\",\"publisher\":{\"@id\":\"https:\\\/\\\/www.fitt.com\\\/fr\\\/#organization\"},\"potentialAction\":[{\"@type\":\"SearchAction\",\"target\":{\"@type\":\"EntryPoint\",\"urlTemplate\":\"https:\\\/\\\/www.fitt.com\\\/fr\\\/?s={search_term_string}\"},\"query-input\":{\"@type\":\"PropertyValueSpecification\",\"valueRequired\":true,\"valueName\":\"search_term_string\"}}],\"inLanguage\":\"fr-FR\"},{\"@type\":\"Organization\",\"@id\":\"https:\\\/\\\/www.fitt.com\\\/fr\\\/#organization\",\"name\":\"Fitt SPA\",\"url\":\"https:\\\/\\\/www.fitt.com\\\/fr\\\/\",\"logo\":{\"@type\":\"ImageObject\",\"inLanguage\":\"fr-FR\",\"@id\":\"https:\\\/\\\/www.fitt.com\\\/fr\\\/#\\\/schema\\\/logo\\\/image\\\/\",\"url\":\"https:\\\/\\\/www.fitt.com\\\/wp-content\\\/uploads\\\/2022\\\/05\\\/logo-light.png\",\"contentUrl\":\"https:\\\/\\\/www.fitt.com\\\/wp-content\\\/uploads\\\/2022\\\/05\\\/logo-light.png\",\"width\":827,\"height\":508,\"caption\":\"Fitt SPA\"},\"image\":{\"@id\":\"https:\\\/\\\/www.fitt.com\\\/fr\\\/#\\\/schema\\\/logo\\\/image\\\/\"}}]}<\/script>\n<!-- \/ Yoast SEO Premium plugin. -->","yoast_head_json":{"title":"Guide pour le collage parfait des tubes pour piscine : instructions et vid\u00e9o - FITT","robots":{"index":"index","follow":"follow","max-snippet":"max-snippet:-1","max-image-preview":"max-image-preview:large","max-video-preview":"max-video-preview:-1"},"canonical":"https:\/\/www.fitt.com\/fr\/guide-pour-le-collage-parfait-des-tubes-pour-piscine-instructions-et-video\/","og_locale":"fr_FR","og_type":"article","og_title":"Guide pour le collage parfait des tubes pour piscine : instructions et vid\u00e9o","og_description":"Guide pour le collage parfait des tubes pour piscine : instructions et vid\u00e9o Dans la construction des syst\u00e8mes pour piscines enterr\u00e9es, les tuyauteries ont un r\u00f4le fondamental\u00a0: en effet, elles assurent un d\u00e9bit constant d\u2019eau assainie, supportent des conditions d\u2019usures importantes et prolong\u00e9es dans le temps et r\u00e9sistent aux chocs dus \u00e0 une manipulation imprudente. [&hellip;]","og_url":"https:\/\/www.fitt.com\/fr\/guide-pour-le-collage-parfait-des-tubes-pour-piscine-instructions-et-video\/","og_site_name":"FITT","article_modified_time":"2025-09-01T08:55:46+00:00","og_image":[{"width":1600,"height":650,"url":"https:\/\/www.fitt.com\/wp-content\/uploads\/2025\/09\/header-incollaggio-tubi-piscina.jpg","type":"image\/jpeg"}],"twitter_card":"summary_large_image","twitter_misc":{"Dur\u00e9e de lecture estim\u00e9e":"2 minutes"},"schema":{"@context":"https:\/\/schema.org","@graph":[{"@type":"WebPage","@id":"https:\/\/www.fitt.com\/fr\/guide-pour-le-collage-parfait-des-tubes-pour-piscine-instructions-et-video\/","url":"https:\/\/www.fitt.com\/fr\/guide-pour-le-collage-parfait-des-tubes-pour-piscine-instructions-et-video\/","name":"Guide pour le collage parfait des tubes pour piscine : instructions et vid\u00e9o - FITT","isPartOf":{"@id":"https:\/\/www.fitt.com\/fr\/#website"},"primaryImageOfPage":{"@id":"https:\/\/www.fitt.com\/fr\/guide-pour-le-collage-parfait-des-tubes-pour-piscine-instructions-et-video\/#primaryimage"},"image":{"@id":"https:\/\/www.fitt.com\/fr\/guide-pour-le-collage-parfait-des-tubes-pour-piscine-instructions-et-video\/#primaryimage"},"thumbnailUrl":"https:\/\/www.fitt.com\/wp-content\/uploads\/2025\/09\/header-incollaggio-tubi-piscina.jpg","datePublished":"2025-09-01T08:03:58+00:00","dateModified":"2025-09-01T08:55:46+00:00","breadcrumb":{"@id":"https:\/\/www.fitt.com\/fr\/guide-pour-le-collage-parfait-des-tubes-pour-piscine-instructions-et-video\/#breadcrumb"},"inLanguage":"fr-FR","potentialAction":[{"@type":"ReadAction","target":["https:\/\/www.fitt.com\/fr\/guide-pour-le-collage-parfait-des-tubes-pour-piscine-instructions-et-video\/"]}]},{"@type":"ImageObject","inLanguage":"fr-FR","@id":"https:\/\/www.fitt.com\/fr\/guide-pour-le-collage-parfait-des-tubes-pour-piscine-instructions-et-video\/#primaryimage","url":"https:\/\/www.fitt.com\/wp-content\/uploads\/2025\/09\/header-incollaggio-tubi-piscina.jpg","contentUrl":"https:\/\/www.fitt.com\/wp-content\/uploads\/2025\/09\/header-incollaggio-tubi-piscina.jpg"},{"@type":"BreadcrumbList","@id":"https:\/\/www.fitt.com\/fr\/guide-pour-le-collage-parfait-des-tubes-pour-piscine-instructions-et-video\/#breadcrumb","itemListElement":[{"@type":"ListItem","position":1,"name":"Home","item":"https:\/\/www.fitt.com\/fr\/"},{"@type":"ListItem","position":2,"name":"Guide pour le collage parfait des tubes pour piscine : instructions et vid\u00e9o"}]},{"@type":"WebSite","@id":"https:\/\/www.fitt.com\/fr\/#website","url":"https:\/\/www.fitt.com\/fr\/","name":"FITT","description":"FITT Spa","publisher":{"@id":"https:\/\/www.fitt.com\/fr\/#organization"},"potentialAction":[{"@type":"SearchAction","target":{"@type":"EntryPoint","urlTemplate":"https:\/\/www.fitt.com\/fr\/?s={search_term_string}"},"query-input":{"@type":"PropertyValueSpecification","valueRequired":true,"valueName":"search_term_string"}}],"inLanguage":"fr-FR"},{"@type":"Organization","@id":"https:\/\/www.fitt.com\/fr\/#organization","name":"Fitt SPA","url":"https:\/\/www.fitt.com\/fr\/","logo":{"@type":"ImageObject","inLanguage":"fr-FR","@id":"https:\/\/www.fitt.com\/fr\/#\/schema\/logo\/image\/","url":"https:\/\/www.fitt.com\/wp-content\/uploads\/2022\/05\/logo-light.png","contentUrl":"https:\/\/www.fitt.com\/wp-content\/uploads\/2022\/05\/logo-light.png","width":827,"height":508,"caption":"Fitt SPA"},"image":{"@id":"https:\/\/www.fitt.com\/fr\/#\/schema\/logo\/image\/"}}]}},"_links":{"self":[{"href":"https:\/\/www.fitt.com\/fr\/wp-json\/wp\/v2\/pages\/22278","targetHints":{"allow":["GET"]}}],"collection":[{"href":"https:\/\/www.fitt.com\/fr\/wp-json\/wp\/v2\/pages"}],"about":[{"href":"https:\/\/www.fitt.com\/fr\/wp-json\/wp\/v2\/types\/page"}],"author":[{"embeddable":true,"href":"https:\/\/www.fitt.com\/fr\/wp-json\/wp\/v2\/users\/10"}],"replies":[{"embeddable":true,"href":"https:\/\/www.fitt.com\/fr\/wp-json\/wp\/v2\/comments?post=22278"}],"version-history":[{"count":3,"href":"https:\/\/www.fitt.com\/fr\/wp-json\/wp\/v2\/pages\/22278\/revisions"}],"predecessor-version":[{"id":22319,"href":"https:\/\/www.fitt.com\/fr\/wp-json\/wp\/v2\/pages\/22278\/revisions\/22319"}],"wp:attachment":[{"href":"https:\/\/www.fitt.com\/fr\/wp-json\/wp\/v2\/media?parent=22278"}],"curies":[{"name":"wp","href":"https:\/\/api.w.org\/{rel}","templated":true}]}}