{"id":22204,"date":"2025-08-28T15:38:54","date_gmt":"2025-08-28T13:38:54","guid":{"rendered":"https:\/\/www.fitt.com\/systems-for-in-ground-pools-why-hoses-are-so-important\/"},"modified":"2025-08-28T16:40:57","modified_gmt":"2025-08-28T14:40:57","slug":"installations-pour-piscines-enterrees-pourquoi-les-canalisations-sont-elles-si-importantes","status":"publish","type":"page","link":"https:\/\/www.fitt.com\/fr\/installations-pour-piscines-enterrees-pourquoi-les-canalisations-sont-elles-si-importantes\/","title":{"rendered":"Installations pour piscines enterr\u00e9es : pourquoi les canalisations sont-elles si importantes"},"content":{"rendered":"<h1 class=\"entry_title\">Installations pour piscines enterr\u00e9es : pourquoi les canalisations sont-elles si importantes<\/h1>\n<p><img decoding=\"async\" class=\"alignnone wp-image-22217 size-full\" src=\"https:\/\/www.fitt.com\/wp-content\/uploads\/2025\/08\/header-impianti-piscine-interrate.jpeg\" alt=\"header-impianti-piscine-interrate\" width=\"100%\" srcset=\"https:\/\/www.fitt.com\/wp-content\/uploads\/2025\/08\/header-impianti-piscine-interrate.jpeg 1100w, https:\/\/www.fitt.com\/wp-content\/uploads\/2025\/08\/header-impianti-piscine-interrate-300x169.jpeg 300w, https:\/\/www.fitt.com\/wp-content\/uploads\/2025\/08\/header-impianti-piscine-interrate-768x432.jpeg 768w, https:\/\/www.fitt.com\/wp-content\/uploads\/2025\/08\/header-impianti-piscine-interrate-400x225.jpeg 400w, https:\/\/www.fitt.com\/wp-content\/uploads\/2025\/08\/header-impianti-piscine-interrate-1066x600.jpeg 1066w, https:\/\/www.fitt.com\/wp-content\/uploads\/2025\/08\/header-impianti-piscine-interrate-600x338.jpeg 600w\" sizes=\"(max-width: 1100px) 100vw, 1100px\" \/><\/p>\n<p>Dans la r\u00e9alisation des\u00a0<strong>installations pour piscines enterr\u00e9es<\/strong>, les canalisations jouent un r\u00f4le fondamental. En plus de garantir un afflux constant d\u2019eau propre, elles doivent pouvoir supporter une\u00a0<strong>double agression<\/strong>\u00a0\u2013 prolong\u00e9e dans le temps \u2013 de type m\u00e9canique et chimique.<\/p>\n<p>Cette double attaque quotidienne, multipli\u00e9e par des d\u00e9cennies, met \u00e0 dure \u00e9preuve toutes les parties qui composent les piscines enterr\u00e9es et en particulier les canalisations d\u2019eau. En pr\u00e9sence de tuyauteries de mauvaise qualit\u00e9, les\u00a0<strong>fuites d\u2019eau<\/strong> sont in\u00e9vitables. Si, en revanche, nous nous adressons \u00e0 des revendeurs et \u00e0 des installateurs sp\u00e9cialis\u00e9s qui utilisent des produits de qualit\u00e9, nous n\u2019aurons pas \u00e0 nous pr\u00e9occuper d\u2019op\u00e9rations d\u2019entretien potentiellement co\u00fbteuses.<\/p>\n<p>Existe-t-il sur le march\u00e9 des tuyaux qui r\u00e9sistent aux contraintes chimiques et m\u00e9caniques\u00a0? Quels sont les principaux dommages que peut subir un tuyau de piscine? Si vous ne voulez pas avoir de mauvaises surprises une fois votre piscine termin\u00e9e, poursuivez votre lecture!<\/p>\n<p>&nbsp;<\/p>\n<h2>Les principaux probl\u00e8mes des installations pour piscines enterr\u00e9es : si vous les connaissez, vous pouvez les \u00e9viter<\/h2>\n<p>Les installations pour piscines enterr\u00e9es, si elles ne sont pas g\u00e9r\u00e9es correctement, peuvent r\u00e9server d\u00e9sagr\u00e9ables surprises. Pour nous orienter dans notre choix parmi la gamme \u00e9tendue de canalisations disponibles sur le march\u00e9, nous devons d\u2019abord savoir quels sont les\u00a0<strong>principaux dommages<\/strong>\u00a0que peut subir un\u00a0<strong>tuyau de piscine<\/strong>. G\u00e9n\u00e9ralement, les probl\u00e8mes les plus importants concernent:<\/p>\n<ul>\n<li>les pressions m\u00e9caniques<\/li>\n<li>les agressions chimiques<\/li>\n<li>les lac\u00e9rations dues aux d\u00e9placements caus\u00e9s par l\u2019affaissement de l\u2019installation elle-m\u00eame<\/li>\n<\/ul>\n<p>Les macro-cat\u00e9gories r\u00e9pertori\u00e9es ci-dessus r\u00e9sument les causes possibles qui entra\u00eenent la d\u00e9t\u00e9rioration des tuyaux commun\u00e9ment utilis\u00e9s dans les installations pour piscines enterr\u00e9es. C\u2019est pourquoi\u00a0<strong>FITT<\/strong>, soci\u00e9t\u00e9 sp\u00e9cialis\u00e9e dans la fabrication de tuyaux en PVC et autres mat\u00e9riaux thermoplastiques, est parvenue \u00e0 am\u00e9liorer encore les excellents r\u00e9sultats jusqu\u2019alors obtenus en d\u00e9veloppant un innovant tuyau souple appel\u00e9\u00a0<a href=\"https:\/\/www.fitt.com\/fr\/product\/fitt_bactive_flex\/\"><strong>FITT B-ACTIVE<\/strong><\/a>\u00a0qui garantit:<\/p>\n<ul>\n<li>une solution aux dommages commun\u00e9ment subis par les tuyaux spiral\u00e9s pour piscine<\/li>\n<li>une longue dur\u00e9e de vie \u00e0 l\u2019ensemble de l\u2019installation des piscines enterr\u00e9es<\/li>\n<li>d\u2019importantes \u00e9conomies en frais d\u2019entretien<\/li>\n<li>une gestion sereine de la piscine enterr\u00e9e<\/li>\n<\/ul>\n<p>Ces r\u00e9sultats ont \u00e9t\u00e9 atteints gr\u00e2ce \u00e0 des tests rigoureux r\u00e9alis\u00e9s en laboratoire, notamment en collaboration avec l\u2019<a href=\"http:\/\/www.gest.unipd.it\/en\" target=\"_blank\" rel=\"noopener noreferrer\">Universit\u00e9 de Padoue \u2013 Si\u00e8ge de Vicenza \u2013 D\u00e9partement de Technique et Gestion des syst\u00e8mes industriels (DTG)<\/a>.<\/p>\n<p>&nbsp;<\/p>\n<h2>Les avantages du tuyau souple FITT B-Active : les r\u00e9sultats des tests<\/h2>\n<p>Toutes les conditions de contrainte auxquelles doivent habituellement faire face les tuyaux des installations pour piscines enterr\u00e9es ont \u00e9t\u00e9 reproduites en laboratoire.<\/p>\n<p>Les r\u00e9sultats exceptionnels obtenus sont d\u00e9sormais prot\u00e9g\u00e9s par la\u00a0<strong>technologie D-Shape<\/strong>\u00a0exclusive (brevet en instance), une structure innovante qui augmente les performances de r\u00e9sistance du tuyau \u00e0 l\u2019\u00e9crasement d\u00fb au poids situ\u00e9 au-dessus et assure une longue vie \u00e0 l\u2019ensemble de l\u2019installation.<\/p>\n<p>Voyons les tests dans le d\u00e9tail:<\/p>\n<p><img loading=\"lazy\" decoding=\"async\" class=\"wp-image-22223 size-full alignnone\" src=\"https:\/\/www.fitt.com\/wp-content\/uploads\/2025\/08\/article-test-rigidita.jpeg\" alt=\"article-test-rigidita\" width=\"661\" height=\"585\" srcset=\"https:\/\/www.fitt.com\/wp-content\/uploads\/2025\/08\/article-test-rigidita.jpeg 661w, https:\/\/www.fitt.com\/wp-content\/uploads\/2025\/08\/article-test-rigidita-300x266.jpeg 300w, https:\/\/www.fitt.com\/wp-content\/uploads\/2025\/08\/article-test-rigidita-400x354.jpeg 400w, https:\/\/www.fitt.com\/wp-content\/uploads\/2025\/08\/article-test-rigidita-600x531.jpeg 600w\" sizes=\"auto, (max-width: 661px) 100vw, 661px\" \/><\/p>\n<p><strong>Test de rigidit\u00e9 annulaire<\/strong><\/p>\n<p>Le test de rigidit\u00e9 annulaire simule la r\u00e9sistance des tuyaux au poids du terrain. Comme on peut le voir sur le graphique, lorsque la force exerc\u00e9e augmente, le nouveau tuyau <a href=\"https:\/\/www.fitt.com\/fr\/product\/fitt_bactive_flex\/\">FITT B-ACTIVE<\/a> (de couleur verte) oppose une r\u00e9sistance \u00e9lev\u00e9e \u00e0 la d\u00e9formation, avec une <strong>augmentation de 60%<\/strong>\u00a0par rapport aux solutions actuellement disponibles sur le march\u00e9.\u00a0<strong>Test r\u00e9alis\u00e9 en conformit\u00e9 avec la norme UNI EN ISO 9969<\/strong>.<\/p>\n<p>&nbsp;<\/p>\n<p><img loading=\"lazy\" decoding=\"async\" class=\"alignnone wp-image-22232 size-full\" src=\"https:\/\/www.fitt.com\/wp-content\/uploads\/2025\/08\/article-test-raggio-di-curvatura.jpeg\" alt=\"article-test-raggio-di-curvatura\" width=\"629\" height=\"466\" srcset=\"https:\/\/www.fitt.com\/wp-content\/uploads\/2025\/08\/article-test-raggio-di-curvatura.jpeg 629w, https:\/\/www.fitt.com\/wp-content\/uploads\/2025\/08\/article-test-raggio-di-curvatura-300x222.jpeg 300w, https:\/\/www.fitt.com\/wp-content\/uploads\/2025\/08\/article-test-raggio-di-curvatura-400x296.jpeg 400w, https:\/\/www.fitt.com\/wp-content\/uploads\/2025\/08\/article-test-raggio-di-curvatura-600x445.jpeg 600w\" sizes=\"auto, (max-width: 629px) 100vw, 629px\" \/><\/p>\n<p><strong>Test de rayon de courbure<\/strong><\/p>\n<p>Le test de rayon de courbure d\u00e9montre jusqu\u2019\u00e0 quel point le tuyau de piscine peut \u00eatre pli\u00e9 avant de casser. Cette donn\u00e9e est pr\u00e9cieuse\u00a0: elle d\u00e9montre que l\u2019installation peut \u00eatre rapide et simple lorsque les canalisations d\u2019eau pr\u00e9sentent un rayon de courbure tr\u00e8s faible.<\/p>\n<p>Le graphique permet de comprendre que, lorsque la d\u00e9formation annulaire augmente, le tuyau souple en PVC <a href=\"https:\/\/www.fitt.com\/fr\/product\/fitt_bactive_flex\/\">FITT B-ACTIVE<\/a> (de couleur verte) r\u00e9siste beaucoup mieux que les autres solutions pr\u00e9sentes sur le march\u00e9.\u00a0<strong>Test r\u00e9alis\u00e9 en conformit\u00e9 avec la norme EN ISO 10619-1<\/strong>.<\/p>\n<p>&nbsp;<\/p>\n<p><img loading=\"lazy\" decoding=\"async\" class=\"alignnone wp-image-22237 size-full\" src=\"https:\/\/www.fitt.com\/wp-content\/uploads\/2025\/08\/article-test-forza-adesiva.jpeg\" alt=\"\" width=\"585\" height=\"420\" srcset=\"https:\/\/www.fitt.com\/wp-content\/uploads\/2025\/08\/article-test-forza-adesiva.jpeg 585w, https:\/\/www.fitt.com\/wp-content\/uploads\/2025\/08\/article-test-forza-adesiva-300x215.jpeg 300w, https:\/\/www.fitt.com\/wp-content\/uploads\/2025\/08\/article-test-forza-adesiva-400x287.jpeg 400w\" sizes=\"auto, (max-width: 585px) 100vw, 585px\" \/><\/p>\n<p><strong>Test de force adh\u00e9sive<\/strong><\/p>\n<p>Le graphique met en \u00e9vidence la\u00a0<strong>force adh\u00e9sive<\/strong>\u00a0entre les diff\u00e9rents \u00e9l\u00e9ments qui constituent le tuyau. Plus la valeur qui repr\u00e9sente la force adh\u00e9sive est \u00e9lev\u00e9e, plus la r\u00e9sistance du tuyau est \u00e9lev\u00e9e face aux micro-mouvements d\u2019affaissement et aux \u00e9carts de pression g\u00e9n\u00e9r\u00e9s lors de la vie op\u00e9rationnelle de l\u2019installation.<\/p>\n<p>Gr\u00e2ce \u00e0 l\u2019utilisation de PVC de grande qualit\u00e9, le\u00a0<strong>nouveau tuyau pour piscine FITT<\/strong>\u00a0(de couleur verte) offre un\u00a0indice de coh\u00e9sion\u00a0<strong>de 50% sup\u00e9rieur<\/strong>\u00a0\u00e0 celui actuellement pr\u00e9sent dans le commerce, avec une augmentation consid\u00e9rable de la pression d\u2019exercice et d\u2019\u00e9clatement.<\/p>\n<p>&nbsp;<\/p>\n<p><img loading=\"lazy\" decoding=\"async\" class=\"alignnone wp-image-22242 size-full\" src=\"https:\/\/www.fitt.com\/wp-content\/uploads\/2025\/08\/article-test-chimico.jpeg\" alt=\"\" width=\"594\" height=\"430\" srcset=\"https:\/\/www.fitt.com\/wp-content\/uploads\/2025\/08\/article-test-chimico.jpeg 594w, https:\/\/www.fitt.com\/wp-content\/uploads\/2025\/08\/article-test-chimico-300x217.jpeg 300w, https:\/\/www.fitt.com\/wp-content\/uploads\/2025\/08\/article-test-chimico-400x290.jpeg 400w\" sizes=\"auto, (max-width: 594px) 100vw, 594px\" \/><\/p>\n<p><strong>Test de r\u00e9sistance chimique<\/strong><\/p>\n<p>Les images d\u00e9montrent la mani\u00e8re dont\u00a0le\u00a0<strong>chlore et l\u2019environnement acide<\/strong>\u00a0agressent la surface des tuyaux en PVC traditionnels. La surface du nouveau tuyau en PVC souple <a href=\"https:\/\/www.fitt.com\/fr\/product\/fitt_bactive_flex\/\">FITT B-ACTIVE<\/a> reste quant \u00e0 elle lisse et homog\u00e8ne.<\/p>\n<p>Cela est rendu possible gr\u00e2ce \u00e0 une nouvelle pellicule de protection, une membrane verte int\u00e9rieure am\u00e9lior\u00e9e et renforc\u00e9e, en mesure de prot\u00e9ger les canalisations du chlore et de l\u2019environnement acide g\u00e9n\u00e9r\u00e9. Une double protection s\u00fbre et brevet\u00e9e contre l\u2019attaque chimique.<\/p>\n<p>&nbsp;<\/p>\n<h2>Des installations pour piscines enterr\u00e9es sans probl\u00e8mes avec <a href=\"https:\/\/www.fitt.com\/fr\/product\/fitt_bactive_flex\/\">FITT B-Active<\/a><\/h2>\n<p>Les contraintes m\u00e9caniques et chimiques, qui se r\u00e9p\u00e8tent tous les jours pendant des ann\u00e9es, endommagent irr\u00e9m\u00e9diablement les canalisations des installations pour piscines enterr\u00e9es. FITT, soci\u00e9t\u00e9 sp\u00e9cialis\u00e9e dans la fabrication de tuyaux en PVC et autres mat\u00e9riaux thermoplastiques, a d\u00e9velopp\u00e9 un nouveau tuyau souple pour piscine tr\u00e8s performant qui r\u00e9siste mieux aux dommages provoqu\u00e9s par les pressions m\u00e9caniques et les agents chimiques.<\/p>\n<p>De nombreux tests r\u00e9alis\u00e9s en laboratoire \u2013 en collaboration avec l\u2019Universit\u00e9 de Padoue \u2013 ont d\u00e9montr\u00e9 que les installations pour piscines enterr\u00e9es durent plus longtemps avec <a href=\"https:\/\/www.fitt.com\/fr\/product\/fitt_bactive_flex\/\">FITT B-ACTIVE<\/a>.<\/p>\n<p>Ce niveau de r\u00e9sistance \u00e9lev\u00e9 est garanti par:<\/p>\n<ul>\n<li>la\u00a0technologie D-Shape\u00a0exclusive (brevet en instance) et la technologie\u00a0Barrierflex\u00a0(brevet\u00e9e) qui prot\u00e8ge le tuyau contre les contraintes m\u00e9caniques<\/li>\n<li>la\u00a0membrane protectrice, un fin film int\u00e9rieur brevet\u00e9, qui r\u00e9siste aux agressions chimiques du chlore et de l\u2019environnement acide<\/li>\n<li>l\u2019utilisation de\u00a0PVC-P\u00a0de grande qualit\u00e9 qui offre d\u2019excellentes performances de courbure et de collage<\/li>\n<\/ul>\n<p>Gr\u00e2ce \u00e0 ces caract\u00e9ristiques, <a href=\"https:\/\/www.fitt.com\/fr\/product\/fitt_bactive_flex\/\">FITT B-ACTIVE<\/a> conserve ses performances au fil du temps permettant d\u2019importantes \u00e9conomies en frais d\u2019entretien une gestion s\u00fbre des installations hydriques pour piscines enterr\u00e9es.<\/p>\n","protected":false},"excerpt":{"rendered":"<p>Installations pour piscines enterr\u00e9es : pourquoi les canalisations sont-elles si importantes Dans la r\u00e9alisation des\u00a0installations pour piscines enterr\u00e9es, les canalisations jouent un r\u00f4le fondamental. En plus de garantir un afflux constant d\u2019eau propre, elles doivent pouvoir supporter une\u00a0double agression\u00a0\u2013 prolong\u00e9e dans le temps \u2013 de type m\u00e9canique et chimique. Cette double attaque quotidienne, multipli\u00e9e par [&hellip;]<\/p>\n","protected":false},"author":10,"featured_media":0,"parent":0,"menu_order":0,"comment_status":"closed","ping_status":"closed","template":"","meta":{"_acf_changed":false,"footnotes":""},"class_list":["post-22204","page","type-page","status-publish","hentry"],"acf":[],"yoast_head":"<!-- This site is optimized with the Yoast SEO Premium plugin v24.1 (Yoast SEO v27.3) - https:\/\/yoast.com\/product\/yoast-seo-premium-wordpress\/ -->\n<title>Installations pour piscines enterr\u00e9es : pourquoi les canalisations sont-elles si importantes - FITT<\/title>\n<meta name=\"robots\" content=\"index, follow, max-snippet:-1, max-image-preview:large, max-video-preview:-1\" \/>\n<link rel=\"canonical\" href=\"https:\/\/www.fitt.com\/fr\/installations-pour-piscines-enterrees-pourquoi-les-canalisations-sont-elles-si-importantes\/\" \/>\n<meta property=\"og:locale\" content=\"fr_FR\" \/>\n<meta property=\"og:type\" content=\"article\" \/>\n<meta property=\"og:title\" content=\"Installations pour piscines enterr\u00e9es : pourquoi les canalisations sont-elles si importantes\" \/>\n<meta property=\"og:description\" content=\"Installations pour piscines enterr\u00e9es : pourquoi les canalisations sont-elles si importantes Dans la r\u00e9alisation des\u00a0installations pour piscines enterr\u00e9es, les canalisations jouent un r\u00f4le fondamental. En plus de garantir un afflux constant d\u2019eau propre, elles doivent pouvoir supporter une\u00a0double agression\u00a0\u2013 prolong\u00e9e dans le temps \u2013 de type m\u00e9canique et chimique. Cette double attaque quotidienne, multipli\u00e9e par [&hellip;]\" \/>\n<meta property=\"og:url\" content=\"https:\/\/www.fitt.com\/fr\/installations-pour-piscines-enterrees-pourquoi-les-canalisations-sont-elles-si-importantes\/\" \/>\n<meta property=\"og:site_name\" content=\"FITT\" \/>\n<meta property=\"article:modified_time\" content=\"2025-08-28T14:40:57+00:00\" \/>\n<meta property=\"og:image\" content=\"https:\/\/www.fitt.com\/wp-content\/uploads\/2025\/08\/header-impianti-piscine-interrate.jpeg\" \/>\n\t<meta property=\"og:image:width\" content=\"1100\" \/>\n\t<meta property=\"og:image:height\" content=\"619\" \/>\n\t<meta property=\"og:image:type\" content=\"image\/jpeg\" \/>\n<meta name=\"twitter:card\" content=\"summary_large_image\" \/>\n<meta name=\"twitter:label1\" content=\"Dur\u00e9e de lecture estim\u00e9e\" \/>\n\t<meta name=\"twitter:data1\" content=\"6 minutes\" \/>\n<script type=\"application\/ld+json\" class=\"yoast-schema-graph\">{\"@context\":\"https:\\\/\\\/schema.org\",\"@graph\":[{\"@type\":\"WebPage\",\"@id\":\"https:\\\/\\\/www.fitt.com\\\/fr\\\/installations-pour-piscines-enterrees-pourquoi-les-canalisations-sont-elles-si-importantes\\\/\",\"url\":\"https:\\\/\\\/www.fitt.com\\\/fr\\\/installations-pour-piscines-enterrees-pourquoi-les-canalisations-sont-elles-si-importantes\\\/\",\"name\":\"Installations pour piscines enterr\u00e9es : pourquoi les canalisations sont-elles si importantes - FITT\",\"isPartOf\":{\"@id\":\"https:\\\/\\\/www.fitt.com\\\/fr\\\/#website\"},\"primaryImageOfPage\":{\"@id\":\"https:\\\/\\\/www.fitt.com\\\/fr\\\/installations-pour-piscines-enterrees-pourquoi-les-canalisations-sont-elles-si-importantes\\\/#primaryimage\"},\"image\":{\"@id\":\"https:\\\/\\\/www.fitt.com\\\/fr\\\/installations-pour-piscines-enterrees-pourquoi-les-canalisations-sont-elles-si-importantes\\\/#primaryimage\"},\"thumbnailUrl\":\"https:\\\/\\\/www.fitt.com\\\/wp-content\\\/uploads\\\/2025\\\/08\\\/header-impianti-piscine-interrate.jpeg\",\"datePublished\":\"2025-08-28T13:38:54+00:00\",\"dateModified\":\"2025-08-28T14:40:57+00:00\",\"breadcrumb\":{\"@id\":\"https:\\\/\\\/www.fitt.com\\\/fr\\\/installations-pour-piscines-enterrees-pourquoi-les-canalisations-sont-elles-si-importantes\\\/#breadcrumb\"},\"inLanguage\":\"fr-FR\",\"potentialAction\":[{\"@type\":\"ReadAction\",\"target\":[\"https:\\\/\\\/www.fitt.com\\\/fr\\\/installations-pour-piscines-enterrees-pourquoi-les-canalisations-sont-elles-si-importantes\\\/\"]}]},{\"@type\":\"ImageObject\",\"inLanguage\":\"fr-FR\",\"@id\":\"https:\\\/\\\/www.fitt.com\\\/fr\\\/installations-pour-piscines-enterrees-pourquoi-les-canalisations-sont-elles-si-importantes\\\/#primaryimage\",\"url\":\"https:\\\/\\\/www.fitt.com\\\/wp-content\\\/uploads\\\/2025\\\/08\\\/header-impianti-piscine-interrate.jpeg\",\"contentUrl\":\"https:\\\/\\\/www.fitt.com\\\/wp-content\\\/uploads\\\/2025\\\/08\\\/header-impianti-piscine-interrate.jpeg\"},{\"@type\":\"BreadcrumbList\",\"@id\":\"https:\\\/\\\/www.fitt.com\\\/fr\\\/installations-pour-piscines-enterrees-pourquoi-les-canalisations-sont-elles-si-importantes\\\/#breadcrumb\",\"itemListElement\":[{\"@type\":\"ListItem\",\"position\":1,\"name\":\"Home\",\"item\":\"https:\\\/\\\/www.fitt.com\\\/fr\\\/\"},{\"@type\":\"ListItem\",\"position\":2,\"name\":\"Installations pour piscines enterr\u00e9es : pourquoi les canalisations sont-elles si importantes\"}]},{\"@type\":\"WebSite\",\"@id\":\"https:\\\/\\\/www.fitt.com\\\/fr\\\/#website\",\"url\":\"https:\\\/\\\/www.fitt.com\\\/fr\\\/\",\"name\":\"FITT\",\"description\":\"FITT Spa\",\"publisher\":{\"@id\":\"https:\\\/\\\/www.fitt.com\\\/fr\\\/#organization\"},\"potentialAction\":[{\"@type\":\"SearchAction\",\"target\":{\"@type\":\"EntryPoint\",\"urlTemplate\":\"https:\\\/\\\/www.fitt.com\\\/fr\\\/?s={search_term_string}\"},\"query-input\":{\"@type\":\"PropertyValueSpecification\",\"valueRequired\":true,\"valueName\":\"search_term_string\"}}],\"inLanguage\":\"fr-FR\"},{\"@type\":\"Organization\",\"@id\":\"https:\\\/\\\/www.fitt.com\\\/fr\\\/#organization\",\"name\":\"Fitt SPA\",\"url\":\"https:\\\/\\\/www.fitt.com\\\/fr\\\/\",\"logo\":{\"@type\":\"ImageObject\",\"inLanguage\":\"fr-FR\",\"@id\":\"https:\\\/\\\/www.fitt.com\\\/fr\\\/#\\\/schema\\\/logo\\\/image\\\/\",\"url\":\"https:\\\/\\\/www.fitt.com\\\/wp-content\\\/uploads\\\/2022\\\/05\\\/logo-light.png\",\"contentUrl\":\"https:\\\/\\\/www.fitt.com\\\/wp-content\\\/uploads\\\/2022\\\/05\\\/logo-light.png\",\"width\":827,\"height\":508,\"caption\":\"Fitt SPA\"},\"image\":{\"@id\":\"https:\\\/\\\/www.fitt.com\\\/fr\\\/#\\\/schema\\\/logo\\\/image\\\/\"}}]}<\/script>\n<!-- \/ Yoast SEO Premium plugin. -->","yoast_head_json":{"title":"Installations pour piscines enterr\u00e9es : pourquoi les canalisations sont-elles si importantes - FITT","robots":{"index":"index","follow":"follow","max-snippet":"max-snippet:-1","max-image-preview":"max-image-preview:large","max-video-preview":"max-video-preview:-1"},"canonical":"https:\/\/www.fitt.com\/fr\/installations-pour-piscines-enterrees-pourquoi-les-canalisations-sont-elles-si-importantes\/","og_locale":"fr_FR","og_type":"article","og_title":"Installations pour piscines enterr\u00e9es : pourquoi les canalisations sont-elles si importantes","og_description":"Installations pour piscines enterr\u00e9es : pourquoi les canalisations sont-elles si importantes Dans la r\u00e9alisation des\u00a0installations pour piscines enterr\u00e9es, les canalisations jouent un r\u00f4le fondamental. En plus de garantir un afflux constant d\u2019eau propre, elles doivent pouvoir supporter une\u00a0double agression\u00a0\u2013 prolong\u00e9e dans le temps \u2013 de type m\u00e9canique et chimique. Cette double attaque quotidienne, multipli\u00e9e par [&hellip;]","og_url":"https:\/\/www.fitt.com\/fr\/installations-pour-piscines-enterrees-pourquoi-les-canalisations-sont-elles-si-importantes\/","og_site_name":"FITT","article_modified_time":"2025-08-28T14:40:57+00:00","og_image":[{"width":1100,"height":619,"url":"https:\/\/www.fitt.com\/wp-content\/uploads\/2025\/08\/header-impianti-piscine-interrate.jpeg","type":"image\/jpeg"}],"twitter_card":"summary_large_image","twitter_misc":{"Dur\u00e9e de lecture estim\u00e9e":"6 minutes"},"schema":{"@context":"https:\/\/schema.org","@graph":[{"@type":"WebPage","@id":"https:\/\/www.fitt.com\/fr\/installations-pour-piscines-enterrees-pourquoi-les-canalisations-sont-elles-si-importantes\/","url":"https:\/\/www.fitt.com\/fr\/installations-pour-piscines-enterrees-pourquoi-les-canalisations-sont-elles-si-importantes\/","name":"Installations pour piscines enterr\u00e9es : pourquoi les canalisations sont-elles si importantes - FITT","isPartOf":{"@id":"https:\/\/www.fitt.com\/fr\/#website"},"primaryImageOfPage":{"@id":"https:\/\/www.fitt.com\/fr\/installations-pour-piscines-enterrees-pourquoi-les-canalisations-sont-elles-si-importantes\/#primaryimage"},"image":{"@id":"https:\/\/www.fitt.com\/fr\/installations-pour-piscines-enterrees-pourquoi-les-canalisations-sont-elles-si-importantes\/#primaryimage"},"thumbnailUrl":"https:\/\/www.fitt.com\/wp-content\/uploads\/2025\/08\/header-impianti-piscine-interrate.jpeg","datePublished":"2025-08-28T13:38:54+00:00","dateModified":"2025-08-28T14:40:57+00:00","breadcrumb":{"@id":"https:\/\/www.fitt.com\/fr\/installations-pour-piscines-enterrees-pourquoi-les-canalisations-sont-elles-si-importantes\/#breadcrumb"},"inLanguage":"fr-FR","potentialAction":[{"@type":"ReadAction","target":["https:\/\/www.fitt.com\/fr\/installations-pour-piscines-enterrees-pourquoi-les-canalisations-sont-elles-si-importantes\/"]}]},{"@type":"ImageObject","inLanguage":"fr-FR","@id":"https:\/\/www.fitt.com\/fr\/installations-pour-piscines-enterrees-pourquoi-les-canalisations-sont-elles-si-importantes\/#primaryimage","url":"https:\/\/www.fitt.com\/wp-content\/uploads\/2025\/08\/header-impianti-piscine-interrate.jpeg","contentUrl":"https:\/\/www.fitt.com\/wp-content\/uploads\/2025\/08\/header-impianti-piscine-interrate.jpeg"},{"@type":"BreadcrumbList","@id":"https:\/\/www.fitt.com\/fr\/installations-pour-piscines-enterrees-pourquoi-les-canalisations-sont-elles-si-importantes\/#breadcrumb","itemListElement":[{"@type":"ListItem","position":1,"name":"Home","item":"https:\/\/www.fitt.com\/fr\/"},{"@type":"ListItem","position":2,"name":"Installations pour piscines enterr\u00e9es : pourquoi les canalisations sont-elles si importantes"}]},{"@type":"WebSite","@id":"https:\/\/www.fitt.com\/fr\/#website","url":"https:\/\/www.fitt.com\/fr\/","name":"FITT","description":"FITT Spa","publisher":{"@id":"https:\/\/www.fitt.com\/fr\/#organization"},"potentialAction":[{"@type":"SearchAction","target":{"@type":"EntryPoint","urlTemplate":"https:\/\/www.fitt.com\/fr\/?s={search_term_string}"},"query-input":{"@type":"PropertyValueSpecification","valueRequired":true,"valueName":"search_term_string"}}],"inLanguage":"fr-FR"},{"@type":"Organization","@id":"https:\/\/www.fitt.com\/fr\/#organization","name":"Fitt SPA","url":"https:\/\/www.fitt.com\/fr\/","logo":{"@type":"ImageObject","inLanguage":"fr-FR","@id":"https:\/\/www.fitt.com\/fr\/#\/schema\/logo\/image\/","url":"https:\/\/www.fitt.com\/wp-content\/uploads\/2022\/05\/logo-light.png","contentUrl":"https:\/\/www.fitt.com\/wp-content\/uploads\/2022\/05\/logo-light.png","width":827,"height":508,"caption":"Fitt SPA"},"image":{"@id":"https:\/\/www.fitt.com\/fr\/#\/schema\/logo\/image\/"}}]}},"_links":{"self":[{"href":"https:\/\/www.fitt.com\/fr\/wp-json\/wp\/v2\/pages\/22204","targetHints":{"allow":["GET"]}}],"collection":[{"href":"https:\/\/www.fitt.com\/fr\/wp-json\/wp\/v2\/pages"}],"about":[{"href":"https:\/\/www.fitt.com\/fr\/wp-json\/wp\/v2\/types\/page"}],"author":[{"embeddable":true,"href":"https:\/\/www.fitt.com\/fr\/wp-json\/wp\/v2\/users\/10"}],"replies":[{"embeddable":true,"href":"https:\/\/www.fitt.com\/fr\/wp-json\/wp\/v2\/comments?post=22204"}],"version-history":[{"count":3,"href":"https:\/\/www.fitt.com\/fr\/wp-json\/wp\/v2\/pages\/22204\/revisions"}],"predecessor-version":[{"id":22271,"href":"https:\/\/www.fitt.com\/fr\/wp-json\/wp\/v2\/pages\/22204\/revisions\/22271"}],"wp:attachment":[{"href":"https:\/\/www.fitt.com\/fr\/wp-json\/wp\/v2\/media?parent=22204"}],"curies":[{"name":"wp","href":"https:\/\/api.w.org\/{rel}","templated":true}]}}