{"id":22144,"date":"2025-08-28T11:29:15","date_gmt":"2025-08-28T09:29:15","guid":{"rendered":"https:\/\/www.fitt.com\/do-you-know-how-to-choose-a-pool-hose-here-is-a-practical-buying-guide\/"},"modified":"2025-08-28T15:00:17","modified_gmt":"2025-08-28T13:00:17","slug":"tuyau-pour-piscine-savez-vous-comment-le-choisir-voici-un-guide-d-achat-bien-pratique","status":"publish","type":"page","link":"https:\/\/www.fitt.com\/fr\/tuyau-pour-piscine-savez-vous-comment-le-choisir-voici-un-guide-d-achat-bien-pratique\/","title":{"rendered":"Tuyau pour piscine, savez-vous comment le choisir ? Voici un guide d&rsquo;achat bien pratique"},"content":{"rendered":"<h1 class=\"entry_title\" style=\"text-align: left;\">Tuyau pour piscine, savez-vous comment le choisir ? Voici un guide d&rsquo;achat bien pratique<\/h1>\n<p><img decoding=\"async\" class=\"alignnone wp-image-22175 size-full\" src=\"https:\/\/www.fitt.com\/wp-content\/uploads\/2025\/08\/header-tubo-bactive-2.jpeg\" alt=\"\" width=\"100%\" srcset=\"https:\/\/www.fitt.com\/wp-content\/uploads\/2025\/08\/header-tubo-bactive-2.jpeg 1100w, https:\/\/www.fitt.com\/wp-content\/uploads\/2025\/08\/header-tubo-bactive-2-300x169.jpeg 300w, https:\/\/www.fitt.com\/wp-content\/uploads\/2025\/08\/header-tubo-bactive-2-768x432.jpeg 768w, https:\/\/www.fitt.com\/wp-content\/uploads\/2025\/08\/header-tubo-bactive-2-400x225.jpeg 400w, https:\/\/www.fitt.com\/wp-content\/uploads\/2025\/08\/header-tubo-bactive-2-1066x600.jpeg 1066w, https:\/\/www.fitt.com\/wp-content\/uploads\/2025\/08\/header-tubo-bactive-2-600x338.jpeg 600w\" sizes=\"(max-width: 1100px) 100vw, 1100px\" \/><\/p>\n<p>Avez-vous jamais pens\u00e9 \u00e0 quel point le tuyau pour piscine peut jouer un r\u00f4le d\u00e9terminant dans le fonctionnement et la gestion g\u00e9n\u00e9rale des installations?<\/p>\n<p>Peu nombreux sont ceux qui s\u2019attardent sur ce sujet. Et pourtant, un choix r\u00e9fl\u00e9chi du tuyau pour piscine permet d\u2019acc\u00e9l\u00e9rer l\u2019installation et de simplifier de mani\u00e8re substantielle l\u2019une des op\u00e9rations les plus p\u00e9nibles (et sous-estim\u00e9es) li\u00e9es aux piscines enterr\u00e9es\u00a0: leur\u00a0<strong>entretien<\/strong>.<br \/>\nSi vous n\u2019avez jamais pris cet aspect en consid\u00e9ration, nous vous conseillons de poursuivre votre lecture. Nous d\u00e9couvrirons ensemble comment un choix initial attentif peut s\u2019av\u00e9rer gagnant pour garantir une\u00a0<strong>longue dur\u00e9e de vie\u00a0\u00e0 l\u2019int\u00e9gralit\u00e9 de l\u2019installation de votre piscine enterr\u00e9e<\/strong>.<\/p>\n<p>&nbsp;<\/p>\n<h2>Un tuyau de piscine de mauvaise qualit\u00e9 : voil\u00e0 comment r\u00e9duire \u00e0 n\u00e9ant un investissement<\/h2>\n<p>Savoir choisir le tuyau pour piscine le mieux adapt\u00e9 permet de r\u00e9aliser d\u2019importantes \u00e9conomies au fil du temps, un d\u00e9tail fondamental qui est cependant souvent n\u00e9glig\u00e9. La fabrication des piscines enterr\u00e9es doit tenir compte de certains \u00e9l\u00e9ments essentiels dont les tuyaux font partie.<\/p>\n<p>Une belle maison avec piscine, qui n\u2019en voudrait pas? Un lieu o\u00f9 l\u2019on peut se rafra\u00eechir lors des longs et chauds mois d\u2019\u00e9t\u00e9 mais \u00e9galement un cadre parfait pour les apr\u00e8s-midis entre amis, les f\u00eates, les ap\u00e9ritifs ou les moments de d\u00e9tente au bord du bassin.<\/p>\n<p style=\"text-align: left;\"><img loading=\"lazy\" decoding=\"async\" class=\"wp-image-22160 size-full alignnone\" src=\"https:\/\/www.fitt.com\/wp-content\/uploads\/2025\/08\/article-piscina.jpeg\" alt=\"\" width=\"960\" height=\"540\" srcset=\"https:\/\/www.fitt.com\/wp-content\/uploads\/2025\/08\/article-piscina.jpeg 960w, https:\/\/www.fitt.com\/wp-content\/uploads\/2025\/08\/article-piscina-300x169.jpeg 300w, https:\/\/www.fitt.com\/wp-content\/uploads\/2025\/08\/article-piscina-768x432.jpeg 768w, https:\/\/www.fitt.com\/wp-content\/uploads\/2025\/08\/article-piscina-400x225.jpeg 400w, https:\/\/www.fitt.com\/wp-content\/uploads\/2025\/08\/article-piscina-600x338.jpeg 600w\" sizes=\"auto, (max-width: 960px) 100vw, 960px\" \/><\/p>\n<p>Mais notre oasis de relaxation peut \u00eatre endommag\u00e9 si nous avons recours \u00e0 des produits peu performants.<\/p>\n<p><strong>Souhaitez-vous vraiment tout g\u00e2cher en choisissant un tuyau pour piscine de mauvaise qualit\u00e9?<\/strong><\/p>\n<p>Les probl\u00e8mes les plus fr\u00e9quents rencontr\u00e9s par les piscines enterr\u00e9es sont li\u00e9s aux fuites d\u2019eau des tuyaux. Les causes principales des ruptures sont li\u00e9es \u00e0:<\/p>\n<ul>\n<li>la pression ext\u00e9rieure exerc\u00e9e par le terrain<\/li>\n<li>les agents chimiques qui abiment les parois int\u00e9rieures<\/li>\n<li>l\u2019utilisation prolong\u00e9e du chlore qui entra\u00eene la corrosion des tuyaux par l\u2019int\u00e9rieur<\/li>\n<li>les mat\u00e9riaux de mauvaise qualit\u00e9<\/li>\n<li>l\u2019usure dans le temps<\/li>\n<\/ul>\n<p>Les piscines enterr\u00e9es requi\u00e8rent un investissement initial important mais qui n\u2019est pas impossible. Bien que le co\u00fbt des tuyaux repr\u00e9sente une partie minime de la valeur totale de l\u2019installation, leur r\u00f4le fondamental dans le bon fonctionnement d\u2019une piscine enterr\u00e9e est \u00e9vident.<br \/>\nSi le probl\u00e8me d\u00e9pendait de la pompe ou du filtre, il serait possible de le r\u00e9soudre avec un minimum d\u2019efforts : il suffirait de remplacer la pi\u00e8ce et la d\u00e9pense resterait limit\u00e9e. Mais si c\u2019est le tuyau qui est endommag\u00e9 ? Trouver la voie d\u2019eau signifie qu\u2019il faut creuser le long des canalisations pour parvenir \u00e0 trouver d\u2019o\u00f9 vient la fuite. Un travail long et co\u00fbteux.<\/p>\n<p>&nbsp;<\/p>\n<h2><a href=\"https:\/\/www.fitt.com\/fr\/product\/fitt_bactive_flex\/\">FITT B-Active<\/a>, le tuyau souple pour piscine qui dure dans le temps<\/h2>\n<p>Le tuyau souple en PVC pour piscine FITT B-ACTIVE se r\u00e9v\u00e8le \u00eatre un\u00a0<strong>investissement intelligent<\/strong>\u00a0dans la r\u00e9alisation de la piscine enterr\u00e9e. Les caract\u00e9ristiques de ce\u00a0<strong>tuyau souple<\/strong>\u00a0garantissent:<\/p>\n<ul>\n<li>une installation facile et rapide<\/li>\n<li>une augmentation de la r\u00e9sistance de 50\u00a0%<\/li>\n<li>une protection innovante contre les agressions chimiques internes<\/li>\n<li>une longue dur\u00e9e de l\u2019installation hydrique<\/li>\n<li>des frais d\u2019entretien r\u00e9duits<\/li>\n<li>une gestion s\u00fbre et sereine de la piscine<\/li>\n<\/ul>\n<p>&nbsp;<\/p>\n<h2><a href=\"https:\/\/www.fitt.com\/fr\/product\/fitt_bactive_flex\/\">FITT B-Active<\/a>, le meilleur choix pour une piscine s\u00fbre<\/h2>\n<p>Un tuyau pour piscine choisi dans la pr\u00e9cipitation peut se transformer en probl\u00e8me au fil du temps.<br \/>\nChercher \u00e0 faire des \u00e9conomies sur le poste des canalisations d\u2019eau de la piscine en phase de r\u00e9alisation peut sembler la meilleure d\u00e9cision, mais on risque ensuite de la regretter lorsque l\u2019on devra faire face \u00e0 des factures d\u2019eau hallucinantes ou \u00e0 des fuites des tuyaux difficiles \u00e0 localiser.<\/p>\n<p style=\"text-align: left;\"><img loading=\"lazy\" decoding=\"async\" class=\"wp-image-22165 size-full alignnone\" src=\"https:\/\/www.fitt.com\/wp-content\/uploads\/2025\/08\/article-tubo-bactive.jpeg\" alt=\"\" width=\"600\" height=\"365\" srcset=\"https:\/\/www.fitt.com\/wp-content\/uploads\/2025\/08\/article-tubo-bactive.jpeg 600w, https:\/\/www.fitt.com\/wp-content\/uploads\/2025\/08\/article-tubo-bactive-300x183.jpeg 300w, https:\/\/www.fitt.com\/wp-content\/uploads\/2025\/08\/article-tubo-bactive-400x243.jpeg 400w\" sizes=\"auto, (max-width: 600px) 100vw, 600px\" \/><\/p>\n<p>&nbsp;<\/p>\n<p>Le recours \u00e0 des produits de mauvaise qualit\u00e9 a non seulement des cons\u00e9quences \u00e9conomiques importantes mais entra\u00eene aussi et surtout toute une s\u00e9rie de soucis qu\u2019il ne faut pas sous-estimer.<\/p>\n<p><a href=\"https:\/\/www.fitt.com\/fr\/product\/fitt_bactive_flex\/\"><strong>FITT B-ACTIVE<\/strong><\/a>\u00a0est le choix id\u00e9al si nous souhaitons que notre\u00a0<strong>piscine fonctionne bien et longtemps<\/strong>, en \u00e9vitant les complications fastidieuses.<\/p>\n","protected":false},"excerpt":{"rendered":"<p>Tuyau pour piscine, savez-vous comment le choisir ? Voici un guide d&rsquo;achat bien pratique Avez-vous jamais pens\u00e9 \u00e0 quel point le tuyau pour piscine peut jouer un r\u00f4le d\u00e9terminant dans le fonctionnement et la gestion g\u00e9n\u00e9rale des installations? Peu nombreux sont ceux qui s\u2019attardent sur ce sujet. Et pourtant, un choix r\u00e9fl\u00e9chi du tuyau pour [&hellip;]<\/p>\n","protected":false},"author":10,"featured_media":0,"parent":0,"menu_order":0,"comment_status":"closed","ping_status":"closed","template":"","meta":{"_acf_changed":false,"footnotes":""},"class_list":["post-22144","page","type-page","status-publish","hentry"],"acf":[],"yoast_head":"<!-- This site is optimized with the Yoast SEO Premium plugin v24.1 (Yoast SEO v27.3) - https:\/\/yoast.com\/product\/yoast-seo-premium-wordpress\/ -->\n<title>Tuyau pour piscine, savez-vous comment le choisir ? Voici un guide d&#039;achat bien pratique - FITT<\/title>\n<meta name=\"robots\" content=\"index, follow, max-snippet:-1, max-image-preview:large, max-video-preview:-1\" \/>\n<link rel=\"canonical\" href=\"https:\/\/www.fitt.com\/fr\/tuyau-pour-piscine-savez-vous-comment-le-choisir-voici-un-guide-d-achat-bien-pratique\/\" \/>\n<meta property=\"og:locale\" content=\"fr_FR\" \/>\n<meta property=\"og:type\" content=\"article\" \/>\n<meta property=\"og:title\" content=\"Tuyau pour piscine, savez-vous comment le choisir ? Voici un guide d&#039;achat bien pratique\" \/>\n<meta property=\"og:description\" content=\"Tuyau pour piscine, savez-vous comment le choisir ? Voici un guide d&rsquo;achat bien pratique Avez-vous jamais pens\u00e9 \u00e0 quel point le tuyau pour piscine peut jouer un r\u00f4le d\u00e9terminant dans le fonctionnement et la gestion g\u00e9n\u00e9rale des installations? Peu nombreux sont ceux qui s\u2019attardent sur ce sujet. Et pourtant, un choix r\u00e9fl\u00e9chi du tuyau pour [&hellip;]\" \/>\n<meta property=\"og:url\" content=\"https:\/\/www.fitt.com\/fr\/tuyau-pour-piscine-savez-vous-comment-le-choisir-voici-un-guide-d-achat-bien-pratique\/\" \/>\n<meta property=\"og:site_name\" content=\"FITT\" \/>\n<meta property=\"article:modified_time\" content=\"2025-08-28T13:00:17+00:00\" \/>\n<meta property=\"og:image\" content=\"https:\/\/www.fitt.com\/wp-content\/uploads\/2025\/08\/header-tubo-bactive-2.jpeg\" \/>\n\t<meta property=\"og:image:width\" content=\"1100\" \/>\n\t<meta property=\"og:image:height\" content=\"619\" \/>\n\t<meta property=\"og:image:type\" content=\"image\/jpeg\" \/>\n<meta name=\"twitter:card\" content=\"summary_large_image\" \/>\n<meta name=\"twitter:label1\" content=\"Dur\u00e9e de lecture estim\u00e9e\" \/>\n\t<meta name=\"twitter:data1\" content=\"4 minutes\" \/>\n<script type=\"application\/ld+json\" class=\"yoast-schema-graph\">{\"@context\":\"https:\\\/\\\/schema.org\",\"@graph\":[{\"@type\":\"WebPage\",\"@id\":\"https:\\\/\\\/www.fitt.com\\\/fr\\\/tuyau-pour-piscine-savez-vous-comment-le-choisir-voici-un-guide-d-achat-bien-pratique\\\/\",\"url\":\"https:\\\/\\\/www.fitt.com\\\/fr\\\/tuyau-pour-piscine-savez-vous-comment-le-choisir-voici-un-guide-d-achat-bien-pratique\\\/\",\"name\":\"Tuyau pour piscine, savez-vous comment le choisir ? Voici un guide d'achat bien pratique - FITT\",\"isPartOf\":{\"@id\":\"https:\\\/\\\/www.fitt.com\\\/fr\\\/#website\"},\"primaryImageOfPage\":{\"@id\":\"https:\\\/\\\/www.fitt.com\\\/fr\\\/tuyau-pour-piscine-savez-vous-comment-le-choisir-voici-un-guide-d-achat-bien-pratique\\\/#primaryimage\"},\"image\":{\"@id\":\"https:\\\/\\\/www.fitt.com\\\/fr\\\/tuyau-pour-piscine-savez-vous-comment-le-choisir-voici-un-guide-d-achat-bien-pratique\\\/#primaryimage\"},\"thumbnailUrl\":\"https:\\\/\\\/www.fitt.com\\\/wp-content\\\/uploads\\\/2025\\\/08\\\/header-tubo-bactive-2.jpeg\",\"datePublished\":\"2025-08-28T09:29:15+00:00\",\"dateModified\":\"2025-08-28T13:00:17+00:00\",\"breadcrumb\":{\"@id\":\"https:\\\/\\\/www.fitt.com\\\/fr\\\/tuyau-pour-piscine-savez-vous-comment-le-choisir-voici-un-guide-d-achat-bien-pratique\\\/#breadcrumb\"},\"inLanguage\":\"fr-FR\",\"potentialAction\":[{\"@type\":\"ReadAction\",\"target\":[\"https:\\\/\\\/www.fitt.com\\\/fr\\\/tuyau-pour-piscine-savez-vous-comment-le-choisir-voici-un-guide-d-achat-bien-pratique\\\/\"]}]},{\"@type\":\"ImageObject\",\"inLanguage\":\"fr-FR\",\"@id\":\"https:\\\/\\\/www.fitt.com\\\/fr\\\/tuyau-pour-piscine-savez-vous-comment-le-choisir-voici-un-guide-d-achat-bien-pratique\\\/#primaryimage\",\"url\":\"https:\\\/\\\/www.fitt.com\\\/wp-content\\\/uploads\\\/2025\\\/08\\\/header-tubo-bactive-2.jpeg\",\"contentUrl\":\"https:\\\/\\\/www.fitt.com\\\/wp-content\\\/uploads\\\/2025\\\/08\\\/header-tubo-bactive-2.jpeg\"},{\"@type\":\"BreadcrumbList\",\"@id\":\"https:\\\/\\\/www.fitt.com\\\/fr\\\/tuyau-pour-piscine-savez-vous-comment-le-choisir-voici-un-guide-d-achat-bien-pratique\\\/#breadcrumb\",\"itemListElement\":[{\"@type\":\"ListItem\",\"position\":1,\"name\":\"Home\",\"item\":\"https:\\\/\\\/www.fitt.com\\\/fr\\\/\"},{\"@type\":\"ListItem\",\"position\":2,\"name\":\"Tuyau pour piscine, savez-vous comment le choisir ? Voici un guide d&#8217;achat bien pratique\"}]},{\"@type\":\"WebSite\",\"@id\":\"https:\\\/\\\/www.fitt.com\\\/fr\\\/#website\",\"url\":\"https:\\\/\\\/www.fitt.com\\\/fr\\\/\",\"name\":\"FITT\",\"description\":\"FITT Spa\",\"publisher\":{\"@id\":\"https:\\\/\\\/www.fitt.com\\\/fr\\\/#organization\"},\"potentialAction\":[{\"@type\":\"SearchAction\",\"target\":{\"@type\":\"EntryPoint\",\"urlTemplate\":\"https:\\\/\\\/www.fitt.com\\\/fr\\\/?s={search_term_string}\"},\"query-input\":{\"@type\":\"PropertyValueSpecification\",\"valueRequired\":true,\"valueName\":\"search_term_string\"}}],\"inLanguage\":\"fr-FR\"},{\"@type\":\"Organization\",\"@id\":\"https:\\\/\\\/www.fitt.com\\\/fr\\\/#organization\",\"name\":\"Fitt SPA\",\"url\":\"https:\\\/\\\/www.fitt.com\\\/fr\\\/\",\"logo\":{\"@type\":\"ImageObject\",\"inLanguage\":\"fr-FR\",\"@id\":\"https:\\\/\\\/www.fitt.com\\\/fr\\\/#\\\/schema\\\/logo\\\/image\\\/\",\"url\":\"https:\\\/\\\/www.fitt.com\\\/wp-content\\\/uploads\\\/2022\\\/05\\\/logo-light.png\",\"contentUrl\":\"https:\\\/\\\/www.fitt.com\\\/wp-content\\\/uploads\\\/2022\\\/05\\\/logo-light.png\",\"width\":827,\"height\":508,\"caption\":\"Fitt SPA\"},\"image\":{\"@id\":\"https:\\\/\\\/www.fitt.com\\\/fr\\\/#\\\/schema\\\/logo\\\/image\\\/\"}}]}<\/script>\n<!-- \/ Yoast SEO Premium plugin. -->","yoast_head_json":{"title":"Tuyau pour piscine, savez-vous comment le choisir ? Voici un guide d'achat bien pratique - FITT","robots":{"index":"index","follow":"follow","max-snippet":"max-snippet:-1","max-image-preview":"max-image-preview:large","max-video-preview":"max-video-preview:-1"},"canonical":"https:\/\/www.fitt.com\/fr\/tuyau-pour-piscine-savez-vous-comment-le-choisir-voici-un-guide-d-achat-bien-pratique\/","og_locale":"fr_FR","og_type":"article","og_title":"Tuyau pour piscine, savez-vous comment le choisir ? Voici un guide d'achat bien pratique","og_description":"Tuyau pour piscine, savez-vous comment le choisir ? Voici un guide d&rsquo;achat bien pratique Avez-vous jamais pens\u00e9 \u00e0 quel point le tuyau pour piscine peut jouer un r\u00f4le d\u00e9terminant dans le fonctionnement et la gestion g\u00e9n\u00e9rale des installations? Peu nombreux sont ceux qui s\u2019attardent sur ce sujet. Et pourtant, un choix r\u00e9fl\u00e9chi du tuyau pour [&hellip;]","og_url":"https:\/\/www.fitt.com\/fr\/tuyau-pour-piscine-savez-vous-comment-le-choisir-voici-un-guide-d-achat-bien-pratique\/","og_site_name":"FITT","article_modified_time":"2025-08-28T13:00:17+00:00","og_image":[{"width":1100,"height":619,"url":"https:\/\/www.fitt.com\/wp-content\/uploads\/2025\/08\/header-tubo-bactive-2.jpeg","type":"image\/jpeg"}],"twitter_card":"summary_large_image","twitter_misc":{"Dur\u00e9e de lecture estim\u00e9e":"4 minutes"},"schema":{"@context":"https:\/\/schema.org","@graph":[{"@type":"WebPage","@id":"https:\/\/www.fitt.com\/fr\/tuyau-pour-piscine-savez-vous-comment-le-choisir-voici-un-guide-d-achat-bien-pratique\/","url":"https:\/\/www.fitt.com\/fr\/tuyau-pour-piscine-savez-vous-comment-le-choisir-voici-un-guide-d-achat-bien-pratique\/","name":"Tuyau pour piscine, savez-vous comment le choisir ? Voici un guide d'achat bien pratique - FITT","isPartOf":{"@id":"https:\/\/www.fitt.com\/fr\/#website"},"primaryImageOfPage":{"@id":"https:\/\/www.fitt.com\/fr\/tuyau-pour-piscine-savez-vous-comment-le-choisir-voici-un-guide-d-achat-bien-pratique\/#primaryimage"},"image":{"@id":"https:\/\/www.fitt.com\/fr\/tuyau-pour-piscine-savez-vous-comment-le-choisir-voici-un-guide-d-achat-bien-pratique\/#primaryimage"},"thumbnailUrl":"https:\/\/www.fitt.com\/wp-content\/uploads\/2025\/08\/header-tubo-bactive-2.jpeg","datePublished":"2025-08-28T09:29:15+00:00","dateModified":"2025-08-28T13:00:17+00:00","breadcrumb":{"@id":"https:\/\/www.fitt.com\/fr\/tuyau-pour-piscine-savez-vous-comment-le-choisir-voici-un-guide-d-achat-bien-pratique\/#breadcrumb"},"inLanguage":"fr-FR","potentialAction":[{"@type":"ReadAction","target":["https:\/\/www.fitt.com\/fr\/tuyau-pour-piscine-savez-vous-comment-le-choisir-voici-un-guide-d-achat-bien-pratique\/"]}]},{"@type":"ImageObject","inLanguage":"fr-FR","@id":"https:\/\/www.fitt.com\/fr\/tuyau-pour-piscine-savez-vous-comment-le-choisir-voici-un-guide-d-achat-bien-pratique\/#primaryimage","url":"https:\/\/www.fitt.com\/wp-content\/uploads\/2025\/08\/header-tubo-bactive-2.jpeg","contentUrl":"https:\/\/www.fitt.com\/wp-content\/uploads\/2025\/08\/header-tubo-bactive-2.jpeg"},{"@type":"BreadcrumbList","@id":"https:\/\/www.fitt.com\/fr\/tuyau-pour-piscine-savez-vous-comment-le-choisir-voici-un-guide-d-achat-bien-pratique\/#breadcrumb","itemListElement":[{"@type":"ListItem","position":1,"name":"Home","item":"https:\/\/www.fitt.com\/fr\/"},{"@type":"ListItem","position":2,"name":"Tuyau pour piscine, savez-vous comment le choisir ? Voici un guide d&#8217;achat bien pratique"}]},{"@type":"WebSite","@id":"https:\/\/www.fitt.com\/fr\/#website","url":"https:\/\/www.fitt.com\/fr\/","name":"FITT","description":"FITT Spa","publisher":{"@id":"https:\/\/www.fitt.com\/fr\/#organization"},"potentialAction":[{"@type":"SearchAction","target":{"@type":"EntryPoint","urlTemplate":"https:\/\/www.fitt.com\/fr\/?s={search_term_string}"},"query-input":{"@type":"PropertyValueSpecification","valueRequired":true,"valueName":"search_term_string"}}],"inLanguage":"fr-FR"},{"@type":"Organization","@id":"https:\/\/www.fitt.com\/fr\/#organization","name":"Fitt SPA","url":"https:\/\/www.fitt.com\/fr\/","logo":{"@type":"ImageObject","inLanguage":"fr-FR","@id":"https:\/\/www.fitt.com\/fr\/#\/schema\/logo\/image\/","url":"https:\/\/www.fitt.com\/wp-content\/uploads\/2022\/05\/logo-light.png","contentUrl":"https:\/\/www.fitt.com\/wp-content\/uploads\/2022\/05\/logo-light.png","width":827,"height":508,"caption":"Fitt SPA"},"image":{"@id":"https:\/\/www.fitt.com\/fr\/#\/schema\/logo\/image\/"}}]}},"_links":{"self":[{"href":"https:\/\/www.fitt.com\/fr\/wp-json\/wp\/v2\/pages\/22144","targetHints":{"allow":["GET"]}}],"collection":[{"href":"https:\/\/www.fitt.com\/fr\/wp-json\/wp\/v2\/pages"}],"about":[{"href":"https:\/\/www.fitt.com\/fr\/wp-json\/wp\/v2\/types\/page"}],"author":[{"embeddable":true,"href":"https:\/\/www.fitt.com\/fr\/wp-json\/wp\/v2\/users\/10"}],"replies":[{"embeddable":true,"href":"https:\/\/www.fitt.com\/fr\/wp-json\/wp\/v2\/comments?post=22144"}],"version-history":[{"count":3,"href":"https:\/\/www.fitt.com\/fr\/wp-json\/wp\/v2\/pages\/22144\/revisions"}],"predecessor-version":[{"id":22198,"href":"https:\/\/www.fitt.com\/fr\/wp-json\/wp\/v2\/pages\/22144\/revisions\/22198"}],"wp:attachment":[{"href":"https:\/\/www.fitt.com\/fr\/wp-json\/wp\/v2\/media?parent=22144"}],"curies":[{"name":"wp","href":"https:\/\/api.w.org\/{rel}","templated":true}]}}