{"id":22390,"date":"2025-09-01T16:20:33","date_gmt":"2025-09-01T14:20:33","guid":{"rendered":"https:\/\/www.fitt.com\/how-to-save-on-in-ground-pool-maintenance-costs\/"},"modified":"2025-09-01T16:48:45","modified_gmt":"2025-09-01T14:48:45","slug":"mantenimiento-de-las-piscinas-enterradas-como-ahorrar-en-costes","status":"publish","type":"page","link":"https:\/\/www.fitt.com\/es\/mantenimiento-de-las-piscinas-enterradas-como-ahorrar-en-costes\/","title":{"rendered":"Mantenimiento de las piscinas enterradas, c\u00f3mo ahorrar en costes"},"content":{"rendered":"<h1>Mantenimiento de las piscinas enterradas, c\u00f3mo ahorrar en costes<\/h1>\n<p><img decoding=\"async\" class=\"alignnone wp-image-22396 size-full\" src=\"https:\/\/www.fitt.com\/wp-content\/uploads\/2025\/09\/header_manutenzione-piscine-interrate.jpeg\" alt=\"header_manutenzione-piscine-interrate\" width=\"100%\" srcset=\"https:\/\/www.fitt.com\/wp-content\/uploads\/2025\/09\/header_manutenzione-piscine-interrate.jpeg 1100w, https:\/\/www.fitt.com\/wp-content\/uploads\/2025\/09\/header_manutenzione-piscine-interrate-300x169.jpeg 300w, https:\/\/www.fitt.com\/wp-content\/uploads\/2025\/09\/header_manutenzione-piscine-interrate-768x432.jpeg 768w, https:\/\/www.fitt.com\/wp-content\/uploads\/2025\/09\/header_manutenzione-piscine-interrate-400x225.jpeg 400w, https:\/\/www.fitt.com\/wp-content\/uploads\/2025\/09\/header_manutenzione-piscine-interrate-1066x600.jpeg 1066w, https:\/\/www.fitt.com\/wp-content\/uploads\/2025\/09\/header_manutenzione-piscine-interrate-600x338.jpeg 600w\" sizes=\"(max-width: 1100px) 100vw, 1100px\" \/><\/p>\n<p>El\u00a0<strong>mantenimiento<\/strong>\u00a0de las\u00a0<strong>piscinas enterradas<\/strong>\u00a0a menudo resulta costoso y complicado. Filtraci\u00f3n, limpieza, desinfecci\u00f3n qu\u00edmica, p\u00e9rdidas de agua: muchos aspectos pueden aumentar de manera preocupante los gastos ligados a la gesti\u00f3n normal de nuestras piscinas enterradas.<\/p>\n<p>\u00bfC\u00f3mo resolver este problema? Como veremos a continuaci\u00f3n, es posible adoptar algunas medidas sencillas para reducir considerablemente los costes y las preocupaciones: nuestra amada piscina se mantendr\u00e1 limpia, segura y eficiente. Descubramos juntos c\u00f3mo.<\/p>\n<p>&nbsp;<\/p>\n<h2>\u00bfPensaste alguna vez cu\u00e1nto inciden los da\u00f1os de las mangueras en los gastos de mantenimiento de las piscinas?<\/h2>\n<p>El\u00a0mantenimiento\u00a0de las\u00a0piscinas enterradas\u00a0no es tan banal como parece. Por ejemplo, para mantener el agua de la piscina limpia y desinfectada, son indispensables los preparados a base de cloro. Adem\u00e1s de permitir que el agua se mantenga cristalina, el cloro protege contra las bacterias y otros agentes pat\u00f3genos.<\/p>\n<p>Sin embargo, el\u00a0<strong>cloro<\/strong>\u00a0y el ambiente \u00e1cido \u2013que inevitablemente se crea\u2013 son los mayores responsables de la\u00a0<strong>corrosi\u00f3n<\/strong>\u00a0de las mangueras. Con el tiempo, las tuberia enterradas, que ya deben soportar la presi\u00f3n ejercida por el terreno, sufren en su interior las agresiones continuas de los agentes qu\u00edmicos<\/p>\n<p>&nbsp;<\/p>\n<p><img loading=\"lazy\" decoding=\"async\" class=\"alignnone wp-image-22401 size-full\" src=\"https:\/\/www.fitt.com\/wp-content\/uploads\/2025\/09\/articolo-01.jpg\" alt=\"\" width=\"768\" height=\"518\" srcset=\"https:\/\/www.fitt.com\/wp-content\/uploads\/2025\/09\/articolo-01.jpg 768w, https:\/\/www.fitt.com\/wp-content\/uploads\/2025\/09\/articolo-01-300x202.jpg 300w, https:\/\/www.fitt.com\/wp-content\/uploads\/2025\/09\/articolo-01-400x270.jpg 400w, https:\/\/www.fitt.com\/wp-content\/uploads\/2025\/09\/articolo-01-600x405.jpg 600w\" sizes=\"auto, (max-width: 768px) 100vw, 768px\" \/><\/p>\n<p>La concomitancia constante de estos factores debilita las mangueras y origina grietas y p\u00e9rdidas de agua que se traducen en gastos inesperados y exorbitantes.<\/p>\n<div class=\"vc_row wpb_row section vc_row-fluid \">\n<div class=\" full_section_inner clearfix\">\n<div class=\"wpb_column vc_column_container vc_col-sm-6\">\n<div class=\"vc_column-inner\">\n<div class=\"wpb_wrapper\">\n<div class=\"wpb_text_column wpb_content_element \">\n<div class=\"wpb_wrapper\">\n<p>Como si esto fuera poco, reparar las p\u00e9rdidas de agua es complejo: a menudo la \u00fanica soluci\u00f3n es excavar todo el per\u00edmetro de la piscina para desenterrar las mangueras y buscar las fallas. Adem\u00e1s, al alto coste de la operaci\u00f3n hay que a\u00f1adir las consecuencias de la obra y las molestias que implica (jard\u00edn arruinado, tr\u00e1nsito de personal y maquinaria\u2026).<\/p>\n<\/div>\n<\/div>\n<\/div>\n<\/div>\n<\/div>\n<\/div>\n<\/div>\n<div class=\"vc_row wpb_row section vc_row-fluid \">\n<div class=\" full_section_inner clearfix\">\n<div class=\"wpb_column vc_column_container vc_col-sm-12\">\n<div class=\"vc_column-inner\">\n<div class=\"wpb_wrapper\">\n<div class=\"wpb_text_column wpb_content_element \">\n<div class=\"wpb_wrapper\">\n<p>Un consejo \u00fatil para evitar estos problemas:<\/p>\n<p>&nbsp;<\/p>\n<h2>El perfecto mantenimiento de las piscinas enterradas comienza por las mangueras: \u00a1elige la manguera correcta!<\/h2>\n<p>Parece obvio pero no lo es: la\u00a0<strong>elecci\u00f3n precisa de las mangueras<\/strong>\u00a0en el momento del proyecto o del mantenimiento es fundamental.<\/p>\n<p>Para evitar facturas exorbitantes y altos costes de reparaci\u00f3n es necesario que la piscina enterrada est\u00e9 dotada de mangueras:<\/p>\n<ul>\n<li>el\u00e1sticas<\/li>\n<li>resistentes a los ataques qu\u00edmicos<\/li>\n<li>resistentes a las cargas est\u00e1ticas<\/li>\n<li>f\u00e1ciles de colocar<\/li>\n<li>flexibles y adecuadas para todo tipo de terreno<\/li>\n<\/ul>\n<p><a href=\"https:\/\/www.fitt.com\/es\/product\/fitt_bactive_flex\/\"><strong>FITT B-ACTIVE<\/strong><\/a>\u00a0es la manguera de PVC flexible espiral que posee todas estas caracter\u00edsticas indispensables, para un sereno y consciente mantenimiento de las piscinas enterradas. La eficacia de la manguera de PVC\u00a0<strong>FITT B-ACTIVE<\/strong>, protegida contra los esfuerzos mec\u00e1nicos externos y las agresiones qu\u00edmicas internas, est\u00e1 certificada por numerosas patentes. Para disfrutar de nuestra piscina al m\u00e1ximo y en total seguridad aprendamos a elegir\u00a0<strong>componentes resistentes y de calidad<\/strong>.<\/p>\n<p>&nbsp;<\/p>\n<h2>Mantenimiento de las piscinas enterradas: instrucciones inteligentes para el uso<\/h2>\n<p>En el mantenimiento de las piscinas enterradas \u2013como hemos visto\u2013 la elecci\u00f3n de las tuberias resulta fundamental. El cloro y el ambiente qu\u00edmico que se forma en los conductos de la piscina son indispensables para garantizar la salubridad del agua y nuestra salud. Sin embargo, al mismo tiempo los agentes qu\u00edmicos corroen las mangueras y generan fallas y p\u00e9rdidas de agua.<\/p>\n<p>Si dotamos nuestra piscina de mangueras de PVC flexible espiral\u00a0<a href=\"https:\/\/www.fitt.com\/es\/product\/fitt_bactive_flex\/\"><strong>FITT B-ACTIVE<\/strong><\/a>\u00a0<strong>podemos prevenir<\/strong>\u00a0uno de los problemas m\u00e1s molestos y, lamentablemente, m\u00e1s caros:\u00a0<strong>la rotura y sustituci\u00f3n<\/strong>\u00a0de los conductos h\u00eddricos.<\/p>\n<\/div>\n<\/div>\n<\/div>\n<\/div>\n<\/div>\n<\/div>\n<\/div>\n","protected":false},"excerpt":{"rendered":"<p>Mantenimiento de las piscinas enterradas, c\u00f3mo ahorrar en costes El\u00a0mantenimiento\u00a0de las\u00a0piscinas enterradas\u00a0a menudo resulta costoso y complicado. Filtraci\u00f3n, limpieza, desinfecci\u00f3n qu\u00edmica, p\u00e9rdidas de agua: muchos aspectos pueden aumentar de manera preocupante los gastos ligados a la gesti\u00f3n normal de nuestras piscinas enterradas. \u00bfC\u00f3mo resolver este problema? Como veremos a continuaci\u00f3n, es posible adoptar algunas medidas [&hellip;]<\/p>\n","protected":false},"author":10,"featured_media":0,"parent":0,"menu_order":0,"comment_status":"closed","ping_status":"closed","template":"","meta":{"_acf_changed":false,"footnotes":""},"class_list":["post-22390","page","type-page","status-publish","hentry"],"acf":[],"yoast_head":"<!-- This site is optimized with the Yoast SEO Premium plugin v24.1 (Yoast SEO v27.3) - https:\/\/yoast.com\/product\/yoast-seo-premium-wordpress\/ -->\n<title>Mantenimiento de las piscinas enterradas, c\u00f3mo ahorrar en costes - FITT<\/title>\n<meta name=\"robots\" content=\"index, follow, max-snippet:-1, max-image-preview:large, max-video-preview:-1\" \/>\n<link rel=\"canonical\" href=\"https:\/\/www.fitt.com\/es\/mantenimiento-de-las-piscinas-enterradas-como-ahorrar-en-costes\/\" \/>\n<meta property=\"og:locale\" content=\"es_ES\" \/>\n<meta property=\"og:type\" content=\"article\" \/>\n<meta property=\"og:title\" content=\"Mantenimiento de las piscinas enterradas, c\u00f3mo ahorrar en costes\" \/>\n<meta property=\"og:description\" content=\"Mantenimiento de las piscinas enterradas, c\u00f3mo ahorrar en costes El\u00a0mantenimiento\u00a0de las\u00a0piscinas enterradas\u00a0a menudo resulta costoso y complicado. Filtraci\u00f3n, limpieza, desinfecci\u00f3n qu\u00edmica, p\u00e9rdidas de agua: muchos aspectos pueden aumentar de manera preocupante los gastos ligados a la gesti\u00f3n normal de nuestras piscinas enterradas. \u00bfC\u00f3mo resolver este problema? Como veremos a continuaci\u00f3n, es posible adoptar algunas medidas [&hellip;]\" \/>\n<meta property=\"og:url\" content=\"https:\/\/www.fitt.com\/es\/mantenimiento-de-las-piscinas-enterradas-como-ahorrar-en-costes\/\" \/>\n<meta property=\"og:site_name\" content=\"FITT\" \/>\n<meta property=\"article:modified_time\" content=\"2025-09-01T14:48:45+00:00\" \/>\n<meta property=\"og:image\" content=\"https:\/\/www.fitt.com\/wp-content\/uploads\/2025\/09\/header_manutenzione-piscine-interrate.jpeg\" \/>\n\t<meta property=\"og:image:width\" content=\"1100\" \/>\n\t<meta property=\"og:image:height\" content=\"619\" \/>\n\t<meta property=\"og:image:type\" content=\"image\/jpeg\" \/>\n<meta name=\"twitter:card\" content=\"summary_large_image\" \/>\n<meta name=\"twitter:label1\" content=\"Tiempo de lectura\" \/>\n\t<meta name=\"twitter:data1\" content=\"3 minutos\" \/>\n<script type=\"application\/ld+json\" class=\"yoast-schema-graph\">{\"@context\":\"https:\\\/\\\/schema.org\",\"@graph\":[{\"@type\":\"WebPage\",\"@id\":\"https:\\\/\\\/www.fitt.com\\\/es\\\/mantenimiento-de-las-piscinas-enterradas-como-ahorrar-en-costes\\\/\",\"url\":\"https:\\\/\\\/www.fitt.com\\\/es\\\/mantenimiento-de-las-piscinas-enterradas-como-ahorrar-en-costes\\\/\",\"name\":\"Mantenimiento de las piscinas enterradas, c\u00f3mo ahorrar en costes - FITT\",\"isPartOf\":{\"@id\":\"https:\\\/\\\/www.fitt.com\\\/es\\\/#website\"},\"primaryImageOfPage\":{\"@id\":\"https:\\\/\\\/www.fitt.com\\\/es\\\/mantenimiento-de-las-piscinas-enterradas-como-ahorrar-en-costes\\\/#primaryimage\"},\"image\":{\"@id\":\"https:\\\/\\\/www.fitt.com\\\/es\\\/mantenimiento-de-las-piscinas-enterradas-como-ahorrar-en-costes\\\/#primaryimage\"},\"thumbnailUrl\":\"https:\\\/\\\/www.fitt.com\\\/wp-content\\\/uploads\\\/2025\\\/09\\\/header_manutenzione-piscine-interrate.jpeg\",\"datePublished\":\"2025-09-01T14:20:33+00:00\",\"dateModified\":\"2025-09-01T14:48:45+00:00\",\"breadcrumb\":{\"@id\":\"https:\\\/\\\/www.fitt.com\\\/es\\\/mantenimiento-de-las-piscinas-enterradas-como-ahorrar-en-costes\\\/#breadcrumb\"},\"inLanguage\":\"es\",\"potentialAction\":[{\"@type\":\"ReadAction\",\"target\":[\"https:\\\/\\\/www.fitt.com\\\/es\\\/mantenimiento-de-las-piscinas-enterradas-como-ahorrar-en-costes\\\/\"]}]},{\"@type\":\"ImageObject\",\"inLanguage\":\"es\",\"@id\":\"https:\\\/\\\/www.fitt.com\\\/es\\\/mantenimiento-de-las-piscinas-enterradas-como-ahorrar-en-costes\\\/#primaryimage\",\"url\":\"https:\\\/\\\/www.fitt.com\\\/wp-content\\\/uploads\\\/2025\\\/09\\\/header_manutenzione-piscine-interrate.jpeg\",\"contentUrl\":\"https:\\\/\\\/www.fitt.com\\\/wp-content\\\/uploads\\\/2025\\\/09\\\/header_manutenzione-piscine-interrate.jpeg\"},{\"@type\":\"BreadcrumbList\",\"@id\":\"https:\\\/\\\/www.fitt.com\\\/es\\\/mantenimiento-de-las-piscinas-enterradas-como-ahorrar-en-costes\\\/#breadcrumb\",\"itemListElement\":[{\"@type\":\"ListItem\",\"position\":1,\"name\":\"Home\",\"item\":\"https:\\\/\\\/www.fitt.com\\\/es\\\/\"},{\"@type\":\"ListItem\",\"position\":2,\"name\":\"Mantenimiento de las piscinas enterradas, c\u00f3mo ahorrar en costes\"}]},{\"@type\":\"WebSite\",\"@id\":\"https:\\\/\\\/www.fitt.com\\\/es\\\/#website\",\"url\":\"https:\\\/\\\/www.fitt.com\\\/es\\\/\",\"name\":\"FITT\",\"description\":\"FITT Spa\",\"publisher\":{\"@id\":\"https:\\\/\\\/www.fitt.com\\\/es\\\/#organization\"},\"potentialAction\":[{\"@type\":\"SearchAction\",\"target\":{\"@type\":\"EntryPoint\",\"urlTemplate\":\"https:\\\/\\\/www.fitt.com\\\/es\\\/?s={search_term_string}\"},\"query-input\":{\"@type\":\"PropertyValueSpecification\",\"valueRequired\":true,\"valueName\":\"search_term_string\"}}],\"inLanguage\":\"es\"},{\"@type\":\"Organization\",\"@id\":\"https:\\\/\\\/www.fitt.com\\\/es\\\/#organization\",\"name\":\"Fitt SPA\",\"url\":\"https:\\\/\\\/www.fitt.com\\\/es\\\/\",\"logo\":{\"@type\":\"ImageObject\",\"inLanguage\":\"es\",\"@id\":\"https:\\\/\\\/www.fitt.com\\\/es\\\/#\\\/schema\\\/logo\\\/image\\\/\",\"url\":\"https:\\\/\\\/www.fitt.com\\\/wp-content\\\/uploads\\\/2022\\\/05\\\/logo-light.png\",\"contentUrl\":\"https:\\\/\\\/www.fitt.com\\\/wp-content\\\/uploads\\\/2022\\\/05\\\/logo-light.png\",\"width\":827,\"height\":508,\"caption\":\"Fitt SPA\"},\"image\":{\"@id\":\"https:\\\/\\\/www.fitt.com\\\/es\\\/#\\\/schema\\\/logo\\\/image\\\/\"}}]}<\/script>\n<!-- \/ Yoast SEO Premium plugin. -->","yoast_head_json":{"title":"Mantenimiento de las piscinas enterradas, c\u00f3mo ahorrar en costes - FITT","robots":{"index":"index","follow":"follow","max-snippet":"max-snippet:-1","max-image-preview":"max-image-preview:large","max-video-preview":"max-video-preview:-1"},"canonical":"https:\/\/www.fitt.com\/es\/mantenimiento-de-las-piscinas-enterradas-como-ahorrar-en-costes\/","og_locale":"es_ES","og_type":"article","og_title":"Mantenimiento de las piscinas enterradas, c\u00f3mo ahorrar en costes","og_description":"Mantenimiento de las piscinas enterradas, c\u00f3mo ahorrar en costes El\u00a0mantenimiento\u00a0de las\u00a0piscinas enterradas\u00a0a menudo resulta costoso y complicado. Filtraci\u00f3n, limpieza, desinfecci\u00f3n qu\u00edmica, p\u00e9rdidas de agua: muchos aspectos pueden aumentar de manera preocupante los gastos ligados a la gesti\u00f3n normal de nuestras piscinas enterradas. \u00bfC\u00f3mo resolver este problema? Como veremos a continuaci\u00f3n, es posible adoptar algunas medidas [&hellip;]","og_url":"https:\/\/www.fitt.com\/es\/mantenimiento-de-las-piscinas-enterradas-como-ahorrar-en-costes\/","og_site_name":"FITT","article_modified_time":"2025-09-01T14:48:45+00:00","og_image":[{"width":1100,"height":619,"url":"https:\/\/www.fitt.com\/wp-content\/uploads\/2025\/09\/header_manutenzione-piscine-interrate.jpeg","type":"image\/jpeg"}],"twitter_card":"summary_large_image","twitter_misc":{"Tiempo de lectura":"3 minutos"},"schema":{"@context":"https:\/\/schema.org","@graph":[{"@type":"WebPage","@id":"https:\/\/www.fitt.com\/es\/mantenimiento-de-las-piscinas-enterradas-como-ahorrar-en-costes\/","url":"https:\/\/www.fitt.com\/es\/mantenimiento-de-las-piscinas-enterradas-como-ahorrar-en-costes\/","name":"Mantenimiento de las piscinas enterradas, c\u00f3mo ahorrar en costes - FITT","isPartOf":{"@id":"https:\/\/www.fitt.com\/es\/#website"},"primaryImageOfPage":{"@id":"https:\/\/www.fitt.com\/es\/mantenimiento-de-las-piscinas-enterradas-como-ahorrar-en-costes\/#primaryimage"},"image":{"@id":"https:\/\/www.fitt.com\/es\/mantenimiento-de-las-piscinas-enterradas-como-ahorrar-en-costes\/#primaryimage"},"thumbnailUrl":"https:\/\/www.fitt.com\/wp-content\/uploads\/2025\/09\/header_manutenzione-piscine-interrate.jpeg","datePublished":"2025-09-01T14:20:33+00:00","dateModified":"2025-09-01T14:48:45+00:00","breadcrumb":{"@id":"https:\/\/www.fitt.com\/es\/mantenimiento-de-las-piscinas-enterradas-como-ahorrar-en-costes\/#breadcrumb"},"inLanguage":"es","potentialAction":[{"@type":"ReadAction","target":["https:\/\/www.fitt.com\/es\/mantenimiento-de-las-piscinas-enterradas-como-ahorrar-en-costes\/"]}]},{"@type":"ImageObject","inLanguage":"es","@id":"https:\/\/www.fitt.com\/es\/mantenimiento-de-las-piscinas-enterradas-como-ahorrar-en-costes\/#primaryimage","url":"https:\/\/www.fitt.com\/wp-content\/uploads\/2025\/09\/header_manutenzione-piscine-interrate.jpeg","contentUrl":"https:\/\/www.fitt.com\/wp-content\/uploads\/2025\/09\/header_manutenzione-piscine-interrate.jpeg"},{"@type":"BreadcrumbList","@id":"https:\/\/www.fitt.com\/es\/mantenimiento-de-las-piscinas-enterradas-como-ahorrar-en-costes\/#breadcrumb","itemListElement":[{"@type":"ListItem","position":1,"name":"Home","item":"https:\/\/www.fitt.com\/es\/"},{"@type":"ListItem","position":2,"name":"Mantenimiento de las piscinas enterradas, c\u00f3mo ahorrar en costes"}]},{"@type":"WebSite","@id":"https:\/\/www.fitt.com\/es\/#website","url":"https:\/\/www.fitt.com\/es\/","name":"FITT","description":"FITT Spa","publisher":{"@id":"https:\/\/www.fitt.com\/es\/#organization"},"potentialAction":[{"@type":"SearchAction","target":{"@type":"EntryPoint","urlTemplate":"https:\/\/www.fitt.com\/es\/?s={search_term_string}"},"query-input":{"@type":"PropertyValueSpecification","valueRequired":true,"valueName":"search_term_string"}}],"inLanguage":"es"},{"@type":"Organization","@id":"https:\/\/www.fitt.com\/es\/#organization","name":"Fitt SPA","url":"https:\/\/www.fitt.com\/es\/","logo":{"@type":"ImageObject","inLanguage":"es","@id":"https:\/\/www.fitt.com\/es\/#\/schema\/logo\/image\/","url":"https:\/\/www.fitt.com\/wp-content\/uploads\/2022\/05\/logo-light.png","contentUrl":"https:\/\/www.fitt.com\/wp-content\/uploads\/2022\/05\/logo-light.png","width":827,"height":508,"caption":"Fitt SPA"},"image":{"@id":"https:\/\/www.fitt.com\/es\/#\/schema\/logo\/image\/"}}]}},"_links":{"self":[{"href":"https:\/\/www.fitt.com\/es\/wp-json\/wp\/v2\/pages\/22390","targetHints":{"allow":["GET"]}}],"collection":[{"href":"https:\/\/www.fitt.com\/es\/wp-json\/wp\/v2\/pages"}],"about":[{"href":"https:\/\/www.fitt.com\/es\/wp-json\/wp\/v2\/types\/page"}],"author":[{"embeddable":true,"href":"https:\/\/www.fitt.com\/es\/wp-json\/wp\/v2\/users\/10"}],"replies":[{"embeddable":true,"href":"https:\/\/www.fitt.com\/es\/wp-json\/wp\/v2\/comments?post=22390"}],"version-history":[{"count":3,"href":"https:\/\/www.fitt.com\/es\/wp-json\/wp\/v2\/pages\/22390\/revisions"}],"predecessor-version":[{"id":22426,"href":"https:\/\/www.fitt.com\/es\/wp-json\/wp\/v2\/pages\/22390\/revisions\/22426"}],"wp:attachment":[{"href":"https:\/\/www.fitt.com\/es\/wp-json\/wp\/v2\/media?parent=22390"}],"curies":[{"name":"wp","href":"https:\/\/api.w.org\/{rel}","templated":true}]}}