{"id":22326,"date":"2025-09-01T11:19:18","date_gmt":"2025-09-01T09:19:18","guid":{"rendered":"https:\/\/www.fitt.com\/high-concentration-chlorine-resistance-tests\/"},"modified":"2025-09-01T11:52:17","modified_gmt":"2025-09-01T09:52:17","slug":"pruebas-de-resistencia-al-cloro-en-alta-concentracion","status":"publish","type":"page","link":"https:\/\/www.fitt.com\/es\/pruebas-de-resistencia-al-cloro-en-alta-concentracion\/","title":{"rendered":"Pruebas de resistencia al cloro en alta concentraci\u00f3n"},"content":{"rendered":"<h1 class=\"entry_title\">Pruebas de resistencia al cloro en alta concentraci\u00f3n<\/h1>\n<p><img decoding=\"async\" class=\"alignnone wp-image-22337 size-full\" src=\"https:\/\/www.fitt.com\/wp-content\/uploads\/2025\/09\/header-prove-resistenza-cloro.jpeg\" alt=\"\" width=\"100%\" srcset=\"https:\/\/www.fitt.com\/wp-content\/uploads\/2025\/09\/header-prove-resistenza-cloro.jpeg 1600w, https:\/\/www.fitt.com\/wp-content\/uploads\/2025\/09\/header-prove-resistenza-cloro-300x122.jpeg 300w, https:\/\/www.fitt.com\/wp-content\/uploads\/2025\/09\/header-prove-resistenza-cloro-768x312.jpeg 768w, https:\/\/www.fitt.com\/wp-content\/uploads\/2025\/09\/header-prove-resistenza-cloro-1536x624.jpeg 1536w, https:\/\/www.fitt.com\/wp-content\/uploads\/2025\/09\/header-prove-resistenza-cloro-400x163.jpeg 400w, https:\/\/www.fitt.com\/wp-content\/uploads\/2025\/09\/header-prove-resistenza-cloro-1200x488.jpeg 1200w, https:\/\/www.fitt.com\/wp-content\/uploads\/2025\/09\/header-prove-resistenza-cloro-600x244.jpeg 600w\" sizes=\"(max-width: 1600px) 100vw, 1600px\" \/><\/p>\n<p><strong>FITT<\/strong>\u00a0ha realizado pruebas de laboratorio para poder confirmar a nivel cient\u00edfico la comprobada resistencia de\u00a0<strong><a href=\"https:\/\/www.fitt.com\/es\/product\/fitt_bactive_flex\/\">FITT B-Active<\/a>\u00a0<\/strong>al cloro. Adem\u00e1s de la flexibilidad y el radio de curvatura especial, la resistencia al cloro es una de las mayores prestaciones de la manguera espiralada para piscinas enterradas.<\/p>\n<p>La ya patentada pel\u00edcula\u00a0<strong>CDS (Chlorine Defence System)<\/strong>\u00a0ofrece alta protecci\u00f3n contra el agua, incluso con alto contenido de cloro, y contra el ambiente \u00e1cido, garantizando la durabilidad.<\/p>\n<p>Para confirmar esta capacidad de FITT B-Active, el laboratorio de Investigaci\u00f3n y Desarrollo de FITT ha puesto a punto un m\u00e9todo de prueba que simula una situaci\u00f3n que acelera el proceso de envejecimiento y decaimiento de la manguera debido al contacto con el cloro en alta concentraci\u00f3n.<\/p>\n<p><strong>Durante 45 d\u00edas <a href=\"https:\/\/www.fitt.com\/es\/product\/fitt_bactive_flex\/\">FITT B-Active<\/a> permaneci\u00f3 en contacto con una soluci\u00f3n de agua y dicloroisocianurato 8 g\/l.\u00a0<\/strong>Esta concentraci\u00f3n supera en m\u00e1s de 500 veces la concentraci\u00f3n recomendada para un tratamiento de cloraci\u00f3n intensivo y 1.600 veces la concentraci\u00f3n recomendada para un tratamiento de mantenimiento.<\/p>\n<p>&nbsp;<\/p>\n<p><img loading=\"lazy\" decoding=\"async\" class=\"alignnone size-medium wp-image-22342\" src=\"https:\/\/www.fitt.com\/wp-content\/uploads\/2025\/09\/articolo_01-300x225.jpg\" alt=\"\" width=\"300\" height=\"225\" srcset=\"https:\/\/www.fitt.com\/wp-content\/uploads\/2025\/09\/articolo_01-300x225.jpg 300w, https:\/\/www.fitt.com\/wp-content\/uploads\/2025\/09\/articolo_01-768x576.jpg 768w, https:\/\/www.fitt.com\/wp-content\/uploads\/2025\/09\/articolo_01-400x300.jpg 400w, https:\/\/www.fitt.com\/wp-content\/uploads\/2025\/09\/articolo_01-800x600.jpg 800w, https:\/\/www.fitt.com\/wp-content\/uploads\/2025\/09\/articolo_01-600x450.jpg 600w, https:\/\/www.fitt.com\/wp-content\/uploads\/2025\/09\/articolo_01.jpg 1440w\" sizes=\"auto, (max-width: 300px) 100vw, 300px\" \/><\/p>\n<div class=\"vc_empty_space\"><strong>La prueba consiste en verter la soluci\u00f3n en tramos de manguera cerrados en los extremos con tapones de PVC encolados a la manguera<\/strong>. De este modo, la soluci\u00f3n agresiva entra en contacto solamente con el estrato interno de la manguera.<\/div>\n<p>&nbsp;<\/p>\n<div><img loading=\"lazy\" decoding=\"async\" class=\"alignnone size-medium wp-image-22347\" src=\"https:\/\/www.fitt.com\/wp-content\/uploads\/2025\/09\/articolo_02a-265x300.png\" alt=\"\" width=\"265\" height=\"300\" srcset=\"https:\/\/www.fitt.com\/wp-content\/uploads\/2025\/09\/articolo_02a-265x300.png 265w, https:\/\/www.fitt.com\/wp-content\/uploads\/2025\/09\/articolo_02a.png 352w\" sizes=\"auto, (max-width: 265px) 100vw, 265px\" \/> <img loading=\"lazy\" decoding=\"async\" class=\"alignnone size-medium wp-image-22352\" src=\"https:\/\/www.fitt.com\/wp-content\/uploads\/2025\/09\/articolo_02b-261x300.png\" alt=\"\" width=\"261\" height=\"300\" srcset=\"https:\/\/www.fitt.com\/wp-content\/uploads\/2025\/09\/articolo_02b-261x300.png 261w, https:\/\/www.fitt.com\/wp-content\/uploads\/2025\/09\/articolo_02b.png 352w\" sizes=\"auto, (max-width: 261px) 100vw, 261px\" \/><\/div>\n<div><em>FITT B-Active antes de la prueba y 15 d\u00edas despu\u00e9s<\/em><\/div>\n<p>&nbsp;<\/p>\n<div><strong>Durante los primeros 15 d\u00edas las mangueras estuvieron guardadas a una temperatura de aproximadamente 20\u00b0C<\/strong>, y los 30 d\u00edas siguientes fueron probadas a una temperatura m\u00e1xima de 40\u00b0C con exposici\u00f3n directa a la luz solar, para acelerar el desgaste.<\/div>\n<p>&nbsp;<\/p>\n<div><img loading=\"lazy\" decoding=\"async\" class=\"alignnone size-medium wp-image-22357\" src=\"https:\/\/www.fitt.com\/wp-content\/uploads\/2025\/09\/articolo_03-300x300.jpg\" alt=\"\" width=\"300\" height=\"300\" srcset=\"https:\/\/www.fitt.com\/wp-content\/uploads\/2025\/09\/articolo_03-300x300.jpg 300w, https:\/\/www.fitt.com\/wp-content\/uploads\/2025\/09\/articolo_03-150x150.jpg 150w, https:\/\/www.fitt.com\/wp-content\/uploads\/2025\/09\/articolo_03-400x400.jpg 400w, https:\/\/www.fitt.com\/wp-content\/uploads\/2025\/09\/articolo_03.jpg 500w\" sizes=\"auto, (max-width: 300px) 100vw, 300px\" \/><\/div>\n<div><em>FITT B-Active 45 d\u00edas despu\u00e9s<\/em><\/div>\n<p>&nbsp;<\/p>\n<div>Al finalizar los estudios, los resultados fueron muy positivos y mejores en comparaci\u00f3n con las mangueras tradicionales existentes en el mercado. M\u00e1s espec\u00edficamente,\u00a0<strong><a href=\"https:\/\/www.fitt.com\/es\/product\/fitt_bactive_flex\/\">FITT B-Active<\/a> no present\u00f3 signos de deterioro por los agentes qu\u00edmicos ni tampoco descoloraci\u00f3n<\/strong>, y el estrato interno se mantuvo inalterado.<\/div>\n","protected":false},"excerpt":{"rendered":"<p>Pruebas de resistencia al cloro en alta concentraci\u00f3n FITT\u00a0ha realizado pruebas de laboratorio para poder confirmar a nivel cient\u00edfico la comprobada resistencia de\u00a0FITT B-Active\u00a0al cloro. Adem\u00e1s de la flexibilidad y el radio de curvatura especial, la resistencia al cloro es una de las mayores prestaciones de la manguera espiralada para piscinas enterradas. La ya patentada [&hellip;]<\/p>\n","protected":false},"author":10,"featured_media":0,"parent":0,"menu_order":0,"comment_status":"closed","ping_status":"closed","template":"","meta":{"_acf_changed":false,"footnotes":""},"class_list":["post-22326","page","type-page","status-publish","hentry"],"acf":[],"yoast_head":"<!-- This site is optimized with the Yoast SEO Premium plugin v24.1 (Yoast SEO v27.3) - https:\/\/yoast.com\/product\/yoast-seo-premium-wordpress\/ -->\n<title>Pruebas de resistencia al cloro en alta concentraci\u00f3n - FITT<\/title>\n<meta name=\"robots\" content=\"index, follow, max-snippet:-1, max-image-preview:large, max-video-preview:-1\" \/>\n<link rel=\"canonical\" href=\"https:\/\/www.fitt.com\/es\/pruebas-de-resistencia-al-cloro-en-alta-concentracion\/\" \/>\n<meta property=\"og:locale\" content=\"es_ES\" \/>\n<meta property=\"og:type\" content=\"article\" \/>\n<meta property=\"og:title\" content=\"Pruebas de resistencia al cloro en alta concentraci\u00f3n\" \/>\n<meta property=\"og:description\" content=\"Pruebas de resistencia al cloro en alta concentraci\u00f3n FITT\u00a0ha realizado pruebas de laboratorio para poder confirmar a nivel cient\u00edfico la comprobada resistencia de\u00a0FITT B-Active\u00a0al cloro. Adem\u00e1s de la flexibilidad y el radio de curvatura especial, la resistencia al cloro es una de las mayores prestaciones de la manguera espiralada para piscinas enterradas. La ya patentada [&hellip;]\" \/>\n<meta property=\"og:url\" content=\"https:\/\/www.fitt.com\/es\/pruebas-de-resistencia-al-cloro-en-alta-concentracion\/\" \/>\n<meta property=\"og:site_name\" content=\"FITT\" \/>\n<meta property=\"article:modified_time\" content=\"2025-09-01T09:52:17+00:00\" \/>\n<meta property=\"og:image\" content=\"https:\/\/www.fitt.com\/wp-content\/uploads\/2025\/09\/header-prove-resistenza-cloro.jpeg\" \/>\n\t<meta property=\"og:image:width\" content=\"1600\" \/>\n\t<meta property=\"og:image:height\" content=\"650\" \/>\n\t<meta property=\"og:image:type\" content=\"image\/jpeg\" \/>\n<meta name=\"twitter:card\" content=\"summary_large_image\" \/>\n<meta name=\"twitter:label1\" content=\"Tiempo de lectura\" \/>\n\t<meta name=\"twitter:data1\" content=\"3 minutos\" \/>\n<script type=\"application\/ld+json\" class=\"yoast-schema-graph\">{\"@context\":\"https:\\\/\\\/schema.org\",\"@graph\":[{\"@type\":\"WebPage\",\"@id\":\"https:\\\/\\\/www.fitt.com\\\/es\\\/pruebas-de-resistencia-al-cloro-en-alta-concentracion\\\/\",\"url\":\"https:\\\/\\\/www.fitt.com\\\/es\\\/pruebas-de-resistencia-al-cloro-en-alta-concentracion\\\/\",\"name\":\"Pruebas de resistencia al cloro en alta concentraci\u00f3n - FITT\",\"isPartOf\":{\"@id\":\"https:\\\/\\\/www.fitt.com\\\/es\\\/#website\"},\"primaryImageOfPage\":{\"@id\":\"https:\\\/\\\/www.fitt.com\\\/es\\\/pruebas-de-resistencia-al-cloro-en-alta-concentracion\\\/#primaryimage\"},\"image\":{\"@id\":\"https:\\\/\\\/www.fitt.com\\\/es\\\/pruebas-de-resistencia-al-cloro-en-alta-concentracion\\\/#primaryimage\"},\"thumbnailUrl\":\"https:\\\/\\\/www.fitt.com\\\/wp-content\\\/uploads\\\/2025\\\/09\\\/header-prove-resistenza-cloro.jpeg\",\"datePublished\":\"2025-09-01T09:19:18+00:00\",\"dateModified\":\"2025-09-01T09:52:17+00:00\",\"breadcrumb\":{\"@id\":\"https:\\\/\\\/www.fitt.com\\\/es\\\/pruebas-de-resistencia-al-cloro-en-alta-concentracion\\\/#breadcrumb\"},\"inLanguage\":\"es\",\"potentialAction\":[{\"@type\":\"ReadAction\",\"target\":[\"https:\\\/\\\/www.fitt.com\\\/es\\\/pruebas-de-resistencia-al-cloro-en-alta-concentracion\\\/\"]}]},{\"@type\":\"ImageObject\",\"inLanguage\":\"es\",\"@id\":\"https:\\\/\\\/www.fitt.com\\\/es\\\/pruebas-de-resistencia-al-cloro-en-alta-concentracion\\\/#primaryimage\",\"url\":\"https:\\\/\\\/www.fitt.com\\\/wp-content\\\/uploads\\\/2025\\\/09\\\/header-prove-resistenza-cloro.jpeg\",\"contentUrl\":\"https:\\\/\\\/www.fitt.com\\\/wp-content\\\/uploads\\\/2025\\\/09\\\/header-prove-resistenza-cloro.jpeg\"},{\"@type\":\"BreadcrumbList\",\"@id\":\"https:\\\/\\\/www.fitt.com\\\/es\\\/pruebas-de-resistencia-al-cloro-en-alta-concentracion\\\/#breadcrumb\",\"itemListElement\":[{\"@type\":\"ListItem\",\"position\":1,\"name\":\"Home\",\"item\":\"https:\\\/\\\/www.fitt.com\\\/es\\\/\"},{\"@type\":\"ListItem\",\"position\":2,\"name\":\"Pruebas de resistencia al cloro en alta concentraci\u00f3n\"}]},{\"@type\":\"WebSite\",\"@id\":\"https:\\\/\\\/www.fitt.com\\\/es\\\/#website\",\"url\":\"https:\\\/\\\/www.fitt.com\\\/es\\\/\",\"name\":\"FITT\",\"description\":\"FITT Spa\",\"publisher\":{\"@id\":\"https:\\\/\\\/www.fitt.com\\\/es\\\/#organization\"},\"potentialAction\":[{\"@type\":\"SearchAction\",\"target\":{\"@type\":\"EntryPoint\",\"urlTemplate\":\"https:\\\/\\\/www.fitt.com\\\/es\\\/?s={search_term_string}\"},\"query-input\":{\"@type\":\"PropertyValueSpecification\",\"valueRequired\":true,\"valueName\":\"search_term_string\"}}],\"inLanguage\":\"es\"},{\"@type\":\"Organization\",\"@id\":\"https:\\\/\\\/www.fitt.com\\\/es\\\/#organization\",\"name\":\"Fitt SPA\",\"url\":\"https:\\\/\\\/www.fitt.com\\\/es\\\/\",\"logo\":{\"@type\":\"ImageObject\",\"inLanguage\":\"es\",\"@id\":\"https:\\\/\\\/www.fitt.com\\\/es\\\/#\\\/schema\\\/logo\\\/image\\\/\",\"url\":\"https:\\\/\\\/www.fitt.com\\\/wp-content\\\/uploads\\\/2022\\\/05\\\/logo-light.png\",\"contentUrl\":\"https:\\\/\\\/www.fitt.com\\\/wp-content\\\/uploads\\\/2022\\\/05\\\/logo-light.png\",\"width\":827,\"height\":508,\"caption\":\"Fitt SPA\"},\"image\":{\"@id\":\"https:\\\/\\\/www.fitt.com\\\/es\\\/#\\\/schema\\\/logo\\\/image\\\/\"}}]}<\/script>\n<!-- \/ Yoast SEO Premium plugin. -->","yoast_head_json":{"title":"Pruebas de resistencia al cloro en alta concentraci\u00f3n - FITT","robots":{"index":"index","follow":"follow","max-snippet":"max-snippet:-1","max-image-preview":"max-image-preview:large","max-video-preview":"max-video-preview:-1"},"canonical":"https:\/\/www.fitt.com\/es\/pruebas-de-resistencia-al-cloro-en-alta-concentracion\/","og_locale":"es_ES","og_type":"article","og_title":"Pruebas de resistencia al cloro en alta concentraci\u00f3n","og_description":"Pruebas de resistencia al cloro en alta concentraci\u00f3n FITT\u00a0ha realizado pruebas de laboratorio para poder confirmar a nivel cient\u00edfico la comprobada resistencia de\u00a0FITT B-Active\u00a0al cloro. Adem\u00e1s de la flexibilidad y el radio de curvatura especial, la resistencia al cloro es una de las mayores prestaciones de la manguera espiralada para piscinas enterradas. La ya patentada [&hellip;]","og_url":"https:\/\/www.fitt.com\/es\/pruebas-de-resistencia-al-cloro-en-alta-concentracion\/","og_site_name":"FITT","article_modified_time":"2025-09-01T09:52:17+00:00","og_image":[{"width":1600,"height":650,"url":"https:\/\/www.fitt.com\/wp-content\/uploads\/2025\/09\/header-prove-resistenza-cloro.jpeg","type":"image\/jpeg"}],"twitter_card":"summary_large_image","twitter_misc":{"Tiempo de lectura":"3 minutos"},"schema":{"@context":"https:\/\/schema.org","@graph":[{"@type":"WebPage","@id":"https:\/\/www.fitt.com\/es\/pruebas-de-resistencia-al-cloro-en-alta-concentracion\/","url":"https:\/\/www.fitt.com\/es\/pruebas-de-resistencia-al-cloro-en-alta-concentracion\/","name":"Pruebas de resistencia al cloro en alta concentraci\u00f3n - FITT","isPartOf":{"@id":"https:\/\/www.fitt.com\/es\/#website"},"primaryImageOfPage":{"@id":"https:\/\/www.fitt.com\/es\/pruebas-de-resistencia-al-cloro-en-alta-concentracion\/#primaryimage"},"image":{"@id":"https:\/\/www.fitt.com\/es\/pruebas-de-resistencia-al-cloro-en-alta-concentracion\/#primaryimage"},"thumbnailUrl":"https:\/\/www.fitt.com\/wp-content\/uploads\/2025\/09\/header-prove-resistenza-cloro.jpeg","datePublished":"2025-09-01T09:19:18+00:00","dateModified":"2025-09-01T09:52:17+00:00","breadcrumb":{"@id":"https:\/\/www.fitt.com\/es\/pruebas-de-resistencia-al-cloro-en-alta-concentracion\/#breadcrumb"},"inLanguage":"es","potentialAction":[{"@type":"ReadAction","target":["https:\/\/www.fitt.com\/es\/pruebas-de-resistencia-al-cloro-en-alta-concentracion\/"]}]},{"@type":"ImageObject","inLanguage":"es","@id":"https:\/\/www.fitt.com\/es\/pruebas-de-resistencia-al-cloro-en-alta-concentracion\/#primaryimage","url":"https:\/\/www.fitt.com\/wp-content\/uploads\/2025\/09\/header-prove-resistenza-cloro.jpeg","contentUrl":"https:\/\/www.fitt.com\/wp-content\/uploads\/2025\/09\/header-prove-resistenza-cloro.jpeg"},{"@type":"BreadcrumbList","@id":"https:\/\/www.fitt.com\/es\/pruebas-de-resistencia-al-cloro-en-alta-concentracion\/#breadcrumb","itemListElement":[{"@type":"ListItem","position":1,"name":"Home","item":"https:\/\/www.fitt.com\/es\/"},{"@type":"ListItem","position":2,"name":"Pruebas de resistencia al cloro en alta concentraci\u00f3n"}]},{"@type":"WebSite","@id":"https:\/\/www.fitt.com\/es\/#website","url":"https:\/\/www.fitt.com\/es\/","name":"FITT","description":"FITT Spa","publisher":{"@id":"https:\/\/www.fitt.com\/es\/#organization"},"potentialAction":[{"@type":"SearchAction","target":{"@type":"EntryPoint","urlTemplate":"https:\/\/www.fitt.com\/es\/?s={search_term_string}"},"query-input":{"@type":"PropertyValueSpecification","valueRequired":true,"valueName":"search_term_string"}}],"inLanguage":"es"},{"@type":"Organization","@id":"https:\/\/www.fitt.com\/es\/#organization","name":"Fitt SPA","url":"https:\/\/www.fitt.com\/es\/","logo":{"@type":"ImageObject","inLanguage":"es","@id":"https:\/\/www.fitt.com\/es\/#\/schema\/logo\/image\/","url":"https:\/\/www.fitt.com\/wp-content\/uploads\/2022\/05\/logo-light.png","contentUrl":"https:\/\/www.fitt.com\/wp-content\/uploads\/2022\/05\/logo-light.png","width":827,"height":508,"caption":"Fitt SPA"},"image":{"@id":"https:\/\/www.fitt.com\/es\/#\/schema\/logo\/image\/"}}]}},"_links":{"self":[{"href":"https:\/\/www.fitt.com\/es\/wp-json\/wp\/v2\/pages\/22326","targetHints":{"allow":["GET"]}}],"collection":[{"href":"https:\/\/www.fitt.com\/es\/wp-json\/wp\/v2\/pages"}],"about":[{"href":"https:\/\/www.fitt.com\/es\/wp-json\/wp\/v2\/types\/page"}],"author":[{"embeddable":true,"href":"https:\/\/www.fitt.com\/es\/wp-json\/wp\/v2\/users\/10"}],"replies":[{"embeddable":true,"href":"https:\/\/www.fitt.com\/es\/wp-json\/wp\/v2\/comments?post=22326"}],"version-history":[{"count":3,"href":"https:\/\/www.fitt.com\/es\/wp-json\/wp\/v2\/pages\/22326\/revisions"}],"predecessor-version":[{"id":22381,"href":"https:\/\/www.fitt.com\/es\/wp-json\/wp\/v2\/pages\/22326\/revisions\/22381"}],"wp:attachment":[{"href":"https:\/\/www.fitt.com\/es\/wp-json\/wp\/v2\/media?parent=22326"}],"curies":[{"name":"wp","href":"https:\/\/api.w.org\/{rel}","templated":true}]}}