{"id":22281,"date":"2025-09-01T10:03:58","date_gmt":"2025-09-01T08:03:58","guid":{"rendered":"https:\/\/www.fitt.com\/guide-for-the-perfect-bonding-of-swimming-pool-piping-systems-instructions-and-video\/"},"modified":"2025-09-01T10:56:31","modified_gmt":"2025-09-01T08:56:31","slug":"guia-para-un-pegado-perfecto-de-los-tubos-y-mangueras-de-la-piscina-instrucciones-y-video","status":"publish","type":"page","link":"https:\/\/www.fitt.com\/es\/guia-para-un-pegado-perfecto-de-los-tubos-y-mangueras-de-la-piscina-instrucciones-y-video\/","title":{"rendered":"Gu\u00eda para un pegado perfecto de los tubos y mangueras de la piscina: instrucciones y v\u00eddeo"},"content":{"rendered":"<h1 class=\"entry_title\">Gu\u00eda para un pegado perfecto de los tubos y mangueras de la piscina: instrucciones y v\u00eddeo<\/h1>\n<p><img decoding=\"async\" class=\"alignnone wp-image-22289 size-full\" src=\"https:\/\/www.fitt.com\/wp-content\/uploads\/2025\/09\/header-incollaggio-tubi-piscina.jpg\" alt=\"\" width=\"100%\" srcset=\"https:\/\/www.fitt.com\/wp-content\/uploads\/2025\/09\/header-incollaggio-tubi-piscina.jpg 1600w, https:\/\/www.fitt.com\/wp-content\/uploads\/2025\/09\/header-incollaggio-tubi-piscina-300x122.jpg 300w, https:\/\/www.fitt.com\/wp-content\/uploads\/2025\/09\/header-incollaggio-tubi-piscina-768x312.jpg 768w, https:\/\/www.fitt.com\/wp-content\/uploads\/2025\/09\/header-incollaggio-tubi-piscina-1536x624.jpg 1536w, https:\/\/www.fitt.com\/wp-content\/uploads\/2025\/09\/header-incollaggio-tubi-piscina-400x163.jpg 400w, https:\/\/www.fitt.com\/wp-content\/uploads\/2025\/09\/header-incollaggio-tubi-piscina-1200x488.jpg 1200w, https:\/\/www.fitt.com\/wp-content\/uploads\/2025\/09\/header-incollaggio-tubi-piscina-600x244.jpg 600w\" sizes=\"(max-width: 1600px) 100vw, 1600px\" \/><\/p>\n<p>En la construcci\u00f3n de instalaciones para piscinas enterradas, las tuber\u00edas juegan un papel fundamental: garantizan un\u00a0<strong>flujo constante de agua tratada con esterilizantes<\/strong>, soportan condiciones de mucho desgaste y prolongadas en el tiempo y\u00a0<strong>resisten los golpes debidos a desplazamientos inesperados<\/strong>.<\/p>\n<p>Por este motivo, es esencial la fase de pegado\u00a0<strong>que asegura la estanqueidad del circuito hidr\u00e1ulico<\/strong>.<\/p>\n<p>Estas sencillas instrucciones y el tutorial en v\u00eddeo le guiar\u00e1n en la ejecuci\u00f3n de un pegado impecable.<\/p>\n<p>Los tubos r\u00edgidos y las mangueras flexibles de piscina FITT B-Active est\u00e1n realizados con materias primas de alta calidad que crean una\u00a0<strong>adherencia total con las colas presentes en el mercado<\/strong>, sin dejar espacio a partes m\u00e1s fr\u00e1giles o d\u00e9biles en el sistema hidr\u00e1ulico.<\/p>\n<p><strong>La actividad de pegado\u00a0<\/strong>requiere algunos pasos preliminares que son fundamentales:<\/p>\n<ul>\n<li>en primer lugar, los tubos y las mangueras deben cortarse con\u00a0<strong>un \u00e1ngulo adecuado<\/strong>;<\/li>\n<li>en segundo lugar,\u00a0<strong>el extremo interior debe lijarse<\/strong>, y el exterior\u00a0<strong>biselarse<\/strong>. De esta manera, la cola se pegar\u00e1 a la superficie del tubo o manguera sin desplazarse hacia fuera.<\/li>\n<\/ul>\n<p>Antes de pasar a la aplicaci\u00f3n de la cola, es necesario\u00a0<strong>limpiar con un solvente para PVC las secciones de los tubos o mangueras<\/strong>\u00a0que se pegar\u00e1n, para que la cola pueda fraguar en las dos partes.<\/p>\n<p><strong>La cola debe aplicarse con rapidez en toda la superficie de las dos partes que se quieren unir<\/strong>. Despu\u00e9s de haber empujado las dos partes una dentro de la otra, puede salir algo de cola, que se elimina f\u00e1cilmente del tubo o manguera con papel absorbente.<\/p>\n<p>Es importante que despu\u00e9s del pegado los tubos y las mangueras y los racores permanezcan en la posici\u00f3n adecuada durante el tiempo indicado en el envase de la cola.<\/p>\n<p>Puedes ver el breve tutorial de un correcto pegado entre la manguera <a href=\"https:\/\/www.fitt.com\/es\/product\/fitt_bactive_flex\/\">FITT B-Active Flex<\/a> y el tubo <a href=\"https:\/\/www.fitt.com\/es\/product\/fitt_bactive_rigid\/\">FITT B-Active Rigid<\/a>.<\/p>\n<p>&nbsp;<\/p>\n<p><iframe loading=\"lazy\" id=\"fimud\" src=\"https:\/\/fitt-cdn.thron.com\/shared\/plugins\/embed\/current\/fitt\/107a68d9-5592-4043-8be3-1a41c58518a3\/ipaiv5\" width=\"100%\" height=\"450px\" frameborder=\"0\" scrolling=\"no\" allowfullscreen=\"allowfullscreen\"><\/iframe><\/p>\n","protected":false},"excerpt":{"rendered":"<p>Gu\u00eda para un pegado perfecto de los tubos y mangueras de la piscina: instrucciones y v\u00eddeo En la construcci\u00f3n de instalaciones para piscinas enterradas, las tuber\u00edas juegan un papel fundamental: garantizan un\u00a0flujo constante de agua tratada con esterilizantes, soportan condiciones de mucho desgaste y prolongadas en el tiempo y\u00a0resisten los golpes debidos a desplazamientos inesperados. [&hellip;]<\/p>\n","protected":false},"author":10,"featured_media":0,"parent":0,"menu_order":0,"comment_status":"closed","ping_status":"closed","template":"","meta":{"_acf_changed":false,"footnotes":""},"class_list":["post-22281","page","type-page","status-publish","hentry"],"acf":[],"yoast_head":"<!-- This site is optimized with the Yoast SEO Premium plugin v24.1 (Yoast SEO v27.3) - https:\/\/yoast.com\/product\/yoast-seo-premium-wordpress\/ -->\n<title>Gu\u00eda para un pegado perfecto de los tubos y mangueras de la piscina: instrucciones y v\u00eddeo - FITT<\/title>\n<meta name=\"robots\" content=\"index, follow, max-snippet:-1, max-image-preview:large, max-video-preview:-1\" \/>\n<link rel=\"canonical\" href=\"https:\/\/www.fitt.com\/es\/guia-para-un-pegado-perfecto-de-los-tubos-y-mangueras-de-la-piscina-instrucciones-y-video\/\" \/>\n<meta property=\"og:locale\" content=\"es_ES\" \/>\n<meta property=\"og:type\" content=\"article\" \/>\n<meta property=\"og:title\" content=\"Gu\u00eda para un pegado perfecto de los tubos y mangueras de la piscina: instrucciones y v\u00eddeo\" \/>\n<meta property=\"og:description\" content=\"Gu\u00eda para un pegado perfecto de los tubos y mangueras de la piscina: instrucciones y v\u00eddeo En la construcci\u00f3n de instalaciones para piscinas enterradas, las tuber\u00edas juegan un papel fundamental: garantizan un\u00a0flujo constante de agua tratada con esterilizantes, soportan condiciones de mucho desgaste y prolongadas en el tiempo y\u00a0resisten los golpes debidos a desplazamientos inesperados. [&hellip;]\" \/>\n<meta property=\"og:url\" content=\"https:\/\/www.fitt.com\/es\/guia-para-un-pegado-perfecto-de-los-tubos-y-mangueras-de-la-piscina-instrucciones-y-video\/\" \/>\n<meta property=\"og:site_name\" content=\"FITT\" \/>\n<meta property=\"article:modified_time\" content=\"2025-09-01T08:56:31+00:00\" \/>\n<meta property=\"og:image\" content=\"https:\/\/www.fitt.com\/wp-content\/uploads\/2025\/09\/header-incollaggio-tubi-piscina.jpg\" \/>\n\t<meta property=\"og:image:width\" content=\"1600\" \/>\n\t<meta property=\"og:image:height\" content=\"650\" \/>\n\t<meta property=\"og:image:type\" content=\"image\/jpeg\" \/>\n<meta name=\"twitter:card\" content=\"summary_large_image\" \/>\n<meta name=\"twitter:label1\" content=\"Tiempo de lectura\" \/>\n\t<meta name=\"twitter:data1\" content=\"2 minutos\" \/>\n<script type=\"application\/ld+json\" class=\"yoast-schema-graph\">{\"@context\":\"https:\\\/\\\/schema.org\",\"@graph\":[{\"@type\":\"WebPage\",\"@id\":\"https:\\\/\\\/www.fitt.com\\\/es\\\/guia-para-un-pegado-perfecto-de-los-tubos-y-mangueras-de-la-piscina-instrucciones-y-video\\\/\",\"url\":\"https:\\\/\\\/www.fitt.com\\\/es\\\/guia-para-un-pegado-perfecto-de-los-tubos-y-mangueras-de-la-piscina-instrucciones-y-video\\\/\",\"name\":\"Gu\u00eda para un pegado perfecto de los tubos y mangueras de la piscina: instrucciones y v\u00eddeo - FITT\",\"isPartOf\":{\"@id\":\"https:\\\/\\\/www.fitt.com\\\/es\\\/#website\"},\"primaryImageOfPage\":{\"@id\":\"https:\\\/\\\/www.fitt.com\\\/es\\\/guia-para-un-pegado-perfecto-de-los-tubos-y-mangueras-de-la-piscina-instrucciones-y-video\\\/#primaryimage\"},\"image\":{\"@id\":\"https:\\\/\\\/www.fitt.com\\\/es\\\/guia-para-un-pegado-perfecto-de-los-tubos-y-mangueras-de-la-piscina-instrucciones-y-video\\\/#primaryimage\"},\"thumbnailUrl\":\"https:\\\/\\\/www.fitt.com\\\/wp-content\\\/uploads\\\/2025\\\/09\\\/header-incollaggio-tubi-piscina.jpg\",\"datePublished\":\"2025-09-01T08:03:58+00:00\",\"dateModified\":\"2025-09-01T08:56:31+00:00\",\"breadcrumb\":{\"@id\":\"https:\\\/\\\/www.fitt.com\\\/es\\\/guia-para-un-pegado-perfecto-de-los-tubos-y-mangueras-de-la-piscina-instrucciones-y-video\\\/#breadcrumb\"},\"inLanguage\":\"es\",\"potentialAction\":[{\"@type\":\"ReadAction\",\"target\":[\"https:\\\/\\\/www.fitt.com\\\/es\\\/guia-para-un-pegado-perfecto-de-los-tubos-y-mangueras-de-la-piscina-instrucciones-y-video\\\/\"]}]},{\"@type\":\"ImageObject\",\"inLanguage\":\"es\",\"@id\":\"https:\\\/\\\/www.fitt.com\\\/es\\\/guia-para-un-pegado-perfecto-de-los-tubos-y-mangueras-de-la-piscina-instrucciones-y-video\\\/#primaryimage\",\"url\":\"https:\\\/\\\/www.fitt.com\\\/wp-content\\\/uploads\\\/2025\\\/09\\\/header-incollaggio-tubi-piscina.jpg\",\"contentUrl\":\"https:\\\/\\\/www.fitt.com\\\/wp-content\\\/uploads\\\/2025\\\/09\\\/header-incollaggio-tubi-piscina.jpg\"},{\"@type\":\"BreadcrumbList\",\"@id\":\"https:\\\/\\\/www.fitt.com\\\/es\\\/guia-para-un-pegado-perfecto-de-los-tubos-y-mangueras-de-la-piscina-instrucciones-y-video\\\/#breadcrumb\",\"itemListElement\":[{\"@type\":\"ListItem\",\"position\":1,\"name\":\"Home\",\"item\":\"https:\\\/\\\/www.fitt.com\\\/es\\\/\"},{\"@type\":\"ListItem\",\"position\":2,\"name\":\"Gu\u00eda para un pegado perfecto de los tubos y mangueras de la piscina: instrucciones y v\u00eddeo\"}]},{\"@type\":\"WebSite\",\"@id\":\"https:\\\/\\\/www.fitt.com\\\/es\\\/#website\",\"url\":\"https:\\\/\\\/www.fitt.com\\\/es\\\/\",\"name\":\"FITT\",\"description\":\"FITT Spa\",\"publisher\":{\"@id\":\"https:\\\/\\\/www.fitt.com\\\/es\\\/#organization\"},\"potentialAction\":[{\"@type\":\"SearchAction\",\"target\":{\"@type\":\"EntryPoint\",\"urlTemplate\":\"https:\\\/\\\/www.fitt.com\\\/es\\\/?s={search_term_string}\"},\"query-input\":{\"@type\":\"PropertyValueSpecification\",\"valueRequired\":true,\"valueName\":\"search_term_string\"}}],\"inLanguage\":\"es\"},{\"@type\":\"Organization\",\"@id\":\"https:\\\/\\\/www.fitt.com\\\/es\\\/#organization\",\"name\":\"Fitt SPA\",\"url\":\"https:\\\/\\\/www.fitt.com\\\/es\\\/\",\"logo\":{\"@type\":\"ImageObject\",\"inLanguage\":\"es\",\"@id\":\"https:\\\/\\\/www.fitt.com\\\/es\\\/#\\\/schema\\\/logo\\\/image\\\/\",\"url\":\"https:\\\/\\\/www.fitt.com\\\/wp-content\\\/uploads\\\/2022\\\/05\\\/logo-light.png\",\"contentUrl\":\"https:\\\/\\\/www.fitt.com\\\/wp-content\\\/uploads\\\/2022\\\/05\\\/logo-light.png\",\"width\":827,\"height\":508,\"caption\":\"Fitt SPA\"},\"image\":{\"@id\":\"https:\\\/\\\/www.fitt.com\\\/es\\\/#\\\/schema\\\/logo\\\/image\\\/\"}}]}<\/script>\n<!-- \/ Yoast SEO Premium plugin. -->","yoast_head_json":{"title":"Gu\u00eda para un pegado perfecto de los tubos y mangueras de la piscina: instrucciones y v\u00eddeo - FITT","robots":{"index":"index","follow":"follow","max-snippet":"max-snippet:-1","max-image-preview":"max-image-preview:large","max-video-preview":"max-video-preview:-1"},"canonical":"https:\/\/www.fitt.com\/es\/guia-para-un-pegado-perfecto-de-los-tubos-y-mangueras-de-la-piscina-instrucciones-y-video\/","og_locale":"es_ES","og_type":"article","og_title":"Gu\u00eda para un pegado perfecto de los tubos y mangueras de la piscina: instrucciones y v\u00eddeo","og_description":"Gu\u00eda para un pegado perfecto de los tubos y mangueras de la piscina: instrucciones y v\u00eddeo En la construcci\u00f3n de instalaciones para piscinas enterradas, las tuber\u00edas juegan un papel fundamental: garantizan un\u00a0flujo constante de agua tratada con esterilizantes, soportan condiciones de mucho desgaste y prolongadas en el tiempo y\u00a0resisten los golpes debidos a desplazamientos inesperados. [&hellip;]","og_url":"https:\/\/www.fitt.com\/es\/guia-para-un-pegado-perfecto-de-los-tubos-y-mangueras-de-la-piscina-instrucciones-y-video\/","og_site_name":"FITT","article_modified_time":"2025-09-01T08:56:31+00:00","og_image":[{"width":1600,"height":650,"url":"https:\/\/www.fitt.com\/wp-content\/uploads\/2025\/09\/header-incollaggio-tubi-piscina.jpg","type":"image\/jpeg"}],"twitter_card":"summary_large_image","twitter_misc":{"Tiempo de lectura":"2 minutos"},"schema":{"@context":"https:\/\/schema.org","@graph":[{"@type":"WebPage","@id":"https:\/\/www.fitt.com\/es\/guia-para-un-pegado-perfecto-de-los-tubos-y-mangueras-de-la-piscina-instrucciones-y-video\/","url":"https:\/\/www.fitt.com\/es\/guia-para-un-pegado-perfecto-de-los-tubos-y-mangueras-de-la-piscina-instrucciones-y-video\/","name":"Gu\u00eda para un pegado perfecto de los tubos y mangueras de la piscina: instrucciones y v\u00eddeo - FITT","isPartOf":{"@id":"https:\/\/www.fitt.com\/es\/#website"},"primaryImageOfPage":{"@id":"https:\/\/www.fitt.com\/es\/guia-para-un-pegado-perfecto-de-los-tubos-y-mangueras-de-la-piscina-instrucciones-y-video\/#primaryimage"},"image":{"@id":"https:\/\/www.fitt.com\/es\/guia-para-un-pegado-perfecto-de-los-tubos-y-mangueras-de-la-piscina-instrucciones-y-video\/#primaryimage"},"thumbnailUrl":"https:\/\/www.fitt.com\/wp-content\/uploads\/2025\/09\/header-incollaggio-tubi-piscina.jpg","datePublished":"2025-09-01T08:03:58+00:00","dateModified":"2025-09-01T08:56:31+00:00","breadcrumb":{"@id":"https:\/\/www.fitt.com\/es\/guia-para-un-pegado-perfecto-de-los-tubos-y-mangueras-de-la-piscina-instrucciones-y-video\/#breadcrumb"},"inLanguage":"es","potentialAction":[{"@type":"ReadAction","target":["https:\/\/www.fitt.com\/es\/guia-para-un-pegado-perfecto-de-los-tubos-y-mangueras-de-la-piscina-instrucciones-y-video\/"]}]},{"@type":"ImageObject","inLanguage":"es","@id":"https:\/\/www.fitt.com\/es\/guia-para-un-pegado-perfecto-de-los-tubos-y-mangueras-de-la-piscina-instrucciones-y-video\/#primaryimage","url":"https:\/\/www.fitt.com\/wp-content\/uploads\/2025\/09\/header-incollaggio-tubi-piscina.jpg","contentUrl":"https:\/\/www.fitt.com\/wp-content\/uploads\/2025\/09\/header-incollaggio-tubi-piscina.jpg"},{"@type":"BreadcrumbList","@id":"https:\/\/www.fitt.com\/es\/guia-para-un-pegado-perfecto-de-los-tubos-y-mangueras-de-la-piscina-instrucciones-y-video\/#breadcrumb","itemListElement":[{"@type":"ListItem","position":1,"name":"Home","item":"https:\/\/www.fitt.com\/es\/"},{"@type":"ListItem","position":2,"name":"Gu\u00eda para un pegado perfecto de los tubos y mangueras de la piscina: instrucciones y v\u00eddeo"}]},{"@type":"WebSite","@id":"https:\/\/www.fitt.com\/es\/#website","url":"https:\/\/www.fitt.com\/es\/","name":"FITT","description":"FITT Spa","publisher":{"@id":"https:\/\/www.fitt.com\/es\/#organization"},"potentialAction":[{"@type":"SearchAction","target":{"@type":"EntryPoint","urlTemplate":"https:\/\/www.fitt.com\/es\/?s={search_term_string}"},"query-input":{"@type":"PropertyValueSpecification","valueRequired":true,"valueName":"search_term_string"}}],"inLanguage":"es"},{"@type":"Organization","@id":"https:\/\/www.fitt.com\/es\/#organization","name":"Fitt SPA","url":"https:\/\/www.fitt.com\/es\/","logo":{"@type":"ImageObject","inLanguage":"es","@id":"https:\/\/www.fitt.com\/es\/#\/schema\/logo\/image\/","url":"https:\/\/www.fitt.com\/wp-content\/uploads\/2022\/05\/logo-light.png","contentUrl":"https:\/\/www.fitt.com\/wp-content\/uploads\/2022\/05\/logo-light.png","width":827,"height":508,"caption":"Fitt SPA"},"image":{"@id":"https:\/\/www.fitt.com\/es\/#\/schema\/logo\/image\/"}}]}},"_links":{"self":[{"href":"https:\/\/www.fitt.com\/es\/wp-json\/wp\/v2\/pages\/22281","targetHints":{"allow":["GET"]}}],"collection":[{"href":"https:\/\/www.fitt.com\/es\/wp-json\/wp\/v2\/pages"}],"about":[{"href":"https:\/\/www.fitt.com\/es\/wp-json\/wp\/v2\/types\/page"}],"author":[{"embeddable":true,"href":"https:\/\/www.fitt.com\/es\/wp-json\/wp\/v2\/users\/10"}],"replies":[{"embeddable":true,"href":"https:\/\/www.fitt.com\/es\/wp-json\/wp\/v2\/comments?post=22281"}],"version-history":[{"count":3,"href":"https:\/\/www.fitt.com\/es\/wp-json\/wp\/v2\/pages\/22281\/revisions"}],"predecessor-version":[{"id":22320,"href":"https:\/\/www.fitt.com\/es\/wp-json\/wp\/v2\/pages\/22281\/revisions\/22320"}],"wp:attachment":[{"href":"https:\/\/www.fitt.com\/es\/wp-json\/wp\/v2\/media?parent=22281"}],"curies":[{"name":"wp","href":"https:\/\/api.w.org\/{rel}","templated":true}]}}