{"id":22207,"date":"2025-08-28T15:38:54","date_gmt":"2025-08-28T13:38:54","guid":{"rendered":"https:\/\/www.fitt.com\/systems-for-in-ground-pools-why-hoses-are-so-important\/"},"modified":"2025-08-28T16:56:43","modified_gmt":"2025-08-28T14:56:43","slug":"instalaciones-para-piscinas-enterradas-por-que-las-mangueras-son-tan-importantes","status":"publish","type":"page","link":"https:\/\/www.fitt.com\/es\/instalaciones-para-piscinas-enterradas-por-que-las-mangueras-son-tan-importantes\/","title":{"rendered":"Instalaciones para piscinas enterradas: por qu\u00e9 las mangueras son tan importantes"},"content":{"rendered":"<h1 class=\"entry_title\">Instalaciones para piscinas enterradas: por qu\u00e9 las mangueras son tan importantes<\/h1>\n<p><img decoding=\"async\" class=\"alignnone wp-image-22217 size-full\" src=\"https:\/\/www.fitt.com\/wp-content\/uploads\/2025\/08\/header-impianti-piscine-interrate.jpeg\" alt=\"header-impianti-piscine-interrate\" width=\"100%\" srcset=\"https:\/\/www.fitt.com\/wp-content\/uploads\/2025\/08\/header-impianti-piscine-interrate.jpeg 1100w, https:\/\/www.fitt.com\/wp-content\/uploads\/2025\/08\/header-impianti-piscine-interrate-300x169.jpeg 300w, https:\/\/www.fitt.com\/wp-content\/uploads\/2025\/08\/header-impianti-piscine-interrate-768x432.jpeg 768w, https:\/\/www.fitt.com\/wp-content\/uploads\/2025\/08\/header-impianti-piscine-interrate-400x225.jpeg 400w, https:\/\/www.fitt.com\/wp-content\/uploads\/2025\/08\/header-impianti-piscine-interrate-1066x600.jpeg 1066w, https:\/\/www.fitt.com\/wp-content\/uploads\/2025\/08\/header-impianti-piscine-interrate-600x338.jpeg 600w\" sizes=\"(max-width: 1100px) 100vw, 1100px\" \/><\/p>\n<div class=\"wpb_text_column wpb_content_element \">\n<div class=\"wpb_wrapper\">\n<p>En la realizaci\u00f3n de las\u00a0<strong>instalaciones para piscinas enterradas<\/strong>\u00a0las mangueras desempe\u00f1an un papel fundamental. Adem\u00e1s de garantizar un flujo de agua esterilizada constante, deben resistir una\u00a0<strong>doble agresi\u00f3n<\/strong>\u00a0\u2013prolongada\u2013 de tipo mec\u00e1nico y qu\u00edmico.<\/p>\n<p>Este doble ataque cotidiano, multiplicado por d\u00e9cadas, pone a dura prueba todas las partes que componen las piscinas enterradas, especialmente los conductos h\u00eddricos. Las mangueras en mal estado implican\u00a0<strong>p\u00e9rdidas de agua<\/strong>. Si nos ponemos en manos de revendedores e instaladores especializados que utilizan productos de calidad, no tendremos que preocuparnos por trabajos de mantenimiento costosos.<\/p>\n<p>\u00bfExisten en el mercado mangueras resistentes a esfuerzos qu\u00edmicos y mec\u00e1nicos? \u00bfCu\u00e1les son los principales da\u00f1os que pueden sufrir las mangueras para piscina? Si no quieres llevarte sorpresas desagradables una vez terminada la piscina, sigue leyendo.<\/p>\n<p>&nbsp;<\/p>\n<h2>Los principales problemas de las instalaciones para piscinas enterradas: si los conoces, los evitas<\/h2>\n<p>Las instalaciones para piscinas enterradas mal gestionadas pueden reservar sorpresas muy desagradables. Para orientarnos entre la gran variedad de mangueras existentes en el comercio, tenemos que saber cu\u00e1les son los\u00a0<strong>principales da\u00f1os<\/strong>\u00a0que puede sufrir una\u00a0<strong>manguera para piscina<\/strong>. Generalmente los principales problemas tienen que ver con:<\/p>\n<ul>\n<li>presiones mec\u00e1nicas<\/li>\n<li>agresiones qu\u00edmicas<\/li>\n<li>laceraciones debidas a los desplazamientos causados por el asentamiento de la instalaci\u00f3n<\/li>\n<\/ul>\n<p>Las macro categor\u00edas antedichas resumen las posibles causas que determinan el deterioro de las mangueras utilizadas com\u00fanmente en las instalaciones para piscinas enterradas. Por esta raz\u00f3n,\u00a0<strong>FITT<\/strong>, empresa especializada en la producci\u00f3n de mangueras de PVC y otros materiales termopl\u00e1sticos, ha logrado mejorar los ya \u00f3ptimos resultados obtenidos hasta hoy desarrollando una innovadora manguera llamada\u00a0<a href=\"https:\/\/www.fitt.com\/es\/product\/fitt_bactive_flex\/\"><strong>FITT B-ACTIVE<\/strong><\/a>,\u00a0que garantiza:<\/p>\n<ul>\n<li>una soluci\u00f3n a los da\u00f1os com\u00fanmente sufridos por las tuberias para piscinas<\/li>\n<li>una larga duraci\u00f3n de toda la instalaci\u00f3n de las piscinas enterradas<\/li>\n<li>un importante ahorro en gastos de mantenimiento<\/li>\n<li>una gesti\u00f3n serena de la piscina enterrada<\/li>\n<\/ul>\n<p>Estos resultados se han logrado gracias a estrictas pruebas realizadas en laboratorio con la colaboraci\u00f3n de la\u00a0<a href=\"http:\/\/www.gest.unipd.it\/\" target=\"_blank\" rel=\"noopener noreferrer\">Universidad de Padua \u2013 Sede de Vicenza \u2013 Departamento de T\u00e9cnica y Gesti\u00f3n de sistemas industriales (DTG)<\/a>.<\/p>\n<p>&nbsp;<\/p>\n<h2>Las ventajas de la manguera de PVC flexible espiral\u00a0<a href=\"https:\/\/www.fitt.com\/es\/product\/fitt_bactive_flex\/\">FITT B-ACTIVE<\/a>: los resultados de las pruebas<\/h2>\n<p>Se han reproducido en laboratorio todas las condiciones de esfuerzo a las que generalmente se ven sometidas las mangueras de las instalaciones para piscinas enterradas.<\/p>\n<p>Los excepcionales resultados obtenidos est\u00e1n protegidos por la exclusiva\u00a0<strong>tecnolog\u00eda D-Shape<\/strong>\u00a0(patente en tr\u00e1mite), una estructura innovadora que potencia la prestaci\u00f3n de resistencia de la manguera al aplastamiento por peso y asegura una larga vida a toda la instalaci\u00f3n.<\/p>\n<p>Veamos las pruebas detalladamente:<\/p>\n<\/div>\n<\/div>\n<p><img loading=\"lazy\" decoding=\"async\" class=\"wp-image-22223 size-full alignnone\" src=\"https:\/\/www.fitt.com\/wp-content\/uploads\/2025\/08\/article-test-rigidita.jpeg\" alt=\"article-test-rigidita\" width=\"661\" height=\"585\" srcset=\"https:\/\/www.fitt.com\/wp-content\/uploads\/2025\/08\/article-test-rigidita.jpeg 661w, https:\/\/www.fitt.com\/wp-content\/uploads\/2025\/08\/article-test-rigidita-300x266.jpeg 300w, https:\/\/www.fitt.com\/wp-content\/uploads\/2025\/08\/article-test-rigidita-400x354.jpeg 400w, https:\/\/www.fitt.com\/wp-content\/uploads\/2025\/08\/article-test-rigidita-600x531.jpeg 600w\" sizes=\"auto, (max-width: 661px) 100vw, 661px\" \/><\/p>\n<p><strong>Prueba de rigidez anular<\/strong><\/p>\n<p>La prueba de rigidez anular simula la resistencia de las mangueras al peso del terreno. Como se puede ver en el gr\u00e1fico, al aumentar la fuerza ejercida, la nueva manguera <a href=\"https:\/\/www.fitt.com\/es\/product\/fitt_bactive_flex\/\">FITT B-ACTIVE<\/a> (color verde) opone una elevada resistencia a la deformaci\u00f3n, con un\u00a0<strong>incremento del 60%<\/strong>\u00a0respecto de las soluciones existentes en el mercado.\u00a0<strong>Prueba realizada en conformidad con UNI EN ISO 9969<\/strong>.<\/p>\n<p>&nbsp;<\/p>\n<p><img loading=\"lazy\" decoding=\"async\" class=\"alignnone wp-image-22232 size-full\" src=\"https:\/\/www.fitt.com\/wp-content\/uploads\/2025\/08\/article-test-raggio-di-curvatura.jpeg\" alt=\"article-test-raggio-di-curvatura\" width=\"629\" height=\"466\" srcset=\"https:\/\/www.fitt.com\/wp-content\/uploads\/2025\/08\/article-test-raggio-di-curvatura.jpeg 629w, https:\/\/www.fitt.com\/wp-content\/uploads\/2025\/08\/article-test-raggio-di-curvatura-300x222.jpeg 300w, https:\/\/www.fitt.com\/wp-content\/uploads\/2025\/08\/article-test-raggio-di-curvatura-400x296.jpeg 400w, https:\/\/www.fitt.com\/wp-content\/uploads\/2025\/08\/article-test-raggio-di-curvatura-600x445.jpeg 600w\" sizes=\"auto, (max-width: 629px) 100vw, 629px\" \/><\/p>\n<p><strong>Prueba del radio de curvatura<br \/>\n<\/strong><br \/>\nLa prueba del radio de curvatura demuestra cu\u00e1nto puede plegarse la manguera para piscina antes de la rotura. Este dato es de gran valor, ya que indica en qu\u00e9 medida la instalaci\u00f3n es r\u00e1pida y sencilla cuando las mangueras presentan un radio de curvatura muy bajo.<\/p>\n<p>Del gr\u00e1fico se deduce que, al aumentar la deformaci\u00f3n anular, <a href=\"https:\/\/www.fitt.com\/es\/product\/fitt_bactive_flex\/\">FITT B-ACTIVE<\/a> (color verde) resulta mucho m\u00e1s resistente que las soluciones existentes en el mercado.\u00a0<strong>Prueba realizada en conformidad con EN ISO 10619-1<\/strong>.<\/p>\n<p>&nbsp;<\/p>\n<p><img loading=\"lazy\" decoding=\"async\" class=\"alignnone wp-image-22237 size-full\" src=\"https:\/\/www.fitt.com\/wp-content\/uploads\/2025\/08\/article-test-forza-adesiva.jpeg\" alt=\"\" width=\"585\" height=\"420\" srcset=\"https:\/\/www.fitt.com\/wp-content\/uploads\/2025\/08\/article-test-forza-adesiva.jpeg 585w, https:\/\/www.fitt.com\/wp-content\/uploads\/2025\/08\/article-test-forza-adesiva-300x215.jpeg 300w, https:\/\/www.fitt.com\/wp-content\/uploads\/2025\/08\/article-test-forza-adesiva-400x287.jpeg 400w\" sizes=\"auto, (max-width: 585px) 100vw, 585px\" \/><\/p>\n<p><strong>Prueba de fuerza adhesiva<\/strong><\/p>\n<p>El gr\u00e1fico aclara cu\u00e1l es la\u00a0<strong>fuerza adhesiva<\/strong>\u00a0entre los distintos elementos que constituyen la manguera. Cuanto m\u00e1s alto sea el valor que indica la fuerza adhesiva, m\u00e1s eficaz ser\u00e1 la resistencia a los micromovimientos de asentamiento y a las variaciones de presi\u00f3n que se generan durante la vida operativa de la instalaci\u00f3n.<\/p>\n<p>Gracias al empleo de PVC de alta calidad, la\u00a0<strong>nueva manguera Fitt<\/strong>\u00a0(color verde) ofrece un\u00a0<strong>\u00edndice de cohesi\u00f3n que es un 50% superior<\/strong>\u00a0al existente actualmente en el comercio, con un considerable incremento de la presi\u00f3n de ejercicio y de explosi\u00f3n.<\/p>\n<p>&nbsp;<\/p>\n<p><img loading=\"lazy\" decoding=\"async\" class=\"alignnone wp-image-22242 size-full\" src=\"https:\/\/www.fitt.com\/wp-content\/uploads\/2025\/08\/article-test-chimico.jpeg\" alt=\"\" width=\"594\" height=\"430\" srcset=\"https:\/\/www.fitt.com\/wp-content\/uploads\/2025\/08\/article-test-chimico.jpeg 594w, https:\/\/www.fitt.com\/wp-content\/uploads\/2025\/08\/article-test-chimico-300x217.jpeg 300w, https:\/\/www.fitt.com\/wp-content\/uploads\/2025\/08\/article-test-chimico-400x290.jpeg 400w\" sizes=\"auto, (max-width: 594px) 100vw, 594px\" \/><\/p>\n<p><strong>Prueba de resistencia qu\u00edmica<\/strong><\/p>\n<p>Las im\u00e1genes muestran c\u00f3mo\u00a0<strong>el cloro y el ambiente \u00e1cido<\/strong>\u00a0agreden la superficie de las mangueras de PVC comunes. La superficie de la nueva manguera <a href=\"https:\/\/www.fitt.com\/es\/product\/fitt_bactive_flex\/\">FITT B-ACTIVE<\/a> se mantiene lisa y homog\u00e9nea.<\/p>\n<p>Esto es posible gracias a una\u00a0<strong>pel\u00edcula protectora<\/strong>\u00a0interna de nueva concepci\u00f3n, color\u00a0<strong>verde<\/strong>,\u00a0mejorada y potenciada, apta para proteger los conductos contra el cloro y el ambiente \u00e1cido que se crea. Una\u00a0<strong>doble protecci\u00f3n segura<\/strong>\u00a0y\u00a0<strong>patentada<\/strong> contra el ataque qu\u00edmico.<\/p>\n<p>&nbsp;<\/p>\n<h2>Instalaciones para piscinas enterradas sin problemas con <a href=\"https:\/\/www.fitt.com\/es\/product\/fitt_bactive_flex\/\">FITT B-ACTIVE<\/a><\/h2>\n<p>Los esfuerzos mec\u00e1nicos y qu\u00edmicos repetidos a diario a lo largo de los a\u00f1os da\u00f1an irremediablemente las mangueras de las instalaciones para piscinas enterradas. Por esta raz\u00f3n,\u00a0<strong>FITT<\/strong>, empresa especializada en la producci\u00f3n de mangueras de PVC y otros materiales termopl\u00e1sticos, ha desarrollado una nueva manguera de PVC espiral de muy altas prestaciones, m\u00e1s resistente a los da\u00f1os causados por las presiones mec\u00e1nicas y los agentes qu\u00edmicos.<\/p>\n<p>Numerosas pruebas de laboratorio \u2013con la colaboraci\u00f3n de la\u00a0Universidad de Padua\u2013 han demostrado que las instalaciones para piscinas enterradas duran m\u00e1s con\u00a0<a href=\"https:\/\/www.fitt.com\/es\/product\/fitt_bactive_flex\/\"><strong>FITT B-ACTIVE<\/strong><\/a>.<\/p>\n<p>El alto grado de resistencia est\u00e1 garantizado por:<\/p>\n<ul>\n<li>la exclusiva\u00a0<strong>tecnolog\u00eda D-Shape<\/strong>\u00a0(patente en tr\u00e1mite) y\u00a0<strong><a href=\"https:\/\/www.fitt.com\/es\/product\/fitt_bactive_flex\/\">FITT B-ACTIVE<\/a>\u00a0<\/strong>(patentada), que protege la manguera contra los esfuerzos mec\u00e1nicos<\/li>\n<li>la delgada\u00a0<strong>pel\u00edcula protectora<\/strong>\u00a0(patentada), una pel\u00edcula interna que resiste las agresiones qu\u00edmicas del cloro y del ambiente \u00e1cido<\/li>\n<li>el uso de\u00a0<strong>PVC-P<\/strong>\u00a0de alta calidad, que ofrece altas prestaciones de curvatura y de encolado<\/li>\n<\/ul>\n<p>Gracias a estas caracter\u00edsticas,\u00a0<a href=\"https:\/\/www.fitt.com\/es\/product\/fitt_bactive_flex\/\"><strong>FITT B-ACTIVE<\/strong><\/a>\u00a0mantiene sus prestaciones inalteradas a lo largo del tiempo, con un ahorro importante en costes de mantenimiento, y permite una gesti\u00f3n segura de las instalaciones h\u00eddricas para piscinas enterradas.<\/p>\n","protected":false},"excerpt":{"rendered":"<p>Instalaciones para piscinas enterradas: por qu\u00e9 las mangueras son tan importantes En la realizaci\u00f3n de las\u00a0instalaciones para piscinas enterradas\u00a0las mangueras desempe\u00f1an un papel fundamental. Adem\u00e1s de garantizar un flujo de agua esterilizada constante, deben resistir una\u00a0doble agresi\u00f3n\u00a0\u2013prolongada\u2013 de tipo mec\u00e1nico y qu\u00edmico. Este doble ataque cotidiano, multiplicado por d\u00e9cadas, pone a dura prueba todas las [&hellip;]<\/p>\n","protected":false},"author":10,"featured_media":0,"parent":0,"menu_order":0,"comment_status":"closed","ping_status":"closed","template":"","meta":{"_acf_changed":false,"footnotes":""},"class_list":["post-22207","page","type-page","status-publish","hentry"],"acf":[],"yoast_head":"<!-- This site is optimized with the Yoast SEO Premium plugin v24.1 (Yoast SEO v27.3) - https:\/\/yoast.com\/product\/yoast-seo-premium-wordpress\/ -->\n<title>Instalaciones para piscinas enterradas: por qu\u00e9 las mangueras son tan importantes - FITT<\/title>\n<meta name=\"robots\" content=\"index, follow, max-snippet:-1, max-image-preview:large, max-video-preview:-1\" \/>\n<link rel=\"canonical\" href=\"https:\/\/www.fitt.com\/es\/instalaciones-para-piscinas-enterradas-por-que-las-mangueras-son-tan-importantes\/\" \/>\n<meta property=\"og:locale\" content=\"es_ES\" \/>\n<meta property=\"og:type\" content=\"article\" \/>\n<meta property=\"og:title\" content=\"Instalaciones para piscinas enterradas: por qu\u00e9 las mangueras son tan importantes\" \/>\n<meta property=\"og:description\" content=\"Instalaciones para piscinas enterradas: por qu\u00e9 las mangueras son tan importantes En la realizaci\u00f3n de las\u00a0instalaciones para piscinas enterradas\u00a0las mangueras desempe\u00f1an un papel fundamental. Adem\u00e1s de garantizar un flujo de agua esterilizada constante, deben resistir una\u00a0doble agresi\u00f3n\u00a0\u2013prolongada\u2013 de tipo mec\u00e1nico y qu\u00edmico. Este doble ataque cotidiano, multiplicado por d\u00e9cadas, pone a dura prueba todas las [&hellip;]\" \/>\n<meta property=\"og:url\" content=\"https:\/\/www.fitt.com\/es\/instalaciones-para-piscinas-enterradas-por-que-las-mangueras-son-tan-importantes\/\" \/>\n<meta property=\"og:site_name\" content=\"FITT\" \/>\n<meta property=\"article:modified_time\" content=\"2025-08-28T14:56:43+00:00\" \/>\n<meta property=\"og:image\" content=\"https:\/\/www.fitt.com\/wp-content\/uploads\/2025\/08\/header-impianti-piscine-interrate.jpeg\" \/>\n\t<meta property=\"og:image:width\" content=\"1100\" \/>\n\t<meta property=\"og:image:height\" content=\"619\" \/>\n\t<meta property=\"og:image:type\" content=\"image\/jpeg\" \/>\n<meta name=\"twitter:card\" content=\"summary_large_image\" \/>\n<meta name=\"twitter:label1\" content=\"Tiempo de lectura\" \/>\n\t<meta name=\"twitter:data1\" content=\"6 minutos\" \/>\n<script type=\"application\/ld+json\" class=\"yoast-schema-graph\">{\"@context\":\"https:\\\/\\\/schema.org\",\"@graph\":[{\"@type\":\"WebPage\",\"@id\":\"https:\\\/\\\/www.fitt.com\\\/es\\\/instalaciones-para-piscinas-enterradas-por-que-las-mangueras-son-tan-importantes\\\/\",\"url\":\"https:\\\/\\\/www.fitt.com\\\/es\\\/instalaciones-para-piscinas-enterradas-por-que-las-mangueras-son-tan-importantes\\\/\",\"name\":\"Instalaciones para piscinas enterradas: por qu\u00e9 las mangueras son tan importantes - FITT\",\"isPartOf\":{\"@id\":\"https:\\\/\\\/www.fitt.com\\\/es\\\/#website\"},\"primaryImageOfPage\":{\"@id\":\"https:\\\/\\\/www.fitt.com\\\/es\\\/instalaciones-para-piscinas-enterradas-por-que-las-mangueras-son-tan-importantes\\\/#primaryimage\"},\"image\":{\"@id\":\"https:\\\/\\\/www.fitt.com\\\/es\\\/instalaciones-para-piscinas-enterradas-por-que-las-mangueras-son-tan-importantes\\\/#primaryimage\"},\"thumbnailUrl\":\"https:\\\/\\\/www.fitt.com\\\/wp-content\\\/uploads\\\/2025\\\/08\\\/header-impianti-piscine-interrate.jpeg\",\"datePublished\":\"2025-08-28T13:38:54+00:00\",\"dateModified\":\"2025-08-28T14:56:43+00:00\",\"breadcrumb\":{\"@id\":\"https:\\\/\\\/www.fitt.com\\\/es\\\/instalaciones-para-piscinas-enterradas-por-que-las-mangueras-son-tan-importantes\\\/#breadcrumb\"},\"inLanguage\":\"es\",\"potentialAction\":[{\"@type\":\"ReadAction\",\"target\":[\"https:\\\/\\\/www.fitt.com\\\/es\\\/instalaciones-para-piscinas-enterradas-por-que-las-mangueras-son-tan-importantes\\\/\"]}]},{\"@type\":\"ImageObject\",\"inLanguage\":\"es\",\"@id\":\"https:\\\/\\\/www.fitt.com\\\/es\\\/instalaciones-para-piscinas-enterradas-por-que-las-mangueras-son-tan-importantes\\\/#primaryimage\",\"url\":\"https:\\\/\\\/www.fitt.com\\\/wp-content\\\/uploads\\\/2025\\\/08\\\/header-impianti-piscine-interrate.jpeg\",\"contentUrl\":\"https:\\\/\\\/www.fitt.com\\\/wp-content\\\/uploads\\\/2025\\\/08\\\/header-impianti-piscine-interrate.jpeg\"},{\"@type\":\"BreadcrumbList\",\"@id\":\"https:\\\/\\\/www.fitt.com\\\/es\\\/instalaciones-para-piscinas-enterradas-por-que-las-mangueras-son-tan-importantes\\\/#breadcrumb\",\"itemListElement\":[{\"@type\":\"ListItem\",\"position\":1,\"name\":\"Home\",\"item\":\"https:\\\/\\\/www.fitt.com\\\/es\\\/\"},{\"@type\":\"ListItem\",\"position\":2,\"name\":\"Instalaciones para piscinas enterradas: por qu\u00e9 las mangueras son tan importantes\"}]},{\"@type\":\"WebSite\",\"@id\":\"https:\\\/\\\/www.fitt.com\\\/es\\\/#website\",\"url\":\"https:\\\/\\\/www.fitt.com\\\/es\\\/\",\"name\":\"FITT\",\"description\":\"FITT Spa\",\"publisher\":{\"@id\":\"https:\\\/\\\/www.fitt.com\\\/es\\\/#organization\"},\"potentialAction\":[{\"@type\":\"SearchAction\",\"target\":{\"@type\":\"EntryPoint\",\"urlTemplate\":\"https:\\\/\\\/www.fitt.com\\\/es\\\/?s={search_term_string}\"},\"query-input\":{\"@type\":\"PropertyValueSpecification\",\"valueRequired\":true,\"valueName\":\"search_term_string\"}}],\"inLanguage\":\"es\"},{\"@type\":\"Organization\",\"@id\":\"https:\\\/\\\/www.fitt.com\\\/es\\\/#organization\",\"name\":\"Fitt SPA\",\"url\":\"https:\\\/\\\/www.fitt.com\\\/es\\\/\",\"logo\":{\"@type\":\"ImageObject\",\"inLanguage\":\"es\",\"@id\":\"https:\\\/\\\/www.fitt.com\\\/es\\\/#\\\/schema\\\/logo\\\/image\\\/\",\"url\":\"https:\\\/\\\/www.fitt.com\\\/wp-content\\\/uploads\\\/2022\\\/05\\\/logo-light.png\",\"contentUrl\":\"https:\\\/\\\/www.fitt.com\\\/wp-content\\\/uploads\\\/2022\\\/05\\\/logo-light.png\",\"width\":827,\"height\":508,\"caption\":\"Fitt SPA\"},\"image\":{\"@id\":\"https:\\\/\\\/www.fitt.com\\\/es\\\/#\\\/schema\\\/logo\\\/image\\\/\"}}]}<\/script>\n<!-- \/ Yoast SEO Premium plugin. -->","yoast_head_json":{"title":"Instalaciones para piscinas enterradas: por qu\u00e9 las mangueras son tan importantes - FITT","robots":{"index":"index","follow":"follow","max-snippet":"max-snippet:-1","max-image-preview":"max-image-preview:large","max-video-preview":"max-video-preview:-1"},"canonical":"https:\/\/www.fitt.com\/es\/instalaciones-para-piscinas-enterradas-por-que-las-mangueras-son-tan-importantes\/","og_locale":"es_ES","og_type":"article","og_title":"Instalaciones para piscinas enterradas: por qu\u00e9 las mangueras son tan importantes","og_description":"Instalaciones para piscinas enterradas: por qu\u00e9 las mangueras son tan importantes En la realizaci\u00f3n de las\u00a0instalaciones para piscinas enterradas\u00a0las mangueras desempe\u00f1an un papel fundamental. Adem\u00e1s de garantizar un flujo de agua esterilizada constante, deben resistir una\u00a0doble agresi\u00f3n\u00a0\u2013prolongada\u2013 de tipo mec\u00e1nico y qu\u00edmico. Este doble ataque cotidiano, multiplicado por d\u00e9cadas, pone a dura prueba todas las [&hellip;]","og_url":"https:\/\/www.fitt.com\/es\/instalaciones-para-piscinas-enterradas-por-que-las-mangueras-son-tan-importantes\/","og_site_name":"FITT","article_modified_time":"2025-08-28T14:56:43+00:00","og_image":[{"width":1100,"height":619,"url":"https:\/\/www.fitt.com\/wp-content\/uploads\/2025\/08\/header-impianti-piscine-interrate.jpeg","type":"image\/jpeg"}],"twitter_card":"summary_large_image","twitter_misc":{"Tiempo de lectura":"6 minutos"},"schema":{"@context":"https:\/\/schema.org","@graph":[{"@type":"WebPage","@id":"https:\/\/www.fitt.com\/es\/instalaciones-para-piscinas-enterradas-por-que-las-mangueras-son-tan-importantes\/","url":"https:\/\/www.fitt.com\/es\/instalaciones-para-piscinas-enterradas-por-que-las-mangueras-son-tan-importantes\/","name":"Instalaciones para piscinas enterradas: por qu\u00e9 las mangueras son tan importantes - FITT","isPartOf":{"@id":"https:\/\/www.fitt.com\/es\/#website"},"primaryImageOfPage":{"@id":"https:\/\/www.fitt.com\/es\/instalaciones-para-piscinas-enterradas-por-que-las-mangueras-son-tan-importantes\/#primaryimage"},"image":{"@id":"https:\/\/www.fitt.com\/es\/instalaciones-para-piscinas-enterradas-por-que-las-mangueras-son-tan-importantes\/#primaryimage"},"thumbnailUrl":"https:\/\/www.fitt.com\/wp-content\/uploads\/2025\/08\/header-impianti-piscine-interrate.jpeg","datePublished":"2025-08-28T13:38:54+00:00","dateModified":"2025-08-28T14:56:43+00:00","breadcrumb":{"@id":"https:\/\/www.fitt.com\/es\/instalaciones-para-piscinas-enterradas-por-que-las-mangueras-son-tan-importantes\/#breadcrumb"},"inLanguage":"es","potentialAction":[{"@type":"ReadAction","target":["https:\/\/www.fitt.com\/es\/instalaciones-para-piscinas-enterradas-por-que-las-mangueras-son-tan-importantes\/"]}]},{"@type":"ImageObject","inLanguage":"es","@id":"https:\/\/www.fitt.com\/es\/instalaciones-para-piscinas-enterradas-por-que-las-mangueras-son-tan-importantes\/#primaryimage","url":"https:\/\/www.fitt.com\/wp-content\/uploads\/2025\/08\/header-impianti-piscine-interrate.jpeg","contentUrl":"https:\/\/www.fitt.com\/wp-content\/uploads\/2025\/08\/header-impianti-piscine-interrate.jpeg"},{"@type":"BreadcrumbList","@id":"https:\/\/www.fitt.com\/es\/instalaciones-para-piscinas-enterradas-por-que-las-mangueras-son-tan-importantes\/#breadcrumb","itemListElement":[{"@type":"ListItem","position":1,"name":"Home","item":"https:\/\/www.fitt.com\/es\/"},{"@type":"ListItem","position":2,"name":"Instalaciones para piscinas enterradas: por qu\u00e9 las mangueras son tan importantes"}]},{"@type":"WebSite","@id":"https:\/\/www.fitt.com\/es\/#website","url":"https:\/\/www.fitt.com\/es\/","name":"FITT","description":"FITT Spa","publisher":{"@id":"https:\/\/www.fitt.com\/es\/#organization"},"potentialAction":[{"@type":"SearchAction","target":{"@type":"EntryPoint","urlTemplate":"https:\/\/www.fitt.com\/es\/?s={search_term_string}"},"query-input":{"@type":"PropertyValueSpecification","valueRequired":true,"valueName":"search_term_string"}}],"inLanguage":"es"},{"@type":"Organization","@id":"https:\/\/www.fitt.com\/es\/#organization","name":"Fitt SPA","url":"https:\/\/www.fitt.com\/es\/","logo":{"@type":"ImageObject","inLanguage":"es","@id":"https:\/\/www.fitt.com\/es\/#\/schema\/logo\/image\/","url":"https:\/\/www.fitt.com\/wp-content\/uploads\/2022\/05\/logo-light.png","contentUrl":"https:\/\/www.fitt.com\/wp-content\/uploads\/2022\/05\/logo-light.png","width":827,"height":508,"caption":"Fitt SPA"},"image":{"@id":"https:\/\/www.fitt.com\/es\/#\/schema\/logo\/image\/"}}]}},"_links":{"self":[{"href":"https:\/\/www.fitt.com\/es\/wp-json\/wp\/v2\/pages\/22207","targetHints":{"allow":["GET"]}}],"collection":[{"href":"https:\/\/www.fitt.com\/es\/wp-json\/wp\/v2\/pages"}],"about":[{"href":"https:\/\/www.fitt.com\/es\/wp-json\/wp\/v2\/types\/page"}],"author":[{"embeddable":true,"href":"https:\/\/www.fitt.com\/es\/wp-json\/wp\/v2\/users\/10"}],"replies":[{"embeddable":true,"href":"https:\/\/www.fitt.com\/es\/wp-json\/wp\/v2\/comments?post=22207"}],"version-history":[{"count":3,"href":"https:\/\/www.fitt.com\/es\/wp-json\/wp\/v2\/pages\/22207\/revisions"}],"predecessor-version":[{"id":22274,"href":"https:\/\/www.fitt.com\/es\/wp-json\/wp\/v2\/pages\/22207\/revisions\/22274"}],"wp:attachment":[{"href":"https:\/\/www.fitt.com\/es\/wp-json\/wp\/v2\/media?parent=22207"}],"curies":[{"name":"wp","href":"https:\/\/api.w.org\/{rel}","templated":true}]}}