{"id":22147,"date":"2025-08-28T11:29:15","date_gmt":"2025-08-28T09:29:15","guid":{"rendered":"https:\/\/www.fitt.com\/do-you-know-how-to-choose-a-pool-hose-here-is-a-practical-buying-guide\/"},"modified":"2025-08-28T15:10:32","modified_gmt":"2025-08-28T13:10:32","slug":"manguera-para-piscina-sabes-como-elegirla-te-ofrecemos-una-guia-practica-para-la-compra","status":"publish","type":"page","link":"https:\/\/www.fitt.com\/es\/manguera-para-piscina-sabes-como-elegirla-te-ofrecemos-una-guia-practica-para-la-compra\/","title":{"rendered":"Manguera para piscina, \u00bfsabes c\u00f3mo elegirla? te ofrecemos una gu\u00eda pr\u00e1ctica para la compra"},"content":{"rendered":"<h1 class=\"entry_title\" style=\"text-align: left;\">Manguera para piscina, \u00bfsabes c\u00f3mo elegirla? te ofrecemos una gu\u00eda pr\u00e1ctica para la compra<\/h1>\n<p><img decoding=\"async\" class=\"alignnone wp-image-22175 size-full\" src=\"https:\/\/www.fitt.com\/wp-content\/uploads\/2025\/08\/header-tubo-bactive-2.jpeg\" alt=\"\" width=\"100%\" srcset=\"https:\/\/www.fitt.com\/wp-content\/uploads\/2025\/08\/header-tubo-bactive-2.jpeg 1100w, https:\/\/www.fitt.com\/wp-content\/uploads\/2025\/08\/header-tubo-bactive-2-300x169.jpeg 300w, https:\/\/www.fitt.com\/wp-content\/uploads\/2025\/08\/header-tubo-bactive-2-768x432.jpeg 768w, https:\/\/www.fitt.com\/wp-content\/uploads\/2025\/08\/header-tubo-bactive-2-400x225.jpeg 400w, https:\/\/www.fitt.com\/wp-content\/uploads\/2025\/08\/header-tubo-bactive-2-1066x600.jpeg 1066w, https:\/\/www.fitt.com\/wp-content\/uploads\/2025\/08\/header-tubo-bactive-2-600x338.jpeg 600w\" sizes=\"(max-width: 1100px) 100vw, 1100px\" \/><\/p>\n<p>\u00bfPensaste alguna vez lo determinante que una manguera para piscina puede ser para el funcionamiento y la gesti\u00f3n general de las instalaciones?<\/p>\n<p>Pocos se detienen en este aspecto. Una elecci\u00f3n razonada de la tuberia para piscina agiliza la instalaci\u00f3n y facilita de manera sustancial uno de los problemas m\u00e1s graves \u2013y subestimados\u2013 de las piscinas enterradas: el\u00a0<strong>mantenimiento<\/strong>.<\/p>\n<p>Si nunca tuviste en cuenta este aspecto, te recomiendo seguir leyendo. Descubriremos juntos c\u00f3mo una atenta selecci\u00f3n inicial resulta fundamental para garantizar una\u00a0<strong>larga duraci\u00f3n<\/strong>\u00a0<strong>a toda la instalaci\u00f3n de tu piscina enterrada<\/strong>.<\/p>\n<p>&nbsp;<\/p>\n<h2>Una manguera para piscina de mala calidad arruina la inversi\u00f3n<\/h2>\n<p><span lang=\"ES\">Saber elegir la manguera para piscina m\u00e1s adecuada equivale a un ahorro a lo largo del tiempo, detalle fundamental pero a menudo descuidado. Para la construcci\u00f3n de las piscinas enterradas deben tenerse en cuenta algunos elementos esenciales, como las tuberia.<\/span><\/p>\n<p><span lang=\"ES\">\u00bfQui\u00e9n no quisiera una linda casa con piscina? Un lugar donde poder refrescarse durante los largos y c\u00e1lidos meses del verano, pero tambi\u00e9n un ambiente ideal para tardes con amigos, fiestas, aperitivos o relajantes momentos al borde de la piscina.<\/span><\/p>\n<p style=\"text-align: left;\"><img loading=\"lazy\" decoding=\"async\" class=\"wp-image-22160 size-full alignnone\" src=\"https:\/\/www.fitt.com\/wp-content\/uploads\/2025\/08\/article-piscina.jpeg\" alt=\"\" width=\"960\" height=\"540\" srcset=\"https:\/\/www.fitt.com\/wp-content\/uploads\/2025\/08\/article-piscina.jpeg 960w, https:\/\/www.fitt.com\/wp-content\/uploads\/2025\/08\/article-piscina-300x169.jpeg 300w, https:\/\/www.fitt.com\/wp-content\/uploads\/2025\/08\/article-piscina-768x432.jpeg 768w, https:\/\/www.fitt.com\/wp-content\/uploads\/2025\/08\/article-piscina-400x225.jpeg 400w, https:\/\/www.fitt.com\/wp-content\/uploads\/2025\/08\/article-piscina-600x338.jpeg 600w\" sizes=\"auto, (max-width: 960px) 100vw, 960px\" \/><\/p>\n<p>Sin embargo, nuestro oasis de relax puede ser da\u00f1ado por productos de mala calidad.<\/p>\n<p><strong>No querr\u00e1s arruinar todo con una manguera para piscina de mala calidad, \u00bfverdad?<\/strong><\/p>\n<p>Los problemas m\u00e1s frecuentes en las piscinas enterradas est\u00e1n ligados a la p\u00e9rdida de agua de las tuberias. Las principales causas de rotura son:<\/p>\n<ul>\n<li>la presi\u00f3n externa ejercida por el terreno<\/li>\n<li>los agentes qu\u00edmicos que arruinan las paredes internas<\/li>\n<li>el uso prolongado del cloro, que corroe las mangueras internamente<\/li>\n<li>los materiales de mala calidad<\/li>\n<li>el desgaste del tiempo<\/li>\n<\/ul>\n<p>Las piscinas enterradas requieren una inversi\u00f3n inicial importante pero no imposible. Si bien el coste de las mangueras es \u00ednfimo en comparaci\u00f3n con el valor total de la instalaci\u00f3n, est\u00e1 claro que las mangueras cumplen un papel fundamental para el correcto funcionamiento de una piscina enterrada.<br \/>\nSi el problema dependiera de la bomba o del filtro, ser\u00eda posible resolverlo con un esfuerzo m\u00ednimo: bastar\u00eda sustituir una pieza, con un gasto reducido. Pero \u00bfy si la manguera para piscina se da\u00f1a? Encontrar la falla significa tener que excavar a lo largo de los conductos y tratar de descubrir d\u00f3nde est\u00e1 la p\u00e9rdida. Un trabajo largo y costoso.<\/p>\n<p>&nbsp;<\/p>\n<h2><a href=\"https:\/\/www.fitt.com\/es\/product\/fitt_bactive_flex\/\">FITT B-ACTIVE<\/a>, la manguera de PVC flexible para piscina duradera<\/h2>\n<p>La manguera de PVC flexible espiral para piscina\u00a0<strong>FITT B-ACTIVE<\/strong>\u00a0es una\u00a0<strong>inversi\u00f3n inteligente<\/strong>\u00a0en la realizaci\u00f3n de la piscina enterrada. Las caracter\u00edsticas de esta\u00a0<strong>manguera espiralada<\/strong>\u00a0garantizan:<\/p>\n<ul>\n<li>facilidad y velocidad de instalaci\u00f3n<\/li>\n<li>un incremento de resistencia del 50%<\/li>\n<li>protecci\u00f3n innovadora contra las agresiones qu\u00edmicas internas<\/li>\n<li>una larga duraci\u00f3n de la instalaci\u00f3n h\u00eddrica<\/li>\n<li>menores gastos de mantenimiento<\/li>\n<li>gesti\u00f3n segura y serena de la piscina<\/li>\n<\/ul>\n<p>&nbsp;<\/p>\n<h2><a href=\"https:\/\/www.fitt.com\/es\/product\/fitt_bactive_flex\/\">FITT B-ACTIVE<\/a>, la mejor elecci\u00f3n para una piscina segura<\/h2>\n<p><span lang=\"ES\">Una elecci\u00f3n apresurada de la manguera para piscina puede causar problemas.<\/span><\/p>\n<p><span lang=\"ES\">El tratar de ahorrar en los conductos h\u00eddricos de la piscina durante la realizaci\u00f3n puede parecer una buena alternativa. Sin embargo, nos arrepentiremos cuando tengamos que pagar facturas de agua exorbitantes o reparar p\u00e9rdidas dif\u00edciles de localizar.<\/span><\/p>\n<p style=\"text-align: left;\"><img loading=\"lazy\" decoding=\"async\" class=\"wp-image-22165 size-full alignnone\" src=\"https:\/\/www.fitt.com\/wp-content\/uploads\/2025\/08\/article-tubo-bactive.jpeg\" alt=\"\" width=\"600\" height=\"365\" srcset=\"https:\/\/www.fitt.com\/wp-content\/uploads\/2025\/08\/article-tubo-bactive.jpeg 600w, https:\/\/www.fitt.com\/wp-content\/uploads\/2025\/08\/article-tubo-bactive-300x183.jpeg 300w, https:\/\/www.fitt.com\/wp-content\/uploads\/2025\/08\/article-tubo-bactive-400x243.jpeg 400w\" sizes=\"auto, (max-width: 600px) 100vw, 600px\" \/><\/p>\n<p>&nbsp;<\/p>\n<p>El uso de productos de mala calidad da origen no s\u00f3lo a consecuencias econ\u00f3micas importantes sino tambi\u00e9n a una serie de preocupaciones no despreciables.<\/p>\n<p><a href=\"https:\/\/www.fitt.com\/es\/product\/fitt_bactive_flex\/\"><strong>FITT B-ACTIVE<\/strong><\/a>\u00a0es la mejor elecci\u00f3n si queremos que nuestra\u00a0<strong>piscina funcione bien y durante mucho tiempo<\/strong>, evitando complicaciones molestas.<\/p>\n","protected":false},"excerpt":{"rendered":"<p>Manguera para piscina, \u00bfsabes c\u00f3mo elegirla? te ofrecemos una gu\u00eda pr\u00e1ctica para la compra \u00bfPensaste alguna vez lo determinante que una manguera para piscina puede ser para el funcionamiento y la gesti\u00f3n general de las instalaciones? Pocos se detienen en este aspecto. Una elecci\u00f3n razonada de la tuberia para piscina agiliza la instalaci\u00f3n y facilita [&hellip;]<\/p>\n","protected":false},"author":10,"featured_media":0,"parent":0,"menu_order":0,"comment_status":"closed","ping_status":"closed","template":"","meta":{"_acf_changed":false,"footnotes":""},"class_list":["post-22147","page","type-page","status-publish","hentry"],"acf":[],"yoast_head":"<!-- This site is optimized with the Yoast SEO Premium plugin v24.1 (Yoast SEO v27.3) - https:\/\/yoast.com\/product\/yoast-seo-premium-wordpress\/ -->\n<title>Manguera para piscina, \u00bfsabes c\u00f3mo elegirla? te ofrecemos una gu\u00eda pr\u00e1ctica para la compra - FITT<\/title>\n<meta name=\"robots\" content=\"index, follow, max-snippet:-1, max-image-preview:large, max-video-preview:-1\" \/>\n<link rel=\"canonical\" href=\"https:\/\/www.fitt.com\/es\/manguera-para-piscina-sabes-como-elegirla-te-ofrecemos-una-guia-practica-para-la-compra\/\" \/>\n<meta property=\"og:locale\" content=\"es_ES\" \/>\n<meta property=\"og:type\" content=\"article\" \/>\n<meta property=\"og:title\" content=\"Manguera para piscina, \u00bfsabes c\u00f3mo elegirla? te ofrecemos una gu\u00eda pr\u00e1ctica para la compra\" \/>\n<meta property=\"og:description\" content=\"Manguera para piscina, \u00bfsabes c\u00f3mo elegirla? te ofrecemos una gu\u00eda pr\u00e1ctica para la compra \u00bfPensaste alguna vez lo determinante que una manguera para piscina puede ser para el funcionamiento y la gesti\u00f3n general de las instalaciones? Pocos se detienen en este aspecto. Una elecci\u00f3n razonada de la tuberia para piscina agiliza la instalaci\u00f3n y facilita [&hellip;]\" \/>\n<meta property=\"og:url\" content=\"https:\/\/www.fitt.com\/es\/manguera-para-piscina-sabes-como-elegirla-te-ofrecemos-una-guia-practica-para-la-compra\/\" \/>\n<meta property=\"og:site_name\" content=\"FITT\" \/>\n<meta property=\"article:modified_time\" content=\"2025-08-28T13:10:32+00:00\" \/>\n<meta property=\"og:image\" content=\"https:\/\/www.fitt.com\/wp-content\/uploads\/2025\/08\/header-tubo-bactive-2.jpeg\" \/>\n\t<meta property=\"og:image:width\" content=\"1100\" \/>\n\t<meta property=\"og:image:height\" content=\"619\" \/>\n\t<meta property=\"og:image:type\" content=\"image\/jpeg\" \/>\n<meta name=\"twitter:card\" content=\"summary_large_image\" \/>\n<meta name=\"twitter:label1\" content=\"Tiempo de lectura\" \/>\n\t<meta name=\"twitter:data1\" content=\"4 minutos\" \/>\n<script type=\"application\/ld+json\" class=\"yoast-schema-graph\">{\"@context\":\"https:\\\/\\\/schema.org\",\"@graph\":[{\"@type\":\"WebPage\",\"@id\":\"https:\\\/\\\/www.fitt.com\\\/es\\\/manguera-para-piscina-sabes-como-elegirla-te-ofrecemos-una-guia-practica-para-la-compra\\\/\",\"url\":\"https:\\\/\\\/www.fitt.com\\\/es\\\/manguera-para-piscina-sabes-como-elegirla-te-ofrecemos-una-guia-practica-para-la-compra\\\/\",\"name\":\"Manguera para piscina, \u00bfsabes c\u00f3mo elegirla? te ofrecemos una gu\u00eda pr\u00e1ctica para la compra - FITT\",\"isPartOf\":{\"@id\":\"https:\\\/\\\/www.fitt.com\\\/es\\\/#website\"},\"primaryImageOfPage\":{\"@id\":\"https:\\\/\\\/www.fitt.com\\\/es\\\/manguera-para-piscina-sabes-como-elegirla-te-ofrecemos-una-guia-practica-para-la-compra\\\/#primaryimage\"},\"image\":{\"@id\":\"https:\\\/\\\/www.fitt.com\\\/es\\\/manguera-para-piscina-sabes-como-elegirla-te-ofrecemos-una-guia-practica-para-la-compra\\\/#primaryimage\"},\"thumbnailUrl\":\"https:\\\/\\\/www.fitt.com\\\/wp-content\\\/uploads\\\/2025\\\/08\\\/header-tubo-bactive-2.jpeg\",\"datePublished\":\"2025-08-28T09:29:15+00:00\",\"dateModified\":\"2025-08-28T13:10:32+00:00\",\"breadcrumb\":{\"@id\":\"https:\\\/\\\/www.fitt.com\\\/es\\\/manguera-para-piscina-sabes-como-elegirla-te-ofrecemos-una-guia-practica-para-la-compra\\\/#breadcrumb\"},\"inLanguage\":\"es\",\"potentialAction\":[{\"@type\":\"ReadAction\",\"target\":[\"https:\\\/\\\/www.fitt.com\\\/es\\\/manguera-para-piscina-sabes-como-elegirla-te-ofrecemos-una-guia-practica-para-la-compra\\\/\"]}]},{\"@type\":\"ImageObject\",\"inLanguage\":\"es\",\"@id\":\"https:\\\/\\\/www.fitt.com\\\/es\\\/manguera-para-piscina-sabes-como-elegirla-te-ofrecemos-una-guia-practica-para-la-compra\\\/#primaryimage\",\"url\":\"https:\\\/\\\/www.fitt.com\\\/wp-content\\\/uploads\\\/2025\\\/08\\\/header-tubo-bactive-2.jpeg\",\"contentUrl\":\"https:\\\/\\\/www.fitt.com\\\/wp-content\\\/uploads\\\/2025\\\/08\\\/header-tubo-bactive-2.jpeg\"},{\"@type\":\"BreadcrumbList\",\"@id\":\"https:\\\/\\\/www.fitt.com\\\/es\\\/manguera-para-piscina-sabes-como-elegirla-te-ofrecemos-una-guia-practica-para-la-compra\\\/#breadcrumb\",\"itemListElement\":[{\"@type\":\"ListItem\",\"position\":1,\"name\":\"Home\",\"item\":\"https:\\\/\\\/www.fitt.com\\\/es\\\/\"},{\"@type\":\"ListItem\",\"position\":2,\"name\":\"Manguera para piscina, \u00bfsabes c\u00f3mo elegirla? te ofrecemos una gu\u00eda pr\u00e1ctica para la compra\"}]},{\"@type\":\"WebSite\",\"@id\":\"https:\\\/\\\/www.fitt.com\\\/es\\\/#website\",\"url\":\"https:\\\/\\\/www.fitt.com\\\/es\\\/\",\"name\":\"FITT\",\"description\":\"FITT Spa\",\"publisher\":{\"@id\":\"https:\\\/\\\/www.fitt.com\\\/es\\\/#organization\"},\"potentialAction\":[{\"@type\":\"SearchAction\",\"target\":{\"@type\":\"EntryPoint\",\"urlTemplate\":\"https:\\\/\\\/www.fitt.com\\\/es\\\/?s={search_term_string}\"},\"query-input\":{\"@type\":\"PropertyValueSpecification\",\"valueRequired\":true,\"valueName\":\"search_term_string\"}}],\"inLanguage\":\"es\"},{\"@type\":\"Organization\",\"@id\":\"https:\\\/\\\/www.fitt.com\\\/es\\\/#organization\",\"name\":\"Fitt SPA\",\"url\":\"https:\\\/\\\/www.fitt.com\\\/es\\\/\",\"logo\":{\"@type\":\"ImageObject\",\"inLanguage\":\"es\",\"@id\":\"https:\\\/\\\/www.fitt.com\\\/es\\\/#\\\/schema\\\/logo\\\/image\\\/\",\"url\":\"https:\\\/\\\/www.fitt.com\\\/wp-content\\\/uploads\\\/2022\\\/05\\\/logo-light.png\",\"contentUrl\":\"https:\\\/\\\/www.fitt.com\\\/wp-content\\\/uploads\\\/2022\\\/05\\\/logo-light.png\",\"width\":827,\"height\":508,\"caption\":\"Fitt SPA\"},\"image\":{\"@id\":\"https:\\\/\\\/www.fitt.com\\\/es\\\/#\\\/schema\\\/logo\\\/image\\\/\"}}]}<\/script>\n<!-- \/ Yoast SEO Premium plugin. -->","yoast_head_json":{"title":"Manguera para piscina, \u00bfsabes c\u00f3mo elegirla? te ofrecemos una gu\u00eda pr\u00e1ctica para la compra - FITT","robots":{"index":"index","follow":"follow","max-snippet":"max-snippet:-1","max-image-preview":"max-image-preview:large","max-video-preview":"max-video-preview:-1"},"canonical":"https:\/\/www.fitt.com\/es\/manguera-para-piscina-sabes-como-elegirla-te-ofrecemos-una-guia-practica-para-la-compra\/","og_locale":"es_ES","og_type":"article","og_title":"Manguera para piscina, \u00bfsabes c\u00f3mo elegirla? te ofrecemos una gu\u00eda pr\u00e1ctica para la compra","og_description":"Manguera para piscina, \u00bfsabes c\u00f3mo elegirla? te ofrecemos una gu\u00eda pr\u00e1ctica para la compra \u00bfPensaste alguna vez lo determinante que una manguera para piscina puede ser para el funcionamiento y la gesti\u00f3n general de las instalaciones? Pocos se detienen en este aspecto. Una elecci\u00f3n razonada de la tuberia para piscina agiliza la instalaci\u00f3n y facilita [&hellip;]","og_url":"https:\/\/www.fitt.com\/es\/manguera-para-piscina-sabes-como-elegirla-te-ofrecemos-una-guia-practica-para-la-compra\/","og_site_name":"FITT","article_modified_time":"2025-08-28T13:10:32+00:00","og_image":[{"width":1100,"height":619,"url":"https:\/\/www.fitt.com\/wp-content\/uploads\/2025\/08\/header-tubo-bactive-2.jpeg","type":"image\/jpeg"}],"twitter_card":"summary_large_image","twitter_misc":{"Tiempo de lectura":"4 minutos"},"schema":{"@context":"https:\/\/schema.org","@graph":[{"@type":"WebPage","@id":"https:\/\/www.fitt.com\/es\/manguera-para-piscina-sabes-como-elegirla-te-ofrecemos-una-guia-practica-para-la-compra\/","url":"https:\/\/www.fitt.com\/es\/manguera-para-piscina-sabes-como-elegirla-te-ofrecemos-una-guia-practica-para-la-compra\/","name":"Manguera para piscina, \u00bfsabes c\u00f3mo elegirla? te ofrecemos una gu\u00eda pr\u00e1ctica para la compra - FITT","isPartOf":{"@id":"https:\/\/www.fitt.com\/es\/#website"},"primaryImageOfPage":{"@id":"https:\/\/www.fitt.com\/es\/manguera-para-piscina-sabes-como-elegirla-te-ofrecemos-una-guia-practica-para-la-compra\/#primaryimage"},"image":{"@id":"https:\/\/www.fitt.com\/es\/manguera-para-piscina-sabes-como-elegirla-te-ofrecemos-una-guia-practica-para-la-compra\/#primaryimage"},"thumbnailUrl":"https:\/\/www.fitt.com\/wp-content\/uploads\/2025\/08\/header-tubo-bactive-2.jpeg","datePublished":"2025-08-28T09:29:15+00:00","dateModified":"2025-08-28T13:10:32+00:00","breadcrumb":{"@id":"https:\/\/www.fitt.com\/es\/manguera-para-piscina-sabes-como-elegirla-te-ofrecemos-una-guia-practica-para-la-compra\/#breadcrumb"},"inLanguage":"es","potentialAction":[{"@type":"ReadAction","target":["https:\/\/www.fitt.com\/es\/manguera-para-piscina-sabes-como-elegirla-te-ofrecemos-una-guia-practica-para-la-compra\/"]}]},{"@type":"ImageObject","inLanguage":"es","@id":"https:\/\/www.fitt.com\/es\/manguera-para-piscina-sabes-como-elegirla-te-ofrecemos-una-guia-practica-para-la-compra\/#primaryimage","url":"https:\/\/www.fitt.com\/wp-content\/uploads\/2025\/08\/header-tubo-bactive-2.jpeg","contentUrl":"https:\/\/www.fitt.com\/wp-content\/uploads\/2025\/08\/header-tubo-bactive-2.jpeg"},{"@type":"BreadcrumbList","@id":"https:\/\/www.fitt.com\/es\/manguera-para-piscina-sabes-como-elegirla-te-ofrecemos-una-guia-practica-para-la-compra\/#breadcrumb","itemListElement":[{"@type":"ListItem","position":1,"name":"Home","item":"https:\/\/www.fitt.com\/es\/"},{"@type":"ListItem","position":2,"name":"Manguera para piscina, \u00bfsabes c\u00f3mo elegirla? te ofrecemos una gu\u00eda pr\u00e1ctica para la compra"}]},{"@type":"WebSite","@id":"https:\/\/www.fitt.com\/es\/#website","url":"https:\/\/www.fitt.com\/es\/","name":"FITT","description":"FITT Spa","publisher":{"@id":"https:\/\/www.fitt.com\/es\/#organization"},"potentialAction":[{"@type":"SearchAction","target":{"@type":"EntryPoint","urlTemplate":"https:\/\/www.fitt.com\/es\/?s={search_term_string}"},"query-input":{"@type":"PropertyValueSpecification","valueRequired":true,"valueName":"search_term_string"}}],"inLanguage":"es"},{"@type":"Organization","@id":"https:\/\/www.fitt.com\/es\/#organization","name":"Fitt SPA","url":"https:\/\/www.fitt.com\/es\/","logo":{"@type":"ImageObject","inLanguage":"es","@id":"https:\/\/www.fitt.com\/es\/#\/schema\/logo\/image\/","url":"https:\/\/www.fitt.com\/wp-content\/uploads\/2022\/05\/logo-light.png","contentUrl":"https:\/\/www.fitt.com\/wp-content\/uploads\/2022\/05\/logo-light.png","width":827,"height":508,"caption":"Fitt SPA"},"image":{"@id":"https:\/\/www.fitt.com\/es\/#\/schema\/logo\/image\/"}}]}},"_links":{"self":[{"href":"https:\/\/www.fitt.com\/es\/wp-json\/wp\/v2\/pages\/22147","targetHints":{"allow":["GET"]}}],"collection":[{"href":"https:\/\/www.fitt.com\/es\/wp-json\/wp\/v2\/pages"}],"about":[{"href":"https:\/\/www.fitt.com\/es\/wp-json\/wp\/v2\/types\/page"}],"author":[{"embeddable":true,"href":"https:\/\/www.fitt.com\/es\/wp-json\/wp\/v2\/users\/10"}],"replies":[{"embeddable":true,"href":"https:\/\/www.fitt.com\/es\/wp-json\/wp\/v2\/comments?post=22147"}],"version-history":[{"count":3,"href":"https:\/\/www.fitt.com\/es\/wp-json\/wp\/v2\/pages\/22147\/revisions"}],"predecessor-version":[{"id":22201,"href":"https:\/\/www.fitt.com\/es\/wp-json\/wp\/v2\/pages\/22147\/revisions\/22201"}],"wp:attachment":[{"href":"https:\/\/www.fitt.com\/es\/wp-json\/wp\/v2\/media?parent=22147"}],"curies":[{"name":"wp","href":"https:\/\/api.w.org\/{rel}","templated":true}]}}