{"id":18684,"date":"2023-10-24T12:31:09","date_gmt":"2023-10-24T10:31:09","guid":{"rendered":"https:\/\/www.fitt.com\/whistleblowing\/"},"modified":"2023-10-24T15:46:22","modified_gmt":"2023-10-24T13:46:22","slug":"whistleblowing","status":"publish","type":"page","link":"https:\/\/www.fitt.com\/es\/whistleblowing\/","title":{"rendered":"Whistleblowing"},"content":{"rendered":"<h1 class=\"uppercase mb0 pagetitle\" style=\"text-align: center;\">Informativa privacy Whistleblowing ai sensi del Reg. UE 2016\/679 e del D. Lgs. 24\/2023<\/h1>\n<p>&nbsp;<\/p>\n<p>Il Titolare del trattamento dei dati personali, FITT S.p.a. Societ\u00e0 Unipersonale (di seguito FITT S.p.A.), P.I. 00162620249, con sede legale in 36066 Sandrigo, (VI), Via Piave n. 8, rende noto che i Suoi dati personali, qualora forniti e acquisiti mediante la segnalazione, saranno trattati esclusivamente per finalit\u00e0 connesse alla gestione della stessa, nel rispetto degli obblighi derivanti dal D. Lgs. 24\/2023, nonch\u00e9 utilizzati, ed in seguito conservati, in forma cartacea e digitale.<\/p>\n<p>Riconosciuta la legittimit\u00e0 anche di segnalazioni \u201canonime\u201d, il conferimento dei Suoi dati personali (nome, cognome, dati di contatto e ruolo aziendale ) appare facoltativo ed un Suo rifiuto in tal senso non comporter\u00e0 nessuna conseguenza circa la validit\u00e0 dell\u2019operato del soggetto ricevente la segnalazione e dell\u2019Organismo di Vigilanza di FITT S.p.a (di qui in avanti pi\u00f9 semplicemente O.d.V.).<\/p>\n<p>I dati personali e le informazioni da Lei forniti devono essere pertinenti rispetto alle finalit\u00e0 della segnalazione, cosicch\u00e9 gli incaricati del trattamento possano dare seguito alle sole segnalazioni riguardanti le condotte di cui al D. Lgs. 24\/2023.<\/p>\n<p>Salvo l\u2019espletamento di obblighi derivanti dalla legge, i dati personali da Lei forniti non verranno comunicati ad altri soggetti n\u00e9 tantomeno diffusi, n\u00e9 saranno trasferiti in Paesi Extra UE o a organizzazioni internazionali.<\/p>\n<p>I dati personali contenuti nella segnalazione saranno conservati per il periodo massimo di 5 (cinque) anni a decorrere dalla data della comunicazione dell\u2019esito finale della procedura di segnalazione, nel rispetto degli obblighi di riservatezza imposti dalla normativa.<\/p>\n<p>I dati personali che manifestamente non sono utili al trattamento della segnalazione non saranno raccolti o, se raccolti accidentalmente, saranno cancellati immediatamente.<br \/>\nAi sensi del Reg. UE 2016\/679, Lei in qualit\u00e0 di segnalante ed interessato al trattamento, potr\u00e0 esercitare i seguenti diritti:<\/p>\n<ul>\n<li>Accedere ai Suoi dati nonch\u00e9 conoscere le finalit\u00e0 e modalit\u00e0 del trattamento, gli estremi identificativi del titolare e dei responsabili nonch\u00e9 dei soggetti o delle categorie di soggetti ai quali i dati personali potranno essere comunicati;<\/li>\n<li>Ottenere l&#8217;aggiornamento, la rettificazione ovvero, quando ne ha interesse, l&#8217;integrazione dei dati; la cancellazione, la trasformazione in forma anonima o il blocco dei dati trattati in violazione di legge, compresi quelli di cui non \u00e8 necessaria la conservazione in relazione agli scopi per i quali i dati sono stati raccolti o successivamente trattati; l&#8217;attestazione delle operazioni che sono state portate a conoscenza di terzi, anche per quanto riguarda il loro contenuto; di coloro ai quali i dati sono stati comunicati o diffusi, eccettuato il caso in cui tale adempimento si riveli impossibile o comporti un impiego di mezzi manifestamente sproporzionato rispetto al diritto tutelato;<\/li>\n<li>Opporsi, in tutto o in parte, per motivi legittimi al trattamento dei dati personali che La riguardano.<\/li>\n<\/ul>\n<p>Per l\u2019esercizio dei succitati diritti, Lei in qualit\u00e0 di segnalante potr\u00e0 rivolgersi al Dott. Alessandro Cegalin, Soggetto Ricevente le segnalazioni, a tal fine incaricato dalla Societ\u00e0,tramite posta ordinaria c\/o la sede legale sita in Sandrigo (VI) Via Piave n. 8 oppure al numero telefonico 0444. 461594.<\/p>\n<p>Il segnalato potr\u00e0, invece, esercitare i diritti sopra indicati rivolgendosi al <strong>Garante per la Protezione dei dati personali<\/strong> ai seguenti recapiti: Piazza Venezia 11, 00187 \u2013 Roma; email: <a href=\"mailto:protocollo@gpdp.it\">protocollo@gpdp.it<\/a> ; contatto telefonico: +39 06.696771.<\/p>\n<p>&nbsp;<\/p>\n<ul>\n<li>\n<h4><strong><a href=\"https:\/\/fitt-cdn.thron.com\/delivery\/public\/document\/fitt\/aa402bea-7b11-48af-a6f5-800d87af2061\/mlq3cl\/WEB\/modulo-per-segnalazioni-whistleblowing\">Modulo per segnalazioni whistleblowing<\/a><\/strong><\/h4>\n<\/li>\n<li>\n<h4><strong><a href=\"https:\/\/fitt-cdn.thron.com\/delivery\/public\/document\/fitt\/26274eef-8fc1-49ed-b4b5-947f120a3b41\/nfoaxn\/WEB\/procedura-whistleblowing-semplificata\">Procedura whistleblowing semplificata<\/a><\/strong><\/h4>\n<\/li>\n<\/ul>\n","protected":false},"excerpt":{"rendered":"<p>Informativa privacy Whistleblowing ai sensi del Reg. UE 2016\/679 e del D. Lgs. 24\/2023 &nbsp; Il Titolare del trattamento dei dati personali, FITT S.p.a. Societ\u00e0 Unipersonale (di seguito FITT S.p.A.), P.I. 00162620249, con sede legale in 36066 Sandrigo, (VI), Via Piave n. 8, rende noto che i Suoi dati personali, qualora forniti e acquisiti mediante [&hellip;]<\/p>\n","protected":false},"author":2,"featured_media":0,"parent":0,"menu_order":0,"comment_status":"closed","ping_status":"closed","template":"page-builder.php","meta":{"_acf_changed":false,"footnotes":""},"class_list":["post-18684","page","type-page","status-publish","hentry"],"acf":[],"yoast_head":"<!-- This site is optimized with the Yoast SEO Premium plugin v24.1 (Yoast SEO v27.3) - https:\/\/yoast.com\/product\/yoast-seo-premium-wordpress\/ -->\n<title>Whistleblowing - FITT<\/title>\n<meta name=\"robots\" content=\"noindex, nofollow\" \/>\n<meta property=\"og:locale\" content=\"es_ES\" \/>\n<meta property=\"og:type\" content=\"article\" \/>\n<meta property=\"og:title\" content=\"Whistleblowing\" \/>\n<meta property=\"og:description\" content=\"Informativa privacy Whistleblowing ai sensi del Reg. UE 2016\/679 e del D. Lgs. 24\/2023 &nbsp; Il Titolare del trattamento dei dati personali, FITT S.p.a. Societ\u00e0 Unipersonale (di seguito FITT S.p.A.), P.I. 00162620249, con sede legale in 36066 Sandrigo, (VI), Via Piave n. 8, rende noto che i Suoi dati personali, qualora forniti e acquisiti mediante [&hellip;]\" \/>\n<meta property=\"og:url\" content=\"https:\/\/www.fitt.com\/es\/whistleblowing\/\" \/>\n<meta property=\"og:site_name\" content=\"FITT\" \/>\n<meta property=\"article:modified_time\" content=\"2023-10-24T13:46:22+00:00\" \/>\n<meta name=\"twitter:card\" content=\"summary_large_image\" \/>\n<meta name=\"twitter:label1\" content=\"Tiempo de lectura\" \/>\n\t<meta name=\"twitter:data1\" content=\"3 minutos\" \/>\n<script type=\"application\/ld+json\" class=\"yoast-schema-graph\">{\"@context\":\"https:\\\/\\\/schema.org\",\"@graph\":[{\"@type\":\"WebPage\",\"@id\":\"https:\\\/\\\/www.fitt.com\\\/es\\\/whistleblowing\\\/\",\"url\":\"https:\\\/\\\/www.fitt.com\\\/es\\\/whistleblowing\\\/\",\"name\":\"Whistleblowing - FITT\",\"isPartOf\":{\"@id\":\"https:\\\/\\\/www.fitt.com\\\/es\\\/#website\"},\"datePublished\":\"2023-10-24T10:31:09+00:00\",\"dateModified\":\"2023-10-24T13:46:22+00:00\",\"breadcrumb\":{\"@id\":\"https:\\\/\\\/www.fitt.com\\\/es\\\/whistleblowing\\\/#breadcrumb\"},\"inLanguage\":\"es\",\"potentialAction\":[{\"@type\":\"ReadAction\",\"target\":[\"https:\\\/\\\/www.fitt.com\\\/es\\\/whistleblowing\\\/\"]}]},{\"@type\":\"BreadcrumbList\",\"@id\":\"https:\\\/\\\/www.fitt.com\\\/es\\\/whistleblowing\\\/#breadcrumb\",\"itemListElement\":[{\"@type\":\"ListItem\",\"position\":1,\"name\":\"Home\",\"item\":\"https:\\\/\\\/www.fitt.com\\\/es\\\/\"},{\"@type\":\"ListItem\",\"position\":2,\"name\":\"Whistleblowing\"}]},{\"@type\":\"WebSite\",\"@id\":\"https:\\\/\\\/www.fitt.com\\\/es\\\/#website\",\"url\":\"https:\\\/\\\/www.fitt.com\\\/es\\\/\",\"name\":\"FITT\",\"description\":\"FITT Spa\",\"publisher\":{\"@id\":\"https:\\\/\\\/www.fitt.com\\\/es\\\/#organization\"},\"potentialAction\":[{\"@type\":\"SearchAction\",\"target\":{\"@type\":\"EntryPoint\",\"urlTemplate\":\"https:\\\/\\\/www.fitt.com\\\/es\\\/?s={search_term_string}\"},\"query-input\":{\"@type\":\"PropertyValueSpecification\",\"valueRequired\":true,\"valueName\":\"search_term_string\"}}],\"inLanguage\":\"es\"},{\"@type\":\"Organization\",\"@id\":\"https:\\\/\\\/www.fitt.com\\\/es\\\/#organization\",\"name\":\"Fitt SPA\",\"url\":\"https:\\\/\\\/www.fitt.com\\\/es\\\/\",\"logo\":{\"@type\":\"ImageObject\",\"inLanguage\":\"es\",\"@id\":\"https:\\\/\\\/www.fitt.com\\\/es\\\/#\\\/schema\\\/logo\\\/image\\\/\",\"url\":\"https:\\\/\\\/www.fitt.com\\\/wp-content\\\/uploads\\\/2022\\\/05\\\/logo-light.png\",\"contentUrl\":\"https:\\\/\\\/www.fitt.com\\\/wp-content\\\/uploads\\\/2022\\\/05\\\/logo-light.png\",\"width\":827,\"height\":508,\"caption\":\"Fitt SPA\"},\"image\":{\"@id\":\"https:\\\/\\\/www.fitt.com\\\/es\\\/#\\\/schema\\\/logo\\\/image\\\/\"}}]}<\/script>\n<!-- \/ Yoast SEO Premium plugin. -->","yoast_head_json":{"title":"Whistleblowing - FITT","robots":{"index":"noindex","follow":"nofollow"},"og_locale":"es_ES","og_type":"article","og_title":"Whistleblowing","og_description":"Informativa privacy Whistleblowing ai sensi del Reg. UE 2016\/679 e del D. Lgs. 24\/2023 &nbsp; Il Titolare del trattamento dei dati personali, FITT S.p.a. Societ\u00e0 Unipersonale (di seguito FITT S.p.A.), P.I. 00162620249, con sede legale in 36066 Sandrigo, (VI), Via Piave n. 8, rende noto che i Suoi dati personali, qualora forniti e acquisiti mediante [&hellip;]","og_url":"https:\/\/www.fitt.com\/es\/whistleblowing\/","og_site_name":"FITT","article_modified_time":"2023-10-24T13:46:22+00:00","twitter_card":"summary_large_image","twitter_misc":{"Tiempo de lectura":"3 minutos"},"schema":{"@context":"https:\/\/schema.org","@graph":[{"@type":"WebPage","@id":"https:\/\/www.fitt.com\/es\/whistleblowing\/","url":"https:\/\/www.fitt.com\/es\/whistleblowing\/","name":"Whistleblowing - FITT","isPartOf":{"@id":"https:\/\/www.fitt.com\/es\/#website"},"datePublished":"2023-10-24T10:31:09+00:00","dateModified":"2023-10-24T13:46:22+00:00","breadcrumb":{"@id":"https:\/\/www.fitt.com\/es\/whistleblowing\/#breadcrumb"},"inLanguage":"es","potentialAction":[{"@type":"ReadAction","target":["https:\/\/www.fitt.com\/es\/whistleblowing\/"]}]},{"@type":"BreadcrumbList","@id":"https:\/\/www.fitt.com\/es\/whistleblowing\/#breadcrumb","itemListElement":[{"@type":"ListItem","position":1,"name":"Home","item":"https:\/\/www.fitt.com\/es\/"},{"@type":"ListItem","position":2,"name":"Whistleblowing"}]},{"@type":"WebSite","@id":"https:\/\/www.fitt.com\/es\/#website","url":"https:\/\/www.fitt.com\/es\/","name":"FITT","description":"FITT Spa","publisher":{"@id":"https:\/\/www.fitt.com\/es\/#organization"},"potentialAction":[{"@type":"SearchAction","target":{"@type":"EntryPoint","urlTemplate":"https:\/\/www.fitt.com\/es\/?s={search_term_string}"},"query-input":{"@type":"PropertyValueSpecification","valueRequired":true,"valueName":"search_term_string"}}],"inLanguage":"es"},{"@type":"Organization","@id":"https:\/\/www.fitt.com\/es\/#organization","name":"Fitt SPA","url":"https:\/\/www.fitt.com\/es\/","logo":{"@type":"ImageObject","inLanguage":"es","@id":"https:\/\/www.fitt.com\/es\/#\/schema\/logo\/image\/","url":"https:\/\/www.fitt.com\/wp-content\/uploads\/2022\/05\/logo-light.png","contentUrl":"https:\/\/www.fitt.com\/wp-content\/uploads\/2022\/05\/logo-light.png","width":827,"height":508,"caption":"Fitt SPA"},"image":{"@id":"https:\/\/www.fitt.com\/es\/#\/schema\/logo\/image\/"}}]}},"_links":{"self":[{"href":"https:\/\/www.fitt.com\/es\/wp-json\/wp\/v2\/pages\/18684","targetHints":{"allow":["GET"]}}],"collection":[{"href":"https:\/\/www.fitt.com\/es\/wp-json\/wp\/v2\/pages"}],"about":[{"href":"https:\/\/www.fitt.com\/es\/wp-json\/wp\/v2\/types\/page"}],"author":[{"embeddable":true,"href":"https:\/\/www.fitt.com\/es\/wp-json\/wp\/v2\/users\/2"}],"replies":[{"embeddable":true,"href":"https:\/\/www.fitt.com\/es\/wp-json\/wp\/v2\/comments?post=18684"}],"version-history":[{"count":1,"href":"https:\/\/www.fitt.com\/es\/wp-json\/wp\/v2\/pages\/18684\/revisions"}],"predecessor-version":[{"id":18685,"href":"https:\/\/www.fitt.com\/es\/wp-json\/wp\/v2\/pages\/18684\/revisions\/18685"}],"wp:attachment":[{"href":"https:\/\/www.fitt.com\/es\/wp-json\/wp\/v2\/media?parent=18684"}],"curies":[{"name":"wp","href":"https:\/\/api.w.org\/{rel}","templated":true}]}}