{"id":22385,"date":"2025-09-01T16:20:33","date_gmt":"2025-09-01T14:20:33","guid":{"rendered":"https:\/\/www.fitt.com\/how-to-save-on-in-ground-pool-maintenance-costs\/"},"modified":"2025-09-01T16:47:47","modified_gmt":"2025-09-01T14:47:47","slug":"kosten-sparen-bei-der-instandhaltung-von-einbauschwimmbecken","status":"publish","type":"page","link":"https:\/\/www.fitt.com\/de\/kosten-sparen-bei-der-instandhaltung-von-einbauschwimmbecken\/","title":{"rendered":"Kosten sparen bei der instandhaltung von einbauschwimmbecken"},"content":{"rendered":"<h1>Kosten sparen bei der instandhaltung von einbauschwimmbecken<\/h1>\n<p><img decoding=\"async\" class=\"alignnone wp-image-22396 size-full\" src=\"https:\/\/www.fitt.com\/wp-content\/uploads\/2025\/09\/header_manutenzione-piscine-interrate.jpeg\" alt=\"header_manutenzione-piscine-interrate\" width=\"100%\" srcset=\"https:\/\/www.fitt.com\/wp-content\/uploads\/2025\/09\/header_manutenzione-piscine-interrate.jpeg 1100w, https:\/\/www.fitt.com\/wp-content\/uploads\/2025\/09\/header_manutenzione-piscine-interrate-300x169.jpeg 300w, https:\/\/www.fitt.com\/wp-content\/uploads\/2025\/09\/header_manutenzione-piscine-interrate-768x432.jpeg 768w, https:\/\/www.fitt.com\/wp-content\/uploads\/2025\/09\/header_manutenzione-piscine-interrate-400x225.jpeg 400w, https:\/\/www.fitt.com\/wp-content\/uploads\/2025\/09\/header_manutenzione-piscine-interrate-1066x600.jpeg 1066w, https:\/\/www.fitt.com\/wp-content\/uploads\/2025\/09\/header_manutenzione-piscine-interrate-600x338.jpeg 600w\" sizes=\"(max-width: 1100px) 100vw, 1100px\" \/><\/p>\n<p>Die Instandhaltung von Einbauschwimmbecken ist nicht so einfach wie es scheint. Um zum Beispiel das Wasser des Schwimmbeckens sauber zu halten und zu desinfizieren, sind Chlorpr\u00e4parate unvermeidlich. Chlor sorgt f\u00fcr kristallklares Wasser und sch\u00fctzt vor Bakterien und anderen Krankheitserregern.<\/p>\n<p>Gleichzeitig sind jedoch das\u00a0<strong>Chlor<\/strong>\u00a0und die saure Umgebung \u2013 die sich unvermeidlich bildet \u2013 die Hauptursachen f\u00fcr\u00a0<strong>Korrosion<\/strong>\u00a0in den Leitungen. Im Laufe der Zeit sind die verlegten Schl\u00e4uche, die dem Druck des dar\u00fcber liegenden Erdbodens standhalten m\u00fcssen, der konstanten Belastung durch chemische Substanzen ausgesetzt.<\/p>\n<p>&nbsp;<\/p>\n<p><img loading=\"lazy\" decoding=\"async\" class=\"alignnone wp-image-22401 size-full\" src=\"https:\/\/www.fitt.com\/wp-content\/uploads\/2025\/09\/articolo-01.jpg\" alt=\"\" width=\"768\" height=\"518\" srcset=\"https:\/\/www.fitt.com\/wp-content\/uploads\/2025\/09\/articolo-01.jpg 768w, https:\/\/www.fitt.com\/wp-content\/uploads\/2025\/09\/articolo-01-300x202.jpg 300w, https:\/\/www.fitt.com\/wp-content\/uploads\/2025\/09\/articolo-01-400x270.jpg 400w, https:\/\/www.fitt.com\/wp-content\/uploads\/2025\/09\/articolo-01-600x405.jpg 600w\" sizes=\"auto, (max-width: 768px) 100vw, 768px\" \/><\/p>\n<div class=\"vc_row wpb_row section vc_row-fluid \">\n<div class=\" full_section_inner clearfix\">\n<div class=\"wpb_column vc_column_container vc_col-sm-6\">\n<div class=\"vc_column-inner\">\n<div class=\"wpb_wrapper\">\n<div class=\"wpb_text_column wpb_content_element \">\n<div class=\"wpb_wrapper\">\n<p>Diese Kombination f\u00fchrt zu einer Schw\u00e4chung der Schl\u00e4uche, der Bildung von Rissen und zu Wasserlecks, die sich in unerwartet hohen Wasserrechnungen niederschlagen.<\/p>\n<p>Als ob das noch nicht ausreichen w\u00fcrde, ist es auch kompliziert, die Wasserlecks zu beheben: oft besteht die einzige M\u00f6glichkeit darin, die Erde rund um das Schwimmbeckenauszuheben, um die Leitungen freizulegen und die Lecks zu suchen. Neben den nicht zu vernachl\u00e4ssigenden Kosten sollte man auch an die Konsequenzen und Unannehmlichkeiten denken, die ein solcher Eingriff mit sich bringt (besch\u00e4digter Garten, st\u00e4ndiges Kommen und Gehen von Handwerkern und Maschinen\u2026).\u00a0<strong>Ein n\u00fctzlicher Hinweis, um solche Probleme zu vermeiden<\/strong>.<\/p>\n<p>&nbsp;<\/p>\n<div class=\"vc_row wpb_row section vc_row-fluid \">\n<div class=\" full_section_inner clearfix\">\n<div class=\"wpb_column vc_column_container vc_col-sm-12\">\n<div class=\"vc_column-inner\">\n<div class=\"wpb_wrapper\">\n<div class=\"wpb_text_column wpb_content_element \">\n<div class=\"wpb_wrapper\">\n<h2>Die perfekte Instandhaltung von Einbauschwimmbecken beginnt bei den Schl\u00e4uchen: W\u00e4hlen Sie den richtigen!<\/h2>\n<p>Auch wenn es so scheint, es ist nicht selbstverst\u00e4ndlich: die\u00a0<strong>sorgf\u00e4ltige Auswahl der Schl\u00e4uche<\/strong>\u00a0im Moment der Planung oder Instandhaltung ist unverzichtbar.<\/p>\n<p>Um horrende Wasserrechnungen oder hohe Reparaturkosten zu vermeiden, ist es wichtig, dass das Einbauschwimmbecken mit Schl\u00e4uchen ausgestattet ist, die<\/p>\n<ul>\n<li>elastisch<\/li>\n<li>resistent gegen chemische Belastungen<\/li>\n<li>resistent gegen statische Belastungen<\/li>\n<li>leicht zu verlegen<\/li>\n<li>flexibel und geeignet f\u00fcr alle Bodenarten sind.<\/li>\n<\/ul>\n<p><a href=\"https:\/\/www.fitt.com\/de\/product\/fitt_bactive_flex\/\"><strong>FITT B-ACTIVE<\/strong><\/a>\u00a0ist ein Poolflex-Klebeschlauch, der alle diese unverzichtbaren Eigenschaften in sich vereint und eine einfache und bewusste Instandhaltung der Einbauschwimmbecken erm\u00f6glicht. Die Effizienz des FITT B-ACTIVE Poolflex-Schlauchs, der vor \u00e4u\u00dferen mechanischen und inneren chemischen Belastungen gesch\u00fctzt ist, ist durch zahlreiche Patente zertifiziert. Um unser Schwimmbecken in vollen Z\u00fcgen und in Sicherheit zu genie\u00dfen, sollten wir\u00a0<strong>widerstandsf\u00e4hige und qualitativ hochwertige Bauteile<\/strong>\u00a0w\u00e4hlen.<\/p>\n<p>&nbsp;<\/p>\n<h2>Instandhaltung von Einbauschwimmbecken: n\u00fctzliche Anleitungen<\/h2>\n<p>Wie wir sehen konnten, ist die Auswahl der Leitungen bei der Instandhaltung von Einbauschwimmbecken von gro\u00dfer Bedeutung. Das Chlor und die chemische Umgebung, die sich in den Leitungen des Schwimmbeckens bildet, sind unverzichtbar f\u00fcr sauberes Wasser und unsere Gesundheit. Gleichzeitig greifen jedoch die chemischen Substanzen die Schl\u00e4uche an und f\u00fchren zu Lecks und Wasserverlust.<\/p>\n<p>Wenn wir unser Schwimmbecken mit <a href=\"https:\/\/www.fitt.com\/de\/product\/fitt_bactive_flex\/\">FITT B-ACTIVE<\/a> Schl\u00e4uchen ausstatten, k\u00f6nnen wir einem der unangenehmsten und teuersten Probleme\u00a0<strong>vorbeugen<\/strong>:\u00a0<strong>die Besch\u00e4digung und das Auswechseln<\/strong>\u00a0der Wasserleitungen.<\/p>\n<\/div>\n<\/div>\n<\/div>\n<\/div>\n<\/div>\n<\/div>\n<\/div>\n<\/div>\n<\/div>\n<\/div>\n<\/div>\n<\/div>\n<\/div>\n<\/div>\n","protected":false},"excerpt":{"rendered":"<p>Kosten sparen bei der instandhaltung von einbauschwimmbecken Die Instandhaltung von Einbauschwimmbecken ist nicht so einfach wie es scheint. Um zum Beispiel das Wasser des Schwimmbeckens sauber zu halten und zu desinfizieren, sind Chlorpr\u00e4parate unvermeidlich. Chlor sorgt f\u00fcr kristallklares Wasser und sch\u00fctzt vor Bakterien und anderen Krankheitserregern. Gleichzeitig sind jedoch das\u00a0Chlor\u00a0und die saure Umgebung \u2013 die [&hellip;]<\/p>\n","protected":false},"author":10,"featured_media":0,"parent":0,"menu_order":0,"comment_status":"closed","ping_status":"closed","template":"","meta":{"_acf_changed":false,"footnotes":""},"class_list":["post-22385","page","type-page","status-publish","hentry"],"acf":[],"yoast_head":"<!-- This site is optimized with the Yoast SEO Premium plugin v24.1 (Yoast SEO v27.3) - https:\/\/yoast.com\/product\/yoast-seo-premium-wordpress\/ -->\n<title>Kosten sparen bei der instandhaltung von einbauschwimmbecken - FITT<\/title>\n<meta name=\"robots\" content=\"index, follow, max-snippet:-1, max-image-preview:large, max-video-preview:-1\" \/>\n<link rel=\"canonical\" href=\"https:\/\/www.fitt.com\/de\/kosten-sparen-bei-der-instandhaltung-von-einbauschwimmbecken\/\" \/>\n<meta property=\"og:locale\" content=\"de_DE\" \/>\n<meta property=\"og:type\" content=\"article\" \/>\n<meta property=\"og:title\" content=\"Kosten sparen bei der instandhaltung von einbauschwimmbecken\" \/>\n<meta property=\"og:description\" content=\"Kosten sparen bei der instandhaltung von einbauschwimmbecken Die Instandhaltung von Einbauschwimmbecken ist nicht so einfach wie es scheint. Um zum Beispiel das Wasser des Schwimmbeckens sauber zu halten und zu desinfizieren, sind Chlorpr\u00e4parate unvermeidlich. Chlor sorgt f\u00fcr kristallklares Wasser und sch\u00fctzt vor Bakterien und anderen Krankheitserregern. Gleichzeitig sind jedoch das\u00a0Chlor\u00a0und die saure Umgebung \u2013 die [&hellip;]\" \/>\n<meta property=\"og:url\" content=\"https:\/\/www.fitt.com\/de\/kosten-sparen-bei-der-instandhaltung-von-einbauschwimmbecken\/\" \/>\n<meta property=\"og:site_name\" content=\"FITT\" \/>\n<meta property=\"article:modified_time\" content=\"2025-09-01T14:47:47+00:00\" \/>\n<meta property=\"og:image\" content=\"https:\/\/www.fitt.com\/wp-content\/uploads\/2025\/09\/header_manutenzione-piscine-interrate.jpeg\" \/>\n\t<meta property=\"og:image:width\" content=\"1100\" \/>\n\t<meta property=\"og:image:height\" content=\"619\" \/>\n\t<meta property=\"og:image:type\" content=\"image\/jpeg\" \/>\n<meta name=\"twitter:card\" content=\"summary_large_image\" \/>\n<meta name=\"twitter:label1\" content=\"Gesch\u00e4tzte Lesezeit\" \/>\n\t<meta name=\"twitter:data1\" content=\"3\u00a0Minuten\" \/>\n<script type=\"application\/ld+json\" class=\"yoast-schema-graph\">{\"@context\":\"https:\\\/\\\/schema.org\",\"@graph\":[{\"@type\":\"WebPage\",\"@id\":\"https:\\\/\\\/www.fitt.com\\\/de\\\/kosten-sparen-bei-der-instandhaltung-von-einbauschwimmbecken\\\/\",\"url\":\"https:\\\/\\\/www.fitt.com\\\/de\\\/kosten-sparen-bei-der-instandhaltung-von-einbauschwimmbecken\\\/\",\"name\":\"Kosten sparen bei der instandhaltung von einbauschwimmbecken - FITT\",\"isPartOf\":{\"@id\":\"https:\\\/\\\/www.fitt.com\\\/de\\\/#website\"},\"primaryImageOfPage\":{\"@id\":\"https:\\\/\\\/www.fitt.com\\\/de\\\/kosten-sparen-bei-der-instandhaltung-von-einbauschwimmbecken\\\/#primaryimage\"},\"image\":{\"@id\":\"https:\\\/\\\/www.fitt.com\\\/de\\\/kosten-sparen-bei-der-instandhaltung-von-einbauschwimmbecken\\\/#primaryimage\"},\"thumbnailUrl\":\"https:\\\/\\\/www.fitt.com\\\/wp-content\\\/uploads\\\/2025\\\/09\\\/header_manutenzione-piscine-interrate.jpeg\",\"datePublished\":\"2025-09-01T14:20:33+00:00\",\"dateModified\":\"2025-09-01T14:47:47+00:00\",\"breadcrumb\":{\"@id\":\"https:\\\/\\\/www.fitt.com\\\/de\\\/kosten-sparen-bei-der-instandhaltung-von-einbauschwimmbecken\\\/#breadcrumb\"},\"inLanguage\":\"de\",\"potentialAction\":[{\"@type\":\"ReadAction\",\"target\":[\"https:\\\/\\\/www.fitt.com\\\/de\\\/kosten-sparen-bei-der-instandhaltung-von-einbauschwimmbecken\\\/\"]}]},{\"@type\":\"ImageObject\",\"inLanguage\":\"de\",\"@id\":\"https:\\\/\\\/www.fitt.com\\\/de\\\/kosten-sparen-bei-der-instandhaltung-von-einbauschwimmbecken\\\/#primaryimage\",\"url\":\"https:\\\/\\\/www.fitt.com\\\/wp-content\\\/uploads\\\/2025\\\/09\\\/header_manutenzione-piscine-interrate.jpeg\",\"contentUrl\":\"https:\\\/\\\/www.fitt.com\\\/wp-content\\\/uploads\\\/2025\\\/09\\\/header_manutenzione-piscine-interrate.jpeg\"},{\"@type\":\"BreadcrumbList\",\"@id\":\"https:\\\/\\\/www.fitt.com\\\/de\\\/kosten-sparen-bei-der-instandhaltung-von-einbauschwimmbecken\\\/#breadcrumb\",\"itemListElement\":[{\"@type\":\"ListItem\",\"position\":1,\"name\":\"Home\",\"item\":\"https:\\\/\\\/www.fitt.com\\\/de\\\/\"},{\"@type\":\"ListItem\",\"position\":2,\"name\":\"Kosten sparen bei der instandhaltung von einbauschwimmbecken\"}]},{\"@type\":\"WebSite\",\"@id\":\"https:\\\/\\\/www.fitt.com\\\/de\\\/#website\",\"url\":\"https:\\\/\\\/www.fitt.com\\\/de\\\/\",\"name\":\"FITT\",\"description\":\"FITT Spa\",\"publisher\":{\"@id\":\"https:\\\/\\\/www.fitt.com\\\/de\\\/#organization\"},\"potentialAction\":[{\"@type\":\"SearchAction\",\"target\":{\"@type\":\"EntryPoint\",\"urlTemplate\":\"https:\\\/\\\/www.fitt.com\\\/de\\\/?s={search_term_string}\"},\"query-input\":{\"@type\":\"PropertyValueSpecification\",\"valueRequired\":true,\"valueName\":\"search_term_string\"}}],\"inLanguage\":\"de\"},{\"@type\":\"Organization\",\"@id\":\"https:\\\/\\\/www.fitt.com\\\/de\\\/#organization\",\"name\":\"Fitt SPA\",\"url\":\"https:\\\/\\\/www.fitt.com\\\/de\\\/\",\"logo\":{\"@type\":\"ImageObject\",\"inLanguage\":\"de\",\"@id\":\"https:\\\/\\\/www.fitt.com\\\/de\\\/#\\\/schema\\\/logo\\\/image\\\/\",\"url\":\"https:\\\/\\\/www.fitt.com\\\/wp-content\\\/uploads\\\/2022\\\/05\\\/logo-light.png\",\"contentUrl\":\"https:\\\/\\\/www.fitt.com\\\/wp-content\\\/uploads\\\/2022\\\/05\\\/logo-light.png\",\"width\":827,\"height\":508,\"caption\":\"Fitt SPA\"},\"image\":{\"@id\":\"https:\\\/\\\/www.fitt.com\\\/de\\\/#\\\/schema\\\/logo\\\/image\\\/\"}}]}<\/script>\n<!-- \/ Yoast SEO Premium plugin. -->","yoast_head_json":{"title":"Kosten sparen bei der instandhaltung von einbauschwimmbecken - FITT","robots":{"index":"index","follow":"follow","max-snippet":"max-snippet:-1","max-image-preview":"max-image-preview:large","max-video-preview":"max-video-preview:-1"},"canonical":"https:\/\/www.fitt.com\/de\/kosten-sparen-bei-der-instandhaltung-von-einbauschwimmbecken\/","og_locale":"de_DE","og_type":"article","og_title":"Kosten sparen bei der instandhaltung von einbauschwimmbecken","og_description":"Kosten sparen bei der instandhaltung von einbauschwimmbecken Die Instandhaltung von Einbauschwimmbecken ist nicht so einfach wie es scheint. Um zum Beispiel das Wasser des Schwimmbeckens sauber zu halten und zu desinfizieren, sind Chlorpr\u00e4parate unvermeidlich. Chlor sorgt f\u00fcr kristallklares Wasser und sch\u00fctzt vor Bakterien und anderen Krankheitserregern. Gleichzeitig sind jedoch das\u00a0Chlor\u00a0und die saure Umgebung \u2013 die [&hellip;]","og_url":"https:\/\/www.fitt.com\/de\/kosten-sparen-bei-der-instandhaltung-von-einbauschwimmbecken\/","og_site_name":"FITT","article_modified_time":"2025-09-01T14:47:47+00:00","og_image":[{"width":1100,"height":619,"url":"https:\/\/www.fitt.com\/wp-content\/uploads\/2025\/09\/header_manutenzione-piscine-interrate.jpeg","type":"image\/jpeg"}],"twitter_card":"summary_large_image","twitter_misc":{"Gesch\u00e4tzte Lesezeit":"3\u00a0Minuten"},"schema":{"@context":"https:\/\/schema.org","@graph":[{"@type":"WebPage","@id":"https:\/\/www.fitt.com\/de\/kosten-sparen-bei-der-instandhaltung-von-einbauschwimmbecken\/","url":"https:\/\/www.fitt.com\/de\/kosten-sparen-bei-der-instandhaltung-von-einbauschwimmbecken\/","name":"Kosten sparen bei der instandhaltung von einbauschwimmbecken - FITT","isPartOf":{"@id":"https:\/\/www.fitt.com\/de\/#website"},"primaryImageOfPage":{"@id":"https:\/\/www.fitt.com\/de\/kosten-sparen-bei-der-instandhaltung-von-einbauschwimmbecken\/#primaryimage"},"image":{"@id":"https:\/\/www.fitt.com\/de\/kosten-sparen-bei-der-instandhaltung-von-einbauschwimmbecken\/#primaryimage"},"thumbnailUrl":"https:\/\/www.fitt.com\/wp-content\/uploads\/2025\/09\/header_manutenzione-piscine-interrate.jpeg","datePublished":"2025-09-01T14:20:33+00:00","dateModified":"2025-09-01T14:47:47+00:00","breadcrumb":{"@id":"https:\/\/www.fitt.com\/de\/kosten-sparen-bei-der-instandhaltung-von-einbauschwimmbecken\/#breadcrumb"},"inLanguage":"de","potentialAction":[{"@type":"ReadAction","target":["https:\/\/www.fitt.com\/de\/kosten-sparen-bei-der-instandhaltung-von-einbauschwimmbecken\/"]}]},{"@type":"ImageObject","inLanguage":"de","@id":"https:\/\/www.fitt.com\/de\/kosten-sparen-bei-der-instandhaltung-von-einbauschwimmbecken\/#primaryimage","url":"https:\/\/www.fitt.com\/wp-content\/uploads\/2025\/09\/header_manutenzione-piscine-interrate.jpeg","contentUrl":"https:\/\/www.fitt.com\/wp-content\/uploads\/2025\/09\/header_manutenzione-piscine-interrate.jpeg"},{"@type":"BreadcrumbList","@id":"https:\/\/www.fitt.com\/de\/kosten-sparen-bei-der-instandhaltung-von-einbauschwimmbecken\/#breadcrumb","itemListElement":[{"@type":"ListItem","position":1,"name":"Home","item":"https:\/\/www.fitt.com\/de\/"},{"@type":"ListItem","position":2,"name":"Kosten sparen bei der instandhaltung von einbauschwimmbecken"}]},{"@type":"WebSite","@id":"https:\/\/www.fitt.com\/de\/#website","url":"https:\/\/www.fitt.com\/de\/","name":"FITT","description":"FITT Spa","publisher":{"@id":"https:\/\/www.fitt.com\/de\/#organization"},"potentialAction":[{"@type":"SearchAction","target":{"@type":"EntryPoint","urlTemplate":"https:\/\/www.fitt.com\/de\/?s={search_term_string}"},"query-input":{"@type":"PropertyValueSpecification","valueRequired":true,"valueName":"search_term_string"}}],"inLanguage":"de"},{"@type":"Organization","@id":"https:\/\/www.fitt.com\/de\/#organization","name":"Fitt SPA","url":"https:\/\/www.fitt.com\/de\/","logo":{"@type":"ImageObject","inLanguage":"de","@id":"https:\/\/www.fitt.com\/de\/#\/schema\/logo\/image\/","url":"https:\/\/www.fitt.com\/wp-content\/uploads\/2022\/05\/logo-light.png","contentUrl":"https:\/\/www.fitt.com\/wp-content\/uploads\/2022\/05\/logo-light.png","width":827,"height":508,"caption":"Fitt SPA"},"image":{"@id":"https:\/\/www.fitt.com\/de\/#\/schema\/logo\/image\/"}}]}},"_links":{"self":[{"href":"https:\/\/www.fitt.com\/de\/wp-json\/wp\/v2\/pages\/22385","targetHints":{"allow":["GET"]}}],"collection":[{"href":"https:\/\/www.fitt.com\/de\/wp-json\/wp\/v2\/pages"}],"about":[{"href":"https:\/\/www.fitt.com\/de\/wp-json\/wp\/v2\/types\/page"}],"author":[{"embeddable":true,"href":"https:\/\/www.fitt.com\/de\/wp-json\/wp\/v2\/users\/10"}],"replies":[{"embeddable":true,"href":"https:\/\/www.fitt.com\/de\/wp-json\/wp\/v2\/comments?post=22385"}],"version-history":[{"count":3,"href":"https:\/\/www.fitt.com\/de\/wp-json\/wp\/v2\/pages\/22385\/revisions"}],"predecessor-version":[{"id":22424,"href":"https:\/\/www.fitt.com\/de\/wp-json\/wp\/v2\/pages\/22385\/revisions\/22424"}],"wp:attachment":[{"href":"https:\/\/www.fitt.com\/de\/wp-json\/wp\/v2\/media?parent=22385"}],"curies":[{"name":"wp","href":"https:\/\/api.w.org\/{rel}","templated":true}]}}