{"id":22324,"date":"2025-09-01T11:19:18","date_gmt":"2025-09-01T09:19:18","guid":{"rendered":"https:\/\/www.fitt.com\/high-concentration-chlorine-resistance-tests\/"},"modified":"2025-09-01T11:50:57","modified_gmt":"2025-09-01T09:50:57","slug":"bestaendigkeitspruefungen-gegen-hochkonzentriertes-chlor","status":"publish","type":"page","link":"https:\/\/www.fitt.com\/de\/bestaendigkeitspruefungen-gegen-hochkonzentriertes-chlor\/","title":{"rendered":"Best\u00e4ndigkeitspr\u00fcfungen gegen hochkonzentriertes Chlor"},"content":{"rendered":"<h1 class=\"entry_title\">Best\u00e4ndigkeitspr\u00fcfungen gegen hochkonzentriertes Chlor<\/h1>\n<p><img decoding=\"async\" class=\"alignnone wp-image-22337 size-full\" src=\"https:\/\/www.fitt.com\/wp-content\/uploads\/2025\/09\/header-prove-resistenza-cloro.jpeg\" alt=\"\" width=\"100%\" srcset=\"https:\/\/www.fitt.com\/wp-content\/uploads\/2025\/09\/header-prove-resistenza-cloro.jpeg 1600w, https:\/\/www.fitt.com\/wp-content\/uploads\/2025\/09\/header-prove-resistenza-cloro-300x122.jpeg 300w, https:\/\/www.fitt.com\/wp-content\/uploads\/2025\/09\/header-prove-resistenza-cloro-768x312.jpeg 768w, https:\/\/www.fitt.com\/wp-content\/uploads\/2025\/09\/header-prove-resistenza-cloro-1536x624.jpeg 1536w, https:\/\/www.fitt.com\/wp-content\/uploads\/2025\/09\/header-prove-resistenza-cloro-400x163.jpeg 400w, https:\/\/www.fitt.com\/wp-content\/uploads\/2025\/09\/header-prove-resistenza-cloro-1200x488.jpeg 1200w, https:\/\/www.fitt.com\/wp-content\/uploads\/2025\/09\/header-prove-resistenza-cloro-600x244.jpeg 600w\" sizes=\"(max-width: 1600px) 100vw, 1600px\" \/><\/p>\n<p><strong>FITT<\/strong>\u00a0hat Pr\u00fcfungen im Labor durchgef\u00fchrt, um die nachgewiesene Chlorbest\u00e4ndigkeit von\u00a0<a href=\"https:\/\/www.fitt.com\/de\/product\/fitt_bactive_flex\/\"><strong>FITT B-Active<\/strong><\/a>\u00a0wissenschaftlich best\u00e4tigen zu k\u00f6nnen. Neben der Flexibilit\u00e4t und dem spezifischen Biegeradius ist die Chlorbest\u00e4ndigkeit eines der hervorstechendsten Merkmale des Spiralschlauchs f\u00fcr Einbauschwimmbecken.<\/p>\n<p>Die bereits patentierte\u00a0<strong>CDS-Beschichtung (Chlorine Defence System)<\/strong>\u00a0bietet einen erh\u00f6hten Schutz, auch gegen chlorhaltiges Wasser und eine saure Umgebung, und garantiert dabei die Langlebigkeit.<\/p>\n<p>Um die Leistungen von FITT B-Active zu best\u00e4tigen, hat das Forschungs- und Entwicklungslabor von FITT eine Pr\u00fcfmethode entwickelt, mit der eine Situation simuliert wird, welche den Alterungs- und Zerfallsprozess des Schlauches aufgrund des Kontakts mit Chlor in extremer Konzentration beschleunigt.<\/p>\n<p><strong>F\u00fcr einen Zeitraum von insgesamt 45 Tagen wurde <a href=\"https:\/\/www.fitt.com\/de\/product\/fitt_bactive_flex\/\">FITT B-Active<\/a> dem Kontakt mit einer L\u00f6sung aus Wasser und Dichlorisocyanurat zu 8 g\/l ausgesetzt<\/strong>. Diese Konzentration entspricht 500 Mal der empfohlenen Konzentration f\u00fcr eine Sto\u00dfchlorung sowie 1600 Mal der empfohlenen Konzentration f\u00fcr eine Erhaltungsbehandlung.<\/p>\n<p>&nbsp;<\/p>\n<p><img loading=\"lazy\" decoding=\"async\" class=\"alignnone size-medium wp-image-22342\" src=\"https:\/\/www.fitt.com\/wp-content\/uploads\/2025\/09\/articolo_01-300x225.jpg\" alt=\"\" width=\"300\" height=\"225\" srcset=\"https:\/\/www.fitt.com\/wp-content\/uploads\/2025\/09\/articolo_01-300x225.jpg 300w, https:\/\/www.fitt.com\/wp-content\/uploads\/2025\/09\/articolo_01-768x576.jpg 768w, https:\/\/www.fitt.com\/wp-content\/uploads\/2025\/09\/articolo_01-400x300.jpg 400w, https:\/\/www.fitt.com\/wp-content\/uploads\/2025\/09\/articolo_01-800x600.jpg 800w, https:\/\/www.fitt.com\/wp-content\/uploads\/2025\/09\/articolo_01-600x450.jpg 600w, https:\/\/www.fitt.com\/wp-content\/uploads\/2025\/09\/articolo_01.jpg 1440w\" sizes=\"auto, (max-width: 300px) 100vw, 300px\" \/><\/p>\n<div class=\"vc_empty_space\">Der Test bestand darin,\u00a0<strong>die L\u00f6sung in Schlauchabschnitte zu f\u00fcllen, die an den Enden mit am Schlauch angeklebten PVC-Kappen verschlossen werden<\/strong>. Auf diese Weise kommt die aggressive L\u00f6sung nur mit der Innenschicht des Schlauchs in Ber\u00fchrung.<\/div>\n<p>&nbsp;<\/p>\n<div><img loading=\"lazy\" decoding=\"async\" class=\"alignnone size-medium wp-image-22347\" src=\"https:\/\/www.fitt.com\/wp-content\/uploads\/2025\/09\/articolo_02a-265x300.png\" alt=\"\" width=\"265\" height=\"300\" srcset=\"https:\/\/www.fitt.com\/wp-content\/uploads\/2025\/09\/articolo_02a-265x300.png 265w, https:\/\/www.fitt.com\/wp-content\/uploads\/2025\/09\/articolo_02a.png 352w\" sizes=\"auto, (max-width: 265px) 100vw, 265px\" \/> <img loading=\"lazy\" decoding=\"async\" class=\"alignnone size-medium wp-image-22352\" src=\"https:\/\/www.fitt.com\/wp-content\/uploads\/2025\/09\/articolo_02b-261x300.png\" alt=\"\" width=\"261\" height=\"300\" srcset=\"https:\/\/www.fitt.com\/wp-content\/uploads\/2025\/09\/articolo_02b-261x300.png 261w, https:\/\/www.fitt.com\/wp-content\/uploads\/2025\/09\/articolo_02b.png 352w\" sizes=\"auto, (max-width: 261px) 100vw, 261px\" \/><\/div>\n<div><em>FITT B-Active vor dem Test und\u00a015 Tage sp\u00e4ter\u00a0<\/em><\/div>\n<p>&nbsp;<\/p>\n<div><strong>Im Laufe der ersten 15 Tage wurden die Schl\u00e4uche bei einer Temperatur von circa 20 \u00b0C gelagert<\/strong>, w\u00e4hrend sie f\u00fcr die folgenden 30 Tage bei einer max. Temperatur von 40 \u00b0C bei direkter Sonneneinstrahlung gepr\u00fcft wurden, um den Zerfall zu beschleunigen.<\/div>\n<p>&nbsp;<\/p>\n<div><img loading=\"lazy\" decoding=\"async\" class=\"alignnone size-medium wp-image-22357\" src=\"https:\/\/www.fitt.com\/wp-content\/uploads\/2025\/09\/articolo_03-300x300.jpg\" alt=\"\" width=\"300\" height=\"300\" srcset=\"https:\/\/www.fitt.com\/wp-content\/uploads\/2025\/09\/articolo_03-300x300.jpg 300w, https:\/\/www.fitt.com\/wp-content\/uploads\/2025\/09\/articolo_03-150x150.jpg 150w, https:\/\/www.fitt.com\/wp-content\/uploads\/2025\/09\/articolo_03-400x400.jpg 400w, https:\/\/www.fitt.com\/wp-content\/uploads\/2025\/09\/articolo_03.jpg 500w\" sizes=\"auto, (max-width: 300px) 100vw, 300px\" \/><\/div>\n<div><em>FITT B-Active 45 Tage sp\u00e4ter\u00a0<\/em><\/div>\n<p>&nbsp;<\/p>\n<div>Nach Abschluss der Studien erwiesen sich die Ergebnisse als sehr positiv und optimiert im Vergleich zu herk\u00f6mmlichen markt\u00fcblichen Spiralschl\u00e4uchen.\u00a0<strong>Im Einzelnen zeigte <a href=\"https:\/\/www.fitt.com\/de\/product\/fitt_bactive_flex\/\">FITT B-Active<\/a> keine Anzeichen eines Zerfalls aufgrund chemischer Reaktionen und nicht einmal Verf\u00e4rbungen<\/strong>; auch die interne Skin blieb unver\u00e4ndert.<\/div>\n","protected":false},"excerpt":{"rendered":"<p>Best\u00e4ndigkeitspr\u00fcfungen gegen hochkonzentriertes Chlor FITT\u00a0hat Pr\u00fcfungen im Labor durchgef\u00fchrt, um die nachgewiesene Chlorbest\u00e4ndigkeit von\u00a0FITT B-Active\u00a0wissenschaftlich best\u00e4tigen zu k\u00f6nnen. Neben der Flexibilit\u00e4t und dem spezifischen Biegeradius ist die Chlorbest\u00e4ndigkeit eines der hervorstechendsten Merkmale des Spiralschlauchs f\u00fcr Einbauschwimmbecken. Die bereits patentierte\u00a0CDS-Beschichtung (Chlorine Defence System)\u00a0bietet einen erh\u00f6hten Schutz, auch gegen chlorhaltiges Wasser und eine saure Umgebung, und garantiert [&hellip;]<\/p>\n","protected":false},"author":10,"featured_media":0,"parent":0,"menu_order":0,"comment_status":"closed","ping_status":"closed","template":"","meta":{"_acf_changed":false,"footnotes":""},"class_list":["post-22324","page","type-page","status-publish","hentry"],"acf":[],"yoast_head":"<!-- This site is optimized with the Yoast SEO Premium plugin v24.1 (Yoast SEO v27.3) - https:\/\/yoast.com\/product\/yoast-seo-premium-wordpress\/ -->\n<title>Best\u00e4ndigkeitspr\u00fcfungen gegen hochkonzentriertes Chlor - FITT<\/title>\n<meta name=\"robots\" content=\"index, follow, max-snippet:-1, max-image-preview:large, max-video-preview:-1\" \/>\n<link rel=\"canonical\" href=\"https:\/\/www.fitt.com\/de\/bestaendigkeitspruefungen-gegen-hochkonzentriertes-chlor\/\" \/>\n<meta property=\"og:locale\" content=\"de_DE\" \/>\n<meta property=\"og:type\" content=\"article\" \/>\n<meta property=\"og:title\" content=\"Best\u00e4ndigkeitspr\u00fcfungen gegen hochkonzentriertes Chlor\" \/>\n<meta property=\"og:description\" content=\"Best\u00e4ndigkeitspr\u00fcfungen gegen hochkonzentriertes Chlor FITT\u00a0hat Pr\u00fcfungen im Labor durchgef\u00fchrt, um die nachgewiesene Chlorbest\u00e4ndigkeit von\u00a0FITT B-Active\u00a0wissenschaftlich best\u00e4tigen zu k\u00f6nnen. Neben der Flexibilit\u00e4t und dem spezifischen Biegeradius ist die Chlorbest\u00e4ndigkeit eines der hervorstechendsten Merkmale des Spiralschlauchs f\u00fcr Einbauschwimmbecken. Die bereits patentierte\u00a0CDS-Beschichtung (Chlorine Defence System)\u00a0bietet einen erh\u00f6hten Schutz, auch gegen chlorhaltiges Wasser und eine saure Umgebung, und garantiert [&hellip;]\" \/>\n<meta property=\"og:url\" content=\"https:\/\/www.fitt.com\/de\/bestaendigkeitspruefungen-gegen-hochkonzentriertes-chlor\/\" \/>\n<meta property=\"og:site_name\" content=\"FITT\" \/>\n<meta property=\"article:modified_time\" content=\"2025-09-01T09:50:57+00:00\" \/>\n<meta property=\"og:image\" content=\"https:\/\/www.fitt.com\/wp-content\/uploads\/2025\/09\/header-prove-resistenza-cloro.jpeg\" \/>\n\t<meta property=\"og:image:width\" content=\"1600\" \/>\n\t<meta property=\"og:image:height\" content=\"650\" \/>\n\t<meta property=\"og:image:type\" content=\"image\/jpeg\" \/>\n<meta name=\"twitter:card\" content=\"summary_large_image\" \/>\n<meta name=\"twitter:label1\" content=\"Gesch\u00e4tzte Lesezeit\" \/>\n\t<meta name=\"twitter:data1\" content=\"3\u00a0Minuten\" \/>\n<script type=\"application\/ld+json\" class=\"yoast-schema-graph\">{\"@context\":\"https:\\\/\\\/schema.org\",\"@graph\":[{\"@type\":\"WebPage\",\"@id\":\"https:\\\/\\\/www.fitt.com\\\/de\\\/bestaendigkeitspruefungen-gegen-hochkonzentriertes-chlor\\\/\",\"url\":\"https:\\\/\\\/www.fitt.com\\\/de\\\/bestaendigkeitspruefungen-gegen-hochkonzentriertes-chlor\\\/\",\"name\":\"Best\u00e4ndigkeitspr\u00fcfungen gegen hochkonzentriertes Chlor - FITT\",\"isPartOf\":{\"@id\":\"https:\\\/\\\/www.fitt.com\\\/de\\\/#website\"},\"primaryImageOfPage\":{\"@id\":\"https:\\\/\\\/www.fitt.com\\\/de\\\/bestaendigkeitspruefungen-gegen-hochkonzentriertes-chlor\\\/#primaryimage\"},\"image\":{\"@id\":\"https:\\\/\\\/www.fitt.com\\\/de\\\/bestaendigkeitspruefungen-gegen-hochkonzentriertes-chlor\\\/#primaryimage\"},\"thumbnailUrl\":\"https:\\\/\\\/www.fitt.com\\\/wp-content\\\/uploads\\\/2025\\\/09\\\/header-prove-resistenza-cloro.jpeg\",\"datePublished\":\"2025-09-01T09:19:18+00:00\",\"dateModified\":\"2025-09-01T09:50:57+00:00\",\"breadcrumb\":{\"@id\":\"https:\\\/\\\/www.fitt.com\\\/de\\\/bestaendigkeitspruefungen-gegen-hochkonzentriertes-chlor\\\/#breadcrumb\"},\"inLanguage\":\"de\",\"potentialAction\":[{\"@type\":\"ReadAction\",\"target\":[\"https:\\\/\\\/www.fitt.com\\\/de\\\/bestaendigkeitspruefungen-gegen-hochkonzentriertes-chlor\\\/\"]}]},{\"@type\":\"ImageObject\",\"inLanguage\":\"de\",\"@id\":\"https:\\\/\\\/www.fitt.com\\\/de\\\/bestaendigkeitspruefungen-gegen-hochkonzentriertes-chlor\\\/#primaryimage\",\"url\":\"https:\\\/\\\/www.fitt.com\\\/wp-content\\\/uploads\\\/2025\\\/09\\\/header-prove-resistenza-cloro.jpeg\",\"contentUrl\":\"https:\\\/\\\/www.fitt.com\\\/wp-content\\\/uploads\\\/2025\\\/09\\\/header-prove-resistenza-cloro.jpeg\"},{\"@type\":\"BreadcrumbList\",\"@id\":\"https:\\\/\\\/www.fitt.com\\\/de\\\/bestaendigkeitspruefungen-gegen-hochkonzentriertes-chlor\\\/#breadcrumb\",\"itemListElement\":[{\"@type\":\"ListItem\",\"position\":1,\"name\":\"Home\",\"item\":\"https:\\\/\\\/www.fitt.com\\\/de\\\/\"},{\"@type\":\"ListItem\",\"position\":2,\"name\":\"Best\u00e4ndigkeitspr\u00fcfungen gegen hochkonzentriertes Chlor\"}]},{\"@type\":\"WebSite\",\"@id\":\"https:\\\/\\\/www.fitt.com\\\/de\\\/#website\",\"url\":\"https:\\\/\\\/www.fitt.com\\\/de\\\/\",\"name\":\"FITT\",\"description\":\"FITT Spa\",\"publisher\":{\"@id\":\"https:\\\/\\\/www.fitt.com\\\/de\\\/#organization\"},\"potentialAction\":[{\"@type\":\"SearchAction\",\"target\":{\"@type\":\"EntryPoint\",\"urlTemplate\":\"https:\\\/\\\/www.fitt.com\\\/de\\\/?s={search_term_string}\"},\"query-input\":{\"@type\":\"PropertyValueSpecification\",\"valueRequired\":true,\"valueName\":\"search_term_string\"}}],\"inLanguage\":\"de\"},{\"@type\":\"Organization\",\"@id\":\"https:\\\/\\\/www.fitt.com\\\/de\\\/#organization\",\"name\":\"Fitt SPA\",\"url\":\"https:\\\/\\\/www.fitt.com\\\/de\\\/\",\"logo\":{\"@type\":\"ImageObject\",\"inLanguage\":\"de\",\"@id\":\"https:\\\/\\\/www.fitt.com\\\/de\\\/#\\\/schema\\\/logo\\\/image\\\/\",\"url\":\"https:\\\/\\\/www.fitt.com\\\/wp-content\\\/uploads\\\/2022\\\/05\\\/logo-light.png\",\"contentUrl\":\"https:\\\/\\\/www.fitt.com\\\/wp-content\\\/uploads\\\/2022\\\/05\\\/logo-light.png\",\"width\":827,\"height\":508,\"caption\":\"Fitt SPA\"},\"image\":{\"@id\":\"https:\\\/\\\/www.fitt.com\\\/de\\\/#\\\/schema\\\/logo\\\/image\\\/\"}}]}<\/script>\n<!-- \/ Yoast SEO Premium plugin. -->","yoast_head_json":{"title":"Best\u00e4ndigkeitspr\u00fcfungen gegen hochkonzentriertes Chlor - FITT","robots":{"index":"index","follow":"follow","max-snippet":"max-snippet:-1","max-image-preview":"max-image-preview:large","max-video-preview":"max-video-preview:-1"},"canonical":"https:\/\/www.fitt.com\/de\/bestaendigkeitspruefungen-gegen-hochkonzentriertes-chlor\/","og_locale":"de_DE","og_type":"article","og_title":"Best\u00e4ndigkeitspr\u00fcfungen gegen hochkonzentriertes Chlor","og_description":"Best\u00e4ndigkeitspr\u00fcfungen gegen hochkonzentriertes Chlor FITT\u00a0hat Pr\u00fcfungen im Labor durchgef\u00fchrt, um die nachgewiesene Chlorbest\u00e4ndigkeit von\u00a0FITT B-Active\u00a0wissenschaftlich best\u00e4tigen zu k\u00f6nnen. Neben der Flexibilit\u00e4t und dem spezifischen Biegeradius ist die Chlorbest\u00e4ndigkeit eines der hervorstechendsten Merkmale des Spiralschlauchs f\u00fcr Einbauschwimmbecken. Die bereits patentierte\u00a0CDS-Beschichtung (Chlorine Defence System)\u00a0bietet einen erh\u00f6hten Schutz, auch gegen chlorhaltiges Wasser und eine saure Umgebung, und garantiert [&hellip;]","og_url":"https:\/\/www.fitt.com\/de\/bestaendigkeitspruefungen-gegen-hochkonzentriertes-chlor\/","og_site_name":"FITT","article_modified_time":"2025-09-01T09:50:57+00:00","og_image":[{"width":1600,"height":650,"url":"https:\/\/www.fitt.com\/wp-content\/uploads\/2025\/09\/header-prove-resistenza-cloro.jpeg","type":"image\/jpeg"}],"twitter_card":"summary_large_image","twitter_misc":{"Gesch\u00e4tzte Lesezeit":"3\u00a0Minuten"},"schema":{"@context":"https:\/\/schema.org","@graph":[{"@type":"WebPage","@id":"https:\/\/www.fitt.com\/de\/bestaendigkeitspruefungen-gegen-hochkonzentriertes-chlor\/","url":"https:\/\/www.fitt.com\/de\/bestaendigkeitspruefungen-gegen-hochkonzentriertes-chlor\/","name":"Best\u00e4ndigkeitspr\u00fcfungen gegen hochkonzentriertes Chlor - FITT","isPartOf":{"@id":"https:\/\/www.fitt.com\/de\/#website"},"primaryImageOfPage":{"@id":"https:\/\/www.fitt.com\/de\/bestaendigkeitspruefungen-gegen-hochkonzentriertes-chlor\/#primaryimage"},"image":{"@id":"https:\/\/www.fitt.com\/de\/bestaendigkeitspruefungen-gegen-hochkonzentriertes-chlor\/#primaryimage"},"thumbnailUrl":"https:\/\/www.fitt.com\/wp-content\/uploads\/2025\/09\/header-prove-resistenza-cloro.jpeg","datePublished":"2025-09-01T09:19:18+00:00","dateModified":"2025-09-01T09:50:57+00:00","breadcrumb":{"@id":"https:\/\/www.fitt.com\/de\/bestaendigkeitspruefungen-gegen-hochkonzentriertes-chlor\/#breadcrumb"},"inLanguage":"de","potentialAction":[{"@type":"ReadAction","target":["https:\/\/www.fitt.com\/de\/bestaendigkeitspruefungen-gegen-hochkonzentriertes-chlor\/"]}]},{"@type":"ImageObject","inLanguage":"de","@id":"https:\/\/www.fitt.com\/de\/bestaendigkeitspruefungen-gegen-hochkonzentriertes-chlor\/#primaryimage","url":"https:\/\/www.fitt.com\/wp-content\/uploads\/2025\/09\/header-prove-resistenza-cloro.jpeg","contentUrl":"https:\/\/www.fitt.com\/wp-content\/uploads\/2025\/09\/header-prove-resistenza-cloro.jpeg"},{"@type":"BreadcrumbList","@id":"https:\/\/www.fitt.com\/de\/bestaendigkeitspruefungen-gegen-hochkonzentriertes-chlor\/#breadcrumb","itemListElement":[{"@type":"ListItem","position":1,"name":"Home","item":"https:\/\/www.fitt.com\/de\/"},{"@type":"ListItem","position":2,"name":"Best\u00e4ndigkeitspr\u00fcfungen gegen hochkonzentriertes Chlor"}]},{"@type":"WebSite","@id":"https:\/\/www.fitt.com\/de\/#website","url":"https:\/\/www.fitt.com\/de\/","name":"FITT","description":"FITT Spa","publisher":{"@id":"https:\/\/www.fitt.com\/de\/#organization"},"potentialAction":[{"@type":"SearchAction","target":{"@type":"EntryPoint","urlTemplate":"https:\/\/www.fitt.com\/de\/?s={search_term_string}"},"query-input":{"@type":"PropertyValueSpecification","valueRequired":true,"valueName":"search_term_string"}}],"inLanguage":"de"},{"@type":"Organization","@id":"https:\/\/www.fitt.com\/de\/#organization","name":"Fitt SPA","url":"https:\/\/www.fitt.com\/de\/","logo":{"@type":"ImageObject","inLanguage":"de","@id":"https:\/\/www.fitt.com\/de\/#\/schema\/logo\/image\/","url":"https:\/\/www.fitt.com\/wp-content\/uploads\/2022\/05\/logo-light.png","contentUrl":"https:\/\/www.fitt.com\/wp-content\/uploads\/2022\/05\/logo-light.png","width":827,"height":508,"caption":"Fitt SPA"},"image":{"@id":"https:\/\/www.fitt.com\/de\/#\/schema\/logo\/image\/"}}]}},"_links":{"self":[{"href":"https:\/\/www.fitt.com\/de\/wp-json\/wp\/v2\/pages\/22324","targetHints":{"allow":["GET"]}}],"collection":[{"href":"https:\/\/www.fitt.com\/de\/wp-json\/wp\/v2\/pages"}],"about":[{"href":"https:\/\/www.fitt.com\/de\/wp-json\/wp\/v2\/types\/page"}],"author":[{"embeddable":true,"href":"https:\/\/www.fitt.com\/de\/wp-json\/wp\/v2\/users\/10"}],"replies":[{"embeddable":true,"href":"https:\/\/www.fitt.com\/de\/wp-json\/wp\/v2\/comments?post=22324"}],"version-history":[{"count":3,"href":"https:\/\/www.fitt.com\/de\/wp-json\/wp\/v2\/pages\/22324\/revisions"}],"predecessor-version":[{"id":22379,"href":"https:\/\/www.fitt.com\/de\/wp-json\/wp\/v2\/pages\/22324\/revisions\/22379"}],"wp:attachment":[{"href":"https:\/\/www.fitt.com\/de\/wp-json\/wp\/v2\/media?parent=22324"}],"curies":[{"name":"wp","href":"https:\/\/api.w.org\/{rel}","templated":true}]}}