{"id":22279,"date":"2025-09-01T10:03:58","date_gmt":"2025-09-01T08:03:58","guid":{"rendered":"https:\/\/www.fitt.com\/guide-for-the-perfect-bonding-of-swimming-pool-piping-systems-instructions-and-video\/"},"modified":"2025-09-01T10:55:10","modified_gmt":"2025-09-01T08:55:10","slug":"leitfaden-zum-perfekten-verkleben-von-poolleitungen-anweisungen-und-video","status":"publish","type":"page","link":"https:\/\/www.fitt.com\/de\/leitfaden-zum-perfekten-verkleben-von-poolleitungen-anweisungen-und-video\/","title":{"rendered":"Leitfaden zum perfekten Verkleben von Poolleitungen: Anweisungen und Video"},"content":{"rendered":"<h1 class=\"entry_title\">Leitfaden zum perfekten Verkleben von Poolleitungen: Anweisungen und Video<\/h1>\n<p><img decoding=\"async\" class=\"alignnone wp-image-22289 size-full\" src=\"https:\/\/www.fitt.com\/wp-content\/uploads\/2025\/09\/header-incollaggio-tubi-piscina.jpg\" alt=\"\" width=\"100%\" srcset=\"https:\/\/www.fitt.com\/wp-content\/uploads\/2025\/09\/header-incollaggio-tubi-piscina.jpg 1600w, https:\/\/www.fitt.com\/wp-content\/uploads\/2025\/09\/header-incollaggio-tubi-piscina-300x122.jpg 300w, https:\/\/www.fitt.com\/wp-content\/uploads\/2025\/09\/header-incollaggio-tubi-piscina-768x312.jpg 768w, https:\/\/www.fitt.com\/wp-content\/uploads\/2025\/09\/header-incollaggio-tubi-piscina-1536x624.jpg 1536w, https:\/\/www.fitt.com\/wp-content\/uploads\/2025\/09\/header-incollaggio-tubi-piscina-400x163.jpg 400w, https:\/\/www.fitt.com\/wp-content\/uploads\/2025\/09\/header-incollaggio-tubi-piscina-1200x488.jpg 1200w, https:\/\/www.fitt.com\/wp-content\/uploads\/2025\/09\/header-incollaggio-tubi-piscina-600x244.jpg 600w\" sizes=\"(max-width: 1600px) 100vw, 1600px\" \/><\/p>\n<p>Bei der Verlegung von Leitungen f\u00fcr Einbaupools spielt die Auswahl der passenden Schl\u00e4uche und Rohre eine wichtige Rolle: sie m\u00fcssen den\u00a0<strong>kontinuierlichen Zufluss von desinfiziertem Wasser garantieren<\/strong>, anspruchsvollen Betriebsbedingungen widerstehen, eine lange Lebensdauer haben und\u00a0<strong>St\u00f6\u00dfen aufgrund von unvorsichtigem Handling standhalten<\/strong>.<\/p>\n<p>Daher ist auch der Klebevorgang von wesentlicher Bedeutung,\u00a0<strong>der die Dichtigkeit des Wasserkreislaufs garantiert<\/strong>.<\/p>\n<p>Die folgenden einfachen Anweisungen und das Video-Tutorial bieten eine n\u00fctzliche Hilfe bei der Durchf\u00fchrung einer einwandfreien Verklebung.<\/p>\n<p>Sowohl die Schl\u00e4uche als auch die Rohre FITT B-Active f\u00fcr Swimmingpools werden aus qualitativ hochwertigen Rohstoffen hergestellt, die eine\u00a0<strong>erstklassige Haftung der markt\u00fcblichen Klebstoffe garantieren<\/strong>, so dass Schwachstellen oder M\u00e4ngel im Wasserkreislauf vermieden werden k\u00f6nnen.<\/p>\n<p><strong>Vor dem Verkleben\u00a0<\/strong>sind einige grundlegende Vorbereitungsarbeiten durchzuf\u00fchren:<\/p>\n<ul>\n<li>zum einen m\u00fcssen die Schl\u00e4uche und Rohre in einem\u00a0<strong>angemessen Winkel geschnitten werden<\/strong>;<\/li>\n<li>zum anderen muss die\u00a0<strong>Innenseite der R\u00e4nder mit Schleifpapier aufgeraut werden<\/strong>, w\u00e4hrend die\u00a0<strong>Au\u00dfenseite abzuschr\u00e4gen ist<\/strong>. Auf diese Weise bleibt der Kleber an der Rohr- bzw. Schlauchfl\u00e4che haften und wird nicht nach au\u00dfen gedr\u00fcckt.<\/li>\n<\/ul>\n<p>Vor dem Auftragen des Klebers sollte man au\u00dferdem die\u00a0<strong>zu verklebenden Abschnitte der Rohre\/Schl\u00e4uche mit einem L\u00f6sungsmittel f\u00fcr PVC reinigen<\/strong>, damit der Klebstoff auf beiden Seiten gut greifen kann.<\/p>\n<p><strong>Den Klebstoff m\u00f6glichst z\u00fcgig auf die gesamte Klebefl\u00e4che der beiden Verbindungsteile auftragen<\/strong>. Falls beim Ineinanderschieben der beiden Abschnitte ein wenig Klebstoff herausgedr\u00fcckt wird, diesen einfach mit einem Papiertuch abwischen.<\/p>\n<p>Nach dem Verkleben ist darauf zu achten, dass die Rohre\/Schl\u00e4uche und Fittings f\u00fcr den auf der Klebstoffverpackung angegebenen Zeitraum ruhig liegen bleiben.<\/p>\n<p>Sehen Sie sich das kurze Tutorial \u00fcber eine korrekte Verklebung von <a href=\"https:\/\/www.fitt.com\/de\/product\/fitt_bactive_flex\/\">FITT B-Active Flex<\/a> mit <a href=\"https:\/\/www.fitt.com\/de\/product\/fitt_bactive_rigid\/\">FITT B-Active Rigid<\/a> an.<\/p>\n<p>Lesen Sie die einfache Anweisung durch und sehen Sie sich das Video-Tutorial f\u00fcr eine perfekte Verklebung an.<\/p>\n<p>&nbsp;<\/p>\n<p><iframe loading=\"lazy\" id=\"xezyb\" src=\"https:\/\/fitt-cdn.thron.com\/shared\/plugins\/embed\/current\/fitt\/b71b2852-d254-4d96-82b4-e1d0d44a6989\/3fep7g\" width=\"100%\" height=\"450px\" frameborder=\"0\" scrolling=\"no\" allowfullscreen=\"allowfullscreen\"><\/iframe><\/p>\n","protected":false},"excerpt":{"rendered":"<p>Leitfaden zum perfekten Verkleben von Poolleitungen: Anweisungen und Video Bei der Verlegung von Leitungen f\u00fcr Einbaupools spielt die Auswahl der passenden Schl\u00e4uche und Rohre eine wichtige Rolle: sie m\u00fcssen den\u00a0kontinuierlichen Zufluss von desinfiziertem Wasser garantieren, anspruchsvollen Betriebsbedingungen widerstehen, eine lange Lebensdauer haben und\u00a0St\u00f6\u00dfen aufgrund von unvorsichtigem Handling standhalten. Daher ist auch der Klebevorgang von wesentlicher [&hellip;]<\/p>\n","protected":false},"author":10,"featured_media":0,"parent":0,"menu_order":0,"comment_status":"closed","ping_status":"closed","template":"","meta":{"_acf_changed":false,"footnotes":""},"class_list":["post-22279","page","type-page","status-publish","hentry"],"acf":[],"yoast_head":"<!-- This site is optimized with the Yoast SEO Premium plugin v24.1 (Yoast SEO v27.3) - https:\/\/yoast.com\/product\/yoast-seo-premium-wordpress\/ -->\n<title>Leitfaden zum perfekten Verkleben von Poolleitungen: Anweisungen und Video - FITT<\/title>\n<meta name=\"robots\" content=\"index, follow, max-snippet:-1, max-image-preview:large, max-video-preview:-1\" \/>\n<link rel=\"canonical\" href=\"https:\/\/www.fitt.com\/de\/leitfaden-zum-perfekten-verkleben-von-poolleitungen-anweisungen-und-video\/\" \/>\n<meta property=\"og:locale\" content=\"de_DE\" \/>\n<meta property=\"og:type\" content=\"article\" \/>\n<meta property=\"og:title\" content=\"Leitfaden zum perfekten Verkleben von Poolleitungen: Anweisungen und Video\" \/>\n<meta property=\"og:description\" content=\"Leitfaden zum perfekten Verkleben von Poolleitungen: Anweisungen und Video Bei der Verlegung von Leitungen f\u00fcr Einbaupools spielt die Auswahl der passenden Schl\u00e4uche und Rohre eine wichtige Rolle: sie m\u00fcssen den\u00a0kontinuierlichen Zufluss von desinfiziertem Wasser garantieren, anspruchsvollen Betriebsbedingungen widerstehen, eine lange Lebensdauer haben und\u00a0St\u00f6\u00dfen aufgrund von unvorsichtigem Handling standhalten. Daher ist auch der Klebevorgang von wesentlicher [&hellip;]\" \/>\n<meta property=\"og:url\" content=\"https:\/\/www.fitt.com\/de\/leitfaden-zum-perfekten-verkleben-von-poolleitungen-anweisungen-und-video\/\" \/>\n<meta property=\"og:site_name\" content=\"FITT\" \/>\n<meta property=\"article:modified_time\" content=\"2025-09-01T08:55:10+00:00\" \/>\n<meta property=\"og:image\" content=\"https:\/\/www.fitt.com\/wp-content\/uploads\/2025\/09\/header-incollaggio-tubi-piscina.jpg\" \/>\n\t<meta property=\"og:image:width\" content=\"1600\" \/>\n\t<meta property=\"og:image:height\" content=\"650\" \/>\n\t<meta property=\"og:image:type\" content=\"image\/jpeg\" \/>\n<meta name=\"twitter:card\" content=\"summary_large_image\" \/>\n<meta name=\"twitter:label1\" content=\"Gesch\u00e4tzte Lesezeit\" \/>\n\t<meta name=\"twitter:data1\" content=\"2\u00a0Minuten\" \/>\n<script type=\"application\/ld+json\" class=\"yoast-schema-graph\">{\"@context\":\"https:\\\/\\\/schema.org\",\"@graph\":[{\"@type\":\"WebPage\",\"@id\":\"https:\\\/\\\/www.fitt.com\\\/de\\\/leitfaden-zum-perfekten-verkleben-von-poolleitungen-anweisungen-und-video\\\/\",\"url\":\"https:\\\/\\\/www.fitt.com\\\/de\\\/leitfaden-zum-perfekten-verkleben-von-poolleitungen-anweisungen-und-video\\\/\",\"name\":\"Leitfaden zum perfekten Verkleben von Poolleitungen: Anweisungen und Video - FITT\",\"isPartOf\":{\"@id\":\"https:\\\/\\\/www.fitt.com\\\/de\\\/#website\"},\"primaryImageOfPage\":{\"@id\":\"https:\\\/\\\/www.fitt.com\\\/de\\\/leitfaden-zum-perfekten-verkleben-von-poolleitungen-anweisungen-und-video\\\/#primaryimage\"},\"image\":{\"@id\":\"https:\\\/\\\/www.fitt.com\\\/de\\\/leitfaden-zum-perfekten-verkleben-von-poolleitungen-anweisungen-und-video\\\/#primaryimage\"},\"thumbnailUrl\":\"https:\\\/\\\/www.fitt.com\\\/wp-content\\\/uploads\\\/2025\\\/09\\\/header-incollaggio-tubi-piscina.jpg\",\"datePublished\":\"2025-09-01T08:03:58+00:00\",\"dateModified\":\"2025-09-01T08:55:10+00:00\",\"breadcrumb\":{\"@id\":\"https:\\\/\\\/www.fitt.com\\\/de\\\/leitfaden-zum-perfekten-verkleben-von-poolleitungen-anweisungen-und-video\\\/#breadcrumb\"},\"inLanguage\":\"de\",\"potentialAction\":[{\"@type\":\"ReadAction\",\"target\":[\"https:\\\/\\\/www.fitt.com\\\/de\\\/leitfaden-zum-perfekten-verkleben-von-poolleitungen-anweisungen-und-video\\\/\"]}]},{\"@type\":\"ImageObject\",\"inLanguage\":\"de\",\"@id\":\"https:\\\/\\\/www.fitt.com\\\/de\\\/leitfaden-zum-perfekten-verkleben-von-poolleitungen-anweisungen-und-video\\\/#primaryimage\",\"url\":\"https:\\\/\\\/www.fitt.com\\\/wp-content\\\/uploads\\\/2025\\\/09\\\/header-incollaggio-tubi-piscina.jpg\",\"contentUrl\":\"https:\\\/\\\/www.fitt.com\\\/wp-content\\\/uploads\\\/2025\\\/09\\\/header-incollaggio-tubi-piscina.jpg\"},{\"@type\":\"BreadcrumbList\",\"@id\":\"https:\\\/\\\/www.fitt.com\\\/de\\\/leitfaden-zum-perfekten-verkleben-von-poolleitungen-anweisungen-und-video\\\/#breadcrumb\",\"itemListElement\":[{\"@type\":\"ListItem\",\"position\":1,\"name\":\"Home\",\"item\":\"https:\\\/\\\/www.fitt.com\\\/de\\\/\"},{\"@type\":\"ListItem\",\"position\":2,\"name\":\"Leitfaden zum perfekten Verkleben von Poolleitungen: Anweisungen und Video\"}]},{\"@type\":\"WebSite\",\"@id\":\"https:\\\/\\\/www.fitt.com\\\/de\\\/#website\",\"url\":\"https:\\\/\\\/www.fitt.com\\\/de\\\/\",\"name\":\"FITT\",\"description\":\"FITT Spa\",\"publisher\":{\"@id\":\"https:\\\/\\\/www.fitt.com\\\/de\\\/#organization\"},\"potentialAction\":[{\"@type\":\"SearchAction\",\"target\":{\"@type\":\"EntryPoint\",\"urlTemplate\":\"https:\\\/\\\/www.fitt.com\\\/de\\\/?s={search_term_string}\"},\"query-input\":{\"@type\":\"PropertyValueSpecification\",\"valueRequired\":true,\"valueName\":\"search_term_string\"}}],\"inLanguage\":\"de\"},{\"@type\":\"Organization\",\"@id\":\"https:\\\/\\\/www.fitt.com\\\/de\\\/#organization\",\"name\":\"Fitt SPA\",\"url\":\"https:\\\/\\\/www.fitt.com\\\/de\\\/\",\"logo\":{\"@type\":\"ImageObject\",\"inLanguage\":\"de\",\"@id\":\"https:\\\/\\\/www.fitt.com\\\/de\\\/#\\\/schema\\\/logo\\\/image\\\/\",\"url\":\"https:\\\/\\\/www.fitt.com\\\/wp-content\\\/uploads\\\/2022\\\/05\\\/logo-light.png\",\"contentUrl\":\"https:\\\/\\\/www.fitt.com\\\/wp-content\\\/uploads\\\/2022\\\/05\\\/logo-light.png\",\"width\":827,\"height\":508,\"caption\":\"Fitt SPA\"},\"image\":{\"@id\":\"https:\\\/\\\/www.fitt.com\\\/de\\\/#\\\/schema\\\/logo\\\/image\\\/\"}}]}<\/script>\n<!-- \/ Yoast SEO Premium plugin. -->","yoast_head_json":{"title":"Leitfaden zum perfekten Verkleben von Poolleitungen: Anweisungen und Video - FITT","robots":{"index":"index","follow":"follow","max-snippet":"max-snippet:-1","max-image-preview":"max-image-preview:large","max-video-preview":"max-video-preview:-1"},"canonical":"https:\/\/www.fitt.com\/de\/leitfaden-zum-perfekten-verkleben-von-poolleitungen-anweisungen-und-video\/","og_locale":"de_DE","og_type":"article","og_title":"Leitfaden zum perfekten Verkleben von Poolleitungen: Anweisungen und Video","og_description":"Leitfaden zum perfekten Verkleben von Poolleitungen: Anweisungen und Video Bei der Verlegung von Leitungen f\u00fcr Einbaupools spielt die Auswahl der passenden Schl\u00e4uche und Rohre eine wichtige Rolle: sie m\u00fcssen den\u00a0kontinuierlichen Zufluss von desinfiziertem Wasser garantieren, anspruchsvollen Betriebsbedingungen widerstehen, eine lange Lebensdauer haben und\u00a0St\u00f6\u00dfen aufgrund von unvorsichtigem Handling standhalten. Daher ist auch der Klebevorgang von wesentlicher [&hellip;]","og_url":"https:\/\/www.fitt.com\/de\/leitfaden-zum-perfekten-verkleben-von-poolleitungen-anweisungen-und-video\/","og_site_name":"FITT","article_modified_time":"2025-09-01T08:55:10+00:00","og_image":[{"width":1600,"height":650,"url":"https:\/\/www.fitt.com\/wp-content\/uploads\/2025\/09\/header-incollaggio-tubi-piscina.jpg","type":"image\/jpeg"}],"twitter_card":"summary_large_image","twitter_misc":{"Gesch\u00e4tzte Lesezeit":"2\u00a0Minuten"},"schema":{"@context":"https:\/\/schema.org","@graph":[{"@type":"WebPage","@id":"https:\/\/www.fitt.com\/de\/leitfaden-zum-perfekten-verkleben-von-poolleitungen-anweisungen-und-video\/","url":"https:\/\/www.fitt.com\/de\/leitfaden-zum-perfekten-verkleben-von-poolleitungen-anweisungen-und-video\/","name":"Leitfaden zum perfekten Verkleben von Poolleitungen: Anweisungen und Video - FITT","isPartOf":{"@id":"https:\/\/www.fitt.com\/de\/#website"},"primaryImageOfPage":{"@id":"https:\/\/www.fitt.com\/de\/leitfaden-zum-perfekten-verkleben-von-poolleitungen-anweisungen-und-video\/#primaryimage"},"image":{"@id":"https:\/\/www.fitt.com\/de\/leitfaden-zum-perfekten-verkleben-von-poolleitungen-anweisungen-und-video\/#primaryimage"},"thumbnailUrl":"https:\/\/www.fitt.com\/wp-content\/uploads\/2025\/09\/header-incollaggio-tubi-piscina.jpg","datePublished":"2025-09-01T08:03:58+00:00","dateModified":"2025-09-01T08:55:10+00:00","breadcrumb":{"@id":"https:\/\/www.fitt.com\/de\/leitfaden-zum-perfekten-verkleben-von-poolleitungen-anweisungen-und-video\/#breadcrumb"},"inLanguage":"de","potentialAction":[{"@type":"ReadAction","target":["https:\/\/www.fitt.com\/de\/leitfaden-zum-perfekten-verkleben-von-poolleitungen-anweisungen-und-video\/"]}]},{"@type":"ImageObject","inLanguage":"de","@id":"https:\/\/www.fitt.com\/de\/leitfaden-zum-perfekten-verkleben-von-poolleitungen-anweisungen-und-video\/#primaryimage","url":"https:\/\/www.fitt.com\/wp-content\/uploads\/2025\/09\/header-incollaggio-tubi-piscina.jpg","contentUrl":"https:\/\/www.fitt.com\/wp-content\/uploads\/2025\/09\/header-incollaggio-tubi-piscina.jpg"},{"@type":"BreadcrumbList","@id":"https:\/\/www.fitt.com\/de\/leitfaden-zum-perfekten-verkleben-von-poolleitungen-anweisungen-und-video\/#breadcrumb","itemListElement":[{"@type":"ListItem","position":1,"name":"Home","item":"https:\/\/www.fitt.com\/de\/"},{"@type":"ListItem","position":2,"name":"Leitfaden zum perfekten Verkleben von Poolleitungen: Anweisungen und Video"}]},{"@type":"WebSite","@id":"https:\/\/www.fitt.com\/de\/#website","url":"https:\/\/www.fitt.com\/de\/","name":"FITT","description":"FITT Spa","publisher":{"@id":"https:\/\/www.fitt.com\/de\/#organization"},"potentialAction":[{"@type":"SearchAction","target":{"@type":"EntryPoint","urlTemplate":"https:\/\/www.fitt.com\/de\/?s={search_term_string}"},"query-input":{"@type":"PropertyValueSpecification","valueRequired":true,"valueName":"search_term_string"}}],"inLanguage":"de"},{"@type":"Organization","@id":"https:\/\/www.fitt.com\/de\/#organization","name":"Fitt SPA","url":"https:\/\/www.fitt.com\/de\/","logo":{"@type":"ImageObject","inLanguage":"de","@id":"https:\/\/www.fitt.com\/de\/#\/schema\/logo\/image\/","url":"https:\/\/www.fitt.com\/wp-content\/uploads\/2022\/05\/logo-light.png","contentUrl":"https:\/\/www.fitt.com\/wp-content\/uploads\/2022\/05\/logo-light.png","width":827,"height":508,"caption":"Fitt SPA"},"image":{"@id":"https:\/\/www.fitt.com\/de\/#\/schema\/logo\/image\/"}}]}},"_links":{"self":[{"href":"https:\/\/www.fitt.com\/de\/wp-json\/wp\/v2\/pages\/22279","targetHints":{"allow":["GET"]}}],"collection":[{"href":"https:\/\/www.fitt.com\/de\/wp-json\/wp\/v2\/pages"}],"about":[{"href":"https:\/\/www.fitt.com\/de\/wp-json\/wp\/v2\/types\/page"}],"author":[{"embeddable":true,"href":"https:\/\/www.fitt.com\/de\/wp-json\/wp\/v2\/users\/10"}],"replies":[{"embeddable":true,"href":"https:\/\/www.fitt.com\/de\/wp-json\/wp\/v2\/comments?post=22279"}],"version-history":[{"count":3,"href":"https:\/\/www.fitt.com\/de\/wp-json\/wp\/v2\/pages\/22279\/revisions"}],"predecessor-version":[{"id":22318,"href":"https:\/\/www.fitt.com\/de\/wp-json\/wp\/v2\/pages\/22279\/revisions\/22318"}],"wp:attachment":[{"href":"https:\/\/www.fitt.com\/de\/wp-json\/wp\/v2\/media?parent=22279"}],"curies":[{"name":"wp","href":"https:\/\/api.w.org\/{rel}","templated":true}]}}