{"id":22205,"date":"2025-08-28T15:38:54","date_gmt":"2025-08-28T13:38:54","guid":{"rendered":"https:\/\/www.fitt.com\/systems-for-in-ground-pools-why-hoses-are-so-important\/"},"modified":"2025-08-28T16:32:20","modified_gmt":"2025-08-28T14:32:20","slug":"anlagen-fuer-einbauschwimmbecken-warum-das-leitungssystem-so-wichtig-ist","status":"publish","type":"page","link":"https:\/\/www.fitt.com\/de\/anlagen-fuer-einbauschwimmbecken-warum-das-leitungssystem-so-wichtig-ist\/","title":{"rendered":"Anlagen f\u00fcr Einbauschwimmbecken: Warum das Leitungssystem so wichtig ist"},"content":{"rendered":"<h1 class=\"entry_title\">Anlagen f\u00fcr Einbauschwimmbecken: Warum das Leitungssystem so wichtig ist<\/h1>\n<p><img decoding=\"async\" class=\"alignnone wp-image-22217 size-full\" src=\"https:\/\/www.fitt.com\/wp-content\/uploads\/2025\/08\/header-impianti-piscine-interrate.jpeg\" alt=\"header-impianti-piscine-interrate\" width=\"100%\" srcset=\"https:\/\/www.fitt.com\/wp-content\/uploads\/2025\/08\/header-impianti-piscine-interrate.jpeg 1100w, https:\/\/www.fitt.com\/wp-content\/uploads\/2025\/08\/header-impianti-piscine-interrate-300x169.jpeg 300w, https:\/\/www.fitt.com\/wp-content\/uploads\/2025\/08\/header-impianti-piscine-interrate-768x432.jpeg 768w, https:\/\/www.fitt.com\/wp-content\/uploads\/2025\/08\/header-impianti-piscine-interrate-400x225.jpeg 400w, https:\/\/www.fitt.com\/wp-content\/uploads\/2025\/08\/header-impianti-piscine-interrate-1066x600.jpeg 1066w, https:\/\/www.fitt.com\/wp-content\/uploads\/2025\/08\/header-impianti-piscine-interrate-600x338.jpeg 600w\" sizes=\"(max-width: 1100px) 100vw, 1100px\" \/><\/p>\n<p>Bei der Installation der\u00a0<strong>Anlagen f\u00fcr Einbauschwimmbecken<\/strong>\u00a0spielen die Leitungen eine wesentliche Rolle. Sie stellen einen konstanten Zufluss von keimfreiem Wasser sicher und m\u00fcssen einer\u00a0<strong>doppelten Belastung<\/strong>, sowohl mechanisch als auch chemisch, im Laufe der Zeit standhalten.<\/p>\n<p>Diese t\u00e4gliche Doppelbelastung \u00fcber Jahrzehnte stellt alle Teile des Einbauschwimmbeckens auf eine harte Probe, insbesondere die Wasserleitungen. Bei minderwertigen Leitungen ist das\u00a0<strong>Austreten von Wasser<\/strong> vorprogrammiert. Wenn man sich jedoch an Fachh\u00e4ndler und -Installateure wendet, die qualitativ hochwertige Produkte verwenden, muss man sich keine Sorgen um kostspielige Instandhaltungsarbeiten machen.<\/p>\n<p>Gibt es auf dem Markt Schl\u00e4uche, die der chemischen und mechanischen Belastung standhalten? Welches sind die h\u00e4ufigsten Sch\u00e4den die an Schwimmbeckenschl\u00e4uchen auftreten k\u00f6nnen? Wenn Sie b\u00f6se \u00dcberraschungen nach dem Einbau des Schwimmbeckens vermeiden m\u00f6chten, lesen Sie hier weiter!<\/p>\n<p>&nbsp;<\/p>\n<h2>Die h\u00e4ufigsten Probleme bei Anlagen f\u00fcr Einbauschwimmbecken: Wer sie kennt, kann sie vermeiden<\/h2>\n<p>Werden die Anlagen von Einbauschwimmbecken nicht korrekt behandelt, kann dies zu unangenehmen \u00dcberraschungen f\u00fchren. Um sich bei der gro\u00dfen Auswahl an Schl\u00e4uchen im Handel zurechtzufinden, sollte man sich klarmachen, welches die\u00a0<strong>Hauptsch\u00e4den<\/strong>\u00a0sind, die an\u00a0<strong>Schwimmbeckenschl\u00e4uchen<\/strong>\u00a0auftreten k\u00f6nnen.<\/p>\n<p>Normalerweise betreffen die h\u00e4ufigsten Probleme:<\/p>\n<ul>\n<li>den mechanischen Druck<\/li>\n<li>die chemische Belastung<\/li>\n<li>Risse durch Bewegungen beim Herabsetzen der Anlage<\/li>\n<\/ul>\n<p>Die oben aufgef\u00fchrten Hauptkategorien fassen die m\u00f6glichen Ursachen f\u00fcr die Abnutzung der Schl\u00e4uche zusammen, die normalerweise in Anlagen f\u00fcr Einbauschwimmbecken verwendet werden. Aus diesem Grund hat\u00a0<strong>FITT<\/strong>, das auf die Herstellung von PVC-Schl\u00e4uchen und anderen thermoplastischen Materialien spezialisiert ist, die bisherigen guten Ergebnisse verbessert und den innovativen\u00a0<a href=\"https:\/\/www.fitt.com\/de\/product\/fitt_bactive_flex\/\"><strong>FITT B-ACTIVE<\/strong><\/a>\u00a0Poolflex-Klebeschlauch entwickelt, der folgende Leistungen garantiert:<\/p>\n<ul>\n<li>ein Gegenmittel gegen die h\u00e4ufigsten Sch\u00e4den bei Schwimmbecken-Spiralschl\u00e4uchen<\/li>\n<li>eine lange Lebensdauer der gesamten Anlage des Einbauschwimmbeckens<\/li>\n<li>eine wesentliche Kosteneinsparung bei der Instandhaltung<\/li>\n<li>eine einfache Handhabung des Einbauschwimmbeckens<\/li>\n<\/ul>\n<p>Diese Ergebnisse wurden durch strenge Labortests in Zusammenarbeit mit der\u00a0<a href=\"http:\/\/www.gest.unipd.it\/\" target=\"_blank\" rel=\"noopener noreferrer\">Universit\u00e4t Padua \u2013 Sitz Vicenza \u2013 Fachbereich f\u00fcr Technik und Verwaltung von Industriesystemen (DTG)<\/a>\u00a0erzielt.<\/p>\n<p>&nbsp;<\/p>\n<h2>Die Vorteile des Poolflex-Klebeschlauchs <a href=\"https:\/\/www.fitt.com\/de\/product\/fitt_bactive_flex\/\">FITT B-ACTIVE<\/a>: die Testergebnisse<\/h2>\n<p>Im Labor wurden alle Belastungen nachgestellt, denen die Schl\u00e4uche in Anlagen f\u00fcr Einbauschwimmbecken normalerweise ausgesetzt sind.<\/p>\n<p>Die hervorragenden Ergebnisse sind jetzt durch die exklusive\u00a0<strong>D-Shape Technologie<\/strong>\u00a0(zum Patent angemeldet) gesch\u00fctzt, einer innovativen Struktur, die die Schlauchleistung bei Quetschungen durch die von oben dr\u00fcckende Gewichtslast verbessert und gleichzeitig eine lange Lebensdauer der gesamten Anlage garantiert.<\/p>\n<p>Hier die Tests im Detail:<\/p>\n<p><img loading=\"lazy\" decoding=\"async\" class=\"wp-image-22223 size-full alignnone\" src=\"https:\/\/www.fitt.com\/wp-content\/uploads\/2025\/08\/article-test-rigidita.jpeg\" alt=\"article-test-rigidita\" width=\"661\" height=\"585\" srcset=\"https:\/\/www.fitt.com\/wp-content\/uploads\/2025\/08\/article-test-rigidita.jpeg 661w, https:\/\/www.fitt.com\/wp-content\/uploads\/2025\/08\/article-test-rigidita-300x266.jpeg 300w, https:\/\/www.fitt.com\/wp-content\/uploads\/2025\/08\/article-test-rigidita-400x354.jpeg 400w, https:\/\/www.fitt.com\/wp-content\/uploads\/2025\/08\/article-test-rigidita-600x531.jpeg 600w\" sizes=\"auto, (max-width: 661px) 100vw, 661px\" \/><\/p>\n<p><strong>Test der Ringsteifigkeit<br \/>\n<\/strong><br \/>\nDer Test der Ringsteifigkeit simuliert die Widerstandsf\u00e4higkeit der Schl\u00e4uche gegen das Gewicht des Erdbodens. Wie in der Grafik zu erkennen ist, weist der neue <a href=\"https:\/\/www.fitt.com\/de\/product\/fitt_bactive_flex\/\">FITT B-ACTIVE<\/a> Schlauch (gr\u00fcn) bei steigendem Druck eine erh\u00f6hte Verformungswiderstandsf\u00e4higkeit auf \u2013 ein\u00a0<strong>Anstieg von 60%<\/strong>\u00a0im Vergleich zu markt\u00fcblichen Angeboten.<strong>\u00a0Test gem\u00e4\u00df UNI EN ISO 9969 durchgef\u00fchrt<\/strong>.<\/p>\n<p>&nbsp;<\/p>\n<p><img loading=\"lazy\" decoding=\"async\" class=\"alignnone wp-image-22232 size-full\" src=\"https:\/\/www.fitt.com\/wp-content\/uploads\/2025\/08\/article-test-raggio-di-curvatura.jpeg\" alt=\"article-test-raggio-di-curvatura\" width=\"629\" height=\"466\" srcset=\"https:\/\/www.fitt.com\/wp-content\/uploads\/2025\/08\/article-test-raggio-di-curvatura.jpeg 629w, https:\/\/www.fitt.com\/wp-content\/uploads\/2025\/08\/article-test-raggio-di-curvatura-300x222.jpeg 300w, https:\/\/www.fitt.com\/wp-content\/uploads\/2025\/08\/article-test-raggio-di-curvatura-400x296.jpeg 400w, https:\/\/www.fitt.com\/wp-content\/uploads\/2025\/08\/article-test-raggio-di-curvatura-600x445.jpeg 600w\" sizes=\"auto, (max-width: 629px) 100vw, 629px\" \/><\/p>\n<p><strong>Test des Kr\u00fcmmungsradius<\/strong><\/p>\n<p>Der Test des Kr\u00fcmmungsradius zeigt, wie weit der Schwimmbeckenschlauch gebogen werden kann, bevor er besch\u00e4digt wird. Hierbei handelt es sich um wichtige Daten: Sie zeigen, wie schnell und einfach die Installation ist, wenn die Wasserleitungen einen sehr niedrigen Kr\u00fcmmungsradius aufweisen.<\/p>\n<p>Die Grafik zeigt, dass <a href=\"https:\/\/www.fitt.com\/de\/product\/fitt_bactive_flex\/\">FITT B-ACTIVE<\/a> (gr\u00fcn) bei zunehmender Ringverformung sehr viel widerstandsf\u00e4higer ist als markt\u00fcbliche L\u00f6sungen.\u00a0<strong>Test gem\u00e4\u00df EN ISO 10619-1 durchgef\u00fchrt<\/strong>.<\/p>\n<p>&nbsp;<\/p>\n<p><img loading=\"lazy\" decoding=\"async\" class=\"alignnone wp-image-22237 size-full\" src=\"https:\/\/www.fitt.com\/wp-content\/uploads\/2025\/08\/article-test-forza-adesiva.jpeg\" alt=\"\" width=\"585\" height=\"420\" srcset=\"https:\/\/www.fitt.com\/wp-content\/uploads\/2025\/08\/article-test-forza-adesiva.jpeg 585w, https:\/\/www.fitt.com\/wp-content\/uploads\/2025\/08\/article-test-forza-adesiva-300x215.jpeg 300w, https:\/\/www.fitt.com\/wp-content\/uploads\/2025\/08\/article-test-forza-adesiva-400x287.jpeg 400w\" sizes=\"auto, (max-width: 585px) 100vw, 585px\" \/><\/p>\n<p><strong>Test zur Haftf\u00e4higkeit<\/strong><\/p>\n<p>Die Grafik illustriert die\u00a0<strong>Haftf\u00e4higkeit\u00a0<\/strong>zwischen den einzelnen Komponenten des Schlauchs. Je h\u00f6her der Wert der Haftf\u00e4higkeit ist, desto effizienter ist die Widerstandsf\u00e4higkeit gegen kleinste Absenkungsbewegungen und Druckver\u00e4nderungen, die im Laufe des Lebenszyklus der Anlage auftreten.<\/p>\n<p>Dank der Verwendung von hochwertigem PVC weist der neue Fitt Schlauch (gr\u00fcn) einen um 50% h\u00f6heren Koh\u00e4sionsindex im Vergleich zu markt\u00fcblichen Produkten auf, sowie einen bedeutenden Anstieg des Betriebs- und Berstdrucks.<\/p>\n<p>&nbsp;<\/p>\n<p><img loading=\"lazy\" decoding=\"async\" class=\"alignnone wp-image-22242 size-full\" src=\"https:\/\/www.fitt.com\/wp-content\/uploads\/2025\/08\/article-test-chimico.jpeg\" alt=\"\" width=\"594\" height=\"430\" srcset=\"https:\/\/www.fitt.com\/wp-content\/uploads\/2025\/08\/article-test-chimico.jpeg 594w, https:\/\/www.fitt.com\/wp-content\/uploads\/2025\/08\/article-test-chimico-300x217.jpeg 300w, https:\/\/www.fitt.com\/wp-content\/uploads\/2025\/08\/article-test-chimico-400x290.jpeg 400w\" sizes=\"auto, (max-width: 594px) 100vw, 594px\" \/><\/p>\n<p><strong>Test zur chemischen Widerstandsf\u00e4higkeit<\/strong><\/p>\n<p>Die Abbildungen zeigen, wie\u00a0<strong>das Chlor und die saure Umgebung<\/strong>\u00a0die Oberfl\u00e4che von normalen PVC-Schl\u00e4uchen angreifen. Die Oberfl\u00e4che des neuen <a href=\"https:\/\/www.fitt.com\/de\/product\/fitt_bactive_flex\/\">FITT B-ACTIVE<\/a> Poolflex-Schlauchs bleibt hingegen glatt und homogen.<\/p>\n<p>Dies wird durch einen neu entwickelten\u00a0<strong>Schutzfilm<\/strong>\u00a0erm\u00f6glicht, einem verbesserten und verst\u00e4rkten\u00a0<strong>gr\u00fcnen Skin<\/strong>, der die Leitungen vor Chlor und der sauren Umgebung sch\u00fctzt. Ein\u00a0<strong>doppelt sicherer<\/strong>\u00a0und\u00a0<strong>patentierter Schutz<\/strong> gegen die chemische Belastung.<\/p>\n<p>&nbsp;<\/p>\n<h2>Anlagen f\u00fcr Einbauschwimmbecken \u2013 problemlos mit dem <a href=\"https:\/\/www.fitt.com\/de\/product\/fitt_bactive_flex\/\">FITT B-ACTIVE<\/a> PVC-Klebeschlauch<\/h2>\n<p>T\u00e4gliche mechanische und chemische Belastung \u00fcber viele Jahre besch\u00e4digen unweigerlich die Leitungen der Anlagen f\u00fcr Einbauschwimmbecken. Fitt, ein auf die Herstellung von PVC-Schl\u00e4uchen und anderen thermoplastischen Materialien spezialisiertes Unternehmen hat einen neuen Spiralschlauch entwickelt, der sehr leistungsstark ist und mechanischem Druck und chemischen Substanzen besser standh\u00e4lt.<\/p>\n<p>Zahlreiche Labortests in Zusammenarbeit mit der Universit\u00e4t Padua haben gezeigt, dass Anlagen von Einbauschwimmbecken mit <a href=\"https:\/\/www.fitt.com\/de\/product\/fitt_bactive_flex\/\">FITT B-ACTIVE<\/a> langlebiger sind.<\/p>\n<p>Diese verbesserte Widerstandsf\u00e4higkeit wird garantiert von:<\/p>\n<ul>\n<li>einer exklusiven\u00a0<strong>D-Shape Technologie<\/strong>\u00a0(zum Patent angemeldet) und von\u00a0<a href=\"https:\/\/www.fitt.com\/de\/product\/fitt_bactive_flex\/\"><strong>FITT B-ACTIVE<\/strong><\/a>\u00a0(patentiert), das den Schlauch vor mechanischer Belastung sch\u00fctzt<\/li>\n<li>einem\u00a0<strong>Schutz-Skin<\/strong>, einem d\u00fcnnen, innen liegenden Film (patentiert), der der chemischen Belastung durch Chlor und die saure Umgebung standh\u00e4lt<\/li>\n<li>der Verwendung von hochwertigem\u00a0<strong>PVC-P<\/strong>,\u00a0das verbesserte Kr\u00fcmmungs- und Haftungseigenschaften aufweist<\/li>\n<\/ul>\n<p>Dank dieser Eigenschaften bewahrt der <a href=\"https:\/\/www.fitt.com\/de\/product\/fitt_bactive_flex\/\">FITT B-ACTIVE<\/a> Klebeschlauch seine unver\u00e4nderte Leistungsf\u00e4higkeit im Laufe der Zeit, erm\u00f6glicht eine wesentliche Kosteneinsparung bei der Instandhaltung sowie eine sichere Handhabung der Wasseranlagen von Einbauschwimmbecken.<\/p>\n","protected":false},"excerpt":{"rendered":"<p>Anlagen f\u00fcr Einbauschwimmbecken: Warum das Leitungssystem so wichtig ist Bei der Installation der\u00a0Anlagen f\u00fcr Einbauschwimmbecken\u00a0spielen die Leitungen eine wesentliche Rolle. Sie stellen einen konstanten Zufluss von keimfreiem Wasser sicher und m\u00fcssen einer\u00a0doppelten Belastung, sowohl mechanisch als auch chemisch, im Laufe der Zeit standhalten. Diese t\u00e4gliche Doppelbelastung \u00fcber Jahrzehnte stellt alle Teile des Einbauschwimmbeckens auf eine [&hellip;]<\/p>\n","protected":false},"author":10,"featured_media":0,"parent":0,"menu_order":0,"comment_status":"closed","ping_status":"closed","template":"","meta":{"_acf_changed":false,"footnotes":""},"class_list":["post-22205","page","type-page","status-publish","hentry"],"acf":[],"yoast_head":"<!-- This site is optimized with the Yoast SEO Premium plugin v24.1 (Yoast SEO v27.3) - https:\/\/yoast.com\/product\/yoast-seo-premium-wordpress\/ -->\n<title>Anlagen f\u00fcr Einbauschwimmbecken: Warum das Leitungssystem so wichtig ist - FITT<\/title>\n<meta name=\"robots\" content=\"index, follow, max-snippet:-1, max-image-preview:large, max-video-preview:-1\" \/>\n<link rel=\"canonical\" href=\"https:\/\/www.fitt.com\/de\/anlagen-fuer-einbauschwimmbecken-warum-das-leitungssystem-so-wichtig-ist\/\" \/>\n<meta property=\"og:locale\" content=\"de_DE\" \/>\n<meta property=\"og:type\" content=\"article\" \/>\n<meta property=\"og:title\" content=\"Anlagen f\u00fcr Einbauschwimmbecken: Warum das Leitungssystem so wichtig ist\" \/>\n<meta property=\"og:description\" content=\"Anlagen f\u00fcr Einbauschwimmbecken: Warum das Leitungssystem so wichtig ist Bei der Installation der\u00a0Anlagen f\u00fcr Einbauschwimmbecken\u00a0spielen die Leitungen eine wesentliche Rolle. Sie stellen einen konstanten Zufluss von keimfreiem Wasser sicher und m\u00fcssen einer\u00a0doppelten Belastung, sowohl mechanisch als auch chemisch, im Laufe der Zeit standhalten. Diese t\u00e4gliche Doppelbelastung \u00fcber Jahrzehnte stellt alle Teile des Einbauschwimmbeckens auf eine [&hellip;]\" \/>\n<meta property=\"og:url\" content=\"https:\/\/www.fitt.com\/de\/anlagen-fuer-einbauschwimmbecken-warum-das-leitungssystem-so-wichtig-ist\/\" \/>\n<meta property=\"og:site_name\" content=\"FITT\" \/>\n<meta property=\"article:modified_time\" content=\"2025-08-28T14:32:20+00:00\" \/>\n<meta property=\"og:image\" content=\"https:\/\/www.fitt.com\/wp-content\/uploads\/2025\/08\/header-impianti-piscine-interrate.jpeg\" \/>\n\t<meta property=\"og:image:width\" content=\"1100\" \/>\n\t<meta property=\"og:image:height\" content=\"619\" \/>\n\t<meta property=\"og:image:type\" content=\"image\/jpeg\" \/>\n<meta name=\"twitter:card\" content=\"summary_large_image\" \/>\n<meta name=\"twitter:label1\" content=\"Gesch\u00e4tzte Lesezeit\" \/>\n\t<meta name=\"twitter:data1\" content=\"5\u00a0Minuten\" \/>\n<script type=\"application\/ld+json\" class=\"yoast-schema-graph\">{\"@context\":\"https:\\\/\\\/schema.org\",\"@graph\":[{\"@type\":\"WebPage\",\"@id\":\"https:\\\/\\\/www.fitt.com\\\/de\\\/anlagen-fuer-einbauschwimmbecken-warum-das-leitungssystem-so-wichtig-ist\\\/\",\"url\":\"https:\\\/\\\/www.fitt.com\\\/de\\\/anlagen-fuer-einbauschwimmbecken-warum-das-leitungssystem-so-wichtig-ist\\\/\",\"name\":\"Anlagen f\u00fcr Einbauschwimmbecken: Warum das Leitungssystem so wichtig ist - FITT\",\"isPartOf\":{\"@id\":\"https:\\\/\\\/www.fitt.com\\\/de\\\/#website\"},\"primaryImageOfPage\":{\"@id\":\"https:\\\/\\\/www.fitt.com\\\/de\\\/anlagen-fuer-einbauschwimmbecken-warum-das-leitungssystem-so-wichtig-ist\\\/#primaryimage\"},\"image\":{\"@id\":\"https:\\\/\\\/www.fitt.com\\\/de\\\/anlagen-fuer-einbauschwimmbecken-warum-das-leitungssystem-so-wichtig-ist\\\/#primaryimage\"},\"thumbnailUrl\":\"https:\\\/\\\/www.fitt.com\\\/wp-content\\\/uploads\\\/2025\\\/08\\\/header-impianti-piscine-interrate.jpeg\",\"datePublished\":\"2025-08-28T13:38:54+00:00\",\"dateModified\":\"2025-08-28T14:32:20+00:00\",\"breadcrumb\":{\"@id\":\"https:\\\/\\\/www.fitt.com\\\/de\\\/anlagen-fuer-einbauschwimmbecken-warum-das-leitungssystem-so-wichtig-ist\\\/#breadcrumb\"},\"inLanguage\":\"de\",\"potentialAction\":[{\"@type\":\"ReadAction\",\"target\":[\"https:\\\/\\\/www.fitt.com\\\/de\\\/anlagen-fuer-einbauschwimmbecken-warum-das-leitungssystem-so-wichtig-ist\\\/\"]}]},{\"@type\":\"ImageObject\",\"inLanguage\":\"de\",\"@id\":\"https:\\\/\\\/www.fitt.com\\\/de\\\/anlagen-fuer-einbauschwimmbecken-warum-das-leitungssystem-so-wichtig-ist\\\/#primaryimage\",\"url\":\"https:\\\/\\\/www.fitt.com\\\/wp-content\\\/uploads\\\/2025\\\/08\\\/header-impianti-piscine-interrate.jpeg\",\"contentUrl\":\"https:\\\/\\\/www.fitt.com\\\/wp-content\\\/uploads\\\/2025\\\/08\\\/header-impianti-piscine-interrate.jpeg\"},{\"@type\":\"BreadcrumbList\",\"@id\":\"https:\\\/\\\/www.fitt.com\\\/de\\\/anlagen-fuer-einbauschwimmbecken-warum-das-leitungssystem-so-wichtig-ist\\\/#breadcrumb\",\"itemListElement\":[{\"@type\":\"ListItem\",\"position\":1,\"name\":\"Home\",\"item\":\"https:\\\/\\\/www.fitt.com\\\/de\\\/\"},{\"@type\":\"ListItem\",\"position\":2,\"name\":\"Anlagen f\u00fcr Einbauschwimmbecken: Warum das Leitungssystem so wichtig ist\"}]},{\"@type\":\"WebSite\",\"@id\":\"https:\\\/\\\/www.fitt.com\\\/de\\\/#website\",\"url\":\"https:\\\/\\\/www.fitt.com\\\/de\\\/\",\"name\":\"FITT\",\"description\":\"FITT Spa\",\"publisher\":{\"@id\":\"https:\\\/\\\/www.fitt.com\\\/de\\\/#organization\"},\"potentialAction\":[{\"@type\":\"SearchAction\",\"target\":{\"@type\":\"EntryPoint\",\"urlTemplate\":\"https:\\\/\\\/www.fitt.com\\\/de\\\/?s={search_term_string}\"},\"query-input\":{\"@type\":\"PropertyValueSpecification\",\"valueRequired\":true,\"valueName\":\"search_term_string\"}}],\"inLanguage\":\"de\"},{\"@type\":\"Organization\",\"@id\":\"https:\\\/\\\/www.fitt.com\\\/de\\\/#organization\",\"name\":\"Fitt SPA\",\"url\":\"https:\\\/\\\/www.fitt.com\\\/de\\\/\",\"logo\":{\"@type\":\"ImageObject\",\"inLanguage\":\"de\",\"@id\":\"https:\\\/\\\/www.fitt.com\\\/de\\\/#\\\/schema\\\/logo\\\/image\\\/\",\"url\":\"https:\\\/\\\/www.fitt.com\\\/wp-content\\\/uploads\\\/2022\\\/05\\\/logo-light.png\",\"contentUrl\":\"https:\\\/\\\/www.fitt.com\\\/wp-content\\\/uploads\\\/2022\\\/05\\\/logo-light.png\",\"width\":827,\"height\":508,\"caption\":\"Fitt SPA\"},\"image\":{\"@id\":\"https:\\\/\\\/www.fitt.com\\\/de\\\/#\\\/schema\\\/logo\\\/image\\\/\"}}]}<\/script>\n<!-- \/ Yoast SEO Premium plugin. -->","yoast_head_json":{"title":"Anlagen f\u00fcr Einbauschwimmbecken: Warum das Leitungssystem so wichtig ist - FITT","robots":{"index":"index","follow":"follow","max-snippet":"max-snippet:-1","max-image-preview":"max-image-preview:large","max-video-preview":"max-video-preview:-1"},"canonical":"https:\/\/www.fitt.com\/de\/anlagen-fuer-einbauschwimmbecken-warum-das-leitungssystem-so-wichtig-ist\/","og_locale":"de_DE","og_type":"article","og_title":"Anlagen f\u00fcr Einbauschwimmbecken: Warum das Leitungssystem so wichtig ist","og_description":"Anlagen f\u00fcr Einbauschwimmbecken: Warum das Leitungssystem so wichtig ist Bei der Installation der\u00a0Anlagen f\u00fcr Einbauschwimmbecken\u00a0spielen die Leitungen eine wesentliche Rolle. Sie stellen einen konstanten Zufluss von keimfreiem Wasser sicher und m\u00fcssen einer\u00a0doppelten Belastung, sowohl mechanisch als auch chemisch, im Laufe der Zeit standhalten. Diese t\u00e4gliche Doppelbelastung \u00fcber Jahrzehnte stellt alle Teile des Einbauschwimmbeckens auf eine [&hellip;]","og_url":"https:\/\/www.fitt.com\/de\/anlagen-fuer-einbauschwimmbecken-warum-das-leitungssystem-so-wichtig-ist\/","og_site_name":"FITT","article_modified_time":"2025-08-28T14:32:20+00:00","og_image":[{"width":1100,"height":619,"url":"https:\/\/www.fitt.com\/wp-content\/uploads\/2025\/08\/header-impianti-piscine-interrate.jpeg","type":"image\/jpeg"}],"twitter_card":"summary_large_image","twitter_misc":{"Gesch\u00e4tzte Lesezeit":"5\u00a0Minuten"},"schema":{"@context":"https:\/\/schema.org","@graph":[{"@type":"WebPage","@id":"https:\/\/www.fitt.com\/de\/anlagen-fuer-einbauschwimmbecken-warum-das-leitungssystem-so-wichtig-ist\/","url":"https:\/\/www.fitt.com\/de\/anlagen-fuer-einbauschwimmbecken-warum-das-leitungssystem-so-wichtig-ist\/","name":"Anlagen f\u00fcr Einbauschwimmbecken: Warum das Leitungssystem so wichtig ist - FITT","isPartOf":{"@id":"https:\/\/www.fitt.com\/de\/#website"},"primaryImageOfPage":{"@id":"https:\/\/www.fitt.com\/de\/anlagen-fuer-einbauschwimmbecken-warum-das-leitungssystem-so-wichtig-ist\/#primaryimage"},"image":{"@id":"https:\/\/www.fitt.com\/de\/anlagen-fuer-einbauschwimmbecken-warum-das-leitungssystem-so-wichtig-ist\/#primaryimage"},"thumbnailUrl":"https:\/\/www.fitt.com\/wp-content\/uploads\/2025\/08\/header-impianti-piscine-interrate.jpeg","datePublished":"2025-08-28T13:38:54+00:00","dateModified":"2025-08-28T14:32:20+00:00","breadcrumb":{"@id":"https:\/\/www.fitt.com\/de\/anlagen-fuer-einbauschwimmbecken-warum-das-leitungssystem-so-wichtig-ist\/#breadcrumb"},"inLanguage":"de","potentialAction":[{"@type":"ReadAction","target":["https:\/\/www.fitt.com\/de\/anlagen-fuer-einbauschwimmbecken-warum-das-leitungssystem-so-wichtig-ist\/"]}]},{"@type":"ImageObject","inLanguage":"de","@id":"https:\/\/www.fitt.com\/de\/anlagen-fuer-einbauschwimmbecken-warum-das-leitungssystem-so-wichtig-ist\/#primaryimage","url":"https:\/\/www.fitt.com\/wp-content\/uploads\/2025\/08\/header-impianti-piscine-interrate.jpeg","contentUrl":"https:\/\/www.fitt.com\/wp-content\/uploads\/2025\/08\/header-impianti-piscine-interrate.jpeg"},{"@type":"BreadcrumbList","@id":"https:\/\/www.fitt.com\/de\/anlagen-fuer-einbauschwimmbecken-warum-das-leitungssystem-so-wichtig-ist\/#breadcrumb","itemListElement":[{"@type":"ListItem","position":1,"name":"Home","item":"https:\/\/www.fitt.com\/de\/"},{"@type":"ListItem","position":2,"name":"Anlagen f\u00fcr Einbauschwimmbecken: Warum das Leitungssystem so wichtig ist"}]},{"@type":"WebSite","@id":"https:\/\/www.fitt.com\/de\/#website","url":"https:\/\/www.fitt.com\/de\/","name":"FITT","description":"FITT Spa","publisher":{"@id":"https:\/\/www.fitt.com\/de\/#organization"},"potentialAction":[{"@type":"SearchAction","target":{"@type":"EntryPoint","urlTemplate":"https:\/\/www.fitt.com\/de\/?s={search_term_string}"},"query-input":{"@type":"PropertyValueSpecification","valueRequired":true,"valueName":"search_term_string"}}],"inLanguage":"de"},{"@type":"Organization","@id":"https:\/\/www.fitt.com\/de\/#organization","name":"Fitt SPA","url":"https:\/\/www.fitt.com\/de\/","logo":{"@type":"ImageObject","inLanguage":"de","@id":"https:\/\/www.fitt.com\/de\/#\/schema\/logo\/image\/","url":"https:\/\/www.fitt.com\/wp-content\/uploads\/2022\/05\/logo-light.png","contentUrl":"https:\/\/www.fitt.com\/wp-content\/uploads\/2022\/05\/logo-light.png","width":827,"height":508,"caption":"Fitt SPA"},"image":{"@id":"https:\/\/www.fitt.com\/de\/#\/schema\/logo\/image\/"}}]}},"_links":{"self":[{"href":"https:\/\/www.fitt.com\/de\/wp-json\/wp\/v2\/pages\/22205","targetHints":{"allow":["GET"]}}],"collection":[{"href":"https:\/\/www.fitt.com\/de\/wp-json\/wp\/v2\/pages"}],"about":[{"href":"https:\/\/www.fitt.com\/de\/wp-json\/wp\/v2\/types\/page"}],"author":[{"embeddable":true,"href":"https:\/\/www.fitt.com\/de\/wp-json\/wp\/v2\/users\/10"}],"replies":[{"embeddable":true,"href":"https:\/\/www.fitt.com\/de\/wp-json\/wp\/v2\/comments?post=22205"}],"version-history":[{"count":3,"href":"https:\/\/www.fitt.com\/de\/wp-json\/wp\/v2\/pages\/22205\/revisions"}],"predecessor-version":[{"id":22269,"href":"https:\/\/www.fitt.com\/de\/wp-json\/wp\/v2\/pages\/22205\/revisions\/22269"}],"wp:attachment":[{"href":"https:\/\/www.fitt.com\/de\/wp-json\/wp\/v2\/media?parent=22205"}],"curies":[{"name":"wp","href":"https:\/\/api.w.org\/{rel}","templated":true}]}}