{"id":22145,"date":"2025-08-28T11:29:15","date_gmt":"2025-08-28T09:29:15","guid":{"rendered":"https:\/\/www.fitt.com\/do-you-know-how-to-choose-a-pool-hose-here-is-a-practical-buying-guide\/"},"modified":"2025-08-28T14:52:27","modified_gmt":"2025-08-28T12:52:27","slug":"die-wahl-der-schlaeuche-fuer-das-schwimmbecken-ein-praktischer-einkaufsleitfaden","status":"publish","type":"page","link":"https:\/\/www.fitt.com\/de\/die-wahl-der-schlaeuche-fuer-das-schwimmbecken-ein-praktischer-einkaufsleitfaden\/","title":{"rendered":"Die Wahl der Schl\u00e4uche f\u00fcr das Schwimmbecken: ein praktischer Einkaufsleitfaden"},"content":{"rendered":"<h1 class=\"entry_title\" style=\"text-align: left;\">Die Wahl der Schl\u00e4uche f\u00fcr das Schwimmbecken: ein praktischer Einkaufsleitfaden<\/h1>\n<p><img decoding=\"async\" class=\"alignnone wp-image-22175 size-full\" src=\"https:\/\/www.fitt.com\/wp-content\/uploads\/2025\/08\/header-tubo-bactive-2.jpeg\" alt=\"\" width=\"100%\" srcset=\"https:\/\/www.fitt.com\/wp-content\/uploads\/2025\/08\/header-tubo-bactive-2.jpeg 1100w, https:\/\/www.fitt.com\/wp-content\/uploads\/2025\/08\/header-tubo-bactive-2-300x169.jpeg 300w, https:\/\/www.fitt.com\/wp-content\/uploads\/2025\/08\/header-tubo-bactive-2-768x432.jpeg 768w, https:\/\/www.fitt.com\/wp-content\/uploads\/2025\/08\/header-tubo-bactive-2-400x225.jpeg 400w, https:\/\/www.fitt.com\/wp-content\/uploads\/2025\/08\/header-tubo-bactive-2-1066x600.jpeg 1066w, https:\/\/www.fitt.com\/wp-content\/uploads\/2025\/08\/header-tubo-bactive-2-600x338.jpeg 600w\" sizes=\"(max-width: 1100px) 100vw, 1100px\" \/><\/p>\n<p>Haben Sie schon einmal daran gedacht, wie entscheidend der Schwimmbeckenschlauch f\u00fcr den Betrieb und die allgemeine Benutzung der Anlagen ist?<\/p>\n<p>Nur wenige gehen n\u00e4her auf diesen Punkt ein. Eine gut \u00fcberlegte Auswahl des Schwimmbeckenschlauchs beschleunigt jedoch die Installation und vereinfacht wesentlich ein teures und oft untersch\u00e4tztes Problem bei Einbauschwimmbecken: die\u00a0<strong>Instandhaltung<\/strong>.<\/p>\n<p>Wenn Sie \u00fcber diesen Aspekt noch nie nachgedacht haben, sollten Sie weiterlesen. Entdecken Sie, wie eine sorgf\u00e4ltige Auswahl am Anfang sich als wesentlich herausstellt, um\u00a0<strong>der gesamten Anlage Ihres Einbauschwimmbeckens<\/strong>\u00a0<strong>eine lange Lebensdauer zu garantieren<\/strong>.<\/p>\n<p>&nbsp;<\/p>\n<h2>Ein minderwertiger Schwimmbeckenschlauch: So k\u00f6nnen Sie eine Investition ruinieren<\/h2>\n<p>Die Auswahl des passenden Schwimmbeckenschlauchs stellt sich im Laufe der Zeit als gro\u00dfe Ersparnis heraus \u2013 ein wesentliches, aber oft vernachl\u00e4ssigtes Detail. Bei der Installation eines Einbauschwimmbeckens sind einige wesentliche Aspekte zu ber\u00fccksichtigen: die Schl\u00e4uche geh\u00f6ren dazu.<\/p>\n<p>Ein sch\u00f6nes Haus mit Schwimmbad, wer tr\u00e4umt nicht davon? Ein Ort, an dem man sich w\u00e4hrend der langen, hei\u00dfen Sommermonate erfrischen kann und zugleich der perfekte Rahmen f\u00fcr entspannte Nachmittage mit Freunden oder Feiern und Feste.<\/p>\n<p style=\"text-align: left;\"><img loading=\"lazy\" decoding=\"async\" class=\"wp-image-22160 size-full alignnone\" src=\"https:\/\/www.fitt.com\/wp-content\/uploads\/2025\/08\/article-piscina.jpeg\" alt=\"\" width=\"960\" height=\"540\" srcset=\"https:\/\/www.fitt.com\/wp-content\/uploads\/2025\/08\/article-piscina.jpeg 960w, https:\/\/www.fitt.com\/wp-content\/uploads\/2025\/08\/article-piscina-300x169.jpeg 300w, https:\/\/www.fitt.com\/wp-content\/uploads\/2025\/08\/article-piscina-768x432.jpeg 768w, https:\/\/www.fitt.com\/wp-content\/uploads\/2025\/08\/article-piscina-400x225.jpeg 400w, https:\/\/www.fitt.com\/wp-content\/uploads\/2025\/08\/article-piscina-600x338.jpeg 600w\" sizes=\"auto, (max-width: 960px) 100vw, 960px\" \/><\/p>\n<p>Diese Oase der Entspannung kann jedoch gest\u00f6rt werden, wenn wir nicht auf leistungsstarke Produkte setzen.<\/p>\n<p><strong>Sind wirklich bereit, alles auf Spiel zu setzen, indem Sie einen minderwertigen Schwimmbeckenschlauch w\u00e4hlen?<\/strong><\/p>\n<p>Die h\u00e4ufigsten Probleme, die bei Einbauschwimmbecken auftreten, sind mit undichten Wasserschl\u00e4uchen verbunden. Die Hauptursachen f\u00fcr die Bruchstellen sind:<\/p>\n<ul>\n<li>\u00e4u\u00dferer Druck durch den Erdboden<\/li>\n<li>chemische Substanzen, die die Innenw\u00e4nde besch\u00e4digen<\/li>\n<li>dauerhafte Verwendung von Chlor, das die Schl\u00e4uche von innen angreift<\/li>\n<li>minderwertige Materialien<\/li>\n<li>Verschlei\u00df im Laufe der Zeit<\/li>\n<\/ul>\n<p>Einbauschwimmbecken erfordern eine gro\u00dfe aber dennoch nicht unm\u00f6gliche Anfangsinvestition. Obwohl die Kosten f\u00fcr die Schl\u00e4uche nur einen kleinen Teil des Gesamtwerts der Anlage ausmachen, ist ihre wesentliche Bedeutung f\u00fcr einen korrekten Betrieb eines Einbauschwimmbeckens einleuchtend.<\/p>\n<p>W\u00fcrde das Problem von der Pumpe oder dem Filter abh\u00e4ngen, w\u00e4re es mit einem geringen Aufwand zu beheben: es w\u00fcrde ausreichen, das Einzelteil auszutauschen und die Kosten hielten sich in Grenzen. Aber was, wenn der Schwimmbeckenschlauch besch\u00e4digt ist? Um das Leck zu finden, m\u00fcssen die Leitungen freigelegt werden, um den Riss ausfindig zu machen. Ein langwieriger und teurer Eingriff.<\/p>\n<p>&nbsp;<\/p>\n<h2><a href=\"https:\/\/www.fitt.com\/de\/product\/fitt_bactive_flex\/\">FITT B-ACTIVE<\/a>, der Poolflex-Klebeschlauch mit der langen Lebensdauer<\/h2>\n<p>Der FITT B-ACTIVE Poolflex-Schlauch stellt sich als<strong>\u00a0clevere Investition<\/strong>\u00a0bei der Installation eines Einbauschwimmbeckens heraus. Die Eigenschaften dieses\u00a0<strong>PVC-Klebeschlauchs<\/strong>\u00a0garantieren:<\/p>\n<ul>\n<li>eine einfache und schnelle Installation<\/li>\n<li>eine Erh\u00f6hung der Widerstandsf\u00e4higkeit um 50%<\/li>\n<li>innovativen Schutz gegen chemische Belastung von innen<\/li>\n<li>eine lange Lebensdauer der Wasseranlage<\/li>\n<li>geringere Instandhaltungskosten<\/li>\n<li>eine sichere und einfache Handhabung des Schwimmbeckens<\/li>\n<\/ul>\n<p>&nbsp;<\/p>\n<h2><a href=\"https:\/\/www.fitt.com\/de\/product\/fitt_bactive_flex\/\">FITT B-ACTIVE<\/a>, die beste Wahl f\u00fcr ein sicheres Schwimmbecken<\/h2>\n<p>Ein vorschnell ausgew\u00e4hlter Schwimmbeckenschlauch kann im Laufe der Zeit zum Problem werden.<\/p>\n<p>W\u00e4hrend des Einbaus scheint es die beste Wahl zu sein, bei den Wasserleitungen zu sparen, aber diese Entscheidung k\u00f6nnten wir bereuen, wenn wir uns mit hohen Wasserrechnungen oder Lecks an den Leitungen auseinandersetzen m\u00fcssen, die nur schwer zu finden sind.<\/p>\n<p style=\"text-align: left;\"><img loading=\"lazy\" decoding=\"async\" class=\"wp-image-22165 size-full alignnone\" src=\"https:\/\/www.fitt.com\/wp-content\/uploads\/2025\/08\/article-tubo-bactive.jpeg\" alt=\"\" width=\"600\" height=\"365\" srcset=\"https:\/\/www.fitt.com\/wp-content\/uploads\/2025\/08\/article-tubo-bactive.jpeg 600w, https:\/\/www.fitt.com\/wp-content\/uploads\/2025\/08\/article-tubo-bactive-300x183.jpeg 300w, https:\/\/www.fitt.com\/wp-content\/uploads\/2025\/08\/article-tubo-bactive-400x243.jpeg 400w\" sizes=\"auto, (max-width: 600px) 100vw, 600px\" \/><\/p>\n<p>&nbsp;<\/p>\n<p>Wer sich minderwertigen Produkten anvertraut, muss nicht nur gro\u00dfe finanzielle Konsequenzen f\u00fcrchten, sondern auch eine Reihe von Sorgen, die nicht zu untersch\u00e4tzen sind.<\/p>\n<p>Der<strong>\u00a0<a href=\"https:\/\/www.fitt.com\/de\/product\/fitt_bactive_flex\/\">FITT B-ACTIVE<\/a><\/strong>\u00a0Poolflex-Schlauch ist die beste Wahl f\u00fcr ein\u00a0<strong>gut und dauerhaft funktionierendes Schwimmbecken<\/strong>\u00a0ohne unangenehme Komplikationen<\/p>\n<p style=\"text-align: left;\">\n","protected":false},"excerpt":{"rendered":"<p>Die Wahl der Schl\u00e4uche f\u00fcr das Schwimmbecken: ein praktischer Einkaufsleitfaden Haben Sie schon einmal daran gedacht, wie entscheidend der Schwimmbeckenschlauch f\u00fcr den Betrieb und die allgemeine Benutzung der Anlagen ist? Nur wenige gehen n\u00e4her auf diesen Punkt ein. Eine gut \u00fcberlegte Auswahl des Schwimmbeckenschlauchs beschleunigt jedoch die Installation und vereinfacht wesentlich ein teures und oft [&hellip;]<\/p>\n","protected":false},"author":10,"featured_media":0,"parent":0,"menu_order":0,"comment_status":"closed","ping_status":"closed","template":"","meta":{"_acf_changed":false,"footnotes":""},"class_list":["post-22145","page","type-page","status-publish","hentry"],"acf":[],"yoast_head":"<!-- This site is optimized with the Yoast SEO Premium plugin v24.1 (Yoast SEO v27.3) - https:\/\/yoast.com\/product\/yoast-seo-premium-wordpress\/ -->\n<title>Die Wahl der Schl\u00e4uche f\u00fcr das Schwimmbecken: ein praktischer Einkaufsleitfaden - FITT<\/title>\n<meta name=\"robots\" content=\"index, follow, max-snippet:-1, max-image-preview:large, max-video-preview:-1\" \/>\n<link rel=\"canonical\" href=\"https:\/\/www.fitt.com\/de\/die-wahl-der-schlaeuche-fuer-das-schwimmbecken-ein-praktischer-einkaufsleitfaden\/\" \/>\n<meta property=\"og:locale\" content=\"de_DE\" \/>\n<meta property=\"og:type\" content=\"article\" \/>\n<meta property=\"og:title\" content=\"Die Wahl der Schl\u00e4uche f\u00fcr das Schwimmbecken: ein praktischer Einkaufsleitfaden\" \/>\n<meta property=\"og:description\" content=\"Die Wahl der Schl\u00e4uche f\u00fcr das Schwimmbecken: ein praktischer Einkaufsleitfaden Haben Sie schon einmal daran gedacht, wie entscheidend der Schwimmbeckenschlauch f\u00fcr den Betrieb und die allgemeine Benutzung der Anlagen ist? Nur wenige gehen n\u00e4her auf diesen Punkt ein. Eine gut \u00fcberlegte Auswahl des Schwimmbeckenschlauchs beschleunigt jedoch die Installation und vereinfacht wesentlich ein teures und oft [&hellip;]\" \/>\n<meta property=\"og:url\" content=\"https:\/\/www.fitt.com\/de\/die-wahl-der-schlaeuche-fuer-das-schwimmbecken-ein-praktischer-einkaufsleitfaden\/\" \/>\n<meta property=\"og:site_name\" content=\"FITT\" \/>\n<meta property=\"article:modified_time\" content=\"2025-08-28T12:52:27+00:00\" \/>\n<meta property=\"og:image\" content=\"https:\/\/www.fitt.com\/wp-content\/uploads\/2025\/08\/header-tubo-bactive-2.jpeg\" \/>\n\t<meta property=\"og:image:width\" content=\"1100\" \/>\n\t<meta property=\"og:image:height\" content=\"619\" \/>\n\t<meta property=\"og:image:type\" content=\"image\/jpeg\" \/>\n<meta name=\"twitter:card\" content=\"summary_large_image\" \/>\n<meta name=\"twitter:label1\" content=\"Gesch\u00e4tzte Lesezeit\" \/>\n\t<meta name=\"twitter:data1\" content=\"3\u00a0Minuten\" \/>\n<script type=\"application\/ld+json\" class=\"yoast-schema-graph\">{\"@context\":\"https:\\\/\\\/schema.org\",\"@graph\":[{\"@type\":\"WebPage\",\"@id\":\"https:\\\/\\\/www.fitt.com\\\/de\\\/die-wahl-der-schlaeuche-fuer-das-schwimmbecken-ein-praktischer-einkaufsleitfaden\\\/\",\"url\":\"https:\\\/\\\/www.fitt.com\\\/de\\\/die-wahl-der-schlaeuche-fuer-das-schwimmbecken-ein-praktischer-einkaufsleitfaden\\\/\",\"name\":\"Die Wahl der Schl\u00e4uche f\u00fcr das Schwimmbecken: ein praktischer Einkaufsleitfaden - FITT\",\"isPartOf\":{\"@id\":\"https:\\\/\\\/www.fitt.com\\\/de\\\/#website\"},\"primaryImageOfPage\":{\"@id\":\"https:\\\/\\\/www.fitt.com\\\/de\\\/die-wahl-der-schlaeuche-fuer-das-schwimmbecken-ein-praktischer-einkaufsleitfaden\\\/#primaryimage\"},\"image\":{\"@id\":\"https:\\\/\\\/www.fitt.com\\\/de\\\/die-wahl-der-schlaeuche-fuer-das-schwimmbecken-ein-praktischer-einkaufsleitfaden\\\/#primaryimage\"},\"thumbnailUrl\":\"https:\\\/\\\/www.fitt.com\\\/wp-content\\\/uploads\\\/2025\\\/08\\\/header-tubo-bactive-2.jpeg\",\"datePublished\":\"2025-08-28T09:29:15+00:00\",\"dateModified\":\"2025-08-28T12:52:27+00:00\",\"breadcrumb\":{\"@id\":\"https:\\\/\\\/www.fitt.com\\\/de\\\/die-wahl-der-schlaeuche-fuer-das-schwimmbecken-ein-praktischer-einkaufsleitfaden\\\/#breadcrumb\"},\"inLanguage\":\"de\",\"potentialAction\":[{\"@type\":\"ReadAction\",\"target\":[\"https:\\\/\\\/www.fitt.com\\\/de\\\/die-wahl-der-schlaeuche-fuer-das-schwimmbecken-ein-praktischer-einkaufsleitfaden\\\/\"]}]},{\"@type\":\"ImageObject\",\"inLanguage\":\"de\",\"@id\":\"https:\\\/\\\/www.fitt.com\\\/de\\\/die-wahl-der-schlaeuche-fuer-das-schwimmbecken-ein-praktischer-einkaufsleitfaden\\\/#primaryimage\",\"url\":\"https:\\\/\\\/www.fitt.com\\\/wp-content\\\/uploads\\\/2025\\\/08\\\/header-tubo-bactive-2.jpeg\",\"contentUrl\":\"https:\\\/\\\/www.fitt.com\\\/wp-content\\\/uploads\\\/2025\\\/08\\\/header-tubo-bactive-2.jpeg\"},{\"@type\":\"BreadcrumbList\",\"@id\":\"https:\\\/\\\/www.fitt.com\\\/de\\\/die-wahl-der-schlaeuche-fuer-das-schwimmbecken-ein-praktischer-einkaufsleitfaden\\\/#breadcrumb\",\"itemListElement\":[{\"@type\":\"ListItem\",\"position\":1,\"name\":\"Home\",\"item\":\"https:\\\/\\\/www.fitt.com\\\/de\\\/\"},{\"@type\":\"ListItem\",\"position\":2,\"name\":\"Die Wahl der Schl\u00e4uche f\u00fcr das Schwimmbecken: ein praktischer Einkaufsleitfaden\"}]},{\"@type\":\"WebSite\",\"@id\":\"https:\\\/\\\/www.fitt.com\\\/de\\\/#website\",\"url\":\"https:\\\/\\\/www.fitt.com\\\/de\\\/\",\"name\":\"FITT\",\"description\":\"FITT Spa\",\"publisher\":{\"@id\":\"https:\\\/\\\/www.fitt.com\\\/de\\\/#organization\"},\"potentialAction\":[{\"@type\":\"SearchAction\",\"target\":{\"@type\":\"EntryPoint\",\"urlTemplate\":\"https:\\\/\\\/www.fitt.com\\\/de\\\/?s={search_term_string}\"},\"query-input\":{\"@type\":\"PropertyValueSpecification\",\"valueRequired\":true,\"valueName\":\"search_term_string\"}}],\"inLanguage\":\"de\"},{\"@type\":\"Organization\",\"@id\":\"https:\\\/\\\/www.fitt.com\\\/de\\\/#organization\",\"name\":\"Fitt SPA\",\"url\":\"https:\\\/\\\/www.fitt.com\\\/de\\\/\",\"logo\":{\"@type\":\"ImageObject\",\"inLanguage\":\"de\",\"@id\":\"https:\\\/\\\/www.fitt.com\\\/de\\\/#\\\/schema\\\/logo\\\/image\\\/\",\"url\":\"https:\\\/\\\/www.fitt.com\\\/wp-content\\\/uploads\\\/2022\\\/05\\\/logo-light.png\",\"contentUrl\":\"https:\\\/\\\/www.fitt.com\\\/wp-content\\\/uploads\\\/2022\\\/05\\\/logo-light.png\",\"width\":827,\"height\":508,\"caption\":\"Fitt SPA\"},\"image\":{\"@id\":\"https:\\\/\\\/www.fitt.com\\\/de\\\/#\\\/schema\\\/logo\\\/image\\\/\"}}]}<\/script>\n<!-- \/ Yoast SEO Premium plugin. -->","yoast_head_json":{"title":"Die Wahl der Schl\u00e4uche f\u00fcr das Schwimmbecken: ein praktischer Einkaufsleitfaden - FITT","robots":{"index":"index","follow":"follow","max-snippet":"max-snippet:-1","max-image-preview":"max-image-preview:large","max-video-preview":"max-video-preview:-1"},"canonical":"https:\/\/www.fitt.com\/de\/die-wahl-der-schlaeuche-fuer-das-schwimmbecken-ein-praktischer-einkaufsleitfaden\/","og_locale":"de_DE","og_type":"article","og_title":"Die Wahl der Schl\u00e4uche f\u00fcr das Schwimmbecken: ein praktischer Einkaufsleitfaden","og_description":"Die Wahl der Schl\u00e4uche f\u00fcr das Schwimmbecken: ein praktischer Einkaufsleitfaden Haben Sie schon einmal daran gedacht, wie entscheidend der Schwimmbeckenschlauch f\u00fcr den Betrieb und die allgemeine Benutzung der Anlagen ist? Nur wenige gehen n\u00e4her auf diesen Punkt ein. Eine gut \u00fcberlegte Auswahl des Schwimmbeckenschlauchs beschleunigt jedoch die Installation und vereinfacht wesentlich ein teures und oft [&hellip;]","og_url":"https:\/\/www.fitt.com\/de\/die-wahl-der-schlaeuche-fuer-das-schwimmbecken-ein-praktischer-einkaufsleitfaden\/","og_site_name":"FITT","article_modified_time":"2025-08-28T12:52:27+00:00","og_image":[{"width":1100,"height":619,"url":"https:\/\/www.fitt.com\/wp-content\/uploads\/2025\/08\/header-tubo-bactive-2.jpeg","type":"image\/jpeg"}],"twitter_card":"summary_large_image","twitter_misc":{"Gesch\u00e4tzte Lesezeit":"3\u00a0Minuten"},"schema":{"@context":"https:\/\/schema.org","@graph":[{"@type":"WebPage","@id":"https:\/\/www.fitt.com\/de\/die-wahl-der-schlaeuche-fuer-das-schwimmbecken-ein-praktischer-einkaufsleitfaden\/","url":"https:\/\/www.fitt.com\/de\/die-wahl-der-schlaeuche-fuer-das-schwimmbecken-ein-praktischer-einkaufsleitfaden\/","name":"Die Wahl der Schl\u00e4uche f\u00fcr das Schwimmbecken: ein praktischer Einkaufsleitfaden - FITT","isPartOf":{"@id":"https:\/\/www.fitt.com\/de\/#website"},"primaryImageOfPage":{"@id":"https:\/\/www.fitt.com\/de\/die-wahl-der-schlaeuche-fuer-das-schwimmbecken-ein-praktischer-einkaufsleitfaden\/#primaryimage"},"image":{"@id":"https:\/\/www.fitt.com\/de\/die-wahl-der-schlaeuche-fuer-das-schwimmbecken-ein-praktischer-einkaufsleitfaden\/#primaryimage"},"thumbnailUrl":"https:\/\/www.fitt.com\/wp-content\/uploads\/2025\/08\/header-tubo-bactive-2.jpeg","datePublished":"2025-08-28T09:29:15+00:00","dateModified":"2025-08-28T12:52:27+00:00","breadcrumb":{"@id":"https:\/\/www.fitt.com\/de\/die-wahl-der-schlaeuche-fuer-das-schwimmbecken-ein-praktischer-einkaufsleitfaden\/#breadcrumb"},"inLanguage":"de","potentialAction":[{"@type":"ReadAction","target":["https:\/\/www.fitt.com\/de\/die-wahl-der-schlaeuche-fuer-das-schwimmbecken-ein-praktischer-einkaufsleitfaden\/"]}]},{"@type":"ImageObject","inLanguage":"de","@id":"https:\/\/www.fitt.com\/de\/die-wahl-der-schlaeuche-fuer-das-schwimmbecken-ein-praktischer-einkaufsleitfaden\/#primaryimage","url":"https:\/\/www.fitt.com\/wp-content\/uploads\/2025\/08\/header-tubo-bactive-2.jpeg","contentUrl":"https:\/\/www.fitt.com\/wp-content\/uploads\/2025\/08\/header-tubo-bactive-2.jpeg"},{"@type":"BreadcrumbList","@id":"https:\/\/www.fitt.com\/de\/die-wahl-der-schlaeuche-fuer-das-schwimmbecken-ein-praktischer-einkaufsleitfaden\/#breadcrumb","itemListElement":[{"@type":"ListItem","position":1,"name":"Home","item":"https:\/\/www.fitt.com\/de\/"},{"@type":"ListItem","position":2,"name":"Die Wahl der Schl\u00e4uche f\u00fcr das Schwimmbecken: ein praktischer Einkaufsleitfaden"}]},{"@type":"WebSite","@id":"https:\/\/www.fitt.com\/de\/#website","url":"https:\/\/www.fitt.com\/de\/","name":"FITT","description":"FITT Spa","publisher":{"@id":"https:\/\/www.fitt.com\/de\/#organization"},"potentialAction":[{"@type":"SearchAction","target":{"@type":"EntryPoint","urlTemplate":"https:\/\/www.fitt.com\/de\/?s={search_term_string}"},"query-input":{"@type":"PropertyValueSpecification","valueRequired":true,"valueName":"search_term_string"}}],"inLanguage":"de"},{"@type":"Organization","@id":"https:\/\/www.fitt.com\/de\/#organization","name":"Fitt SPA","url":"https:\/\/www.fitt.com\/de\/","logo":{"@type":"ImageObject","inLanguage":"de","@id":"https:\/\/www.fitt.com\/de\/#\/schema\/logo\/image\/","url":"https:\/\/www.fitt.com\/wp-content\/uploads\/2022\/05\/logo-light.png","contentUrl":"https:\/\/www.fitt.com\/wp-content\/uploads\/2022\/05\/logo-light.png","width":827,"height":508,"caption":"Fitt SPA"},"image":{"@id":"https:\/\/www.fitt.com\/de\/#\/schema\/logo\/image\/"}}]}},"_links":{"self":[{"href":"https:\/\/www.fitt.com\/de\/wp-json\/wp\/v2\/pages\/22145","targetHints":{"allow":["GET"]}}],"collection":[{"href":"https:\/\/www.fitt.com\/de\/wp-json\/wp\/v2\/pages"}],"about":[{"href":"https:\/\/www.fitt.com\/de\/wp-json\/wp\/v2\/types\/page"}],"author":[{"embeddable":true,"href":"https:\/\/www.fitt.com\/de\/wp-json\/wp\/v2\/users\/10"}],"replies":[{"embeddable":true,"href":"https:\/\/www.fitt.com\/de\/wp-json\/wp\/v2\/comments?post=22145"}],"version-history":[{"count":3,"href":"https:\/\/www.fitt.com\/de\/wp-json\/wp\/v2\/pages\/22145\/revisions"}],"predecessor-version":[{"id":22195,"href":"https:\/\/www.fitt.com\/de\/wp-json\/wp\/v2\/pages\/22145\/revisions\/22195"}],"wp:attachment":[{"href":"https:\/\/www.fitt.com\/de\/wp-json\/wp\/v2\/media?parent=22145"}],"curies":[{"name":"wp","href":"https:\/\/api.w.org\/{rel}","templated":true}]}}